{"id":1030,"date":"2014-10-20T09:54:24","date_gmt":"2014-10-20T08:54:24","guid":{"rendered":"http:\/\/www.fabricantsdefilms.occitanie-films.fr\/?page_id=1030"},"modified":"2016-11-30T17:09:27","modified_gmt":"2016-11-30T16:09:27","slug":"producteur-2","status":"publish","type":"page","link":"https:\/\/www.fabricantsdefilms.occitanie-films.fr\/?page_id=1030","title":{"rendered":"Producteur"},"content":{"rendered":"<p>&nbsp;<\/p>\n<h2><em><a href=\"http:\/\/www.fabricantsdefilms.occitanie-films.fr\/wp-content\/uploads\/2014\/11\/n.charifi.jpg\"><img loading=\"lazy\" decoding=\"async\" class=\"alignleft wp-image-1465 size-medium\" src=\"http:\/\/www.fabricantsdefilms.occitanie-films.fr\/wp-content\/uploads\/2014\/11\/n.charifi-430x430.jpg\" alt=\"\" width=\"430\" height=\"430\" srcset=\"https:\/\/www.fabricantsdefilms.occitanie-films.fr\/wp-content\/uploads\/2014\/11\/n.charifi-430x430.jpg 430w, https:\/\/www.fabricantsdefilms.occitanie-films.fr\/wp-content\/uploads\/2014\/11\/n.charifi-150x150.jpg 150w, https:\/\/www.fabricantsdefilms.occitanie-films.fr\/wp-content\/uploads\/2014\/11\/n.charifi-700x700.jpg 700w, https:\/\/www.fabricantsdefilms.occitanie-films.fr\/wp-content\/uploads\/2014\/11\/n.charifi-800x800.jpg 800w, https:\/\/www.fabricantsdefilms.occitanie-films.fr\/wp-content\/uploads\/2014\/11\/n.charifi-500x500.jpg 500w, https:\/\/www.fabricantsdefilms.occitanie-films.fr\/wp-content\/uploads\/2014\/11\/n.charifi.jpg 2000w\" sizes=\"auto, (max-width: 430px) 100vw, 430px\" \/><\/a>\u00ab\u00a0Je suis un artisan \/ cr\u00e9ateur\u00a0\u00bb<br \/>\n<\/em><\/h2>\n<h1>YOUSSEF CHARIFI, <a href=\"http:\/\/www.coreps-languedoc-roussillon.pro\/developpement-pre-production\/producteur.html\" target=\"_blank\">Producteur<\/a><\/h1>\n<p>&nbsp;<\/p>\n<p>&nbsp;<\/p>\n<p style=\"text-align: justify;\">Adolescent \u00e0 Kaboul, Youssef Charifi est fan des westerns de John Ford ou <em><strong>Cl\u00e9o de 5 \u00e0 7<\/strong> d\u2019Agn\u00e8s<\/em> Varda qu\u2019il d\u00e9couvre au Centre culturel fran\u00e7ais. Dans les ann\u00e9es soixante, il arrive \u00e0 Montpellier et envisage des \u00e9tudes d\u2019agronomie avant de retourner \u00e0 son r\u00eave d\u2019enfance\u00a0: le cin\u00e9ma.<br \/>\nApr\u00e8s un passage \u00e0 l\u2019Universit\u00e9 Paul Val\u00e9ry de Montpellier, convaincu que les m\u00e9tiers de cin\u00e9ma se forgent en pratiquant, il int\u00e8gre le VAL*1 d\u00e8s 1979. Dans ce lieu charg\u00e9 de la promotion du d\u00e9partement de l\u2019H\u00e9rault et \u00e0 une \u00e9poque d\u2019effervescence technique, il r\u00e9alise ses premi\u00e8res vid\u00e9os et commence \u00e0 tisser un r\u00e9seau professionnel. Il se consacre ensuite au montage et devient formateur au CFPJ*2 \u00e0 Paris et \u00e0 Montpellier. Avec Beno\u00eet Califano, Marguerite Rabier-Cros et d\u2019autres, il participe \u00e0 un premier projet d\u2019envergure\u00a0: la s\u00e9rie <strong><em>Kilom\u00e8tre delta<\/em><\/strong> pour France 5 dont il a la responsabilit\u00e9 de la production ex\u00e9cutive et du montage.<br \/>\nCette premi\u00e8re exp\u00e9rience de documentaire est fondatrice. Il cr\u00e9e Pages &amp; Images \u00e0 Montpellier sous forme associative dans un premier temps avant de devenir une SARL. Monteur, Youssef Charifi travaillait sur la phase finale d\u2019un film. En tant que producteur, il porte l\u2019ensemble d\u2019un projet, sa responsabilit\u00e9 est juridique, financi\u00e8re et artistique. Il souhaite que Pages &amp; Images soit un outil d\u2019agitation dans une trajectoire o\u00f9 l\u2019\u00e9thique reste le moteur.<br \/>\nC\u2019est le d\u00e9but d\u2019une belle aventure. \u00ab\u00a0Entour\u00e9 d\u2019une \u00e9quipe, nous allons produire plus de 25 documentaires de cr\u00e9ation pour la t\u00e9l\u00e9vision et le cin\u00e9ma, sans compter de nombreux courts-m\u00e9trages de fiction et d\u2019animation.\u00bb Pages &amp; Images devient alors un lieu d\u2019\u00e9change, de transmission, de r\u00e9flexion sur les m\u00e9tiers du cin\u00e9ma. En 2006, aux c\u00f4t\u00e9s du r\u00e9alisateur S\u00e9verin Blanchet, il a initi\u00e9 les ateliers Varan \u00e0 Kaboul et la formation de trente r\u00e9alisateurs afghans entre 2005 et 2012.<br \/>\nLe m\u00e9tier de producteur consiste \u00e0 \u00e9laborer des projets, r\u00e9unir talents et moyens techniques, convaincre les diffuseurs et garantir la bonne fin des films. La phase de d\u00e9veloppement est particuli\u00e8rement exaltante c\u2019est \u00e0 cet endroit que le travail avec les auteurs et concepteurs pose les bases d\u2019un film r\u00e9ussi. Youssef Charifi participe tr\u00e8s souvent au montage qui se d\u00e9roule dans les studios de Pages &amp; Images. Le mixage et l\u2019\u00e9talonnage des films se font \u00e0 l\u2019ext\u00e9rieur.<br \/>\nMotiv\u00e9 par l\u2019innovation digitale, Youssef Charifi a toujours \u00e9t\u00e9 passionn\u00e9 par les nouveaux m\u00e9dias qui permettent des modes d\u2019expression in\u00e9dits. Cela engendre une collaboration avec les m\u00e9tiers du num\u00e9rique comme des concepteurs, architectes web ou webdesigners. Il d\u00e9veloppe actuellement avec l\u2019\u00e9crivain Fran\u00e7ois Bon le projet <em><strong>Chant acier<\/strong> <\/em>qui raconte la sid\u00e9rurgie en s\u2019appuyant sur les nouvelles formes narratives.<br \/>\nLe quotidien de cet homme rempli d\u2019\u00e9nergie est organis\u00e9 autour de lectures de projets, de rencontres avec les diffuseurs, de suivi des productions, d\u2019\u00e9laboration et de finalisation de budgets. En tant que fondateur de Pages &amp; Images, Youssef a toujours \u00e9t\u00e9 guid\u00e9 par des choix \u00e9ditoriaux forts et le souhait de t\u00e9moigner du fait social. C\u2019est en s\u2019engageant que les documentaires disent quelque chose de notre monde.<\/p>\n<address style=\"text-align: justify;\">*1 Vid\u00e9o Animation Languedoc<br \/>\n*2 Centre de formation des journalistes<\/address>\n<h3><\/h3>\n<p>&nbsp;<\/p>\n<h3>5 dates qui ont marqu\u00e9 le parcours de\u00a0Youssef Charifi :<\/h3>\n<p>Ann\u00e9e de naissance : <strong>1948<\/strong><br \/>\nRencontre la plus significative : <strong>2000<\/strong> \u2013 rencontre avec Pierre Bourdieu lors de son d\u00e9placement \u00e0 Millau pour participer \u00e0 une manifestation en soutien \u00e0 la Conf\u00e9d\u00e9ration paysanne, cela se passe pendant le montage de <strong><em>La Sociologie est un sport de combat<\/em><\/strong>, un film de Pierre Carles. Sur le chemin du retour, alors que Youssef Charifi raccompagne Pierre Bourdieu \u00e0 la gare de Montpellier, la voiture tombe en panne et un automobiliste prend en charge Pierre Bourdieu qui lui enverra des livres. Ce conducteur enchant\u00e9 raconte les faits \u00e0 un journaliste et l\u2019histoire est relay\u00e9e dans le journal Le Monde\u00a0; l\u2019anecdote signe cette rencontre.<br \/>\nArriv\u00e9e en r\u00e9gion : <strong>1967<\/strong><br \/>\nPremier film sur lequel tu as travaill\u00e9 pour le cin\u00e9ma : 2000 &#8211; <strong><em>La Sociologie est un sport de combat<\/em> <\/strong>\u2013 documentaire r\u00e9alis\u00e9 par Pierre Carles, sortie en salles en <strong>2001<\/strong>.<br \/>\nDate de ton choix par rapport \u00e0 un \u00e9v\u00e9nement int\u00e9ressant qui te tient \u00e0 c\u0153ur : <strong>mai 68<\/strong> &#8211; moins d\u2019un an apr\u00e8s mon arriv\u00e9e d\u2019Afghanistan.<\/p>\n<p>&nbsp;<\/p>\n<h3>Films qui ont marqu\u00e9 le parcours de Youssef Charifi :<\/h3>\n<p><em><strong>La Sociologie est un sport de combat<\/strong><\/em>, Pierre Carles, 2001<br \/>\n<em><strong>Le Bois des enfants morts<\/strong><\/em>, Christophe Naigeon, 2002, tourn\u00e9 en partie \u00e0 Montlobre pr\u00e8s de Montpellier<br \/>\n<em><strong>Regard sur Edgar<\/strong><\/em>, Samuel Thomas, 2004<br \/>\n<em><strong>Un chat sur l\u2019\u00e9paule<\/strong><\/em>, Julie Conte, 2013<br \/>\n<em><strong>En qu\u00eate de justice<\/strong><\/em> Laure Pradal, 2014, tourn\u00e9 \u00e0 Lunel dans l\u2019H\u00e9rault et \u00e0 N\u00eemes dans le Gard<\/p>\n<p>&nbsp;<\/p>\n<h3 style=\"text-align: left;\" align=\"CENTER\">Son actualit\u00e9\u00a0:<\/h3>\n<p><em><strong>\u00c0 Cru<\/strong><\/em>, documentaire de Cyril Laucournet, 2015<br \/>\n<em><strong>Chant Acier<\/strong><\/em>, web documentaire de Fran\u00e7ois Bon, Emmanuel Roy et Annabel Roux, 2016<br \/>\n<em><strong>Op\u00e9ra Junior<\/strong><\/em>, documentaire de Guy Perra, 2016<\/p>\n<p>&nbsp;<\/p>\n<p>&nbsp;<\/p>\n","protected":false},"excerpt":{"rendered":"<p>&nbsp; \u00ab\u00a0Je suis un artisan \/ cr\u00e9ateur\u00a0\u00bb YOUSSEF CHARIFI, Producteur &nbsp; &nbsp; Adolescent \u00e0 Kaboul, Youssef Charifi est fan des westerns de John Ford ou Cl\u00e9o de 5 \u00e0 7 d\u2019Agn\u00e8s Varda qu\u2019il d\u00e9couvre au Centre culturel fran\u00e7ais. Dans les ann\u00e9es soixante, il arrive \u00e0 Montpellier et envisage des \u00e9tudes d\u2019agronomie avant de retourner \u00e0 son r\u00eave d\u2019enfance\u00a0: le cin\u00e9ma. Apr\u00e8s un passage \u00e0 l\u2019Universit\u00e9 Paul Val\u00e9ry de Montpellier, convaincu que les m\u00e9tiers de cin\u00e9ma se forgent en pratiquant, il int\u00e8gre le VAL*1 d\u00e8s 1979. Dans ce lieu charg\u00e9 de la promotion du d\u00e9partement de l\u2019H\u00e9rault et \u00e0 une \u00e9poque [&hellip;]<\/p>\n","protected":false},"author":1,"featured_media":0,"parent":0,"menu_order":55,"comment_status":"closed","ping_status":"closed","template":"template-fullwidth.php","meta":{"footnotes":""},"class_list":["post-1030","page","type-page","status-publish","hentry"],"_links":{"self":[{"href":"https:\/\/www.fabricantsdefilms.occitanie-films.fr\/index.php?rest_route=\/wp\/v2\/pages\/1030","targetHints":{"allow":["GET"]}}],"collection":[{"href":"https:\/\/www.fabricantsdefilms.occitanie-films.fr\/index.php?rest_route=\/wp\/v2\/pages"}],"about":[{"href":"https:\/\/www.fabricantsdefilms.occitanie-films.fr\/index.php?rest_route=\/wp\/v2\/types\/page"}],"author":[{"embeddable":true,"href":"https:\/\/www.fabricantsdefilms.occitanie-films.fr\/index.php?rest_route=\/wp\/v2\/users\/1"}],"replies":[{"embeddable":true,"href":"https:\/\/www.fabricantsdefilms.occitanie-films.fr\/index.php?rest_route=%2Fwp%2Fv2%2Fcomments&post=1030"}],"version-history":[{"count":9,"href":"https:\/\/www.fabricantsdefilms.occitanie-films.fr\/index.php?rest_route=\/wp\/v2\/pages\/1030\/revisions"}],"predecessor-version":[{"id":1919,"href":"https:\/\/www.fabricantsdefilms.occitanie-films.fr\/index.php?rest_route=\/wp\/v2\/pages\/1030\/revisions\/1919"}],"wp:attachment":[{"href":"https:\/\/www.fabricantsdefilms.occitanie-films.fr\/index.php?rest_route=%2Fwp%2Fv2%2Fmedia&parent=1030"}],"curies":[{"name":"wp","href":"https:\/\/api.w.org\/{rel}","templated":true}]}}