{"id":1032,"date":"2014-10-20T09:59:32","date_gmt":"2014-10-20T08:59:32","guid":{"rendered":"http:\/\/www.fabricantsdefilms.occitanie-films.fr\/?page_id=1032"},"modified":"2025-04-15T14:38:28","modified_gmt":"2025-04-15T13:38:28","slug":"realisateur","status":"publish","type":"page","link":"https:\/\/www.fabricantsdefilms.occitanie-films.fr\/?page_id=1032","title":{"rendered":"R\u00e9alisateur"},"content":{"rendered":"<h2><em><a href=\"http:\/\/www.fabricantsdefilms.occitanie-films.fr\/wp-content\/uploads\/2014\/10\/petit.jpg\"><img loading=\"lazy\" decoding=\"async\" class=\"alignleft size-medium wp-image-917\" src=\"http:\/\/www.fabricantsdefilms.occitanie-films.fr\/wp-content\/uploads\/2014\/10\/petit-430x430.jpg\" alt=\"Petit\" width=\"430\" height=\"430\" srcset=\"https:\/\/www.fabricantsdefilms.occitanie-films.fr\/wp-content\/uploads\/2014\/10\/petit-430x430.jpg 430w, https:\/\/www.fabricantsdefilms.occitanie-films.fr\/wp-content\/uploads\/2014\/10\/petit-150x150.jpg 150w, https:\/\/www.fabricantsdefilms.occitanie-films.fr\/wp-content\/uploads\/2014\/10\/petit-700x700.jpg 700w, https:\/\/www.fabricantsdefilms.occitanie-films.fr\/wp-content\/uploads\/2014\/10\/petit-800x800.jpg 800w, https:\/\/www.fabricantsdefilms.occitanie-films.fr\/wp-content\/uploads\/2014\/10\/petit-500x500.jpg 500w, https:\/\/www.fabricantsdefilms.occitanie-films.fr\/wp-content\/uploads\/2014\/10\/petit.jpg 2000w\" sizes=\"auto, (max-width: 430px) 100vw, 430px\" \/><\/a>\u00ab Le cin\u00e9ma ouvre toutes les portes.\u00a0\u00bb<br \/>\n<\/em><\/h2>\n<h1>SYLV\u00c8RE PETIT, <a href=\"http:\/\/www.coreps-languedoc-roussillon.pro\/conception\/realisateur.html\" target=\"_blank\" rel=\"noopener noreferrer\">R\u00e9alisateur<\/a><\/h1>\n<p>&nbsp;<\/p>\n<p>&nbsp;<\/p>\n<p style=\"text-align: justify;\">Fascin\u00e9 par la nature d\u00e8s l\u2019enfance, Sylv\u00e8re Petit pr\u00e9sentait \u00e0 ses visiteurs une chambre transform\u00e9e en mus\u00e9e d\u2019animaux morts au bord des routes. Il finit par culpabiliser d\u2019emp\u00eacher l\u2019\u0153uvre des insectes n\u00e9crophages et s\u2019empare d&rsquo;un appareil photo pour ramener ses tr\u00e9sors chez lui mais cette fois-ci \u00ab\u00a0vivants\u00a0\u00bb. Convaincu que l\u2019homme est un animal parmi tant d\u2019autres, il d\u00e9veloppe dans ses films une vision singuli\u00e8re de son rapport au monde.<br \/>\nL\u2019amour du vivant et de la nature n\u2019est pas seulement conditionn\u00e9 par le savoir et Sylv\u00e8re Petit s\u2019est s\u2019\u00e9loign\u00e9 d\u2019une fili\u00e8re scientifique attendue pour choisir l\u2019option cin\u00e9ma au lyc\u00e9e de Lunel dans l\u2019H\u00e9rault. Encourag\u00e9 par des \u00ab professeurs fous et formidables \u00bb il poursuit la photo animali\u00e8re et devient cin\u00e9phile. \u00c0 cette \u00e9poque, Theo Angelopoulos et Abbas Kiarostami s&rsquo;imposent \u00e0 lui. Ses premiers films l\u2019obligent \u00e0 se tourner vers les humains\u00a0: pour r\u00e9aliser il doit f\u00e9d\u00e9rer, monter des \u00e9quipes&#8230;<br \/>\nApr\u00e8s un BTS audiovisuel \u00e0 Rouen, son d\u00e9sir d&rsquo;entrer \u00e0 la F\u00e9mis se transforme en m\u00e9fiance et il continue le cin\u00e9ma\u00a0 \u00e0 travers une voie originale : il devient apprenti apiculteur en Loz\u00e8re. Il plonge ainsi au c\u0153ur d&rsquo;un m\u00e9tier pour \u00e9crire son premier long m\u00e9trage sur les liens entre les hommes et les animaux. Il contacte le r\u00e9alisateur Jos\u00e9 Alcala &#8211; intervenant au lyc\u00e9e o\u00f9 il \u00e9tudiait &#8211; et d\u00e9bute avec lui une correspondance de six ans pour apprendre \u00e0 \u00e9crire un long m\u00e9trage mais aussi des dossiers de demande de soutien. Il s\u2019exile ensuite \u00e0 Paris \u00e0 la recherche d&rsquo;une porte pour entrer dans le monde du cin\u00e9ma. Gracieusement machiniste pour des \u00e9tudiants de la F\u00e9mis et de Louis-Lumi\u00e8re, sa v\u00e9ritable entr\u00e9e sur un plateau, il la doit \u00e0 nouveau \u00e0 Jos\u00e9 Alcala qui lui propose un poste de deuxi\u00e8me assistant \u00e0 la mise en sc\u00e8ne sur son premier long-m\u00e9trage\u00a0: <em><strong>Alex<\/strong><\/em> en 2005. L&rsquo;exp\u00e9rience est douloureuse et le pousse vers le doute. Pourtant l&rsquo;\u00e9criture le rattrape, il y a quelque chose de visc\u00e9ral, il lui faut r\u00e9aliser.<br \/>\nOn apprend en vivant, en faisant. Comme l\u2019agriculteur, le r\u00e9alisateur n\u2019exerce pas un m\u00e9tier. C\u2019est empirique et fondamental. Il s\u2019attache alors \u00e0 son premier court m\u00e9trage <em><strong>Les Ventileuses<\/strong><\/em>*1, programm\u00e9 dans de nombreux festivals, et cr\u00e9e un ing\u00e9nieux r\u00e9seau d\u2019abeilles solidaires pour obtenir le soutien d\u2019internautes et de fournisseurs. Ce syst\u00e8me de financement participatif lui permet de r\u00e9aliser le film dans de tr\u00e8s bonnes conditions. Il ne cherche plus une porte d\u2019entr\u00e9e et comprend qu\u2019il faut rassembler les moyens de fabriquer des films pour entrer dans le cin\u00e9ma.<br \/>\nIl devient premier assistant, r\u00e9alise des films de commande et travaille pour le th\u00e9\u00e2tre. Des productions en Languedoc-Roussillon comme Pages &amp; Images ou CP-productions s\u2019int\u00e9ressent \u00e0 son travail, la DRAC Languedoc-Roussillon lui confie la coordination d\u2019actions culturelles avec \u00ab\u00a0Cin\u00e9ma Anima*2 \u00bb, LR Cin\u00e9ma lui permet d\u2019intervenir en milieu scolaire \u00e0 travers des r\u00e9sidences. Avec son second court m\u00e9trage <em><strong>Les Assoiff\u00e9s<\/strong><\/em> diffus\u00e9 en 2014 et un documentaire <em><strong>Entre miel et terre<\/strong><\/em> produit en 2011, il continue \u00e0 d\u00e9ployer une belle \u00e9nergie autour d\u2019histoires humaines et animales toutes ancr\u00e9es sur un territoire m\u00e9diterran\u00e9en qui l&rsquo;a vu na\u00eetre et auquel il est attach\u00e9.<br \/>\nIl dit que sa vie ressemble de plus en plus \u00e0 un millefeuille et il \u00e9crit plusieurs films en m\u00eame temps jusqu\u2019\u00e0 ce que les circonstances soient r\u00e9unies pour permettre la prochaine aventure. Dans ses films, mais aussi \u00e0 travers le m\u00e9tier en lui-m\u00eame, il s\u2019interroge sur les libert\u00e9s face aux conditionnements. Nous sommes le fruit d\u2019un milieu, d&rsquo;une \u00e9poque, d&rsquo;une esp\u00e8ce, cependant \u00e0 la crois\u00e9e de ces d\u00e9terminismes une part d&rsquo;al\u00e9atoire nous permet quelques innovations. C&rsquo;est peut-\u00eatre \u00e0 cet endroit, qu&rsquo;\u00e0 travers l&rsquo;\u00e9thologie qui le passionne, Sylv\u00e8re Petit questionne le cin\u00e9ma.<\/p>\n<p>Apr\u00e8s la r\u00e9alisation de son documentaire <strong><em>Vivant parmi les vivants<\/em><\/strong>, Sylv\u00e8re Petit se lance pour son premier long m\u00e9trage, <strong><em>La Baleine<\/em><\/strong>, prim\u00e9 sur son sc\u00e9nario dans le cadre du Prix \u00e0 la Cr\u00e9atuib 2022 de la Fondation Gan.<\/p>\n<p>En parall\u00e8le, Sylv\u00e8re Petit sort un livre en \u00e9cho avec son tournage du film <em><strong>Vivant parmi les vivants<\/strong><\/em><\/p>\n<p>&nbsp;<\/p>\n<address style=\"text-align: justify;\">\u00a0<\/address>\n<address style=\"text-align: justify;\">*1 Produit par Les arts buissonniers en 2010<br \/>\n*2 <a href=\"http:\/\/www.lyc-roussel-stchelydapcher.ac-montpellier.fr\/crbst_164.html\" target=\"_blank\" rel=\"noopener noreferrer\">http:\/\/www.lyc-roussel-stchelydapcher.ac-montpellier.fr\/crbst_164.html<\/a><\/address>\n<h3><\/h3>\n<h3><\/h3>\n<h3>5 dates qui ont marqu\u00e9 le parcours de Sylv\u00e8re Petit :<\/h3>\n<p>Ann\u00e9e de naissance : <strong>1981<\/strong>.<br \/>\nFormation ou rencontre la plus significative : <strong>1996<\/strong> &#8211; entr\u00e9e dans l&rsquo;option CAV du Lyc\u00e9e Louis Feuillade de Lunel.<br \/>\nArriv\u00e9e en r\u00e9gion : <strong>1981<\/strong> &#8211; ma naissance.<br \/>\nPremier film sur lequel tu as travaill\u00e9 pour le cin\u00e9ma : <strong>2004<\/strong> &#8211; <em><strong>Alex<\/strong><\/em> de Jos\u00e9 Alcala<br \/>\nDate de ton choix par rapport \u00e0 un \u00e9v\u00e9nement int\u00e9ressant qui te tient \u00e0 c\u0153ur :<strong> 2009<\/strong> &#8211; <em><strong>Les Ventileuses<\/strong><\/em> mon premier film \u00e9crit\/r\u00e9alis\u00e9\/produit.<\/p>\n<p>&nbsp;<\/p>\n<h3>Films qui ont marqu\u00e9 le parcours de Sylv\u00e8re Petit :<\/h3>\n<p><em><strong>Intrusion<\/strong><\/em> de Sylv\u00e8re Petit, 2006, tourn\u00e9 dans le Gard, notamment \u00e0 Beauvoisin &#8211; <a href=\"http:\/\/www.languedoc-roussillon-cinema.fr\/film-regional\/intrusion\" target=\"_blank\" rel=\"noopener noreferrer\">http:\/\/www.languedoc-roussillon-cinema.fr\/film-regional\/intrusion<\/a><br \/>\n<em><strong>Les Ventileuses<\/strong><\/em> de Sylv\u00e8re Petit, 2009, tourn\u00e9 dans l\u2019H\u00e9rault, notamment au Cirque du bout du monde \u00e0 St Pierre de la Fages et au Mont Caroux \u00e0 Rosis &#8211; <a href=\"http:\/\/www.languedoc-roussillon-cinema.fr\/film-regional\/les-ventileuses\" target=\"_blank\" rel=\"noopener noreferrer\">http:\/\/www.languedoc-roussillon-cinema.fr\/film-regional\/les-ventileuses<\/a><br \/>\n<em><strong>Entre Miel &amp; Terre<\/strong><\/em> de Sylv\u00e8re Petit, 2011, tourn\u00e9 en Loz\u00e8re, notamment \u00e0 Marvejols en Loz\u00e8re &#8211; <a href=\"http:\/\/www.languedoc-roussillon-cinema.fr\/film-regional\/entre-miel-et-terre\" target=\"_blank\" rel=\"noopener noreferrer\">http:\/\/www.languedoc-roussillon-cinema.fr\/film-regional\/entre-miel-et-terre<\/a><br \/>\n<em><strong>Le vol<\/strong> <\/em>de Sylv\u00e8re Petit, 2011 &#8211; <a href=\"https:\/\/www.youtube.com\/watch?v=3QngEx_g5O4\" target=\"_blank\" rel=\"noopener noreferrer\">https:\/\/www.youtube.com\/watch?v=3QngEx_g5O4<\/a><br \/>\n<em><strong>Les Assoiff\u00e9s<\/strong><\/em> de Sylv\u00e8re Petit, 2014, tourn\u00e9 dans l\u2019H\u00e9rault (notamment au Golf de St Thomas \u00e0 B\u00e9ziers) et en Corse &#8211; <a href=\"https:\/\/www.youtube.com\/watch?v=XUNmXY8kadI\" target=\"_blank\" rel=\"noopener noreferrer\">https:\/\/www.youtube.com\/watch?v=XUNmXY8kadI<\/a><\/p>\n<h3 style=\"text-align: left;\" align=\"CENTER\">Son actualit\u00e9\u00a0:<\/h3>\n<p><em><strong>Vivant parmi les vivants<\/strong><\/em>, 2023, documentaire, 1h58<br \/>\n<em><strong>La Baleine<\/strong><\/em>, son premier long m\u00e9trage (en cours de r\u00e9alisation)<br \/>\n<em><strong>Ani-Maux,<\/strong><\/em> 2017,\u00a0 documentaire produit par Les Films d&rsquo;Ici M\u00e9diterran\u00e9e<br \/>\n<em><strong>En attendant les vautours<\/strong><\/em>, <em>dans les coulisses du film Vivant parmi les vivants,<\/em> 2025, Actes Sud<\/p>\n<p>&nbsp;<\/p>\n","protected":false},"excerpt":{"rendered":"<p>\u00ab Le cin\u00e9ma ouvre toutes les portes.\u00a0\u00bb SYLV\u00c8RE PETIT, R\u00e9alisateur &nbsp; &nbsp; Fascin\u00e9 par la nature d\u00e8s l\u2019enfance, Sylv\u00e8re Petit pr\u00e9sentait \u00e0 ses visiteurs une chambre transform\u00e9e en mus\u00e9e d\u2019animaux morts au bord des routes. Il finit par culpabiliser d\u2019emp\u00eacher l\u2019\u0153uvre des insectes n\u00e9crophages et s\u2019empare d&rsquo;un appareil photo pour ramener ses tr\u00e9sors chez lui mais cette fois-ci \u00ab\u00a0vivants\u00a0\u00bb. Convaincu que l\u2019homme est un animal parmi tant d\u2019autres, il d\u00e9veloppe dans ses films une vision singuli\u00e8re de son rapport au monde. L\u2019amour du vivant et de la nature n\u2019est pas seulement conditionn\u00e9 par le savoir et Sylv\u00e8re Petit s\u2019est s\u2019\u00e9loign\u00e9 [&hellip;]<\/p>\n","protected":false},"author":1,"featured_media":0,"parent":0,"menu_order":56,"comment_status":"closed","ping_status":"closed","template":"template-fullwidth.php","meta":{"footnotes":""},"class_list":["post-1032","page","type-page","status-publish","hentry"],"_links":{"self":[{"href":"https:\/\/www.fabricantsdefilms.occitanie-films.fr\/index.php?rest_route=\/wp\/v2\/pages\/1032","targetHints":{"allow":["GET"]}}],"collection":[{"href":"https:\/\/www.fabricantsdefilms.occitanie-films.fr\/index.php?rest_route=\/wp\/v2\/pages"}],"about":[{"href":"https:\/\/www.fabricantsdefilms.occitanie-films.fr\/index.php?rest_route=\/wp\/v2\/types\/page"}],"author":[{"embeddable":true,"href":"https:\/\/www.fabricantsdefilms.occitanie-films.fr\/index.php?rest_route=\/wp\/v2\/users\/1"}],"replies":[{"embeddable":true,"href":"https:\/\/www.fabricantsdefilms.occitanie-films.fr\/index.php?rest_route=%2Fwp%2Fv2%2Fcomments&post=1032"}],"version-history":[{"count":9,"href":"https:\/\/www.fabricantsdefilms.occitanie-films.fr\/index.php?rest_route=\/wp\/v2\/pages\/1032\/revisions"}],"predecessor-version":[{"id":13751,"href":"https:\/\/www.fabricantsdefilms.occitanie-films.fr\/index.php?rest_route=\/wp\/v2\/pages\/1032\/revisions\/13751"}],"wp:attachment":[{"href":"https:\/\/www.fabricantsdefilms.occitanie-films.fr\/index.php?rest_route=%2Fwp%2Fv2%2Fmedia&parent=1032"}],"curies":[{"name":"wp","href":"https:\/\/api.w.org\/{rel}","templated":true}]}}