{"id":1040,"date":"2014-10-20T10:05:16","date_gmt":"2014-10-20T09:05:16","guid":{"rendered":"http:\/\/www.fabricantsdefilms.occitanie-films.fr\/?page_id=1040"},"modified":"2016-11-30T16:06:57","modified_gmt":"2016-11-30T15:06:57","slug":"accessoiriste-de-plateau-2","status":"publish","type":"page","link":"https:\/\/www.fabricantsdefilms.occitanie-films.fr\/?page_id=1040","title":{"rendered":"Accessoiriste de plateau"},"content":{"rendered":"<h2><em><a href=\"http:\/\/www.fabricantsdefilms.occitanie-films.fr\/wp-content\/uploads\/2014\/10\/desailleux.jpg\"><img loading=\"lazy\" decoding=\"async\" class=\"alignleft size-medium wp-image-888\" src=\"http:\/\/www.fabricantsdefilms.occitanie-films.fr\/wp-content\/uploads\/2014\/10\/desailleux-430x430.jpg\" alt=\"Desailleux\" width=\"430\" height=\"430\" srcset=\"https:\/\/www.fabricantsdefilms.occitanie-films.fr\/wp-content\/uploads\/2014\/10\/desailleux-430x430.jpg 430w, https:\/\/www.fabricantsdefilms.occitanie-films.fr\/wp-content\/uploads\/2014\/10\/desailleux-150x150.jpg 150w, https:\/\/www.fabricantsdefilms.occitanie-films.fr\/wp-content\/uploads\/2014\/10\/desailleux-700x700.jpg 700w, https:\/\/www.fabricantsdefilms.occitanie-films.fr\/wp-content\/uploads\/2014\/10\/desailleux-800x800.jpg 800w, https:\/\/www.fabricantsdefilms.occitanie-films.fr\/wp-content\/uploads\/2014\/10\/desailleux-500x500.jpg 500w, https:\/\/www.fabricantsdefilms.occitanie-films.fr\/wp-content\/uploads\/2014\/10\/desailleux.jpg 2000w\" sizes=\"auto, (max-width: 430px) 100vw, 430px\" \/><\/a>\u00ab\u00a0Dans mon camion, il y a des tiroirs remplis de stylos, de carnets, des caisses pour peindre, bricoler, patiner, des machines pour cr\u00e9er des effets, des \u00e9tag\u00e8res pour ranger.\u00a0\u00bb<br \/>\n<\/em><\/h2>\n<h1>LAURENT DESALEUX, <a href=\"https:\/\/www.coreps-languedoc-roussillon.pro\/decors-costumes-maquillage\/accessoiriste\/190-metiers-du-spectacle-vivant-et-de-l-audiovisuel\/340-accessoiriste.html\" target=\"_blank\">Accessoiriste de plateau<\/a><\/h1>\n<p>&nbsp;<\/p>\n<p>&nbsp;<\/p>\n<p style=\"text-align: justify;\">Graphiste publicitaire \u00e0 Paris, l\u2019id\u00e9e de travailler dans \u00ab\u00a0la d\u00e9co\u00a0\u00bb cheminait depuis un certain temps dans son esprit. Aucune \u00e9cole ne permet de devenir accessoiriste de plateau au cin\u00e9ma et c\u2019est apr\u00e8s avoir saisi l\u2019opportunit\u00e9 de seconder l\u2019accessoiriste Jean-Louis Laher sur le tournage de <strong><em>Eau trouble<\/em><\/strong> en 1989 qu\u2019il d\u00e9cide de changer de voie.<br \/>\nIl participe alors en qualit\u00e9 de stagiaire \u00e0 plusieurs films et occupe diff\u00e9rents postes \u00e0 la d\u00e9co afin de faire le choix de rester \u00ab \u00e0 la face \u00bb, pour l\u2019adr\u00e9naline et l\u2019ambiance du plateau. Peu \u00e0 peu, il s\u2019\u00e9quipe : une caisse \u00e0 outils, de la papeterie, des accessoires, bref, une \u00ab bijoute \u00bb ; un camion am\u00e9nag\u00e9, et le voil\u00e0 parti en autodidacte sur les routes.<br \/>\nL\u2019int\u00e9r\u00eat de ce m\u00e9tier est multiple mais r\u00e9pond aussi \u00e0 un caract\u00e8re : l\u2019accessoiriste de plateau est \u00e0 l\u2019aise partout, il investit des d\u00e9cors luxueux ou v\u00e9tustes dans le respect des personnes avec lesquelles il collabore de fa\u00e7on plus ou moins longue selon les besoins pour ma\u00eetriser un lieu.<br \/>\nSous la responsabilit\u00e9 du chef d\u00e9co tout au long d\u2019un projet, il a environ deux semaines de pr\u00e9paration pour un long m\u00e9trage et une semaine pour un t\u00e9l\u00e9film. Il lit et relit le sc\u00e9nario pour r\u00e9aliser son d\u00e9pouillement s\u00e9quence par s\u00e9quence en relevant les accessoires de jeu et les \u00e9ventuels effets. Il rassemble ensuite les s\u00e9quences d\u00e9pouill\u00e9es en fonction du plan de travail \u00e9tabli. Avant le tournage, il participe \u00e0 des lectures avec l\u2019\u00e9quipe \u00ab\u00a0mise en sc\u00e8ne\u00a0\u00bb qui lui permettent d\u2019avoir une id\u00e9e pr\u00e9cise de la nature des accessoires et de la manipulation qui en sera faite. Au terme de la pr\u00e9paration, une pr\u00e9sentation des accessoires est organis\u00e9e en pr\u00e9sence du chef d\u00e9co, du r\u00e9alisateur et de son assistant. Une fois valid\u00e9s, ils sont soigneusement identifi\u00e9s, rang\u00e9s pour \u00eatre mis \u00e0 disposition des com\u00e9diens au moment appropri\u00e9 du tournage.<br \/>\nSeul repr\u00e9sentant de l\u2019\u00e9quipe d\u00e9co pendant le tournage, il est garant du d\u00e9cor sur le plateau : au gr\u00e9 des changements d\u2019axe cam\u00e9ra et au milieu de nombreux techniciens, il a pour objectif de rendre en permanence un d\u00e9cor parfait. Cela implique un important travail de manutention et une collaboration \u00e9troite avec tous les corps de m\u00e9tiers pr\u00e9sents : la lumi\u00e8re pour un reflet disgracieux, la machinerie pour d\u00e9gager un espace, la scripte pour les raccords, le son pour faciliter le travail du perchman, le cadre pour composer une image\u2026 et bien s\u00fbr, la mise en sc\u00e8ne et les com\u00e9diens, \u00e0 qui, une fois le d\u00e9cor agenc\u00e9, il met \u00e0 disposition les accessoires de jeu afin qu\u2019ils puissent les utiliser, r\u00e9p\u00e9ter puis tourner.<br \/>\nAvec le r\u00e9gisseur ext\u00e9rieur, il veille \u00e0 ce qu\u2019aucun accessoire ne manque pour les s\u00e9quences \u00e0 venir. Il doit aussi \u00eatre capable de r\u00e9aliser quelques effets sp\u00e9ciaux : fum\u00e9e, feu, sang, raccords pluie&#8230; Gr\u00e2ce \u00e0 sa connaissance des accessoires ajout\u00e9e \u00e0 sa pr\u00e9sence sur le plateau, l\u2019accessoiriste peut parfois proposer son regard artistique au metteur en sc\u00e8ne. N\u00e9anmoins, son m\u00e9tier est avant tout de d\u00e9fendre les id\u00e9es du chef d\u00e9co, \u00e0 qui il se r\u00e9f\u00e8re en cas de difficult\u00e9, et de servir au mieux le r\u00e9alisateur et les com\u00e9diens.<br \/>\nMembre de l\u2019AFAP*1, Laurent Desaleux est soucieux des questions de transmission, de partage et de solidarit\u00e9 dans son m\u00e9tier. Apr\u00e8s de longues ann\u00e9es \u00e0 Paris, il est depuis dix ans install\u00e9 en Loz\u00e8re et \u00e0 Montpellier avec sa famille. C\u2019est pour elle qu\u2019il a fait certains choix et quelques sacrifices dans sa carri\u00e8re. Heureux d\u2019avoir pour lieu de travail de beaux paysages, il a r\u00e9cemment pu consid\u00e9rer, sur le tournage de <strong><em>Vie Sauvage<\/em><\/strong> de C\u00e9dric Khan entre la Loz\u00e8re et Carcassonne, \u00e0 quel point il aimait son m\u00e9tier et quel plaisir il a \u00e0 travailler dans ces magnifiques ext\u00e9rieurs que sont ceux du Languedoc Roussillon.<\/p>\n<address style=\"text-align: justify;\">\u00a0<\/address>\n<address style=\"text-align: justify;\">*1 Association Fran\u00e7aise des Accessoiristes de Plateau<\/address>\n<h3><\/h3>\n<p>&nbsp;<\/p>\n<h3>5 dates\u00a0qui ont marqu\u00e9 le parcours de Laurent Desaleux :<\/h3>\n<p>Ann\u00e9e de naissance : <strong>1964<\/strong><br \/>\nFormation ou rencontre la plus significative : <strong>1989<\/strong> \u2013 rencontre avec Jean-Louis Laher accessoiriste de plateau.<br \/>\nArriv\u00e9e en r\u00e9gion : <strong>2005<\/strong><br \/>\nPremier film sur lequel tu as travaill\u00e9 pour le cin\u00e9ma ou premier t\u00e9l\u00e9film de fiction : <strong>1989<\/strong> &#8211; <strong><em>Eau trouble<\/em><\/strong>, film pour la t\u00e9l\u00e9vision d\u2019hamster production.<br \/>\nDate de ton choix par rapport \u00e0 un \u00e9v\u00e9nement int\u00e9ressant qui te tient \u00e0 c\u0153ur : <strong>1991<\/strong> &#8211; <strong><em>Les Amants du Pont-Neuf<\/em><\/strong> de Leos Carax.<\/p>\n<h3>Films qui ont marqu\u00e9 le parcours de Laurent Desaleux :<\/h3>\n<p><em><strong>Eros th\u00e9rapie<\/strong><\/em> de Dani\u00e8le Dubroux, 2002<br \/>\n<em><strong>Changing Climate<\/strong><\/em> de Marion Milne, 2007<br \/>\n<em><strong>A 10 minutes de la plage<\/strong><\/em> de St\u00e9phane Kappes, tourn\u00e9 en partie au Grau du roi, 2009<br \/>\n<em><strong>J\u2019ai peur d\u2019oublier<\/strong><\/em> de Elisabeth Rappeneau, tourn\u00e9 \u00e0 N\u00eemes et Uz\u00e8s, 2011<br \/>\n<em><strong>Vie sauvage<\/strong><\/em> de C\u00e9dric Kahn, tourn\u00e9 en Loz\u00e8re, \u00e0 Carcassonne et Nimes, 2014<\/p>\n<p>&nbsp;<\/p>\n<h3 style=\"text-align: left;\" align=\"CENTER\">Son actualit\u00e9\u00a0:<\/h3>\n<p><em><strong>B\u00e9b\u00e9s vol\u00e9s<\/strong><\/em> d&rsquo;Alain Berliner, tourn\u00e9 \u00e0 N\u00eemes et alentours, 2015<br \/>\n<em><strong>Tuer un Homme<\/strong><\/em> de Isabelle Czajka, tourn\u00e9 \u00e0 Clermont l\u2019H\u00e9rault et Montpellier, 2016<br \/>\n<em><strong>Candice Renoir<\/strong><\/em> de Sylvie Ayme, 2016<\/p>\n<p>&nbsp;<\/p>\n<p>&nbsp;<\/p>\n","protected":false},"excerpt":{"rendered":"<p>\u00ab\u00a0Dans mon camion, il y a des tiroirs remplis de stylos, de carnets, des caisses pour peindre, bricoler, patiner, des machines pour cr\u00e9er des effets, des \u00e9tag\u00e8res pour ranger.\u00a0\u00bb LAURENT DESALEUX, Accessoiriste de plateau &nbsp; &nbsp; Graphiste publicitaire \u00e0 Paris, l\u2019id\u00e9e de travailler dans \u00ab\u00a0la d\u00e9co\u00a0\u00bb cheminait depuis un certain temps dans son esprit. Aucune \u00e9cole ne permet de devenir accessoiriste de plateau au cin\u00e9ma et c\u2019est apr\u00e8s avoir saisi l\u2019opportunit\u00e9 de seconder l\u2019accessoiriste Jean-Louis Laher sur le tournage de Eau trouble en 1989 qu\u2019il d\u00e9cide de changer de voie. Il participe alors en qualit\u00e9 de stagiaire \u00e0 plusieurs films [&hellip;]<\/p>\n","protected":false},"author":1,"featured_media":0,"parent":0,"menu_order":1,"comment_status":"closed","ping_status":"closed","template":"template-fullwidth.php","meta":{"footnotes":""},"class_list":["post-1040","page","type-page","status-publish","hentry"],"_links":{"self":[{"href":"https:\/\/www.fabricantsdefilms.occitanie-films.fr\/index.php?rest_route=\/wp\/v2\/pages\/1040","targetHints":{"allow":["GET"]}}],"collection":[{"href":"https:\/\/www.fabricantsdefilms.occitanie-films.fr\/index.php?rest_route=\/wp\/v2\/pages"}],"about":[{"href":"https:\/\/www.fabricantsdefilms.occitanie-films.fr\/index.php?rest_route=\/wp\/v2\/types\/page"}],"author":[{"embeddable":true,"href":"https:\/\/www.fabricantsdefilms.occitanie-films.fr\/index.php?rest_route=\/wp\/v2\/users\/1"}],"replies":[{"embeddable":true,"href":"https:\/\/www.fabricantsdefilms.occitanie-films.fr\/index.php?rest_route=%2Fwp%2Fv2%2Fcomments&post=1040"}],"version-history":[{"count":8,"href":"https:\/\/www.fabricantsdefilms.occitanie-films.fr\/index.php?rest_route=\/wp\/v2\/pages\/1040\/revisions"}],"predecessor-version":[{"id":1905,"href":"https:\/\/www.fabricantsdefilms.occitanie-films.fr\/index.php?rest_route=\/wp\/v2\/pages\/1040\/revisions\/1905"}],"wp:attachment":[{"href":"https:\/\/www.fabricantsdefilms.occitanie-films.fr\/index.php?rest_route=%2Fwp%2Fv2%2Fmedia&parent=1040"}],"curies":[{"name":"wp","href":"https:\/\/api.w.org\/{rel}","templated":true}]}}