{"id":1042,"date":"2014-10-20T10:11:47","date_gmt":"2014-10-20T09:11:47","guid":{"rendered":"http:\/\/www.fabricantsdefilms.occitanie-films.fr\/?page_id=1042"},"modified":"2016-11-30T16:12:38","modified_gmt":"2016-11-30T15:12:38","slug":"assistante-camera-2","status":"publish","type":"page","link":"https:\/\/www.fabricantsdefilms.occitanie-films.fr\/?page_id=1042","title":{"rendered":"Assistante cam\u00e9ra"},"content":{"rendered":"<h2><em><a href=\"http:\/\/www.fabricantsdefilms.occitanie-films.fr\/wp-content\/uploads\/2014\/10\/pugh.jpg\"><img loading=\"lazy\" decoding=\"async\" class=\"alignleft size-medium wp-image-889\" src=\"http:\/\/www.fabricantsdefilms.occitanie-films.fr\/wp-content\/uploads\/2014\/10\/pugh-430x430.jpg\" alt=\"Pugh\" width=\"430\" height=\"430\" srcset=\"https:\/\/www.fabricantsdefilms.occitanie-films.fr\/wp-content\/uploads\/2014\/10\/pugh-430x430.jpg 430w, https:\/\/www.fabricantsdefilms.occitanie-films.fr\/wp-content\/uploads\/2014\/10\/pugh-150x150.jpg 150w, https:\/\/www.fabricantsdefilms.occitanie-films.fr\/wp-content\/uploads\/2014\/10\/pugh-700x700.jpg 700w, https:\/\/www.fabricantsdefilms.occitanie-films.fr\/wp-content\/uploads\/2014\/10\/pugh-800x800.jpg 800w, https:\/\/www.fabricantsdefilms.occitanie-films.fr\/wp-content\/uploads\/2014\/10\/pugh-500x500.jpg 500w, https:\/\/www.fabricantsdefilms.occitanie-films.fr\/wp-content\/uploads\/2014\/10\/pugh.jpg 2000w\" sizes=\"auto, (max-width: 430px) 100vw, 430px\" \/><\/a>\u00ab La mise au point est un m\u00e9tier technique avec une part artistique, elle fait partie de la mise en sc\u00e8ne dans le sens o\u00f9 il est question du regard et du rythme. \u00bb<br \/>\n<\/em><\/h2>\n<h1>LARA PUGH, <a href=\"https:\/\/www.coreps-languedoc-roussillon.pro\/metiers-du-spectacle-vivant-et-de-l-audiovisuel\/460-cadreurcameraman.html?view=item\" target=\"_blank\">Assistante cam\u00e9ra<\/a><\/h1>\n<p>&nbsp;<\/p>\n<p>&nbsp;<\/p>\n<p style=\"text-align: justify;\">Sur un tournage, chaque poste est un poste clef. C\u2019est un travail d\u2019\u00e9quipe. Lara Pugh est directement impliqu\u00e9e dans le r\u00e9sultat visuel, elle doit prendre des mesures pr\u00e9cises et anticiper les gestes des com\u00e9diens. Comme tous les professionnels du tournage d\u2019un film, elle re\u00e7oit tous les soirs une feuille de service avec un itin\u00e9raire pour le lendemain, c\u2019est un peu \u00ab\u00a0une chasse aux tr\u00e9sors\u00a0\u00bb. Chaque jour est diff\u00e9rent.<br \/>\nSon parcours s\u2019est enrichi de stage en formation et d\u2019exp\u00e9rience fortuite en fid\u00e9lit\u00e9 professionnelle. Lorsqu\u2019elle quitte l\u2019universit\u00e9 de lettres en 1992, elle veut se former \u00e0 un m\u00e9tier technique dans le cin\u00e9ma. Parall\u00e8lement \u00e0 un BTS audiovisuel, elle travaille pour la soci\u00e9t\u00e9 de production Altamira \u00e0 Montpellier. Aux c\u00f4t\u00e9s des r\u00e9alisateurs Jos\u00e9 Alcala et Pierre Guy, elle d\u00e9couvre la fabrication d\u2019un film \u00e0 diff\u00e9rents postes. En 1999, stagiaire chez Cin\u00e9cam*1, elle apprend la m\u00e9canique et \u00ab\u00a0l&rsquo;accessoirisation\u00a0\u00bb des cam\u00e9ras argentiques\u00a0; et rencontre une assistante cam\u00e9ra qui l\u2019am\u00e8nera en tant que troisi\u00e8me assistante sur le tournage de la s\u00e9rie <em><strong>Navarro<\/strong><\/em> tourn\u00e9e en Super 16. Quelques mois plus tard, elle obtient son premier poste sur un long m\u00e9trage en tant que deuxi\u00e8me assistante pour <em><strong>Du C\u00f4t\u00e9 des Filles<\/strong><\/em> de Fran\u00e7oise Decaux. Pendant plusieurs ann\u00e9es, elle travaille essentiellement en r\u00e9gion parisienne.<br \/>\nDevenue maman, elle fait une petite pause avant de travailler en Languedoc- Roussillon o\u00f9 les tournages se multiplient. Avec <em><strong>Les meilleurs Amis du Monde<\/strong><\/em> de Julien Rambaldi en 2009, elle retourne derri\u00e8re la cam\u00e9ra en tant que seconde assistante puis en tant que premi\u00e8re sur <em><strong>Lignes de Vie<\/strong><\/em> en 2012*2.<br \/>\nLes assistants cam\u00e9ra sont contact\u00e9s par la production pendant la pr\u00e9paration d\u2019un film. Leur contrat d\u00e9bute au moment des essais cam\u00e9ra chez le loueur, souvent en r\u00e9gion parisienne. Le choix du mat\u00e9riel technique est fait avec le chef op\u00e9rateur, le directeur de production et le r\u00e9alisateur. Celui de la cam\u00e9ra et des optiques est d\u00e9termin\u00e9 en fonction du rendu souhait\u00e9, du d\u00e9roulement pr\u00e9vu du tournage (taille de l&rsquo;\u00e9quipe, rythme de travail), de la cha\u00eene de post-production envisag\u00e9e ainsi que des moyens financiers.<br \/>\nAvant le tournage, les assistants cam\u00e9ra doivent v\u00e9rifier le mat\u00e9riel, essayer les optiques et les filtres, les capteurs et les accessoires. Toutes les configurations d\u2019assemblages de mat\u00e9riel sont test\u00e9es et les essais film\u00e9s sont envoy\u00e9s \u00e0 la production. Sur le tournage, le premier assistant est responsable des changements de configuration entre chaque plan, du d\u00e9clenchement de la cam\u00e9ra au moment du \u00ab moteur ! \u00bb et de la mise au point. Le second assistant soutient le premier et fait le lien avec le directeur de production pour la gestion du mat\u00e9riel. Il s\u2019occupe des rushs*3 et assure le suivi avec la post production. Quant au troisi\u00e8me assistant, il est responsable des retours vid\u00e9o. Ce dernier poste est devenu important, c\u2019est un grand confort de pouvoir \u00e9valuer une s\u00e9quence in situ. Responsables du mat\u00e9riel qu\u2019ils utilisent, les assistants cam\u00e9ra sont en proximit\u00e9 avec les machinistes charg\u00e9s des supports pour la cam\u00e9ra\u00a0: les grues, les tr\u00e9pieds\u2026<br \/>\nTravailler sur un projet dont elle est fi\u00e8re sur le plan artistique ou id\u00e9ologique donne du sens quant \u00e0 l\u2019exercice de son m\u00e9tier. Il lui arrive aussi de participer \u00e0 des \u00ab\u00a0projets-produits\u00a0\u00bb avec des \u00e9quipes agr\u00e9ables et o\u00f9 le mat\u00e9riel technique permet d\u2019innover.<br \/>\nLara Pugh aime la solidarit\u00e9 au sein des \u00e9quipes en Languedoc-Roussillon. Son rapport quasi sensuel avec la pellicule, dont l\u2019odeur lui manque, ne l\u2019emp\u00eache pas de poursuivre une de ses passions qui est de faire des films.<\/p>\n<address style=\"text-align: justify;\">*1 (Panavision), loueur de mat\u00e9riel pour l\u2019industrie du film<br \/>\n*2 R\u00e9alis\u00e9 par Adeline Darraux, Jeanne Biras et Emmanuelle Dubergey<br \/>\n*3 Ensemble des prises tourn\u00e9es<\/address>\n<h3><\/h3>\n<p>&nbsp;<\/p>\n<h3>5 dates qui ont marqu\u00e9 le parcours de Lara Pugh :<\/h3>\n<p>Ann\u00e9e de naissance : <strong>1974<\/strong><br \/>\nFormation ou rencontre la plus significative : <strong>1999<\/strong> &#8211; mes deux mois de stage chez Cinecam, un loueur de cam\u00e9ras films, o\u00f9 j&rsquo;ai pu commencer \u00e0 apprendre le m\u00e9tier d&rsquo;assistante cam\u00e9ra et o\u00f9 j&rsquo;ai fait de nombreuses rencontres professionnelles, notamment avec Olivier Galois qui m&rsquo;a emmen\u00e9e sur plusieurs tournages cin\u00e9 et t\u00e9l\u00e9 par la suite.<br \/>\nArriv\u00e9e en r\u00e9gion : <strong>1981<\/strong><br \/>\nPremier film sur lequel tu as travaill\u00e9 pour le cin\u00e9ma : <strong>1999<\/strong> &#8211; <em><strong>Du c\u00f4t\u00e9 des filles<\/strong><\/em> de Fran\u00e7oise Decaux avec Cl\u00e9mentine C\u00e9lari\u00e9 et Sophie Guillemin.<br \/>\nDate de ton choix par rapport \u00e0 un \u00e9v\u00e9nement int\u00e9ressant qui te tient \u00e0 c\u0153ur : <strong>2005<\/strong> &#8211; le film <em><strong>Cache Cache<\/strong><\/em> d\u2019Yves Caumon \u00e9tait s\u00e9lectionn\u00e9 \u00e0 Un Certain Regard \u00e0 Cannes et la production a fait venir toute l&rsquo;\u00e9quipe, dont je faisais partie, pour assister \u00e0 la projection.<\/p>\n<p>&nbsp;<\/p>\n<h3>Films qui ont marqu\u00e9 le parcours de Lara Pugh :<\/h3>\n<p><em><strong>Une Souris Verte<\/strong><\/em> de Mathias Ledoux, 2003<br \/>\n<em><strong>L\u00e9o, en jouant dans la Compagnie des hommes<\/strong><\/em>\u00a0 d&rsquo;Arnaud Desplechin, 2004<br \/>\n<em><strong>Cache Cache<\/strong><\/em> d&rsquo;Yves Caumon, 2005<br \/>\n<em><strong>Les Enfants du Pays<\/strong><\/em> de Pierre Javaux, 2006<br \/>\n<em><strong>La Baie d&rsquo;Alger<\/strong><\/em> de Merzak Allouache, 2011, tourn\u00e9 en Languedoc-Roussillon<\/p>\n<p>&nbsp;<\/p>\n<h3 style=\"text-align: left;\" align=\"CENTER\">Son actualit\u00e9\u00a0:<\/h3>\n<p><em><strong>Candice Renoir<\/strong><\/em> (Saison 3), de Nicolas Picard Dreyfus, St\u00e9phane Malhuret et Olivier Barma, 2014<br \/>\n<em><strong>Candice Renoir<\/strong> <\/em>de Sylvie Ayme, Nicolas Picard Dreyfus, St\u00e9phane Malhuret et Olivier Barma, 2015<br \/>\n<em><strong>Meurtres \u00e0 Collioure<\/strong><\/em> de Bruno Garcia, 2015<\/p>\n<p>&nbsp;<\/p>\n<p>&nbsp;<\/p>\n","protected":false},"excerpt":{"rendered":"<p>\u00ab La mise au point est un m\u00e9tier technique avec une part artistique, elle fait partie de la mise en sc\u00e8ne dans le sens o\u00f9 il est question du regard et du rythme. \u00bb LARA PUGH, Assistante cam\u00e9ra &nbsp; &nbsp; Sur un tournage, chaque poste est un poste clef. C\u2019est un travail d\u2019\u00e9quipe. Lara Pugh est directement impliqu\u00e9e dans le r\u00e9sultat visuel, elle doit prendre des mesures pr\u00e9cises et anticiper les gestes des com\u00e9diens. Comme tous les professionnels du tournage d\u2019un film, elle re\u00e7oit tous les soirs une feuille de service avec un itin\u00e9raire pour le lendemain, c\u2019est un peu [&hellip;]<\/p>\n","protected":false},"author":1,"featured_media":0,"parent":0,"menu_order":4,"comment_status":"closed","ping_status":"closed","template":"template-fullwidth.php","meta":{"footnotes":""},"class_list":["post-1042","page","type-page","status-publish","hentry"],"_links":{"self":[{"href":"https:\/\/www.fabricantsdefilms.occitanie-films.fr\/index.php?rest_route=\/wp\/v2\/pages\/1042","targetHints":{"allow":["GET"]}}],"collection":[{"href":"https:\/\/www.fabricantsdefilms.occitanie-films.fr\/index.php?rest_route=\/wp\/v2\/pages"}],"about":[{"href":"https:\/\/www.fabricantsdefilms.occitanie-films.fr\/index.php?rest_route=\/wp\/v2\/types\/page"}],"author":[{"embeddable":true,"href":"https:\/\/www.fabricantsdefilms.occitanie-films.fr\/index.php?rest_route=\/wp\/v2\/users\/1"}],"replies":[{"embeddable":true,"href":"https:\/\/www.fabricantsdefilms.occitanie-films.fr\/index.php?rest_route=%2Fwp%2Fv2%2Fcomments&post=1042"}],"version-history":[{"count":7,"href":"https:\/\/www.fabricantsdefilms.occitanie-films.fr\/index.php?rest_route=\/wp\/v2\/pages\/1042\/revisions"}],"predecessor-version":[{"id":1909,"href":"https:\/\/www.fabricantsdefilms.occitanie-films.fr\/index.php?rest_route=\/wp\/v2\/pages\/1042\/revisions\/1909"}],"wp:attachment":[{"href":"https:\/\/www.fabricantsdefilms.occitanie-films.fr\/index.php?rest_route=%2Fwp%2Fv2%2Fmedia&parent=1042"}],"curies":[{"name":"wp","href":"https:\/\/api.w.org\/{rel}","templated":true}]}}