{"id":1052,"date":"2014-10-20T10:19:03","date_gmt":"2014-10-20T09:19:03","guid":{"rendered":"http:\/\/www.fabricantsdefilms.occitanie-films.fr\/?page_id=1052"},"modified":"2016-11-30T15:49:25","modified_gmt":"2016-11-30T14:49:25","slug":"scripte-2","status":"publish","type":"page","link":"https:\/\/www.fabricantsdefilms.occitanie-films.fr\/?page_id=1052","title":{"rendered":"Scripte"},"content":{"rendered":"<h2><em><a href=\"http:\/\/www.fabricantsdefilms.occitanie-films.fr\/wp-content\/uploads\/2014\/10\/tardif.jpg\"><img loading=\"lazy\" decoding=\"async\" class=\"alignleft size-medium wp-image-893\" src=\"http:\/\/www.fabricantsdefilms.occitanie-films.fr\/wp-content\/uploads\/2014\/10\/tardif-430x430.jpg\" alt=\"Tardif\" width=\"430\" height=\"430\" srcset=\"https:\/\/www.fabricantsdefilms.occitanie-films.fr\/wp-content\/uploads\/2014\/10\/tardif-430x430.jpg 430w, https:\/\/www.fabricantsdefilms.occitanie-films.fr\/wp-content\/uploads\/2014\/10\/tardif-150x150.jpg 150w, https:\/\/www.fabricantsdefilms.occitanie-films.fr\/wp-content\/uploads\/2014\/10\/tardif-700x700.jpg 700w, https:\/\/www.fabricantsdefilms.occitanie-films.fr\/wp-content\/uploads\/2014\/10\/tardif-800x800.jpg 800w, https:\/\/www.fabricantsdefilms.occitanie-films.fr\/wp-content\/uploads\/2014\/10\/tardif-500x500.jpg 500w, https:\/\/www.fabricantsdefilms.occitanie-films.fr\/wp-content\/uploads\/2014\/10\/tardif.jpg 2000w\" sizes=\"auto, (max-width: 430px) 100vw, 430px\" \/><\/a>\u00ab\u00a0Je n\u2019aime pas le chronom\u00e8tre, ni le stylo ou la calculatrice, ce qui m\u2019int\u00e9resse, c\u2019est le rythme, le raccord c\u2019est aussi le rythme. \u00bb<br \/>\n<\/em><\/h2>\n<h1>GA\u00cbLLE TARDIF, <a href=\"https:\/\/www.coreps-languedoc-roussillon.pro\/tournage\/realisation\/scripte.html\" target=\"_blank\">Scripte<\/a><\/h1>\n<p>&nbsp;<\/p>\n<p>&nbsp;<\/p>\n<p style=\"text-align: justify;\">D\u2019abord int\u00e9ress\u00e9e par le montage, Ga\u00eblle Tardif est all\u00e9e de Montpellier vers Paris o\u00f9 elle a eu besoin de temps pour trouver les bons chemins \u00e0 emprunter. Lorsqu\u2019elle d\u00e9couvre les \u00e9crits de Sylvette Baudrot*1, elle d\u00e9cide de cesser ses fonctions d\u2019assistanat au montage et s\u2019engage sur les lieux de tournage aupr\u00e8s des r\u00e9alisateurs. Elle utilise le Bellefaye*2 pour rencontrer des scriptes mais son parcours est interrompu par des s\u00e9jours \u00e0 l\u2019\u00e9tranger o\u00f9 elle fait de la formation au montage. La scripte Marie-Florence Roncayolo lui enseigne qu\u2019\u00e0 l&rsquo;inverse de certains m\u00e9tiers o\u00f9 les longues ann\u00e9es d\u2019assistanat sont importantes, pour celui de scripte, il faut se confronter rapidement \u00e0 la responsabilit\u00e9 des t\u00e2ches inh\u00e9rentes \u00e0 ce poste. Faire des courts m\u00e9trages avec des r\u00e9alisateurs qui d\u00e9coupent pr\u00e9cis\u00e9ment et qui ont pens\u00e9 leur sc\u00e9nario pour des soci\u00e9t\u00e9s de production professionnelles lui semble aujourd\u2019hui \u00eatre la meilleure \u00e9cole. Revenue \u00e0 Montpellier r\u00e9cemment, elle appr\u00e9cie ses relations avec les \u00e9quipes en Languedoc-Roussillon.<br \/>\nSon r\u00f4le est de garantir tous les raccords, c\u2019est une question de rythme, de coh\u00e9rence. A la lecture d\u2019un sc\u00e9nario, on dispose de nombreuses informations que le spectateur n\u2019a pas \u00e0 l\u2019image. Elle identifie d\u2019\u00e9ventuels manques lors du tournage et anticipe la compr\u00e9hension des spectateurs. Elle doit faire preuve d\u2019une certaine psychologie pour mettre le r\u00e9alisateur face \u00e0 une probl\u00e9matique et le rassurer pour trouver une solution.<br \/>\nElle est g\u00e9n\u00e9ralement contact\u00e9e par le r\u00e9alisateur et organise son travail autour des m\u00eames \u00e9tapes. Apr\u00e8s les lectures du sc\u00e9nario, suit le difficile exercice du pr\u00e9-minutage. Si la dur\u00e9e d\u2019un plan pour une s\u00e9rie est souvent calibr\u00e9e, le cin\u00e9ma n\u00e9cessite un important travail de recherche afin de minuter un sc\u00e9nario\u00a0: regarder les films pr\u00e9c\u00e9dents du r\u00e9alisateur, se renseigner sur les com\u00e9diens, sur les rep\u00e9rages\u2026 L\u2019\u00e9tape du d\u00e9pouillement consiste ensuite \u00e0 relever tous les accessoires, les maquillages, les \u00e9motions des com\u00e9diens\u2026 Cela permet de diss\u00e9quer le film, de le conna\u00eetre pr\u00e9cis\u00e9ment. La scripte a une excellente m\u00e9moire, elle conna\u00eet la chronologie des s\u00e9quences, elle est une personne ressource sur le plateau o\u00f9 l\u2019on tourne par d\u00e9cor et non par continuit\u00e9. Son outil est le sc\u00e9nario. Elle dispose en permanence de toutes les informations li\u00e9es aux diff\u00e9rents raccords. Tout doit \u00eatre raccordable pour que le montage soit possible\u00a0: les regards des com\u00e9diens, leurs gestes\u2026 jusqu\u2019\u00e0 la pr\u00e9sence du plus petit accessoire. Les r\u00e9unions de d\u00e9coupage sont des moments privil\u00e9gi\u00e9s pour saisir les enjeux de la mise en sc\u00e8ne. Clarifier les intentions de la costumi\u00e8re, assister aux lectures avec les com\u00e9diens, tout ceci est essentiel, son obsession est le montage.<br \/>\nCe m\u00e9tier reste m\u00e9connu au sein des professionnels du cin\u00e9ma qui imaginent souvent un poste de secr\u00e9tariat. Or, la scripte doit aussi s\u2019assurer que le r\u00e9alisateur a tourn\u00e9 tous les \u00e9l\u00e9ments qui lui seront utiles et informer toutes les personnes qui ont besoin de se rep\u00e9rer dans le sc\u00e9nario. Ga\u00eblle Tardif souligne que la cr\u00e9ativit\u00e9 n\u2019est pas la principale attente de ce m\u00e9tier, \u00e0 l&rsquo;inverse du montage o\u00f9 la magie peut appara\u00eetre. Elle rel\u00e8ve \u00e9galement quelques frustrations comme le fait de ne pouvoir travailler que pour la fiction.<br \/>\nLes \u00e9volutions techniques viendront peut-\u00eatre remettre en question ce m\u00e9tier. Aux Etats-Unis, un nouveau poste est n\u00e9\u00a0: \u00e0 c\u00f4t\u00e9 du plateau, une personne est charg\u00e9e de r\u00e9cup\u00e9rer les images et les met bout \u00e0 bout en temps r\u00e9el, ce qui permet de remarquer imm\u00e9diatement une erreur de raccord.<br \/>\nGa\u00eblle Tardif adore partir en tournage, \u00ab\u00a0en colonie de vacances sans les vacances\u00a0\u00bb, elle se sent polyvalente et d\u00e9sireuse de nombreuses exp\u00e9riences.<\/p>\n<address style=\"text-align: justify;\">*1 C\u00e9l\u00e8bre scripte fran\u00e7aise\u00a0: La script-girl, F\u00e9mis, 1989.<br \/>\n*2 Annuaire professionnel du cin\u00e9ma et de l\u2019audiovisuel.<\/address>\n<h3><\/h3>\n<p>&nbsp;<\/p>\n<h3>5 dates qui ont marqu\u00e9 le parcours de Ga\u00eblle Tardif :<\/h3>\n<p>Ann\u00e9e de naissance : <strong>1979<\/strong><br \/>\nFormation ou rencontre la plus significative : <strong>2012<\/strong> &#8211; rencontre avec Emmanuelle Dubergey sur la s\u00e9rie <em><strong>Ligne de vie<\/strong><\/em>.<br \/>\nArriv\u00e9e en r\u00e9gion : Je suis n\u00e9e en Languedoc-Roussillon et j\u2019y ai fait mes \u00e9tudes. J&rsquo;ai toujours gard\u00e9 un lien avec la r\u00e9gion m\u00eame lorsque je vivais sur Paris. Je suis revenue vivre \u00e0 Montpellier en <strong>ao\u00fbt 2013<\/strong>.<br \/>\nPremier film sur lequel tu as travaill\u00e9 pour le cin\u00e9ma : <strong>2004<\/strong> &#8211; sur le film <em><strong>Bascule<\/strong> <\/em>de S\u00e9bastien d\u2019Abrigeon, film d\u2019animation.<br \/>\nDate de ton choix par rapport \u00e0 un \u00e9v\u00e9nement int\u00e9ressant qui te tient \u00e0 c\u0153ur : <strong>2006<\/strong> &#8211; je suis scripte sur les films de l&rsquo;\u00e9cole CCC de Mexico.<\/p>\n<p>&nbsp;<\/p>\n<h3>Films qui ont marqu\u00e9 le parcours de Ga\u00eblle Tardif :<\/h3>\n<p><em><strong>Tutto o niente<\/strong><\/em> de Christophe Fustini, 2007<br \/>\n<em><strong>Marche forc\u00e9e<\/strong><\/em> de Thomas Gayrard, 2011, tourn\u00e9 en Languedoc-Roussillon dans les C\u00e9vennes<br \/>\n<em><strong>A long way from home<\/strong><\/em> de Virginia Gilbert, 2012, tourn\u00e9 en Languedoc-Roussillon \u00e0 N\u00eemes<br \/>\n<em><strong>Sweet Mosquito<\/strong><\/em> d&rsquo;Audrey Najar et Fr\u00e9d\u00e9ric Perrot, 2012, tourn\u00e9 en Languedoc-Roussillon \u00e0 Montpellier<br \/>\n<em><strong>Il venait de Roumanie<\/strong><\/em> de Jean-Baptiste Durand, 2014, tourn\u00e9 en Languedoc-Roussillon \u00e0 Montpeyroux<\/p>\n<p>&nbsp;<\/p>\n<p>&nbsp;<\/p>\n<h3 style=\"text-align: left;\" align=\"CENTER\"><b>Son actualit\u00e9\u00a0:<\/b><\/h3>\n<p><em><strong>Le Secret d\u2019Elise<\/strong><\/em> d\u2019Alexandre Laurent, tourn\u00e9 \u00e0 Marseillan et Aigues-Mortes, 2014\/2015<br \/>\n<em><strong>Waiting For You<\/strong><\/em> de Charles Garrad, tourn\u00e9 dans le Gard et l\u2019H\u00e9rault, 2015<br \/>\n<em><strong>Candice Renoir<\/strong><\/em> de Nicolas Picard Dreyfuss\u00a0 et de Sylvie Ayme (3 \u00e9pisodes de la saison 5), 2016<\/p>\n<p>&nbsp;<\/p>\n<p>&nbsp;<\/p>\n","protected":false},"excerpt":{"rendered":"<p>\u00ab\u00a0Je n\u2019aime pas le chronom\u00e8tre, ni le stylo ou la calculatrice, ce qui m\u2019int\u00e9resse, c\u2019est le rythme, le raccord c\u2019est aussi le rythme. \u00bb GA\u00cbLLE TARDIF, Scripte &nbsp; &nbsp; D\u2019abord int\u00e9ress\u00e9e par le montage, Ga\u00eblle Tardif est all\u00e9e de Montpellier vers Paris o\u00f9 elle a eu besoin de temps pour trouver les bons chemins \u00e0 emprunter. Lorsqu\u2019elle d\u00e9couvre les \u00e9crits de Sylvette Baudrot*1, elle d\u00e9cide de cesser ses fonctions d\u2019assistanat au montage et s\u2019engage sur les lieux de tournage aupr\u00e8s des r\u00e9alisateurs. Elle utilise le Bellefaye*2 pour rencontrer des scriptes mais son parcours est interrompu par des s\u00e9jours \u00e0 l\u2019\u00e9tranger [&hellip;]<\/p>\n","protected":false},"author":1,"featured_media":0,"parent":0,"menu_order":62,"comment_status":"closed","ping_status":"closed","template":"template-fullwidth.php","meta":{"footnotes":""},"class_list":["post-1052","page","type-page","status-publish","hentry"],"_links":{"self":[{"href":"https:\/\/www.fabricantsdefilms.occitanie-films.fr\/index.php?rest_route=\/wp\/v2\/pages\/1052","targetHints":{"allow":["GET"]}}],"collection":[{"href":"https:\/\/www.fabricantsdefilms.occitanie-films.fr\/index.php?rest_route=\/wp\/v2\/pages"}],"about":[{"href":"https:\/\/www.fabricantsdefilms.occitanie-films.fr\/index.php?rest_route=\/wp\/v2\/types\/page"}],"author":[{"embeddable":true,"href":"https:\/\/www.fabricantsdefilms.occitanie-films.fr\/index.php?rest_route=\/wp\/v2\/users\/1"}],"replies":[{"embeddable":true,"href":"https:\/\/www.fabricantsdefilms.occitanie-films.fr\/index.php?rest_route=%2Fwp%2Fv2%2Fcomments&post=1052"}],"version-history":[{"count":7,"href":"https:\/\/www.fabricantsdefilms.occitanie-films.fr\/index.php?rest_route=\/wp\/v2\/pages\/1052\/revisions"}],"predecessor-version":[{"id":1891,"href":"https:\/\/www.fabricantsdefilms.occitanie-films.fr\/index.php?rest_route=\/wp\/v2\/pages\/1052\/revisions\/1891"}],"wp:attachment":[{"href":"https:\/\/www.fabricantsdefilms.occitanie-films.fr\/index.php?rest_route=%2Fwp%2Fv2%2Fmedia&parent=1052"}],"curies":[{"name":"wp","href":"https:\/\/api.w.org\/{rel}","templated":true}]}}