{"id":1054,"date":"2014-10-20T10:20:21","date_gmt":"2014-10-20T09:20:21","guid":{"rendered":"http:\/\/www.fabricantsdefilms.occitanie-films.fr\/?page_id=1054"},"modified":"2016-11-30T16:00:58","modified_gmt":"2016-11-30T15:00:58","slug":"chef-monteur-son-2","status":"publish","type":"page","link":"https:\/\/www.fabricantsdefilms.occitanie-films.fr\/?page_id=1054","title":{"rendered":"Chef monteur son"},"content":{"rendered":"<h2><em><a href=\"http:\/\/www.fabricantsdefilms.occitanie-films.fr\/wp-content\/uploads\/2014\/10\/maury.jpg\"><img loading=\"lazy\" decoding=\"async\" class=\"alignleft size-medium wp-image-894\" src=\"http:\/\/www.fabricantsdefilms.occitanie-films.fr\/wp-content\/uploads\/2014\/10\/maury-430x430.jpg\" alt=\"Maury\" width=\"430\" height=\"430\" srcset=\"https:\/\/www.fabricantsdefilms.occitanie-films.fr\/wp-content\/uploads\/2014\/10\/maury-430x430.jpg 430w, https:\/\/www.fabricantsdefilms.occitanie-films.fr\/wp-content\/uploads\/2014\/10\/maury-150x150.jpg 150w, https:\/\/www.fabricantsdefilms.occitanie-films.fr\/wp-content\/uploads\/2014\/10\/maury-700x700.jpg 700w, https:\/\/www.fabricantsdefilms.occitanie-films.fr\/wp-content\/uploads\/2014\/10\/maury-800x800.jpg 800w, https:\/\/www.fabricantsdefilms.occitanie-films.fr\/wp-content\/uploads\/2014\/10\/maury-500x500.jpg 500w, https:\/\/www.fabricantsdefilms.occitanie-films.fr\/wp-content\/uploads\/2014\/10\/maury.jpg 2000w\" sizes=\"auto, (max-width: 430px) 100vw, 430px\" \/><\/a>\u00ab\u00a0Avoir l\u2019impression que le son sort de la bouche des personnages qu\u2019on voit \u00e0 l\u2019\u00e9cran, alors qu\u2019il sort d\u2019une enceinte, ce processus l\u00e0 est un petit miracle\u2026 et beaucoup de travail. \u00bb<\/em><\/h2>\n<h1>FR\u00c9D\u00c9RIC MAURY, Chef <a href=\"https:\/\/www.coreps-languedoc-roussillon.pro\/post-production\/monteur-image-et-son.html\" target=\"_blank\">monteur son<\/a> et <a href=\"http:\/\/www.coreps-languedoc-roussillon.pro\/tournage\/son\/ingenieur-du-son.html\" target=\"_blank\">Chef op\u00e9rateur son<\/a><\/h1>\n<p>&nbsp;<\/p>\n<p>&nbsp;<\/p>\n<p style=\"text-align: justify;\">Le cin\u00e9ma a le pouvoir de faire travailler beaucoup de gens, on le voit sur le g\u00e9n\u00e9rique d\u2019un film. Mais la post-production est souvent m\u00e9connue et le son en est l\u2019exemple. C\u2019est un travail tr\u00e8s d\u00e9licat, long et complexe.<br \/>\nFr\u00e9d\u00e9ric Maury a clos un cursus universitaire de cin\u00e9ma \u00e0 Montpellier par un m\u00e9moire intitul\u00e9 La Perception du Message Sonore au Cin\u00e9ma. Ses rencontres avec les ing\u00e9nieurs du son comme Jean-Pierre Ruh et Pierre Gamet lui ont permis de s\u2019orienter vers le montage son. Il travaille alors dans les studios parisiens pendant une dizaine d\u2019ann\u00e9es o\u00f9 il tissera son r\u00e9seau professionnel. Pendant quatre ans aux c\u00f4t\u00e9s de Jean-Pierre Halbwachs*1 en tant qu\u2019assistant monteur son, il a travaill\u00e9 sur les premiers t\u00e9l\u00e9films en st\u00e9r\u00e9o.<br \/>\nAvec France T\u00e9l\u00e9vision, \u00e0 Lille puis \u00e0 Marseille, il \u0153uvre sur des t\u00e9l\u00e9films ou des documentaires. Parce qu\u2019il souhaitait d\u00e9velopper le montage son avec son propre outil de travail en r\u00e9gion Languedoc-Roussillon, il cr\u00e9e le studio Tomato Sound Factory en 2006. A cette \u00e9poque, il \u00e9tait fr\u00e9quent, pour les producteurs en r\u00e9gion, de passer du montage image au mixage sans consid\u00e9rer le montage son. Aujourd\u2019hui la situation a un peu \u00e9volu\u00e9.<br \/>\nL\u2019acoustique d\u2019un studio est ce qui caract\u00e9rise son identit\u00e9, sa fiabilit\u00e9 sonore. Pour l\u2019\u00e9laboration de ce studio et afin d\u2019obtenir le meilleur r\u00e9sultat possible, il a fait appel \u00e0 l\u2019acousticien anglais Philippe. R. Newell. Au-del\u00e0 des ph\u00e9nom\u00e8nes de mode, ses choix techniques sont orient\u00e9s dans un souci de qualit\u00e9.<br \/>\nDu statut d\u2019intermittent partant travailler o\u00f9 les projets l\u2019appelaient, \u00e0 celui de cr\u00e9ateur d\u2019entreprise en Languedoc-Roussillon, Fr\u00e9d\u00e9ric Maury a d\u00fb relever des d\u00e9fis pour changer de vie. Dans ce studio au c\u0153ur de Montpellier, il prend le temps de choyer le son des projets qui lui sont confi\u00e9s\u00a0: des documentaires, des s\u00e9ries d\u2019animation, des films et m\u00eame de la musique. De sa curiosit\u00e9 permanente pour la technologie \u00e0 sa passion pour le mat\u00e9riau sonore, il cultive une approche m\u00e9thodique de la question de l\u2019\u0153uvre. Fr\u00e9d\u00e9ric Maury aime \u00ab\u00a0sculpter\u00a0\u00bb le son de fa\u00e7on tr\u00e8s pr\u00e9cise avec des outils qui savent se faire oublier pour \u00eatre au plus pr\u00e8s des objets sonores, de leur rapport \u00e0 l\u2019image et du sens qu\u2019ils g\u00e9n\u00e8rent. Fabriquer la bande son d\u2019un film c\u2019est aussi partager des comp\u00e9tences et des avis sur ce qui est en train de prendre forme. Sa rencontre en 2007 avec Jean-Fran\u00e7ois Terrien, mixeur install\u00e9 dans la r\u00e9gion, lui permet de travailler en \u00e9quipe le plus souvent possible lorsque les projets le permettent.<br \/>\nSouvent contact\u00e9 par le Directeur de production, le monteur son est li\u00e9 au preneur son en devenant responsable des \u00e9l\u00e9ments sonores enregistr\u00e9s lors du tournage. Son travail est aussi reli\u00e9 \u00e0 celui du monteur image et du mixeur qui sont des liens directs dans la cha\u00eene de fabrication du film. Fr\u00e9d\u00e9ric Maury re\u00e7oit les \u00e9l\u00e9ments n\u00e9cessaires venant du montage image pour r\u00e9aliser son travail. Le processus de fabrication varie en fonction de la diffusion, des cahiers des charges.<br \/>\nDans un film, on peut perdre facilement la coh\u00e9sion sonore de deux lieux tr\u00e8s \u00e9loign\u00e9s l\u2019un de l\u2019autre lors du tournage. Lorsque ces lieux sont reli\u00e9s au montage dans une m\u00eame sc\u00e8ne, le son garantit l\u2019unit\u00e9 de temps et de l\u2019espace. La question de la relation du son \u00e0 l\u2019image est complexe et passionnante. Pour ces raisons, il aime travailler sur les projets de bout en bout, de la prise de son en passant par le montage jusqu\u2019au mixage, cela permet une coh\u00e9rence artistique et technique du son du film qu\u2019appr\u00e9cient beaucoup de r\u00e9alisateurs et producteurs.<\/p>\n<address style=\"text-align: justify;\">\u00a0<\/address>\n<address>*1 Chef monteur<\/address>\n<h3><\/h3>\n<p>&nbsp;<\/p>\n<h3>5 dates qui ont marqu\u00e9 le parcours de Fr\u00e9d\u00e9ric Maury :<\/h3>\n<p>Ann\u00e9e de naissance : <strong>1966<\/strong><br \/>\nFormation ou rencontre la plus significative : <strong>1993<\/strong> &#8211; Ma\u00eetrise de Cin\u00e9ma \u00e0 Paul Val\u00e9ry \u00e0 Montpellier suivie de ma rencontre avec Jean-Pierre Ruh, le point de d\u00e9part de tout ce qui s\u2019est pass\u00e9 apr\u00e8s.<br \/>\nArriv\u00e9e en r\u00e9gion : <strong>1987<\/strong><br \/>\nPremier film sur lequel tu as travaill\u00e9 pour le cin\u00e9ma ou premier t\u00e9l\u00e9film de fiction : Mon premier film en tant que chef op\u00e9rateur son fut un court m\u00e9trage tourn\u00e9 en Guadeloupe intitul\u00e9 <em><strong>Le Cri des Neg\u2019Mawon<\/strong><\/em> de Tony Coco-Viloin en <strong>1992<\/strong>. Mon premier t\u00e9l\u00e9film en tant que chef monteur son apr\u00e8s de nombreux films comme assistant fut <em><strong>La Femme R\u00eav\u00e9e<\/strong><\/em> de Miguel Courtois en <strong>1996<\/strong>, mon premier film long m\u00e9trage de cin\u00e9ma : <em><strong>Les M\u00e9diateurs du Pacifique<\/strong><\/em> de Charles Belmont en <strong>1997<\/strong>.<br \/>\nDate de ton choix par rapport \u00e0 un \u00e9v\u00e9nement int\u00e9ressant qui te tient \u00e0 c\u0153ur : <strong>2006<\/strong> &#8211; Lorsque je r\u00e9ussis \u00e0 cr\u00e9er la soci\u00e9t\u00e9 Tomato Sound Factory \u00e0 Montpellier.<\/p>\n<p>&nbsp;<\/p>\n<h3>Films qui ont marqu\u00e9 le parcours de Fr\u00e9d\u00e9ric Maury :<\/h3>\n<p><em><strong>Le Cavalier des nuages<\/strong><\/em> de Gilles B\u00e9hat, 1995<br \/>\n<em><strong>Les M\u00e9diateurs du Pacifique<\/strong><\/em> de Charles Belmont, 1997<br \/>\n<em><strong>Police District<\/strong><\/em> de Olivier Chavarot, 2000<br \/>\n<em><strong>Un Amour en Kit<\/strong><\/em> de Philippe De Broca, 2002<br \/>\n<em><strong>Marseille<\/strong><\/em> de G\u00e9rard Krawczyk, film documentaire tourn\u00e9 \u00e0 Marseille (chef op\u00e9rateur son et chef monteur son), montage son et mixage r\u00e9alis\u00e9s \u00e0 Montpellier, 2014<\/p>\n<p>&nbsp;<\/p>\n<h3 style=\"text-align: left;\" align=\"CENTER\">Son actualit\u00e9\u00a0:<\/h3>\n<p><em><strong>El Perdido<\/strong><\/em> de Christophe Farnarier (mixage et montage), tourn\u00e9 aux Angles en Pyr\u00e9n\u00e9es Orientales et en Catalogne, 2015<br \/>\n<em><strong>Ceux du rivage<\/strong><\/em> de Tamara Stepanyan (prise de son lors du tournage), 2015<br \/>\n<em><strong>La Philo Vagabonde<\/strong><\/em> de Yohan Lafort, 2015<br \/>\n<em><strong>Points de rep\u00e8res<\/strong><\/em> de Pierre Lergenm\u00fcller, (mixage), 2016<br \/>\n<em><strong>The Dark Show<\/strong><\/em> d\u2019Olivier Parthonnaud (mixage et montage), 2016<\/p>\n<p>&nbsp;<\/p>\n<p>&nbsp;<\/p>\n","protected":false},"excerpt":{"rendered":"<p>\u00ab\u00a0Avoir l\u2019impression que le son sort de la bouche des personnages qu\u2019on voit \u00e0 l\u2019\u00e9cran, alors qu\u2019il sort d\u2019une enceinte, ce processus l\u00e0 est un petit miracle\u2026 et beaucoup de travail. \u00bb FR\u00c9D\u00c9RIC MAURY, Chef monteur son et Chef op\u00e9rateur son &nbsp; &nbsp; Le cin\u00e9ma a le pouvoir de faire travailler beaucoup de gens, on le voit sur le g\u00e9n\u00e9rique d\u2019un film. Mais la post-production est souvent m\u00e9connue et le son en est l\u2019exemple. C\u2019est un travail tr\u00e8s d\u00e9licat, long et complexe. Fr\u00e9d\u00e9ric Maury a clos un cursus universitaire de cin\u00e9ma \u00e0 Montpellier par un m\u00e9moire intitul\u00e9 La Perception du [&hellip;]<\/p>\n","protected":false},"author":1,"featured_media":0,"parent":0,"menu_order":17,"comment_status":"closed","ping_status":"closed","template":"template-fullwidth.php","meta":{"footnotes":""},"class_list":["post-1054","page","type-page","status-publish","hentry"],"_links":{"self":[{"href":"https:\/\/www.fabricantsdefilms.occitanie-films.fr\/index.php?rest_route=\/wp\/v2\/pages\/1054","targetHints":{"allow":["GET"]}}],"collection":[{"href":"https:\/\/www.fabricantsdefilms.occitanie-films.fr\/index.php?rest_route=\/wp\/v2\/pages"}],"about":[{"href":"https:\/\/www.fabricantsdefilms.occitanie-films.fr\/index.php?rest_route=\/wp\/v2\/types\/page"}],"author":[{"embeddable":true,"href":"https:\/\/www.fabricantsdefilms.occitanie-films.fr\/index.php?rest_route=\/wp\/v2\/users\/1"}],"replies":[{"embeddable":true,"href":"https:\/\/www.fabricantsdefilms.occitanie-films.fr\/index.php?rest_route=%2Fwp%2Fv2%2Fcomments&post=1054"}],"version-history":[{"count":7,"href":"https:\/\/www.fabricantsdefilms.occitanie-films.fr\/index.php?rest_route=\/wp\/v2\/pages\/1054\/revisions"}],"predecessor-version":[{"id":1901,"href":"https:\/\/www.fabricantsdefilms.occitanie-films.fr\/index.php?rest_route=\/wp\/v2\/pages\/1054\/revisions\/1901"}],"wp:attachment":[{"href":"https:\/\/www.fabricantsdefilms.occitanie-films.fr\/index.php?rest_route=%2Fwp%2Fv2%2Fmedia&parent=1054"}],"curies":[{"name":"wp","href":"https:\/\/api.w.org\/{rel}","templated":true}]}}