{"id":1056,"date":"2014-10-20T10:22:19","date_gmt":"2014-10-20T09:22:19","guid":{"rendered":"http:\/\/www.fabricantsdefilms.occitanie-films.fr\/?page_id=1056"},"modified":"2025-05-06T10:05:39","modified_gmt":"2025-05-06T09:05:39","slug":"chef-costumiere-2","status":"publish","type":"page","link":"https:\/\/www.fabricantsdefilms.occitanie-films.fr\/?page_id=1056","title":{"rendered":"Cr\u00e9atrice de costumes"},"content":{"rendered":"<h2><em><a href=\"http:\/\/www.fabricantsdefilms.occitanie-films.fr\/wp-content\/uploads\/2014\/11\/n_clamond.jpg\"><img loading=\"lazy\" decoding=\"async\" class=\"alignleft wp-image-1468 size-medium\" src=\"http:\/\/www.fabricantsdefilms.occitanie-films.fr\/wp-content\/uploads\/2014\/11\/n_clamond-430x430.jpg\" alt=\"\" width=\"430\" height=\"430\" srcset=\"https:\/\/www.fabricantsdefilms.occitanie-films.fr\/wp-content\/uploads\/2014\/11\/n_clamond-430x430.jpg 430w, https:\/\/www.fabricantsdefilms.occitanie-films.fr\/wp-content\/uploads\/2014\/11\/n_clamond-150x150.jpg 150w, https:\/\/www.fabricantsdefilms.occitanie-films.fr\/wp-content\/uploads\/2014\/11\/n_clamond-700x700.jpg 700w, https:\/\/www.fabricantsdefilms.occitanie-films.fr\/wp-content\/uploads\/2014\/11\/n_clamond-800x800.jpg 800w, https:\/\/www.fabricantsdefilms.occitanie-films.fr\/wp-content\/uploads\/2014\/11\/n_clamond-500x500.jpg 500w, https:\/\/www.fabricantsdefilms.occitanie-films.fr\/wp-content\/uploads\/2014\/11\/n_clamond.jpg 2000w\" sizes=\"auto, (max-width: 430px) 100vw, 430px\" \/><\/a>\u00ab\u00a0Je projette le v\u00eatement dans son devenir.\u00a0\u00bb<br \/>\n<\/em><\/h2>\n<h1>FLORENCE CLAMOND, Cr\u00e9atrice de costumes<\/h1>\n<p>&nbsp;<\/p>\n<p>&nbsp;<\/p>\n<p style=\"text-align: justify;\">Si dans sa famille les femmes faisaient un peu de couture et qu\u2019il lui arrivait d\u2019aller voir des op\u00e9rettes avec sa m\u00e8re, c\u2019est plus tard que Florence Clamond a pu analyser que sa motivation se nourrissait d\u2019une pens\u00e9e r\u00e9currente : \u00ab A sa place, je ferai comme \u00e7a\u2026 \u00bb. Originaire de Narbonne, elle a suivi une formation de fabrication de costume en r\u00e9gion parisienne avant de travailler pour une maison de location. Sa directrice, Sylvie de Segonzac*1, lui propose alors de la suivre sur les tournages en tant qu\u2019habilleuse. A ses cot\u00e9s, elle grandit dans la profession et devient son assistante. Elle connaissait la couture, elle savait habiller, mais sur les tournages elle apprend les raccords, les notions de cadre. Elle signe son premier poste en tant que chef costumi\u00e8re pour le t\u00e9l\u00e9film <em><strong>Charlotte Corday<\/strong><\/em> en 2007.<br \/>\nSon atout est de conna\u00eetre toutes les \u00e9tapes depuis la fabrication et d\u2019\u00eatre polyvalente. Selon elle, le plus difficile est d\u2019avoir la possibilit\u00e9 d\u2019entrer sur un tournage, mais elle n\u2019a jamais cherch\u00e9 de travail. De fid\u00e9lit\u00e9s en confiances, sa r\u00e9putation s\u2019est peu \u00e0 peu impos\u00e9e dans les films d\u2019\u00e9poque pour la t\u00e9l\u00e9vision et le cin\u00e9ma. Aujourd\u2019hui, les producteurs lui font d\u00e9couvrir des r\u00e9alisateurs et inversement.<br \/>\nApr\u00e8s plusieurs lectures du sc\u00e9nario, la chef costumi\u00e8re va \u00e9laborer, puis n\u00e9gocier avec le directeur de production, un devis prenant en compte la fabrication, la cr\u00e9ation et la gestion d\u2019\u00e9quipe. Trois mois avant son entr\u00e9e en pr\u00e9paration, Florence Clamond se consacre \u00e0 ce qu\u2019elle pr\u00e9f\u00e8re : l\u2019\u00e9tape de documentation. Ses recherches assimil\u00e9es, les id\u00e9es viennent et elle peut se consacrer \u00e0 la cr\u00e9ation et la constitution de ses stocks. Sans directeur artistique comme dans le mod\u00e8le anglo-saxon, les chefs de poste en France s\u2019harmonisent pour tout raccorder. Il s\u2019agit d\u2019avoir des rep\u00e8res, d\u2019\u00eatre sensible \u00e0 l\u2019\u00e9poque pour que les com\u00e9diens ne soient pas d\u00e9guis\u00e9s, adoptent une gestuelle et un phras\u00e9 dans un costume.<br \/>\nElle entre en pr\u00e9paration seule ou avec son assistante et peu \u00e0 peu l\u2019\u00e9quipe grossit. Pour les p\u00e9riodes jusqu\u2019au 19\u00b0 si\u00e8cle, elle se d\u00e9place chez des fournisseurs en Italie, en Espagne, parfois en Angleterre et utilise en moyenne 90% du stock lou\u00e9, ce qui est appr\u00e9ci\u00e9 des producteurs attentifs au budget. Du 20\u00b0 si\u00e8cle \u00e0 aujourd\u2019hui, elle trouve les quantit\u00e9s n\u00e9cessaires \u00e0 Paris.<br \/>\nSes relations avec les loueurs de costumes sont privil\u00e9gi\u00e9es car elle engage sa responsabilit\u00e9 et veille \u00e0 la qualit\u00e9 des rendus. Apr\u00e8s un tournage, elle v\u00e9rifie, trie, envoie les chaussures chez un cordonnier, les v\u00eatements au pressing, elle r\u00e9pare ou remplace.<br \/>\nFlorence Clamond appr\u00e9cie de pouvoir intervenir \u00e0 d\u2019autres moments que pendant la pr\u00e9paration. Sa bijoute*2 est importante, elle raconte le pass\u00e9 et l\u2019avenir des films. Elle aime les tournages, s\u2019occuper des figurants, veiller \u00e0 ce que l\u2019installation du HMC*3 soit respect\u00e9e. Attach\u00e9e \u00e0 travailler dans de bonnes conditions pour \u00eatre efficace, elle a une vision d\u2019ensemble et n\u2019h\u00e9site pas \u00e0 proposer ses conseils.<br \/>\nEn Languedoc-Roussillon elle a travaill\u00e9 pour la s\u00e9rie<em><strong> Inquisitio<\/strong><\/em>*4 &#8211; tourn\u00e9e \u00e0 l&rsquo;Abbaye de Fontfroide, dans le passage de l&rsquo;Ancre \u00e0 Narbonne et au ch\u00e2teau de Salses &#8211; mais son quotidien est entre Paris et d\u2019autres r\u00e9gions. Elle retrouve sa famille le week-end d\u00e8s que cela est possible, leur \u00e9quilibre est inscrit dans ces rythmes al\u00e9atoires.<br \/>\nEn parall\u00e8le de la cr\u00e9ation de costumes, elle est depuis une dizaine d&rsquo;ann\u00e9es responsable p\u00e9dagogique de la formation costumier de <em><strong>La G\u00e9n\u00e9rale<\/strong><\/em>*5.<\/p>\n<address style=\"text-align: justify;\">\u00a0<\/address>\n<address style=\"text-align: justify;\">*1 Cr\u00e9atrice de costume.<br \/>\n*2 Caisse contenant divers bijoux, accessoires et mat\u00e9riel n\u00e9cessaire.<br \/>\n*3 Habillage, Maquillage, Coiffure.<br \/>\n*4 Septembre Productions, 2012.<br \/>\n*5 Ecole du th\u00e9\u00e2tre et de l\u2019image \u00e0 Montreuil.<\/address>\n<h3><\/h3>\n<h3>5 dates qui ont marqu\u00e9 le parcours de Florence Clamond :<\/h3>\n<p>Ann\u00e9e de naissance: <strong>1971<\/strong><br \/>\nFormation ou rencontre la plus significative : <strong>1991<\/strong> &#8211; formation de costumi\u00e8re de fabrication<br \/>\nArriv\u00e9e en r\u00e9gion: <strong>2001<\/strong><br \/>\nPremier film sur lequel tu as travaill\u00e9 pour le cin\u00e9ma : <strong>1998<\/strong> &#8211;<em><strong> Les Enfants du Marais<\/strong><\/em> de Jean Becker<br \/>\nDate de ton choix par rapport \u00e0 un \u00e9v\u00e9nement int\u00e9ressant qui te tient \u00e0 c\u0153ur :<strong> juin 2011<\/strong> &#8211; la premi\u00e8re fois que j&rsquo;ai eu l\u2019opportunit\u00e9 de travailler dans ma r\u00e9gion.<\/p>\n<p>&nbsp;<\/p>\n<h3>Films et s\u00e9ries qui ont marqu\u00e9 le parcours de Florence Clamond :<\/h3>\n<p><em><strong>Vip\u00e8re au poing<\/strong><\/em> de Philippe de Broca, 2003<br \/>\n<em><strong>Marie-Antoinette<\/strong><\/em> de Sofia Coppola, 2005<br \/>\n<em><strong>Cartouche<\/strong><\/em> de Henri Helman, 2009<br \/>\n<em><strong>Inquisitio<\/strong><\/em> de Nicolas Cuche, 2011, tourn\u00e9 en Languedoc-Roussillon notamment pr\u00e8s de Narbonne<br \/>\n<em><strong>Les Fusill\u00e9s<\/strong><\/em> de Philippe Triboit, 2014<br \/>\n<em><strong>Kaamelott,volet 1\u00a0<\/strong><\/em>de Alexandre Astier, 2019<br \/>\n<em><strong>Emily In Paris\u00a0<\/strong><\/em>de Andrew Fleming, Zoe Cassavetes,Peter Lauer, 2020<\/p>\n<h3 style=\"text-align: left;\" align=\"CENTER\">Son actualit\u00e9\u00a0:<\/h3>\n<p><b><i>Les Caprices de l&rsquo;Enfant Roi\u00a0<\/i><\/b>de Michel Leclerc, 2025<br \/>\n<em><strong>Sous le ciel de Montmartre<\/strong><\/em> de Louis Choquette, 2024<br \/>\n<em><strong>Une amiti\u00e9 dangereuse <\/strong><\/em>de Alain Tasma, 2023<br \/>\n<em><strong>The Grand Master : Franklin in Paris<\/strong> <\/em>de Timothy Van Patten, 2022<\/p>\n","protected":false},"excerpt":{"rendered":"<p>\u00ab\u00a0Je projette le v\u00eatement dans son devenir.\u00a0\u00bb FLORENCE CLAMOND, Cr\u00e9atrice de costumes &nbsp; &nbsp; Si dans sa famille les femmes faisaient un peu de couture et qu\u2019il lui arrivait d\u2019aller voir des op\u00e9rettes avec sa m\u00e8re, c\u2019est plus tard que Florence Clamond a pu analyser que sa motivation se nourrissait d\u2019une pens\u00e9e r\u00e9currente : \u00ab A sa place, je ferai comme \u00e7a\u2026 \u00bb. Originaire de Narbonne, elle a suivi une formation de fabrication de costume en r\u00e9gion parisienne avant de travailler pour une maison de location. Sa directrice, Sylvie de Segonzac*1, lui propose alors de la suivre sur les tournages [&hellip;]<\/p>\n","protected":false},"author":1,"featured_media":0,"parent":0,"menu_order":14,"comment_status":"closed","ping_status":"closed","template":"template-fullwidth.php","meta":{"footnotes":""},"class_list":["post-1056","page","type-page","status-publish","hentry"],"_links":{"self":[{"href":"https:\/\/www.fabricantsdefilms.occitanie-films.fr\/index.php?rest_route=\/wp\/v2\/pages\/1056","targetHints":{"allow":["GET"]}}],"collection":[{"href":"https:\/\/www.fabricantsdefilms.occitanie-films.fr\/index.php?rest_route=\/wp\/v2\/pages"}],"about":[{"href":"https:\/\/www.fabricantsdefilms.occitanie-films.fr\/index.php?rest_route=\/wp\/v2\/types\/page"}],"author":[{"embeddable":true,"href":"https:\/\/www.fabricantsdefilms.occitanie-films.fr\/index.php?rest_route=\/wp\/v2\/users\/1"}],"replies":[{"embeddable":true,"href":"https:\/\/www.fabricantsdefilms.occitanie-films.fr\/index.php?rest_route=%2Fwp%2Fv2%2Fcomments&post=1056"}],"version-history":[{"count":14,"href":"https:\/\/www.fabricantsdefilms.occitanie-films.fr\/index.php?rest_route=\/wp\/v2\/pages\/1056\/revisions"}],"predecessor-version":[{"id":13770,"href":"https:\/\/www.fabricantsdefilms.occitanie-films.fr\/index.php?rest_route=\/wp\/v2\/pages\/1056\/revisions\/13770"}],"wp:attachment":[{"href":"https:\/\/www.fabricantsdefilms.occitanie-films.fr\/index.php?rest_route=%2Fwp%2Fv2%2Fmedia&parent=1056"}],"curies":[{"name":"wp","href":"https:\/\/api.w.org\/{rel}","templated":true}]}}