{"id":1060,"date":"2014-10-20T11:06:00","date_gmt":"2014-10-20T10:06:00","guid":{"rendered":"http:\/\/www.fabricantsdefilms.occitanie-films.fr\/?page_id=1060"},"modified":"2016-11-30T15:38:33","modified_gmt":"2016-11-30T14:38:33","slug":"compositeur","status":"publish","type":"page","link":"https:\/\/www.fabricantsdefilms.occitanie-films.fr\/?page_id=1060","title":{"rendered":"Compositeur"},"content":{"rendered":"<h2><em><a href=\"http:\/\/www.fabricantsdefilms.occitanie-films.fr\/wp-content\/uploads\/2014\/10\/heral.jpg\"><img loading=\"lazy\" decoding=\"async\" class=\"alignleft size-medium wp-image-897\" src=\"http:\/\/www.fabricantsdefilms.occitanie-films.fr\/wp-content\/uploads\/2014\/10\/heral-430x430.jpg\" alt=\"Heral\" width=\"430\" height=\"430\" srcset=\"https:\/\/www.fabricantsdefilms.occitanie-films.fr\/wp-content\/uploads\/2014\/10\/heral-430x430.jpg 430w, https:\/\/www.fabricantsdefilms.occitanie-films.fr\/wp-content\/uploads\/2014\/10\/heral-150x150.jpg 150w, https:\/\/www.fabricantsdefilms.occitanie-films.fr\/wp-content\/uploads\/2014\/10\/heral-700x700.jpg 700w, https:\/\/www.fabricantsdefilms.occitanie-films.fr\/wp-content\/uploads\/2014\/10\/heral-800x800.jpg 800w, https:\/\/www.fabricantsdefilms.occitanie-films.fr\/wp-content\/uploads\/2014\/10\/heral-500x500.jpg 500w, https:\/\/www.fabricantsdefilms.occitanie-films.fr\/wp-content\/uploads\/2014\/10\/heral.jpg 2000w\" sizes=\"auto, (max-width: 430px) 100vw, 430px\" \/><\/a>\u00ab\u00a0Savoir \u00e9crire la musique permet de bien \u00e9crire du son.\u00a0\u00bb<br \/>\n<\/em><\/h2>\n<h1>CHRISTOPHE H\u00c9RAL, <a href=\"http:\/\/www.coreps-languedoc-roussillon.pro\/conception-sv\/compositeur\/190-metiers-du-spectacle-vivant-et-de-l-audiovisuel\/265-compositeur.html\" target=\"_blank\">Compositeur<\/a><\/h1>\n<p>&nbsp;<\/p>\n<p>&nbsp;<\/p>\n<p style=\"text-align: justify;\">Il n\u2019est pas issu du Conservatoire et ce n\u2019est qu\u2019\u00e0 l\u2019adolescence qu\u2019il s\u2019engage dans la musique avec une passion sans faille. L\u2019imaginaire sonore a toujours eu une grande place dans son esprit. Revenir sur ses premiers d\u00e9sirs, c\u2019est \u00e9voquer l\u2019appartement de son grand p\u00e8re baryton qui regardait le feuilleton t\u00e9l\u00e9vis\u00e9 <em><strong>Belph\u00e9gor<\/strong><\/em>. Il l\u2019observait en cachette et comprenait par le son qu\u2019il s\u2019agissait d\u2019un film d\u2019horreur. C\u2019est aussi le souvenir des va-et-vient dans une rue, observ\u00e9s \u00e0 travers le cadre d\u2019une fen\u00eatre, en s\u2019imaginant des dialogues pour inventer des histoires.<br \/>\nPlus attir\u00e9 par la musique n\u00e9o classique que contemporaine, <em><strong>L\u2019Oiseau de feu<\/strong><\/em> de Stravinsky a d\u00e9clench\u00e9 son int\u00e9r\u00eat pour la musique en mouvement. Il cr\u00e9e son premier atelier de recherche sonore pour le VAL*1 o\u00f9 il rencontre des personnes comme Federico Vitali, Val\u00e9rie Carmona ou Paul Coudsi qui venaient des Beaux arts. Il a ainsi commenc\u00e9 en 1984 par des films d\u2019entreprise, puis d\u00e9bute, gr\u00e2ce \u00e0 ces derni\u00e8res rencontres, la composition pour des courts m\u00e9trages d\u2019animation. Dans les festivals, son travail est rapidement remarqu\u00e9 et prim\u00e9, il poursuit son apprentissage sans \u00ab\u00a0grand fr\u00e8re\u00a0\u00bb et s\u2019int\u00e9resse au mixage afin d\u2019avoir la responsabilit\u00e9 globale d\u2019un objet sonore.<br \/>\nDans son atelier \u00e0 Montpellier o\u00f9 il est n\u00e9, Christophe H\u00e9ral pr\u00e9pare, \u00e9crit, monte, fabrique. Il se d\u00e9place n\u00e9anmoins dans des studios pour certains enregistrements ou le mixage. Davantage touch\u00e9 par l\u2019animation, qui favorise des audaces sonores plus que la prise de vue r\u00e9elle, il n\u2019a jamais consid\u00e9r\u00e9 le court m\u00e9trage comme un tremplin pour faire du long. De ses collaborations avec Jean-Fran\u00e7ois Laguionie pour <em><strong>L&rsquo;\u00cele de Black M\u00f3r<\/strong><\/em> en 2005, avec Anne Larricq pour <em><strong>La douce<\/strong><\/em> en 2011, avec Laurent Pouvaret pour <em><strong>Pasta ya !<\/strong><\/em> en 2013 ou avec Subarna Thapa pour <em><strong>Fils<\/strong><\/em> en 2013, il entretient un v\u00e9ritable partage avec les r\u00e9alisateurs autour des choix artistiques.<br \/>\nPour \u00eatre compositeur de musiques de films, il exprime la n\u00e9cessit\u00e9 d\u2019assumer et de faire des choix car il n\u2019y a pas qu\u2019une musique pour un film. Il est aussi important de fr\u00e9quenter des lieux de r\u00e9sidence, comme a pu l\u2019\u00eatre La Fabrique*2, pour se rapprocher de cr\u00e9ateurs.<br \/>\nIl ne cloisonne pas les t\u00e2ches li\u00e9es \u00e0 la cr\u00e9ation d\u2019un objet sonore. Comme un d\u00e9corateur qui a le droit de faire de la peinture, aujourd\u2019hui les outils informatiques permettent de passer d\u2019un m\u00e9tier du son \u00e0 l\u2019autre. Pour une \u0153uvre de court m\u00e9trage, une seule personne peut ainsi \u00eatre \u00e0 la fois ing\u00e9nieur du son, compositeur, faire le bruitage, le mixage\u2026 C\u2019est en partie ce qu\u2019il a fait pour <em><strong>Chienne d\u2019histoire<\/strong><\/em>, court m\u00e9trage de Serge Av\u00e9dikian qui a obtenu la Palme d\u2019or en 2010.<br \/>\nChez lui, composer et cr\u00e9er sont des actes pouss\u00e9s par la curiosit\u00e9. Pour cela, il contemple les instruments qu\u2019il collectionne, pour sentir d\u2019o\u00f9 sort le son, identifier son fonctionnement, ses possibilit\u00e9s. Lorsqu\u2019on lui commande une musique, la contrainte \u00e9conomique peut \u00eatre source de cr\u00e9ativit\u00e9 et guide le geste artistique.<br \/>\nCr\u00e9ateur sonore pour Ubisoft*3, il a une vision d\u2019ensemble de la bande son des projets sur lesquels il travaille, des jeux reconnus et r\u00e9compens\u00e9s\u00a0comme <em><strong>Rayman legends<\/strong><\/em> ou <em><strong>Les Aventures de Tintin : Le Secret de la Licorne<\/strong><\/em>. Il \u0153uvre aussi pour le documentaire, sa collaboration avec Beno\u00eet Califano*4 est un bel exemple pour appr\u00e9hender comment la musique vient peu \u00e0 peu remplacer les mots.<br \/>\nLe savoir sert \u00e0 transmettre, il aime proposer des master class, il d\u00e9fend les cr\u00e9ateurs en tant que membre d\u2019une commission \u00e0 la SACEM*5 et laisse toujours la porte de son atelier ouverte \u00e0 ceux qui fouillent aux fronti\u00e8res du son.<\/p>\n<address style=\"text-align: justify;\">\u00a0<\/address>\n<address>*1 Vid\u00e9o Animation du Languedoc, structure d\u00e9pendante du Conseil G\u00e9n\u00e9ral de l\u2019H\u00e9rault<br \/>\n*2 cf. <a href=\"http:\/\/www.la-fabrique.com\" target=\"_blank\">http:\/\/www.la-fabrique.com<br \/>\n<\/a>*3 Entreprise fran\u00e7aise de jeux vid\u00e9o<br \/>\n*4 Collaboration autour de six projets dont Bosnie, \u00e0 l&rsquo;\u00e9cole des nationalismes, 2005<br \/>\n*5 Soci\u00e9t\u00e9 des Auteurs, Compositeurs et Editeurs de musique<\/address>\n<h3><\/h3>\n<p>&nbsp;<\/p>\n<h3>5 dates qui ont marqu\u00e9 le parcours de Christophe H\u00e9ral :<\/h3>\n<p>Ann\u00e9e de naissance : <strong>1960<\/strong> &#8211; l&rsquo;ann\u00e9e de ma naissance \u00e0 Montpellier.<br \/>\nFormation ou rencontre la plus significative : <strong>1987<\/strong> &#8211; ma rencontre avec le cin\u00e9ma d&rsquo;animation, mon premier festival d&rsquo;Annecy, et les projections du travail de Norman Mac Laren.<br \/>\nArriv\u00e9e en r\u00e9gion : <strong>1870<\/strong> &#8211; dans les g\u00e8nes de mon arri\u00e8re grand-m\u00e8re qui fut marchande des 4 saisons au march\u00e9 Jean Jaur\u00e8s et dans la grand rue de Montpellier.<br \/>\nPremier film sur lequel tu as travaill\u00e9 pour le cin\u00e9ma : <strong>1986<\/strong> &#8211; il s&rsquo;agissait du film r\u00e9alis\u00e9 par Federico Vitali intitul\u00e9 <em><strong>p\u00e9p\u00e8re et m\u00e9m\u00e8re<\/strong><\/em> prim\u00e9 au festival de Marly le Roi.<br \/>\nDate de ton choix par rapport \u00e0 un \u00e9v\u00e9nement int\u00e9ressant qui te tient \u00e0 c\u0153ur : <strong>15 Juin 2013<\/strong> &#8211; concert de la Contrebasse voyageuse au Corum de Montpellier.<\/p>\n<p>&nbsp;<\/p>\n<h3>Films qui ont marqu\u00e9 le parcours de Christophe H\u00e9ral :<\/h3>\n<p><em><strong>Petite Jeune Fille dans Paris<\/strong><\/em> de Lys Flowerday, 1992, produit par la Fabrique dans les C\u00e9vennes<br \/>\n<em><strong>L&rsquo;\u00eele de Blackmor<\/strong><\/em> de Jean Fran\u00e7ois Laguionie, 2004, coproduit par la Fabrique<br \/>\n<em><strong>L&rsquo;ond\u00e9e<\/strong><\/em> de David Coquart Dassault, 2008<br \/>\n<em><strong>La queue de la Souris<\/strong><\/em> de Benjamin Renner, 2008<br \/>\n<em><strong>La Douce<\/strong><\/em> d\u2019Anne Larricq, 2012<\/p>\n<p>&nbsp;<\/p>\n<h3 style=\"text-align: left;\" align=\"CENTER\">Son actualit\u00e9\u00a0:<\/h3>\n<p><em><strong>Tigres \u00e0 la queue leu leu<\/strong><\/em> de Benoit Chieux, 2015<br \/>\n<em><strong>Peripheria<\/strong><\/em> de David Coquard Dassault, 2016<br \/>\n<em><strong>Le Fil d&rsquo;ariane<\/strong><\/em> de Claude Luyet, 2016<\/p>\n<p>&nbsp;<\/p>\n<p>&nbsp;<\/p>\n","protected":false},"excerpt":{"rendered":"<p>\u00ab\u00a0Savoir \u00e9crire la musique permet de bien \u00e9crire du son.\u00a0\u00bb CHRISTOPHE H\u00c9RAL, Compositeur &nbsp; &nbsp; Il n\u2019est pas issu du Conservatoire et ce n\u2019est qu\u2019\u00e0 l\u2019adolescence qu\u2019il s\u2019engage dans la musique avec une passion sans faille. L\u2019imaginaire sonore a toujours eu une grande place dans son esprit. Revenir sur ses premiers d\u00e9sirs, c\u2019est \u00e9voquer l\u2019appartement de son grand p\u00e8re baryton qui regardait le feuilleton t\u00e9l\u00e9vis\u00e9 Belph\u00e9gor. Il l\u2019observait en cachette et comprenait par le son qu\u2019il s\u2019agissait d\u2019un film d\u2019horreur. C\u2019est aussi le souvenir des va-et-vient dans une rue, observ\u00e9s \u00e0 travers le cadre d\u2019une fen\u00eatre, en s\u2019imaginant des dialogues [&hellip;]<\/p>\n","protected":false},"author":1,"featured_media":0,"parent":0,"menu_order":21,"comment_status":"closed","ping_status":"closed","template":"template-fullwidth.php","meta":{"footnotes":""},"class_list":["post-1060","page","type-page","status-publish","hentry"],"_links":{"self":[{"href":"https:\/\/www.fabricantsdefilms.occitanie-films.fr\/index.php?rest_route=\/wp\/v2\/pages\/1060","targetHints":{"allow":["GET"]}}],"collection":[{"href":"https:\/\/www.fabricantsdefilms.occitanie-films.fr\/index.php?rest_route=\/wp\/v2\/pages"}],"about":[{"href":"https:\/\/www.fabricantsdefilms.occitanie-films.fr\/index.php?rest_route=\/wp\/v2\/types\/page"}],"author":[{"embeddable":true,"href":"https:\/\/www.fabricantsdefilms.occitanie-films.fr\/index.php?rest_route=\/wp\/v2\/users\/1"}],"replies":[{"embeddable":true,"href":"https:\/\/www.fabricantsdefilms.occitanie-films.fr\/index.php?rest_route=%2Fwp%2Fv2%2Fcomments&post=1060"}],"version-history":[{"count":7,"href":"https:\/\/www.fabricantsdefilms.occitanie-films.fr\/index.php?rest_route=\/wp\/v2\/pages\/1060\/revisions"}],"predecessor-version":[{"id":1889,"href":"https:\/\/www.fabricantsdefilms.occitanie-films.fr\/index.php?rest_route=\/wp\/v2\/pages\/1060\/revisions\/1889"}],"wp:attachment":[{"href":"https:\/\/www.fabricantsdefilms.occitanie-films.fr\/index.php?rest_route=%2Fwp%2Fv2%2Fmedia&parent=1060"}],"curies":[{"name":"wp","href":"https:\/\/api.w.org\/{rel}","templated":true}]}}