{"id":1068,"date":"2014-10-20T11:09:16","date_gmt":"2014-10-20T10:09:16","guid":{"rendered":"http:\/\/www.fabricantsdefilms.occitanie-films.fr\/?page_id=1068"},"modified":"2016-05-09T15:03:44","modified_gmt":"2016-05-09T14:03:44","slug":"exploitants","status":"publish","type":"page","link":"https:\/\/www.fabricantsdefilms.occitanie-films.fr\/?page_id=1068","title":{"rendered":"Exploitant"},"content":{"rendered":"<h2><em><a href=\"http:\/\/www.fabricantsdefilms.occitanie-films.fr\/wp-content\/uploads\/2014\/11\/n_quarettiperrot.jpg\"><img loading=\"lazy\" decoding=\"async\" class=\"alignleft wp-image-1467 size-medium\" src=\"http:\/\/www.fabricantsdefilms.occitanie-films.fr\/wp-content\/uploads\/2014\/11\/n_quarettiperrot-430x430.jpg\" alt=\"\" width=\"430\" height=\"430\" srcset=\"https:\/\/www.fabricantsdefilms.occitanie-films.fr\/wp-content\/uploads\/2014\/11\/n_quarettiperrot-430x430.jpg 430w, https:\/\/www.fabricantsdefilms.occitanie-films.fr\/wp-content\/uploads\/2014\/11\/n_quarettiperrot-150x150.jpg 150w, https:\/\/www.fabricantsdefilms.occitanie-films.fr\/wp-content\/uploads\/2014\/11\/n_quarettiperrot-700x700.jpg 700w, https:\/\/www.fabricantsdefilms.occitanie-films.fr\/wp-content\/uploads\/2014\/11\/n_quarettiperrot-800x800.jpg 800w, https:\/\/www.fabricantsdefilms.occitanie-films.fr\/wp-content\/uploads\/2014\/11\/n_quarettiperrot-500x500.jpg 500w, https:\/\/www.fabricantsdefilms.occitanie-films.fr\/wp-content\/uploads\/2014\/11\/n_quarettiperrot.jpg 2000w\" sizes=\"auto, (max-width: 430px) 100vw, 430px\" \/><\/a>\u00ab\u00a0Nous avons cr\u00e9\u00e9 un mod\u00e8le de proximit\u00e9 entre les spectateurs et le lieu de diffusion du cin\u00e9ma.\u00a0\u00bb<br \/>\n<\/em><\/h2>\n<h1>FR\u00c9D\u00c9RIC PERROT et J\u00c9R\u00d4ME QUARETTI, <a href=\"http:\/\/www.coreps-languedoc-roussillon.pro\/metiers-du-spectacle-vivant-et-de-l-audiovisuel\/732-exploitant.html?view=item\" target=\"_blank\">Exploitants<\/a><\/h1>\n<p>&nbsp;<\/p>\n<p>&nbsp;<\/p>\n<p style=\"text-align: justify;\">Un duo singulier, ces personnes se sont trouv\u00e9es au bon moment de leur histoire respective avec la m\u00eame flamme pour g\u00e9rer et programmer des salles de cin\u00e9ma.<br \/>\nAujourd\u2019hui, ils g\u00e8rent des \u00e9tablissements \u00e0 Port Leucate (Aude), \u00e0 B\u00e9darieux (H\u00e9rault), \u00e0 Six-Fours-les-plages (Var), \u00e0 Carmaux (Tarn) et \u00e0 Langres (Haute-Marne), ils ont cr\u00e9\u00e9 un mod\u00e8le qui fonctionne, qui rassure aussi, et c\u2019est une des raisons pour lesquelles ils obtiennent des D\u00e9l\u00e9gations de Service Public. Programmer est un savoir-faire qu\u2019ils poussent jusque dans la sous-traitance pour les cin\u00e9mas de M\u00e8ze, Aigues-Mortes et Lamalou-les-Bains en Languedoc-Roussillon. J\u00e9r\u00f4me s\u2019occupe de la programmation et du personnel, Fr\u00e9d\u00e9ric se consacre \u00e0 la gestion administrative et technique.<br \/>\nDans l&rsquo;exploitation Art et essai, les parcours sont atypiques. Ces deux complices ont en commun d\u2019\u00eatre n\u00e9s \u00e0 Fontainebleau mais ils ont emprunt\u00e9 des chemins diff\u00e9rents dans la profession. Sur plusieurs territoires, leur projet \u00e9conomique se traduit par l\u2019objectif de programmer des films pour r\u00e9fl\u00e9chir au sens des images, pour permettre \u00e0 tous de d\u00e9couvrir le plaisir ou le ravissement d\u2019un film qui bouleverse.<br \/>\nAnim\u00e9 par le d\u00e9sir de la transmission culturelle, et suite \u00e0 une amiti\u00e9 d\u00e9cisive avec Jacques Font*1 qui lui propose la direction du cin\u00e9ma le Rive Gauche de Perpignan, J\u00e9r\u00f4me Quaretti est pass\u00e9 du jour au lendemain de la fonction publique au priv\u00e9, du m\u00e9tier d\u2019enseignant d\u2019Histoire-g\u00e9ographie \u00e0 la direction d&rsquo;\u00e9tablissements cin\u00e9matographiques. Il a appris \u00e0 faire cohabiter une programmation g\u00e9n\u00e9raliste avec l\u2019Art et essai. Dans cette perspective, il reste attach\u00e9 au brassage social des publics, \u00e0 l\u2019id\u00e9e des \u00e9changes qu\u2019occasionne une projection. Lorsqu\u2019il rejoint le GPCI*2, il a en charge la programmation des cin\u00e9mas ind\u00e9pendants pour le sud, il d\u00e9croche aupr\u00e8s de Fr\u00e9d\u00e9ric Perrot un contrat d\u2019adh\u00e9sion alors que ce dernier faisait construire le Clap Cin\u00e9 de Port Leucate. Cette rencontre lui permettra de prendre un nouveau souffle.<br \/>\nFr\u00e9d\u00e9ric Perrot est issu d\u2019une famille d\u2019exploitants mais il ne s\u2019\u00e9tait pas pr\u00e9par\u00e9 \u00e0 faire ce m\u00e9tier. Quand son p\u00e8re a voulu vendre le cin\u00e9ma, il a r\u00e9agi \u00e0 la hauteur de l\u2019\u00e9motion que lui procurait cette annonce et a d\u00e9cid\u00e9 de reprendre l\u2019activit\u00e9.<br \/>\nEn janvier 2013, Fr\u00e9d\u00e9ric propose \u00e0 J\u00e9r\u00f4me d\u2019\u00eatre son associ\u00e9 pour reprendre le cin\u00e9ma de Langres, ils cr\u00e9ent alors la soci\u00e9t\u00e9 L&rsquo;YRE Cin\u00e9mas. De la \u00ab\u00a0chance du d\u00e9butant\u00a0\u00bb au \u00ab\u00a0travail acharn\u00e9\u00a0\u00bb, ils ont tr\u00e8s vite obtenu la gestion de salles\u00a0; avec plusieurs \u00e9tablissements le rapport de force aupr\u00e8s des distributeurs est modifi\u00e9.<br \/>\nOutre le d\u00e9sir de g\u00e9rer un ou deux cin\u00e9mas suppl\u00e9mentaires, leur souhait est de d\u00e9velopper des cin\u00e9-voyages, une id\u00e9e novatrice pour voyager avec les spectateurs de la salle vers les lieux des films et ainsi de s\u2019interroger sur les imaginaires rattach\u00e9s aux \u0153uvres cin\u00e9matographiques&#8230;<\/p>\n<address style=\"text-align: justify;\">\u00a0<\/address>\n<address style=\"text-align: justify;\">*1 \u00c0 la t\u00eate d&rsquo;un groupe cin\u00e9matographique d&rsquo;envergure nationale<br \/>\n*2 Groupement de Programmation de Cin\u00e9mas Ind\u00e9pendants<\/address>\n<h3><\/h3>\n<p>&nbsp;<\/p>\n<h3>5 dates qui ont marqu\u00e9 le parcours de Fr\u00e9d\u00e9ric Perrot :<\/h3>\n<p>Ann\u00e9e de naissance : <strong>1971<\/strong><br \/>\nFormation ou rencontre la plus significative : <strong>1993<\/strong> &#8211; rachat du cin\u00e9ma de mes parents.<br \/>\nArriv\u00e9e en r\u00e9gion : <strong>1974<\/strong><br \/>\nPremier film que tu as diffus\u00e9 pour le cin\u00e9ma : <strong>1993<\/strong> \u2013 sortie en salles de <em><strong>Les Visiteurs<\/strong><\/em>, film au succ\u00e8s \u00e9norme, juste au moment o\u00f9 je rach\u00e8te \u00e0 mes parents mon premier cin\u00e9ma\u00a0: \u00ab\u00a0la chance du d\u00e9butant\u00a0\u00bb.<br \/>\nDate de ton choix par rapport \u00e0 un \u00e9v\u00e9nement int\u00e9ressant qui te tient \u00e0 c\u0153ur : <strong>2011<\/strong> \u2013 ouverture de mon cin\u00e9 \u00ab\u00a0Clap Cin\u00e9\u00a0\u00bb \u00e0 Port Leucate.<\/p>\n<p>&nbsp;<\/p>\n<h3>5 dates\u00a0qui ont marqu\u00e9 le parcours de J\u00e9r\u00f4me Quaretti\u00a0:<\/h3>\n<p>Ann\u00e9e de naissance : <strong>1974<\/strong><br \/>\nFormation ou rencontre la plus significative : <strong>2011<\/strong> \u2013 ma rencontre avec Fr\u00e9d\u00e9ric Perrot.<br \/>\nArriv\u00e9e en r\u00e9gion : <strong>1976<\/strong> \u2013 j\u2019ai deux ans et je passe mes premi\u00e8res vacances \u00e0 Saint Cyprien plage.<br \/>\nPremier film que tu as diffus\u00e9 pour le cin\u00e9ma : <strong>2005<\/strong> \u2013 sortie en salles de <em><strong>Million Dollar Baby<\/strong><\/em> \u2013 en VOST au cin\u00e9ma Rive Gauche de Perpignan, \u00e0 la fin du film, je pleure avec des spectateurs que je ne connais pas\u2026 je sympathise avec l\u2019un d\u2019entre eux. Il est am\u00e9ricain. A la fin des ann\u00e9es 50, il a \u00e9tudi\u00e9 le cin\u00e9ma avec Martin Scorsese et Brian de Palma et a \u00e9t\u00e9 en Italie producteur avec Dino De Laurentis. C\u2019est Don Carlos Dunaway qui vit d\u00e9sormais entre Rome et Collioure.<br \/>\nDate de ton choix par rapport \u00e0 un \u00e9v\u00e9nement int\u00e9ressant qui te tient \u00e0 c\u0153ur : <strong>1871<\/strong> \u2013 la Commune de Paris\u2026 ou La vraie libert\u00e9, la vraie \u00e9galit\u00e9 et la vraie fraternit\u00e9\u2026 \u00ab\u00a0un temps des cerises\u00a0\u00bb qui ne dura malheureusement qu\u2019un printemps.<\/p>\n<p>&nbsp;<\/p>\n<h3>5 films qui ont marqu\u00e9 le parcours de Fr\u00e9d\u00e9ric Perrot :<\/h3>\n<p><em><strong>Pulp Fiction<\/strong><\/em> de Quentin Tarantino, 1999<br \/>\n<em><strong>Le c\u0153ur des hommes<\/strong><\/em> de Marc Esposito, 2003<br \/>\n<em><strong>Il \u00e9tait une fois en Am\u00e9rique<\/strong><\/em> de Sergio Leone, 1984<br \/>\n<em><strong>Le bonheur est dans le pr\u00e9<\/strong><\/em> d\u2019Etienne Chatiliez, 1995<br \/>\n<em><strong>Orange m\u00e9canique<\/strong><\/em> de Stanley Kubrick, 1972<\/p>\n<p>&nbsp;<\/p>\n<h3>5 films qui ont marqu\u00e9 le parcours de J\u00e9r\u00f4me Quaretti :<\/h3>\n<p><em><strong>Themroc<\/strong><\/em> de Claude Faraldo, 1973<br \/>\n<em><strong>Rocky<\/strong><\/em> de John G. Avildsen, 1976<br \/>\n<em><strong>Apocalypse Now<\/strong><\/em> de Francis Ford Coppola, 1979<br \/>\n<em><strong>La vie des autres<\/strong><\/em> de Florian Henckel von Donnersmarck, 2006<br \/>\n<em><strong>Un proph\u00e8te<\/strong><\/em> de Jacques Audiard, 2009<\/p>\n<p>&nbsp;<\/p>\n<p>&nbsp;<\/p>\n","protected":false},"excerpt":{"rendered":"<p>\u00ab\u00a0Nous avons cr\u00e9\u00e9 un mod\u00e8le de proximit\u00e9 entre les spectateurs et le lieu de diffusion du cin\u00e9ma.\u00a0\u00bb FR\u00c9D\u00c9RIC PERROT et J\u00c9R\u00d4ME QUARETTI, Exploitants &nbsp; &nbsp; Un duo singulier, ces personnes se sont trouv\u00e9es au bon moment de leur histoire respective avec la m\u00eame flamme pour g\u00e9rer et programmer des salles de cin\u00e9ma. Aujourd\u2019hui, ils g\u00e8rent des \u00e9tablissements \u00e0 Port Leucate (Aude), \u00e0 B\u00e9darieux (H\u00e9rault), \u00e0 Six-Fours-les-plages (Var), \u00e0 Carmaux (Tarn) et \u00e0 Langres (Haute-Marne), ils ont cr\u00e9\u00e9 un mod\u00e8le qui fonctionne, qui rassure aussi, et c\u2019est une des raisons pour lesquelles ils obtiennent des D\u00e9l\u00e9gations de Service Public. Programmer est [&hellip;]<\/p>\n","protected":false},"author":1,"featured_media":0,"parent":0,"menu_order":27,"comment_status":"closed","ping_status":"closed","template":"template-fullwidth.php","meta":{"footnotes":""},"class_list":["post-1068","page","type-page","status-publish","hentry"],"_links":{"self":[{"href":"https:\/\/www.fabricantsdefilms.occitanie-films.fr\/index.php?rest_route=\/wp\/v2\/pages\/1068","targetHints":{"allow":["GET"]}}],"collection":[{"href":"https:\/\/www.fabricantsdefilms.occitanie-films.fr\/index.php?rest_route=\/wp\/v2\/pages"}],"about":[{"href":"https:\/\/www.fabricantsdefilms.occitanie-films.fr\/index.php?rest_route=\/wp\/v2\/types\/page"}],"author":[{"embeddable":true,"href":"https:\/\/www.fabricantsdefilms.occitanie-films.fr\/index.php?rest_route=\/wp\/v2\/users\/1"}],"replies":[{"embeddable":true,"href":"https:\/\/www.fabricantsdefilms.occitanie-films.fr\/index.php?rest_route=%2Fwp%2Fv2%2Fcomments&post=1068"}],"version-history":[{"count":7,"href":"https:\/\/www.fabricantsdefilms.occitanie-films.fr\/index.php?rest_route=\/wp\/v2\/pages\/1068\/revisions"}],"predecessor-version":[{"id":1727,"href":"https:\/\/www.fabricantsdefilms.occitanie-films.fr\/index.php?rest_route=\/wp\/v2\/pages\/1068\/revisions\/1727"}],"wp:attachment":[{"href":"https:\/\/www.fabricantsdefilms.occitanie-films.fr\/index.php?rest_route=%2Fwp%2Fv2%2Fmedia&parent=1068"}],"curies":[{"name":"wp","href":"https:\/\/api.w.org\/{rel}","templated":true}]}}