{"id":1071,"date":"2014-10-20T11:10:16","date_gmt":"2014-10-20T10:10:16","guid":{"rendered":"http:\/\/www.fabricantsdefilms.occitanie-films.fr\/?page_id=1071"},"modified":"2024-03-05T17:37:35","modified_gmt":"2024-03-05T16:37:35","slug":"regisseuse-generale-2","status":"publish","type":"page","link":"https:\/\/www.fabricantsdefilms.occitanie-films.fr\/?page_id=1071","title":{"rendered":"R\u00e9gisseuse g\u00e9n\u00e9rale"},"content":{"rendered":"<h2><em><a href=\"http:\/\/www.fabricantsdefilms.occitanie-films.fr\/wp-content\/uploads\/2014\/11\/n_bizet.jpg\"><img loading=\"lazy\" decoding=\"async\" class=\"alignleft wp-image-1463 size-medium\" src=\"http:\/\/www.fabricantsdefilms.occitanie-films.fr\/wp-content\/uploads\/2014\/11\/n_bizet-430x430.jpg\" alt=\"\" width=\"430\" height=\"430\" srcset=\"https:\/\/www.fabricantsdefilms.occitanie-films.fr\/wp-content\/uploads\/2014\/11\/n_bizet-430x430.jpg 430w, https:\/\/www.fabricantsdefilms.occitanie-films.fr\/wp-content\/uploads\/2014\/11\/n_bizet-150x150.jpg 150w, https:\/\/www.fabricantsdefilms.occitanie-films.fr\/wp-content\/uploads\/2014\/11\/n_bizet-700x700.jpg 700w, https:\/\/www.fabricantsdefilms.occitanie-films.fr\/wp-content\/uploads\/2014\/11\/n_bizet-800x800.jpg 800w, https:\/\/www.fabricantsdefilms.occitanie-films.fr\/wp-content\/uploads\/2014\/11\/n_bizet-500x500.jpg 500w, https:\/\/www.fabricantsdefilms.occitanie-films.fr\/wp-content\/uploads\/2014\/11\/n_bizet.jpg 2000w\" sizes=\"auto, (max-width: 430px) 100vw, 430px\" \/><\/a>\u00ab\u00a0Mon m\u00e9tier est de coordonner et d&rsquo;adapter les besoins techniques et artistiques d&rsquo;une \u00e9quipe de cin\u00e9ma\u00a0 aux contraintes inh\u00e9rentes de chaque d\u00e9cor. \u00bb<br \/>\n<\/em><\/h2>\n<h1>B\u00c9ATRICE BIZET, <a href=\"http:\/\/www.coreps-languedoc-roussillon.pro\/tournage\/production\/regisseur-cinema-et-television.html\" target=\"_blank\" rel=\"noopener noreferrer\">R\u00e9gisseuse g\u00e9n\u00e9rale<\/a><\/h1>\n<p>&nbsp;<\/p>\n<p>&nbsp;<\/p>\n<p style=\"text-align: justify;\">Plus tard, ses amies lui ont dit\u00a0: \u00ab\u00a0quand on partait en vacances, c\u2019est toi qui r\u00e9servais les billets de train, le camping\u2026\u00a0\u00bb. L\u2019organisation du tournage d\u2019un film n\u2019\u00e9tait pas une vocation mais son temp\u00e9rament la portait d\u00e9j\u00e0 vers ces endroits o\u00f9 il faut anticiper.<br \/>\nApr\u00e8s un IUT Techniques de commercialisation en 1994 \u00e0 Paris, B\u00e9atrice Bizet travaille dans l\u2019\u00e9v\u00e9nementiel et d\u00e9couvre parall\u00e8lement le m\u00e9tier de r\u00e9gisseur en participant \u00e0 des films d\u2019\u00e9tudiants et au court m\u00e9trage<em><strong> Le Contrat<\/strong><\/em> de Jean-Claude Flamand. Elle poursuit son apprentissage avec la s\u00e9rie <em><strong>L\u2019Amour est \u00e0 r\u00e9inventer<\/strong> <\/em>en 1996 aux c\u00f4t\u00e9s de r\u00e9alisateurs comme Nils Tavernier ou Pierre Salvadori\u00a0; les films d\u2019\u00e9poque comme <em><strong>La Jeunesse des trois mousquetaires<\/strong> <\/em>de Mario Andreacchio en 1999 sont aussi pr\u00e9cieux dans sa formation.<br \/>\nEn 2002 avec le film d&rsquo;Alain Guiraudie <em><strong>Pas de repos pour les braves<\/strong><\/em>, elle d\u00e9couvre le Languedoc-Roussillon. Sous le charme des Pyr\u00e9n\u00e9es-Orientales, elle s\u2019installe \u00e0 Ille sur Tet et devient r\u00e9gisseur du th\u00e9\u00e2tre La Fabrica. Entre 2004 et 2009, du th\u00e9\u00e2tre aux tournages, elle multiplie les aventures humaines et artistiques. Elle aime s\u2019adapter et a appris le catalan et le castillan dans cette perspective.<br \/>\nContact\u00e9e par le directeur de production qui lui livre un sc\u00e9nario, l\u2019\u00e9bauche du plan de travail, une liste technique et artistique, B\u00e9atrice Bizet se documente ensuite sur le r\u00e9alisateur, regarde ses films pr\u00e9c\u00e9dents. Le premier assistant r\u00e9alisateur devient son interlocuteur privil\u00e9gi\u00e9. Quand elle entre en pr\u00e9paration, la moiti\u00e9 des d\u00e9cors sont choisis et il lui revient de trouver les autres, ce qui exige une bonne connaissance du territoire. Les d\u00e9cors valid\u00e9s, elle fait un rep\u00e9rage technique avec les chefs de poste et le r\u00e9alisateur. Souvent, son temps de pr\u00e9paration est \u00e9gal au nombre de semaines de tournage.<br \/>\nB\u00e9atrice Bizet classe son travail par d\u00e9cor. Elle g\u00e8re les demandes d\u2019autorisation, organise et n\u00e9gocie la partie logistique, fournit les \u00e9l\u00e9ments qui serviront \u00e0 l\u2019\u00e9criture de la bible*1. Pour pr\u00e9parer l\u2019arriv\u00e9e d\u2019un tournage, elle veille \u00e0 ce que la coordination soit la plus agr\u00e9able pour tous. En Languedoc-Roussillon, elle a ainsi obtenu la confiance de nombreux partenaires et mairies avec lesquels ses rapports sont privil\u00e9gi\u00e9s. Elle donne une attestation d\u2019assurance partout o\u00f9 le tournage se d\u00e9roule et fait le lien avec la Commission hygi\u00e8ne et s\u00e9curit\u00e9 pour d\u00e9clarer les risques \u00e9ventuels.<br \/>\nLa r\u00e9gisseuse g\u00e9n\u00e9rale \u0153uvre dans une amplitude horaire large\u00a0: de l\u2019ouverture des d\u00e9cors aux d\u00e9parts de toutes les \u00e9quipes. R\u00e9active dans un secteur o\u00f9 les besoins techniques sont importants et les changements de derni\u00e8res minutes fr\u00e9quents, elle trouve des issues face aux impr\u00e9vus. Elle est garante de la s\u00e9curit\u00e9 autour du plateau et assure \u00e0 chacun les meilleures conditions de travail. A la fin d\u2019un tournage, en \u00e9quipe r\u00e9duite, elle ferme les d\u00e9cors, les bureaux, remercie ceux qui ont accueilli le tournage.<br \/>\nEn amont et en aval d\u2019un projet, B\u00e9atrice Bizet rel\u00e8ve des d\u00e9fis, d\u00e9couvre de nouveaux d\u00e9cors, des secteurs d\u2019activit\u00e9s multiples et vari\u00e9s dont elle doit conna\u00eetre le fonctionnement pr\u00e9cis pour y installer ensuite l\u2019\u00e9quipe le temps d\u2019un tournage. Port\u00e9e par une belle \u00e9nergie, elle a r\u00e9cemment assur\u00e9 la r\u00e9gie g\u00e9n\u00e9rale de <em><strong>Geronimo<\/strong><\/em> de Tony Gatlif en 2013 o\u00f9 il y avait autant de d\u00e9cors que de jours de tournage ou celle de <em><strong>Orage<\/strong><\/em> de Fabrice Camoin au printemps 2014, un road movie tourn\u00e9 sur la fa\u00e7ade littorale, depuis Canet-en-Roussillon jusqu&rsquo;\u00e0 Cerb\u00e8re.<br \/>\nSon quotidien est de recr\u00e9er des morceaux de vie au fil des tournages et d\u2019appr\u00e9hender chaque projet avec beaucoup de g\u00e9n\u00e9rosit\u00e9 pour rendre l\u2019\u00e9ph\u00e9m\u00e8re \u00e0 chaque fois plus gracieux.<\/p>\n<p style=\"text-align: justify;\">En 2018, B\u00e9atrice Bizet quitte les plateaux et devient formatrice en r\u00e9gie g\u00e9n\u00e9ral aupr\u00e8s d&rsquo;adultes et d&rsquo;\u00e9l\u00e8ves post-bac.\u00a0 Elle se d\u00e9die maintenant \u00e0 la transmission des savoir-faire et savoir-\u00eatre aupr\u00e8s d&rsquo;apprenants en cin\u00e9ma et audiovisuel de tout \u00e2ge par la voie de la r\u00e9gie.<\/p>\n<p>&nbsp;<\/p>\n<p style=\"text-align: justify;\">*1 Livret qui recense toutes les informations utiles \u00e0 tous une fois que le tournage est lanc\u00e9 (fiche signal\u00e9tique du film, plans, h\u00e9bergements\u2026)<\/p>\n<h3><\/h3>\n<p>&nbsp;<\/p>\n<h3>5 dates\u00a0qui ont marqu\u00e9 le parcours de B\u00e9atrice Bizet :<\/h3>\n<p>Ann\u00e9e de naissance : <strong>1973<\/strong><br \/>\nFormation ou rencontre la plus significative : <strong>de 1994 \u00e0 1996<\/strong> &#8211; je me suis form\u00e9e sur le terrain entre en participant \u00e0 des courts-m\u00e9trages, des clips vid\u00e9os et en travaillant dans l\u2019\u00e9v\u00e9nementiel en tant que r\u00e9gisseur-coordinateur d&rsquo;artistes, de spectacles, dans le cadre de conventions, colloques&#8230; j&rsquo;ai pu faire mes heures en tant qu&rsquo;intermittente pendant plus de deux ans pour me rendre disponible et travailler b\u00e9n\u00e9volement sur des courts m\u00e9trages&#8230; et me former.<br \/>\nArriv\u00e9e en r\u00e9gion\u00a0: <strong>2003<\/strong><br \/>\nPremier film sur lequel tu as travaill\u00e9 pour le cin\u00e9ma : <strong>1996<\/strong> &#8211; La s\u00e9rie de courts-m\u00e9trages <em><strong>L&rsquo;Amour est \u00e0 r\u00e9inventer<\/strong><\/em>, avec des r\u00e9alisateurs d\u00e9j\u00e0 \u00ab\u00a0connus\u00a0\u00bb (Pierre Salvadori, Niels Tavernier, Marion Vernoux), des com\u00e9diennes \u00e0 leurs d\u00e9buts (Marion Cotillard, Natacha Regnier, Julie Gayet, B\u00e9renice B\u00e9jo&#8230;). Ce fut mes premiers films en tant que chef de poste (r\u00e9gisseur g\u00e9n\u00e9ral), r\u00e9mun\u00e9r\u00e9s comme tel,\u00a0 mes premi\u00e8res heures d&rsquo;intermittente du spectacle !<br \/>\nDate de ton choix par rapport \u00e0 un \u00e9v\u00e9nement int\u00e9ressant qui te tient \u00e0 c\u0153ur : <strong>2003<\/strong> &#8211;\u00a0 mon arriv\u00e9e dans la r\u00e9gion et \u00e0 la naissance de ma fille.<\/p>\n<p>&nbsp;<\/p>\n<h3>Films qui ont marqu\u00e9 le parcours de B\u00e9atrice Bizet :<\/h3>\n<p><em><strong>Les anges de Port-Bou<\/strong><\/em> de Vladimir L\u00e9on, tourn\u00e9\u00a0 en France\u00a0 et \u00e0 Port-Bou, 2010<br \/>\n<em><strong>Paradis perdu<\/strong><\/em> d\u2019Eve Deboise, enti\u00e8rement tourn\u00e9 en Pyr\u00e9n\u00e9es-Orientales notamment \u00e0 C\u00e9ret, 2010<br \/>\n<em><strong>L\u2019artista y su modelo<\/strong><\/em> de Fernando Trueba, tourn\u00e9 en partie \u00e0 C\u00e9ret et Perpignan, 2011<br \/>\n<em><strong>Geronimo<\/strong><\/em> de Tony Gatlif, essentiellement tourn\u00e9 en Pyr\u00e9n\u00e9es-Orientales (depuis La Palme jusqu&rsquo;\u00e0 Argeles, en passant par Perpignan&#8230;), 2013<br \/>\n<em><strong>Orage<\/strong><\/em> de Fabrice Camoin, de Canet-en-Roussillon jusqu&rsquo;\u00e0 Cerb\u00e8re,\u00a02014<\/p>\n<p>&nbsp;<\/p>\n<h3 style=\"text-align: left;\" align=\"CENTER\"><strong>Son actualit\u00e9\u00a0:<\/strong><\/h3>\n<p><em><strong>Le Convoi<\/strong><\/em> de Fr\u00e9d\u00e9ric Schoendoerffer, 2014<br \/>\n<em><strong>L&rsquo;Ami<\/strong><\/em> d&rsquo;Arnaud Louvet et Renaud Fely, tourn\u00e9 dans l\u2019Abbaye de Fontfroide dans l\u2019Aude et la Chapelle d\u2019Aumelas dans l\u2019H\u00e9rault, 2015<br \/>\n<em><strong>Le C\u0153ur r\u00e9gulier<\/strong><\/em> de Vanja d&rsquo;Alcantara, tourn\u00e9 \u00e0 S\u00e8te, 2015<br \/>\n<em><strong>Tuer un Homme<\/strong><\/em> de Isabelle Czajka, tourn\u00e9 \u00e0 Clermont l\u2019H\u00e9rault et Montpellier, 2016<\/p>\n<p>&nbsp;<\/p>\n<p>&nbsp;<\/p>\n","protected":false},"excerpt":{"rendered":"<p>\u00ab\u00a0Mon m\u00e9tier est de coordonner et d&rsquo;adapter les besoins techniques et artistiques d&rsquo;une \u00e9quipe de cin\u00e9ma\u00a0 aux contraintes inh\u00e9rentes de chaque d\u00e9cor. \u00bb B\u00c9ATRICE BIZET, R\u00e9gisseuse g\u00e9n\u00e9rale &nbsp; &nbsp; Plus tard, ses amies lui ont dit\u00a0: \u00ab\u00a0quand on partait en vacances, c\u2019est toi qui r\u00e9servais les billets de train, le camping\u2026\u00a0\u00bb. L\u2019organisation du tournage d\u2019un film n\u2019\u00e9tait pas une vocation mais son temp\u00e9rament la portait d\u00e9j\u00e0 vers ces endroits o\u00f9 il faut anticiper. Apr\u00e8s un IUT Techniques de commercialisation en 1994 \u00e0 Paris, B\u00e9atrice Bizet travaille dans l\u2019\u00e9v\u00e9nementiel et d\u00e9couvre parall\u00e8lement le m\u00e9tier de r\u00e9gisseur en participant \u00e0 des films [&hellip;]<\/p>\n","protected":false},"author":1,"featured_media":0,"parent":0,"menu_order":57,"comment_status":"closed","ping_status":"closed","template":"template-fullwidth.php","meta":{"footnotes":""},"class_list":["post-1071","page","type-page","status-publish","hentry"],"_links":{"self":[{"href":"https:\/\/www.fabricantsdefilms.occitanie-films.fr\/index.php?rest_route=\/wp\/v2\/pages\/1071","targetHints":{"allow":["GET"]}}],"collection":[{"href":"https:\/\/www.fabricantsdefilms.occitanie-films.fr\/index.php?rest_route=\/wp\/v2\/pages"}],"about":[{"href":"https:\/\/www.fabricantsdefilms.occitanie-films.fr\/index.php?rest_route=\/wp\/v2\/types\/page"}],"author":[{"embeddable":true,"href":"https:\/\/www.fabricantsdefilms.occitanie-films.fr\/index.php?rest_route=\/wp\/v2\/users\/1"}],"replies":[{"embeddable":true,"href":"https:\/\/www.fabricantsdefilms.occitanie-films.fr\/index.php?rest_route=%2Fwp%2Fv2%2Fcomments&post=1071"}],"version-history":[{"count":9,"href":"https:\/\/www.fabricantsdefilms.occitanie-films.fr\/index.php?rest_route=\/wp\/v2\/pages\/1071\/revisions"}],"predecessor-version":[{"id":3154,"href":"https:\/\/www.fabricantsdefilms.occitanie-films.fr\/index.php?rest_route=\/wp\/v2\/pages\/1071\/revisions\/3154"}],"wp:attachment":[{"href":"https:\/\/www.fabricantsdefilms.occitanie-films.fr\/index.php?rest_route=%2Fwp%2Fv2%2Fmedia&parent=1071"}],"curies":[{"name":"wp","href":"https:\/\/api.w.org\/{rel}","templated":true}]}}