{"id":1139,"date":"2014-10-20T14:32:44","date_gmt":"2014-10-20T13:32:44","guid":{"rendered":"http:\/\/www.fabricantsdefilms.occitanie-films.fr\/?page_id=1139"},"modified":"2018-10-17T12:31:42","modified_gmt":"2018-10-17T11:31:42","slug":"beatrice-bizet-agrandissement","status":"publish","type":"page","link":"https:\/\/www.fabricantsdefilms.occitanie-films.fr\/?page_id=1139","title":{"rendered":"B\u00c9ATRICE BIZET"},"content":{"rendered":"<h1 style=\"text-align: left;\"><a href=\"http:\/\/www.coreps-languedoc-roussillon.pro\/tournage\/production\/regisseur-cinema-et-television.html\" target=\"_blank\" rel=\"noopener\">R\u00e9gisseuse g\u00e9n\u00e9rale<\/a><\/h1>\n<p style=\"text-align: center;\"><a href=\"http:\/\/www.fabricantsdefilms.occitanie-films.fr\/wp-content\/uploads\/2014\/11\/n_bizet.jpg\"><img loading=\"lazy\" decoding=\"async\" class=\"alignleft wp-image-1463 size-full\" src=\"http:\/\/www.fabricantsdefilms.occitanie-films.fr\/wp-content\/uploads\/2014\/11\/n_bizet.jpg\" alt=\"\" width=\"2000\" height=\"2000\" srcset=\"https:\/\/www.fabricantsdefilms.occitanie-films.fr\/wp-content\/uploads\/2014\/11\/n_bizet.jpg 2000w, https:\/\/www.fabricantsdefilms.occitanie-films.fr\/wp-content\/uploads\/2014\/11\/n_bizet-150x150.jpg 150w, https:\/\/www.fabricantsdefilms.occitanie-films.fr\/wp-content\/uploads\/2014\/11\/n_bizet-430x430.jpg 430w, https:\/\/www.fabricantsdefilms.occitanie-films.fr\/wp-content\/uploads\/2014\/11\/n_bizet-700x700.jpg 700w, https:\/\/www.fabricantsdefilms.occitanie-films.fr\/wp-content\/uploads\/2014\/11\/n_bizet-800x800.jpg 800w, https:\/\/www.fabricantsdefilms.occitanie-films.fr\/wp-content\/uploads\/2014\/11\/n_bizet-500x500.jpg 500w\" sizes=\"auto, (max-width: 2000px) 100vw, 2000px\" \/><\/a><\/p>\n<p style=\"text-align: center;\">\n","protected":false},"excerpt":{"rendered":"<p>R\u00e9gisseuse g\u00e9n\u00e9rale<\/p>\n","protected":false},"author":1,"featured_media":0,"parent":0,"menu_order":68,"comment_status":"closed","ping_status":"closed","template":"template-fullwidth.php","meta":{"footnotes":""},"class_list":["post-1139","page","type-page","status-publish","hentry"],"_links":{"self":[{"href":"https:\/\/www.fabricantsdefilms.occitanie-films.fr\/index.php?rest_route=\/wp\/v2\/pages\/1139","targetHints":{"allow":["GET"]}}],"collection":[{"href":"https:\/\/www.fabricantsdefilms.occitanie-films.fr\/index.php?rest_route=\/wp\/v2\/pages"}],"about":[{"href":"https:\/\/www.fabricantsdefilms.occitanie-films.fr\/index.php?rest_route=\/wp\/v2\/types\/page"}],"author":[{"embeddable":true,"href":"https:\/\/www.fabricantsdefilms.occitanie-films.fr\/index.php?rest_route=\/wp\/v2\/users\/1"}],"replies":[{"embeddable":true,"href":"https:\/\/www.fabricantsdefilms.occitanie-films.fr\/index.php?rest_route=%2Fwp%2Fv2%2Fcomments&post=1139"}],"version-history":[{"count":6,"href":"https:\/\/www.fabricantsdefilms.occitanie-films.fr\/index.php?rest_route=\/wp\/v2\/pages\/1139\/revisions"}],"predecessor-version":[{"id":2568,"href":"https:\/\/www.fabricantsdefilms.occitanie-films.fr\/index.php?rest_route=\/wp\/v2\/pages\/1139\/revisions\/2568"}],"wp:attachment":[{"href":"https:\/\/www.fabricantsdefilms.occitanie-films.fr\/index.php?rest_route=%2Fwp%2Fv2%2Fmedia&parent=1139"}],"curies":[{"name":"wp","href":"https:\/\/api.w.org\/{rel}","templated":true}]}}