{"id":13781,"date":"2025-09-08T15:57:29","date_gmt":"2025-09-08T14:57:29","guid":{"rendered":"https:\/\/www.fabricantsdefilms.occitanie-films.fr\/?page_id=13781"},"modified":"2025-09-08T15:57:29","modified_gmt":"2025-09-08T14:57:29","slug":"alain-temmerman-2-4-8-2","status":"publish","type":"page","link":"https:\/\/www.fabricantsdefilms.occitanie-films.fr\/?page_id=13781","title":{"rendered":"Chef op\u00e9rateur sp\u00e9cialiste des effets sp\u00e9ciaux"},"content":{"rendered":"<figure id=\"attachment_13776\" aria-describedby=\"caption-attachment-13776\" style=\"width: 430px\" class=\"wp-caption alignleft\"><a href=\"https:\/\/www.fabricantsdefilms.occitanie-films.fr\/wp-content\/uploads\/2025\/09\/guillaume-hoenig-of-2025-liza-bibikova-8.jpg\"><img loading=\"lazy\" decoding=\"async\" class=\"wp-image-13776 size-medium\" src=\"https:\/\/www.fabricantsdefilms.occitanie-films.fr\/wp-content\/uploads\/2025\/09\/guillaume-hoenig-of-2025-liza-bibikova-8-430x645.jpg\" alt=\"\" width=\"430\" height=\"645\" srcset=\"https:\/\/www.fabricantsdefilms.occitanie-films.fr\/wp-content\/uploads\/2025\/09\/guillaume-hoenig-of-2025-liza-bibikova-8-430x645.jpg 430w, https:\/\/www.fabricantsdefilms.occitanie-films.fr\/wp-content\/uploads\/2025\/09\/guillaume-hoenig-of-2025-liza-bibikova-8-700x1050.jpg 700w, https:\/\/www.fabricantsdefilms.occitanie-films.fr\/wp-content\/uploads\/2025\/09\/guillaume-hoenig-of-2025-liza-bibikova-8-768x1152.jpg 768w, https:\/\/www.fabricantsdefilms.occitanie-films.fr\/wp-content\/uploads\/2025\/09\/guillaume-hoenig-of-2025-liza-bibikova-8-1024x1536.jpg 1024w, https:\/\/www.fabricantsdefilms.occitanie-films.fr\/wp-content\/uploads\/2025\/09\/guillaume-hoenig-of-2025-liza-bibikova-8-800x1200.jpg 800w, https:\/\/www.fabricantsdefilms.occitanie-films.fr\/wp-content\/uploads\/2025\/09\/guillaume-hoenig-of-2025-liza-bibikova-8-500x750.jpg 500w, https:\/\/www.fabricantsdefilms.occitanie-films.fr\/wp-content\/uploads\/2025\/09\/guillaume-hoenig-of-2025-liza-bibikova-8.jpg 1120w\" sizes=\"auto, (max-width: 430px) 100vw, 430px\" \/><\/a><figcaption id=\"caption-attachment-13776\" class=\"wp-caption-text\">Guillaume Hoenig, Chef op\u00e9rateur sp\u00e9cialiste des effets sp\u00e9ciaux.<br \/>Photo: Liza Bibikova \/ OF (2025)<\/figcaption><\/figure>\n<h2 style=\"text-align: justify;\"><em>\u00ab <strong>L&rsquo;animation dispose un filtre bienveillant entre un personnage se d\u00e9voilant et le spectateur.<\/strong> \u00bb<br \/>\n<\/em><\/h2>\n<h1 style=\"text-align: justify;\">GUILLAUME HOENIG, <strong>Chef op\u00e9rateur sp\u00e9cialiste des effets sp\u00e9ciaux<\/strong><\/h1>\n<p style=\"text-align: justify;\">Rendez-vous est pris dans un village des Corbi\u00e8res, au bout d\u2019une route bord\u00e9e de vignes et de platanes. Porte grande ouverte sur une rue d\u00e9serte du Far West audois, Guillaume Hoenig surgit du studio de cin\u00e9ma qu\u2019il vient d\u2019am\u00e9nager dans une ancienne cave, bel outil \u00e0 la pointe de l\u2019animation et nouvel ancrage. \u00ab\u00a0<em>Avec ce lieu, je m\u2019offre la possibilit\u00e9 de tourner en stop motion en ext\u00e9rieur, de m\u00e9langer prises de vue r\u00e9elles et prises de vue en studio<\/em>.\u00a0\u00bb<\/p>\n<p>D\u2019une adolescence au grand air alpin, \u00e0 crapahuter vers les sommets, Guillaume a gard\u00e9 l\u2019instinct du mouvement, essentiel \u00e0 son m\u00e9tier, l\u2019envie de voyager et \u00ab\u00a0<em>une mobilit\u00e9 de chasseur-cueilleur<\/em>\u00a0\u00bb qui l\u2019a conduit des bords du lac d\u2019Annecy \u00e0 la M\u00e9diterran\u00e9e. Biberonn\u00e9 au Festival du film d\u2019animation, le lyc\u00e9en fabrique, avec deux amis, ses premiers courts m\u00e9trages \u00e0 l&rsquo;AAA (Atelier de cin\u00e9ma d&rsquo;Animation d\u2019Annecy) o\u00f9, initi\u00e9s au mod\u00e9lisme, ils mettent en mouvement des figurines d\u2019argile emprunt\u00e9es \u00e0 l\u2019atelier de poterie maternel. D\u2019embl\u00e9e, Guillaume Hoenig exprime son \u00ab\u00a0<em>go\u00fbt du faire, du mat\u00e9riau et de la technique\u00a0mis au service de l\u2019histoire \u00e0 raconter<\/em>\u00a0\u00bb. C\u00f4t\u00e9 image, la fr\u00e9quentation assidue des mus\u00e9es, en famille, forme l\u2019\u0153il : \u00ab\u00a0<em>Gr\u00e2ce \u00e0 ma m\u00e8re et \u00e0 sa passion de l\u2019art, j\u2019ai compris assez t\u00f4t ce qu\u2019\u00e9tait le cadrage, comment positionner les gens<\/em> \u00bb.<\/p>\n<p>Apr\u00e8s une licence de cin\u00e9ma \u00e0 Montpellier, des stages chez Aaton (Grenoble) ou pour France 3 Bordeaux, il s\u2019installe \u00e0 Paris et fait ses armes d\u2019assistant op\u00e9rateur sur des fictions. Une croisi\u00e8re en voilier-cin\u00e9ma avec les S\u00e9tois du Cin\u00e9Garage le d\u00e9cide \u00e0 mettre cap au Sud\u00a0; il installe sa roulotte \u00e0 Toulouse o\u00f9 il rejoint, en 2006, La M\u00e9nagerie, le studio cr\u00e9\u00e9 par Marc M\u00e9nager, sa famille professionnelle. Ce sont des ann\u00e9es fondatrices, riches de projets.<\/p>\n<p>Chef op\u00e9rateur et assistant r\u00e9alisateur pour la s\u00e9rie <strong><em>Kiwi<\/em><\/strong> (2014), il organise le tournage sur 8 plateaux en simultan\u00e9. Apr\u00e8s <strong><em>Les Vieux fourneaux<\/em><\/strong> (2018), il est chef op\u00e9rateur image des films de Florence Miailhe, <strong><em>La Travers\u00e9e <\/em><\/strong>(2019) et <strong><em>Papillon<\/em><\/strong> (2024). En studio ou en d\u00e9cor naturel, \u00ab\u00a0<em>j\u2019aime, dit-il, me mettre au service des r\u00e9alisatrices et r\u00e9alisateurs et porter la singularit\u00e9 de leur univers, de leur regard \u00e0 l\u2019image. Mon exp\u00e9rience sur des films \u00e0 petits budgets m\u2019am\u00e8ne \u00e0 mettre en \u0153uvre des solutions simples et innovantes<\/em>\u00a0\u00bb.<\/p>\n<p style=\"text-align: justify;\"><span class=\"Aucun\"><span style=\"font-size: 12.0pt;\">Au <strong>Studio SFX des Corbi\u00e8res<\/strong> soigneusement organis\u00e9 et rang\u00e9, on devine la pr\u00e9cision et la minutie de Guillaume Hoenig ainsi que les travaux en cours. Marionnettes en m\u00e9tal, poulpes et crustac\u00e9s de papier attendent sagement de s\u2019animer sous ses doigts. Il vient d\u2019achever la r\u00e9alisation d\u2019un court m\u00e9trage, <strong><em>Mystery of escape<\/em><\/strong>, produit par KOVisuel. Son teaser ouvre les s\u00e9ances des vingt salles du r\u00e9seau Cin\u00e9m\u2019Aude. Cr\u00e9ateur de spectacles et intervenant p\u00e9dagogique en Occitanie et au S\u00e9n\u00e9gal, Guillaume transmet tous azimuts les diverses fa\u00e7ons de raconter une histoire et une \u00e9motion par l\u2019image anim\u00e9e.<\/span><\/span><\/p>\n<h3 style=\"text-align: justify;\"><\/h3>\n<p>&nbsp;<\/p>\n<h3 style=\"text-align: justify;\"><strong>5 dates qui ont marqu\u00e9 le parcours de Guillaume Hoenig :<\/strong><\/h3>\n<p class=\"CorpsA\" style=\"text-align: justify;\"><span class=\"Aucun\"><b><span style=\"font-size: 12.0pt;\">1978 : <\/span><\/b><\/span><span class=\"Aucun\"><span style=\"font-size: 12.0pt;\">Naissance \u00e0 Annecy.<i><br \/>\n<\/i><\/span><\/span><span class=\"Aucun\"><b><span style=\"font-size: 12.0pt;\">1997 : <\/span><\/b><\/span><span class=\"Aucun\"><span style=\"font-size: 12.0pt;\">Tournage de son premier film d&rsquo;animation en stop motion \u00e0 l&rsquo;AAA.<br \/>\n<\/span><\/span><span class=\"Aucun\"><b><span style=\"font-size: 12.0pt;\">2018 :<\/span><\/b><\/span><span class=\"Aucun\"><span style=\"font-size: 12.0pt;\"> Cr\u00e9ation du spectacle pour enfants <strong>L&rsquo;\u00e9cran magique<\/strong> : une centaine de repr\u00e9sentations dans les m\u00e9diath\u00e8ques, cin\u00e9mas et sc\u00e8nes nationales en partenariat avec La Villette (Paris).<br \/>\n<\/span><\/span><span class=\"Aucun\"><b><span style=\"font-size: 12.0pt;\">2024 : <\/span><\/b><\/span><span class=\"Aucun\"><span style=\"font-size: 12.0pt;\"><em><strong>Papillon<\/strong><\/em>, de Florence Mialhe, produit par Xbo Films (31) re\u00e7oit l\u2019Ours d\u2019Or du meilleur court m\u00e9trage d\u2019animation du festival de Berlin.<br \/>\n<\/span><\/span><span class=\"Aucun\"><b><span style=\"font-size: 12.0pt;\">2025 : <\/span><\/b><\/span><span class=\"Aucun\"><span style=\"font-size: 12.0pt;\">Cr\u00e9ation de son <em><strong>Studio SFX des Corbi\u00e8res<\/strong><\/em> \u00e0 Tournissan (Aude), ouvert aux \u00e9quipes de cin\u00e9ma et de t\u00e9l\u00e9vision. Il permet de tourner des effets sp\u00e9ciaux sous cam\u00e9ra (SFX) : prises de vues \u00e0 \u00e9chelle r\u00e9duite, au ralenti, image par image et avec des mouvements de cam\u00e9ra pilot\u00e9 par motion-control.<\/span><\/span><\/p>\n<h3 style=\"text-align: justify;\"><strong><br \/>\nFilms qui ont marqu\u00e9 le parcours de <\/strong><strong>Guillaume Hoenig <\/strong><strong>:<\/strong><\/h3>\n<p style=\"text-align: justify;\"><span class=\"Aucun\"><span style=\"font-size: 12.0pt;\"><em><strong>Les Vieux fourneaux<\/strong><\/em>, de Christophe Duthuron (2018)\u00a0: chef op\u00e9rateur de la s\u00e9quence de 3\u2019 en stop motion. \u00ab<em>\u00a0Ce film m&rsquo;a permis d&rsquo;exp\u00e9rimenter l&rsquo;int\u00e9gration d&rsquo;images en stop motion avec des images tourn\u00e9es en prise de vue r\u00e9elles\u00a0<\/em>\u00bb.<br \/>\n<strong><em>Daphn\u00e9 ou la belle plante<\/em><\/strong>, de Sylvain Derosne et S\u00e9bastien Laudenbach (2014). \u00ab<em> Un film inspirant. Il montre que le docu-anim\u00e9 permet au cin\u00e9ma de traiter de th\u00e9matiques intimes sans tomber dans le voyeurisme<\/em>. \u00bb<br \/>\n<em><strong>Firewaltz<\/strong><\/em>, de Marc M\u00e9nager (2011). \u00ab\u00a0<em>Un film g\u00e9nial, fait de bric et de broc, racontant la Grande guerre avec des instruments de musique<\/em>.\u00bb<br \/>\n<strong>Viva Cuba<\/strong>, de Juan Carlos Cremata Malberti (2005), Road-movie \u00e0 Cuba sur lequel il \u00e9tait d&rsquo;abord assistant de production\u00a0: \u00ab<em>\u00a0Mon exp\u00e9rience de tournage avec les cam\u00e9ras DV 25p nouvellement arriv\u00e9es sur le march\u00e9 et permettant un gonflage 35 mm de qualit\u00e9 me permettait de pr\u00e9parer le mat\u00e9riel image. Je serai ensuite premier assistant cam\u00e9ra sur une grande partie du film<\/em> \u00bb.<\/span><\/span><\/p>\n<p>&nbsp;<\/p>\n<p>&nbsp;<\/p>\n","protected":false},"excerpt":{"rendered":"<p>\u00ab L&rsquo;animation dispose un filtre bienveillant entre un personnage se d\u00e9voilant et le spectateur. \u00bb GUILLAUME HOENIG, Chef op\u00e9rateur sp\u00e9cialiste des effets sp\u00e9ciaux Rendez-vous est pris dans un village des Corbi\u00e8res, au bout d\u2019une route bord\u00e9e de vignes et de platanes. Porte grande ouverte sur une rue d\u00e9serte du Far West audois, Guillaume Hoenig surgit du studio de cin\u00e9ma qu\u2019il vient d\u2019am\u00e9nager dans une ancienne cave, bel outil \u00e0 la pointe de l\u2019animation et nouvel ancrage. \u00ab\u00a0Avec ce lieu, je m\u2019offre la possibilit\u00e9 de tourner en stop motion en ext\u00e9rieur, de m\u00e9langer prises de vue r\u00e9elles et prises de vue [&hellip;]<\/p>\n","protected":false},"author":1,"featured_media":0,"parent":0,"menu_order":2,"comment_status":"closed","ping_status":"closed","template":"template-fullwidth.php","meta":{"footnotes":""},"class_list":["post-13781","page","type-page","status-publish","hentry"],"_links":{"self":[{"href":"https:\/\/www.fabricantsdefilms.occitanie-films.fr\/index.php?rest_route=\/wp\/v2\/pages\/13781","targetHints":{"allow":["GET"]}}],"collection":[{"href":"https:\/\/www.fabricantsdefilms.occitanie-films.fr\/index.php?rest_route=\/wp\/v2\/pages"}],"about":[{"href":"https:\/\/www.fabricantsdefilms.occitanie-films.fr\/index.php?rest_route=\/wp\/v2\/types\/page"}],"author":[{"embeddable":true,"href":"https:\/\/www.fabricantsdefilms.occitanie-films.fr\/index.php?rest_route=\/wp\/v2\/users\/1"}],"replies":[{"embeddable":true,"href":"https:\/\/www.fabricantsdefilms.occitanie-films.fr\/index.php?rest_route=%2Fwp%2Fv2%2Fcomments&post=13781"}],"version-history":[{"count":1,"href":"https:\/\/www.fabricantsdefilms.occitanie-films.fr\/index.php?rest_route=\/wp\/v2\/pages\/13781\/revisions"}],"predecessor-version":[{"id":13782,"href":"https:\/\/www.fabricantsdefilms.occitanie-films.fr\/index.php?rest_route=\/wp\/v2\/pages\/13781\/revisions\/13782"}],"wp:attachment":[{"href":"https:\/\/www.fabricantsdefilms.occitanie-films.fr\/index.php?rest_route=%2Fwp%2Fv2%2Fmedia&parent=13781"}],"curies":[{"name":"wp","href":"https:\/\/api.w.org\/{rel}","templated":true}]}}