{"id":13785,"date":"2025-09-08T16:06:58","date_gmt":"2025-09-08T15:06:58","guid":{"rendered":"https:\/\/www.fabricantsdefilms.occitanie-films.fr\/?page_id=13785"},"modified":"2025-09-08T16:06:58","modified_gmt":"2025-09-08T15:06:58","slug":"alain-temmerman-agrandissement-2-2-3","status":"publish","type":"page","link":"https:\/\/www.fabricantsdefilms.occitanie-films.fr\/?page_id=13785","title":{"rendered":"GUILLAUME HOENIG"},"content":{"rendered":"<h1 style=\"text-align: left;\"><strong>Chef op\u00e9rateur sp\u00e9cialiste des effets sp\u00e9ciaux<\/strong><\/h1>\n<figure id=\"attachment_13776\" aria-describedby=\"caption-attachment-13776\" style=\"width: 1120px\" class=\"wp-caption alignleft\"><a href=\"https:\/\/www.fabricantsdefilms.occitanie-films.fr\/wp-content\/uploads\/2025\/09\/guillaume-hoenig-of-2025-liza-bibikova-8.jpg\"><img loading=\"lazy\" decoding=\"async\" class=\"wp-image-13776 size-full\" src=\"https:\/\/www.fabricantsdefilms.occitanie-films.fr\/wp-content\/uploads\/2025\/09\/guillaume-hoenig-of-2025-liza-bibikova-8.jpg\" alt=\"\" width=\"1120\" height=\"1680\" srcset=\"https:\/\/www.fabricantsdefilms.occitanie-films.fr\/wp-content\/uploads\/2025\/09\/guillaume-hoenig-of-2025-liza-bibikova-8.jpg 1120w, https:\/\/www.fabricantsdefilms.occitanie-films.fr\/wp-content\/uploads\/2025\/09\/guillaume-hoenig-of-2025-liza-bibikova-8-430x645.jpg 430w, https:\/\/www.fabricantsdefilms.occitanie-films.fr\/wp-content\/uploads\/2025\/09\/guillaume-hoenig-of-2025-liza-bibikova-8-700x1050.jpg 700w, https:\/\/www.fabricantsdefilms.occitanie-films.fr\/wp-content\/uploads\/2025\/09\/guillaume-hoenig-of-2025-liza-bibikova-8-768x1152.jpg 768w, https:\/\/www.fabricantsdefilms.occitanie-films.fr\/wp-content\/uploads\/2025\/09\/guillaume-hoenig-of-2025-liza-bibikova-8-1024x1536.jpg 1024w, https:\/\/www.fabricantsdefilms.occitanie-films.fr\/wp-content\/uploads\/2025\/09\/guillaume-hoenig-of-2025-liza-bibikova-8-800x1200.jpg 800w, https:\/\/www.fabricantsdefilms.occitanie-films.fr\/wp-content\/uploads\/2025\/09\/guillaume-hoenig-of-2025-liza-bibikova-8-500x750.jpg 500w\" sizes=\"auto, (max-width: 1120px) 100vw, 1120px\" \/><\/a><figcaption id=\"caption-attachment-13776\" class=\"wp-caption-text\">Guillaume Hoenig, Chef op\u00e9rateur sp\u00e9cialiste des effets sp\u00e9ciaux. 2025<br \/>Photo; Liza Bibikova \/ OF<\/figcaption><\/figure>\n<p style=\"text-align: center;\">\n<p style=\"text-align: center;\">\n","protected":false},"excerpt":{"rendered":"<p>Chef op\u00e9rateur sp\u00e9cialiste des effets sp\u00e9ciaux<\/p>\n","protected":false},"author":1,"featured_media":0,"parent":0,"menu_order":68,"comment_status":"closed","ping_status":"closed","template":"template-fullwidth.php","meta":{"footnotes":""},"class_list":["post-13785","page","type-page","status-publish","hentry"],"_links":{"self":[{"href":"https:\/\/www.fabricantsdefilms.occitanie-films.fr\/index.php?rest_route=\/wp\/v2\/pages\/13785","targetHints":{"allow":["GET"]}}],"collection":[{"href":"https:\/\/www.fabricantsdefilms.occitanie-films.fr\/index.php?rest_route=\/wp\/v2\/pages"}],"about":[{"href":"https:\/\/www.fabricantsdefilms.occitanie-films.fr\/index.php?rest_route=\/wp\/v2\/types\/page"}],"author":[{"embeddable":true,"href":"https:\/\/www.fabricantsdefilms.occitanie-films.fr\/index.php?rest_route=\/wp\/v2\/users\/1"}],"replies":[{"embeddable":true,"href":"https:\/\/www.fabricantsdefilms.occitanie-films.fr\/index.php?rest_route=%2Fwp%2Fv2%2Fcomments&post=13785"}],"version-history":[{"count":1,"href":"https:\/\/www.fabricantsdefilms.occitanie-films.fr\/index.php?rest_route=\/wp\/v2\/pages\/13785\/revisions"}],"predecessor-version":[{"id":13786,"href":"https:\/\/www.fabricantsdefilms.occitanie-films.fr\/index.php?rest_route=\/wp\/v2\/pages\/13785\/revisions\/13786"}],"wp:attachment":[{"href":"https:\/\/www.fabricantsdefilms.occitanie-films.fr\/index.php?rest_route=%2Fwp%2Fv2%2Fmedia&parent=13785"}],"curies":[{"name":"wp","href":"https:\/\/api.w.org\/{rel}","templated":true}]}}