{"id":1572,"date":"2015-04-07T15:26:59","date_gmt":"2015-04-07T14:26:59","guid":{"rendered":"http:\/\/www.fabricantsdefilms.occitanie-films.fr\/?page_id=1572"},"modified":"2024-07-09T12:35:14","modified_gmt":"2024-07-09T11:35:14","slug":"sonia-sivel-et-marion-meseguer","status":"publish","type":"page","link":"https:\/\/www.fabricantsdefilms.occitanie-films.fr\/?page_id=1572","title":{"rendered":"SONIA SIVEL et MARION MESEGUER"},"content":{"rendered":"<h2><em><a href=\"http:\/\/www.fabricantsdefilms.occitanie-films.fr\/wp-content\/uploads\/2015\/04\/costumeuses2.jpg\"><img loading=\"lazy\" decoding=\"async\" class=\"alignleft wp-image-1600 size-medium\" src=\"http:\/\/www.fabricantsdefilms.occitanie-films.fr\/wp-content\/uploads\/2015\/04\/costumeuses2-430x430.jpg\" alt=\"\" width=\"430\" height=\"430\" srcset=\"https:\/\/www.fabricantsdefilms.occitanie-films.fr\/wp-content\/uploads\/2015\/04\/costumeuses2-430x430.jpg 430w, https:\/\/www.fabricantsdefilms.occitanie-films.fr\/wp-content\/uploads\/2015\/04\/costumeuses2-150x150.jpg 150w, https:\/\/www.fabricantsdefilms.occitanie-films.fr\/wp-content\/uploads\/2015\/04\/costumeuses2-700x700.jpg 700w, https:\/\/www.fabricantsdefilms.occitanie-films.fr\/wp-content\/uploads\/2015\/04\/costumeuses2-800x800.jpg 800w, https:\/\/www.fabricantsdefilms.occitanie-films.fr\/wp-content\/uploads\/2015\/04\/costumeuses2-500x500.jpg 500w, https:\/\/www.fabricantsdefilms.occitanie-films.fr\/wp-content\/uploads\/2015\/04\/costumeuses2.jpg 2000w\" sizes=\"auto, (max-width: 430px) 100vw, 430px\" \/><\/a>\u00ab Il s\u2019agit d\u2019une histoire professionnelle et d\u2019amiti\u00e9 o\u00f9 la solidarit\u00e9 est n\u00e9cessaire pour fabriquer ce qui transforme le com\u00e9dien en personnage. \u00bb<br \/>\n<\/em><\/h2>\n<h1>SONIA SIVEL\u00a0et MARION MESEGUER, <a href=\"http:\/\/www.coreps-languedoc-roussillon.fr\/decors-costumes-maquillage\/costumier.html\" target=\"_blank\" rel=\"noopener noreferrer\">Costumi\u00e8res<\/a><\/h1>\n<p>&nbsp;<\/p>\n<p>&nbsp;<\/p>\n<p style=\"text-align: justify;\">Elles ont cr\u00e9\u00e9e leur bin\u00f4me autour de ce n\u00e9ologisme \u00ab\u00a0Costumeuses\u00a0\u00bb en 2014, au moment o\u00f9 elles d\u00e9cident que leur passion commune peut s\u2019\u00e9panouir dans une activit\u00e9 triangulaire\u00a0: la cr\u00e9ation de costumes, l\u2019habillage et la location d\u2019un stock de v\u00eatements et d\u2019accessoires.<br \/>\nDe costumi\u00e8res pour le spectacle vivant au poste d\u2019habilleuses pour le cin\u00e9ma, Sonia et Marion, toutes deux dipl\u00f4m\u00e9es des m\u00e9tiers d\u2019art, traversent des r\u00e9flexions communes quant \u00e0 leur profession. Leur passion remonte pour la premi\u00e8re \u00e0 la d\u00e9couverte des com\u00e9dies musicales am\u00e9ricaines pr\u00e8s d\u2019un grand-p\u00e8re amateur de ce genre et d\u2019une grand-m\u00e8re qui l\u2019initiait \u00e0 la couture\u00a0; pour Marion, il s\u2019agit d\u2019un int\u00e9r\u00eat pour la mode, les belles \u00e9toffes et d\u2019une professeur d\u2019Histoire de l\u2019art tr\u00e8s encourageante rencontr\u00e9e au cours de sa formation.<br \/>\nEn 2006, alors que les tournages se multiplient en r\u00e9gion Languedoc Roussillon, elles s\u2019investissent sur les plateaux de cin\u00e9ma et travaillent ensemble sur <em><strong>Antigone 34<\/strong><\/em> en 2011.<br \/>\n\u00ab\u00a0Filles du sud\u00a0\u00bb, elles sont attach\u00e9es \u00e0 ce territoire o\u00f9 il fait beau, o\u00f9 l\u2019entraide entre professionnels est r\u00e9elle. Cet amour pour la r\u00e9gion n\u2019exclut pas leur d\u00e9placement en festivals ou autres tournages hors Languedoc-Roussillon. Apr\u00e8s le tournage de la s\u00e9rie <em><strong>Lignes de vie<\/strong><\/em>\u00a0 en 2012, elles enrichissent un stock d\u00e9j\u00e0 cons\u00e9quent et engagent des travaux dans leur local \u00e0 Montpellier pour d\u00e9velopper leur activit\u00e9 de cr\u00e9ation et de location de costumes. Les copains du secteur sont l\u00e0 pour les aider \u00e0 organiser ces nouveaux espaces tr\u00e8s chaleureux et remplis de couleurs, d\u2019\u00e9tag\u00e8res o\u00f9 tout est ordonn\u00e9, class\u00e9\u2026 o\u00f9 les r\u00eaves peuvent trouver quelques r\u00e9ponses parmi des dizaines de paires de bottes et de chaussures, de piles de magasines ELLE et au milieu des penderies o\u00f9 sont accroch\u00e9s des centaines de personnages.<br \/>\nEpaul\u00e9es par un Pr\u00e9sident compr\u00e9hensif et disponible, elles se relaient dans leur atelier pour accueillir des chefs costumiers ou directeurs de production d\u00e9sireux de travailler avec des stocks en r\u00e9gion. Ainsi pour la s\u00e9rie <em><strong>Crimes et botaniques<\/strong><\/em>, elles ont engag\u00e9 une v\u00e9ritable collaboration avec le Chef costumier Eric Perron. En 2014 \u00e9galement, pour la s\u00e9rie <em><strong>Le secret d\u2019Elise<\/strong><\/em>, les \u00ab\u00a0costumeuses\u00a0\u00bb ont propos\u00e9 des pi\u00e8ces de 1969 et 1984.<br \/>\nSonia ne jette rien et reste \u00e0 l\u2019aff\u00fbt de tout ce qui pourrait se transformer et participer \u00e0 la cr\u00e9ation d\u2019un costume, d\u2019un personnage. Marion rapporte r\u00e9guli\u00e8rement des stocks de fin de tournage. \u00c0 deux, elles enrichissent continuellement leur atelier.<br \/>\nHabilleuses, elles rejoignent un projet deux semaines avant le tournage et ont souvent la responsabilit\u00e9 des figurants et des silhouettes. Lors de la pr\u00e9paration, elles organisent l\u2019identification de chaque costume en nommant les housses qui les prot\u00e8gent. Toute l\u2019\u00e9quipe doit pouvoir s\u2019y retrouver et \u00eatre r\u00e9actif lors du tournage. Proche du d\u00e9partement d\u00e9co et notamment de l\u2019accessoiriste, elles doivent anticiper la mise en place de certains objets et veiller aux raccords avec la scripte. Leur lien avec le d\u00e9partement du son est important lui aussi. Les ing\u00e9nieurs du son travaillent de fa\u00e7on h\u00e9t\u00e9rog\u00e8ne et elles s\u2019adaptent \u00e0 leurs pratiques pour placer les micros sur les com\u00e9diens, veiller \u00e0 ce qu\u2019un sautoir ne vienne pas perturber la prise de son. Proche du com\u00e9dien jusqu\u2019au dernier moment avant son entr\u00e9e sur le plateau, l\u2019habilleuse s\u2019occupe aussi de son bien-\u00eatre, tient un parapluie quand il fait chaud ou le prot\u00e8ge du froid avec une doudoune.<br \/>\nSuperstitieuses, f\u00e9tichistes, un brin espi\u00e8gles, elles s\u2019amusent \u00e0 placer dans une sc\u00e8ne un accessoire personnel ou en lien avec leur histoire. Quand le d\u00e9fit est relev\u00e9, elles se racontent leurs anecdotes et partagent leur malice. Elles sont les seules \u00e0 pouvoir lire compl\u00e8tement dans les costumes des com\u00e9diens qu\u2019elles habillent et leur fonction participe \u00e0 une aventure collective o\u00f9 le savoir-faire de chacun est essentiel.<\/p>\n<address style=\"text-align: justify;\">\u00a0<\/address>\n<address style=\"text-align: justify;\">\u00a0<\/address>\n<h3><\/h3>\n<p>&nbsp;<\/p>\n<h3>5 dates qui ont marqu\u00e9 le parcours de\u00a0Sonia Sivel :<\/h3>\n<p>Ann\u00e9e de naissance : <strong>1972<\/strong><br \/>\nFormation ou rencontre la plus significative : <strong>1996<\/strong> &#8211; DMA de costumier r\u00e9alisateur.<br \/>\nArriv\u00e9e en r\u00e9gion : <strong>1972 <\/strong>\u00ab\u00a0h\u00e9 h\u00e9 h\u00e9\u2026\u00a0\u00bb<br \/>\nPremier film sur lequel tu as travaill\u00e9 pour le cin\u00e9ma ou la t\u00e9l\u00e9vision : <strong>2009<\/strong> \u2013<em><strong> La tr\u00e8s excellente et divertissante histoire de Fran\u00e7ois Rabelais<\/strong><\/em> r\u00e9alis\u00e9 par Herv\u00e9 Basl\u00e9.<br \/>\nDate de ton choix par rapport \u00e0 un \u00e9v\u00e9nement int\u00e9ressant qui te tient \u00e0 c\u0153ur : <strong>2007<\/strong> -ann\u00e9e de ma rencontre avec Marion.<\/p>\n<p>&nbsp;<\/p>\n<h3>5 dates qui ont marqu\u00e9 le parcours de\u00a0Marion Meseguer :<\/h3>\n<p>Ann\u00e9e de naissance : <strong>1981<\/strong><br \/>\nFormation ou rencontre la plus significative : <strong>2007<\/strong> &#8211; ma rencontre avec Sonia Sivel.<br \/>\nArriv\u00e9e en r\u00e9gion : <strong>1981<\/strong> \u2013 je suis n\u00e9e ici et j&rsquo;aime y vivre !<br \/>\nPremier film sur lequel tu as travaill\u00e9 pour le cin\u00e9ma ou la t\u00e9l\u00e9vision : <strong>2002<\/strong>&#8211; <em><strong>Bon Voyage<\/strong><\/em> de Jean-Paul Rappeneau, j&rsquo;\u00e9tais stagiaire \u00e0 l&rsquo;atelier costume, une belle exp\u00e9rience.<br \/>\nDate de ton choix par rapport \u00e0 un \u00e9v\u00e9nement int\u00e9ressant qui te tient \u00e0 c\u0153ur : <strong>2014<\/strong> &#8211;\u00a0 la cr\u00e9ation officielle des \u00ab\u00a0<em>Costumeuses\u00a0<\/em>\u00bb.<\/p>\n<p>&nbsp;<\/p>\n<h3>Films qui ont marqu\u00e9 le parcours de\u00a0Sonia Sivel :<\/h3>\n<p><em><strong>Paradis perdu<\/strong><\/em> de Eve Deboise, tourn\u00e9 \u00e0 C\u00e9ret, 2010<br \/>\n<em><strong>Antigone 34<\/strong><\/em> de Roger Simons, s\u00e9rie tourn\u00e9e \u00e0 Montpellier et alentours, 2011<br \/>\n<em><strong>Le dernier coup de marteau<\/strong><\/em> de Alix Delaporte, tourn\u00e9 \u00e0 Montpellier et sur la plage de Bauduc Petite Camargue, 2013<br \/>\n<em><strong>Crimes et botanique<\/strong><\/em> de Bruno Garcia, Lorenzo Gabriele, tourn\u00e9 en Languedoc Roussillon (Montpellier, Valflaunes, Saint Martin de Londres, Saint Genies des Mourges, Saint G\u00e9ly du Fesc, Saint Cl\u00e9ment de Rivi\u00e8re, au Ch\u00e2teau de Castries\u2026), 2014<br \/>\n<em><strong>Candice Renoir<\/strong><\/em> de Solen Roy-Pagenault, Robin Barataud et Brigitte Peskine, s\u00e9rie tourn\u00e9e essentiellement \u00e0 S\u00e8te, 2015<\/p>\n<p>&nbsp;<\/p>\n<h3 style=\"text-align: left;\" align=\"CENTER\">L&rsquo;actualit\u00e9 de Sonia Sivel :<\/h3>\n<p><em><strong>Les Complices<\/strong><\/em> de C\u00e9cilia Rouaud, tourn\u00e9 en Occitanie, 2021<br \/>\n<em><strong>Les Filles du feu<\/strong><\/em> de Magaly Richard-Serrano, s\u00e9rie historique tourn\u00e9e au Pays Basque, 2022<br \/>\n<em><strong>Tandem<\/strong><\/em> de Astrid Veillon, s\u00e9rie tourn\u00e9e en Occitanie, 2023<br \/>\n<em><strong>En Cavale<\/strong><\/em> de Olivier Barma, fiction TV tourn\u00e9 en Occitanie, 2023<br \/>\n<em><strong>Winter Palace<\/strong><\/em> de Pierre Monnard, s\u00e9rie historique tourn\u00e9 en Suisse, 2024<\/p>\n<p>&nbsp;<\/p>\n<h3>Films qui ont marqu\u00e9 le parcours de Marion Meseguer :<\/h3>\n<p><em><strong>Sweet Mosquito<\/strong><\/em> de Audrey Najar et Fred Perrot, tourn\u00e9 \u00e0 Montpellier, 2011<br \/>\n<em><strong>Antigone 34<\/strong><\/em> de Roger Simons, s\u00e9rie tourn\u00e9e \u00e0 Montpellier et alentours, 2011<br \/>\n<em><strong>The last panthers<\/strong><\/em> de Johan Renck, 2014<br \/>\n<em><strong>Orage<\/strong><\/em> de Fabrice Camoin, tourn\u00e9 dans la r\u00e9gion de Banyuls-sur-mer en Pyr\u00e9n\u00e9es Oriental, 2014<br \/>\n<em><strong>Sam<\/strong><\/em> de Farid Bentoumi, 2015<\/p>\n<p>&nbsp;<\/p>\n<h3 style=\"text-align: left;\" align=\"CENTER\">L&rsquo;actualit\u00e9 de Marion Meseguer :<\/h3>\n<p><em><strong>B\u00e9b\u00e9s vol\u00e9s<\/strong><\/em> d&rsquo;Alain Berliner, tourn\u00e9 \u00e0 N\u00eemes et alentours, 2015<br \/>\n<em><strong>La Promesse du feu<\/strong><\/em> de Christian Faure, tourn\u00e9 \u00e0 Montpellier et ses environs, 2015<br \/>\n<em><strong>Good Luck Algeria<\/strong><\/em> de Farid Bentoumi, 2015<br \/>\n<strong><em>Candice Renoir<\/em><\/strong> (Saison 4) de Olivier Barma (Habilleuse), 2016<\/p>\n<p>&nbsp;<\/p>\n<p>&nbsp;<\/p>\n","protected":false},"excerpt":{"rendered":"<p>\u00ab Il s\u2019agit d\u2019une histoire professionnelle et d\u2019amiti\u00e9 o\u00f9 la solidarit\u00e9 est n\u00e9cessaire pour fabriquer ce qui transforme le com\u00e9dien en personnage. \u00bb SONIA SIVEL\u00a0et MARION MESEGUER, Costumi\u00e8res &nbsp; &nbsp; Elles ont cr\u00e9\u00e9e leur bin\u00f4me autour de ce n\u00e9ologisme \u00ab\u00a0Costumeuses\u00a0\u00bb en 2014, au moment o\u00f9 elles d\u00e9cident que leur passion commune peut s\u2019\u00e9panouir dans une activit\u00e9 triangulaire\u00a0: la cr\u00e9ation de costumes, l\u2019habillage et la location d\u2019un stock de v\u00eatements et d\u2019accessoires. De costumi\u00e8res pour le spectacle vivant au poste d\u2019habilleuses pour le cin\u00e9ma, Sonia et Marion, toutes deux dipl\u00f4m\u00e9es des m\u00e9tiers d\u2019art, traversent des r\u00e9flexions communes quant \u00e0 leur profession. [&hellip;]<\/p>\n","protected":false},"author":1,"featured_media":0,"parent":0,"menu_order":30,"comment_status":"closed","ping_status":"closed","template":"template-fullwidth.php","meta":{"footnotes":""},"class_list":["post-1572","page","type-page","status-publish","hentry"],"_links":{"self":[{"href":"https:\/\/www.fabricantsdefilms.occitanie-films.fr\/index.php?rest_route=\/wp\/v2\/pages\/1572","targetHints":{"allow":["GET"]}}],"collection":[{"href":"https:\/\/www.fabricantsdefilms.occitanie-films.fr\/index.php?rest_route=\/wp\/v2\/pages"}],"about":[{"href":"https:\/\/www.fabricantsdefilms.occitanie-films.fr\/index.php?rest_route=\/wp\/v2\/types\/page"}],"author":[{"embeddable":true,"href":"https:\/\/www.fabricantsdefilms.occitanie-films.fr\/index.php?rest_route=\/wp\/v2\/users\/1"}],"replies":[{"embeddable":true,"href":"https:\/\/www.fabricantsdefilms.occitanie-films.fr\/index.php?rest_route=%2Fwp%2Fv2%2Fcomments&post=1572"}],"version-history":[{"count":14,"href":"https:\/\/www.fabricantsdefilms.occitanie-films.fr\/index.php?rest_route=\/wp\/v2\/pages\/1572\/revisions"}],"predecessor-version":[{"id":3206,"href":"https:\/\/www.fabricantsdefilms.occitanie-films.fr\/index.php?rest_route=\/wp\/v2\/pages\/1572\/revisions\/3206"}],"wp:attachment":[{"href":"https:\/\/www.fabricantsdefilms.occitanie-films.fr\/index.php?rest_route=%2Fwp%2Fv2%2Fmedia&parent=1572"}],"curies":[{"name":"wp","href":"https:\/\/api.w.org\/{rel}","templated":true}]}}