{"id":1737,"date":"2016-05-23T11:09:38","date_gmt":"2016-05-23T10:09:38","guid":{"rendered":"http:\/\/www.fabricantsdefilms.occitanie-films.fr\/?page_id=1737"},"modified":"2025-03-31T15:07:17","modified_gmt":"2025-03-31T14:07:17","slug":"mathieu-robin","status":"publish","type":"page","link":"https:\/\/www.fabricantsdefilms.occitanie-films.fr\/?page_id=1737","title":{"rendered":"MATHIEU ROBIN"},"content":{"rendered":"<h2><em><a href=\"http:\/\/www.fabricantsdefilms.occitanie-films.fr\/wp-content\/uploads\/2016\/05\/mathieu_robin-1.jpg\"><img loading=\"lazy\" decoding=\"async\" class=\"alignleft wp-image-1765 size-medium\" src=\"http:\/\/www.fabricantsdefilms.occitanie-films.fr\/wp-content\/uploads\/2016\/05\/mathieu_robin-1-430x430.jpg\" alt=\"\" width=\"430\" height=\"430\" srcset=\"https:\/\/www.fabricantsdefilms.occitanie-films.fr\/wp-content\/uploads\/2016\/05\/mathieu_robin-1-430x430.jpg 430w, https:\/\/www.fabricantsdefilms.occitanie-films.fr\/wp-content\/uploads\/2016\/05\/mathieu_robin-1-150x150.jpg 150w, https:\/\/www.fabricantsdefilms.occitanie-films.fr\/wp-content\/uploads\/2016\/05\/mathieu_robin-1-768x768.jpg 768w, https:\/\/www.fabricantsdefilms.occitanie-films.fr\/wp-content\/uploads\/2016\/05\/mathieu_robin-1-700x700.jpg 700w, https:\/\/www.fabricantsdefilms.occitanie-films.fr\/wp-content\/uploads\/2016\/05\/mathieu_robin-1-800x800.jpg 800w, https:\/\/www.fabricantsdefilms.occitanie-films.fr\/wp-content\/uploads\/2016\/05\/mathieu_robin-1-500x500.jpg 500w, https:\/\/www.fabricantsdefilms.occitanie-films.fr\/wp-content\/uploads\/2016\/05\/mathieu_robin-1.jpg 2000w\" sizes=\"auto, (max-width: 430px) 100vw, 430px\" \/><\/a>\u00a0\u00ab Romain Gary disait que l\u2019on prend trop souvent les sc\u00e9naristes pour des \u00ab\u00a0stylos\u00a0\u00bb,<br \/>\ncomme s&rsquo;ils \u00e9taient des outils interchangeables. \u00bb<br \/>\n<\/em><\/h2>\n<h1>MATHIEU ROBIN, <a href=\"http:\/\/www.coreps-languedoc-roussillon.fr\/conception\/scenariste.html\" target=\"_blank\" rel=\"noopener\">Sc\u00e9nariste<\/a> et \u00e9crivain<\/h1>\n<p>&nbsp;<\/p>\n<p>&nbsp;<\/p>\n<p style=\"text-align: justify;\">L\u2019\u00e9crivain file la m\u00e9taphore. Originaire des terres d\u2019Auvergne, Mathieu Robin a voulu pour ce portrait une photo en pleine mer, pour dire l\u2019id\u00e9e qu\u2019on voit de loin comme un phare, le fr\u00eale esquif de l\u2019\u00e9criture pris dans la temp\u00eate des concepts qui se bousculent mais aussi, quelquefois, naviguant sur la mer calme d\u2019un roman qui avance sur ses rails, d\u2019un sc\u00e9nario bient\u00f4t pr\u00eat \u00e0 livrer, pr\u00eat \u00e0 filmer. \u00ab\u00a0Je mastique les id\u00e9es longtemps avant qu\u2019une bonne histoire me vienne\u2026 Quand elle est l\u00e0, je travaille tout le matin, en d\u00e9but d\u2019apr\u00e8s-midi. Puis je pars marcher, j\u2019\u00e9cume l\u2019Ecusson. Et je re-travaille le soir.\u00a0\u00bb<br \/>\nA 35 ans, il quitte Paris, s&rsquo;installe \u00e0 Montpellier.<\/p>\n<p>Plusieurs r\u00e9alisations de court-m\u00e9trages \u00e0 son actif, dont <em><strong>Pens\u00e9e assise<\/strong><\/em> qui apr\u00e8s des succ\u00e8s r\u00e9it\u00e9r\u00e9s en festivals a donn\u00e9 lieu \u00e0 l\u2019\u00e9dition d\u2019un livre chez Actes Sud junior, la co-\u00e9criture du film subtil d\u2019Anna Novion, <em><strong>Les grandes personnes<\/strong><\/em>, s\u00e9lectionn\u00e9 \u00e0 la Semaine de la critique \u00e0 Cannes en 2008\u2026 Et des projets en cours dans les cartons du d\u00e9m\u00e9nagement.<br \/>\nDepuis 2014, il d\u00e9couvre ici un territoire o\u00f9 porter ses r\u00e9cits \u00e0 l\u2019\u00e9cran : tout l\u2019inspire, des C\u00e9vennes \u00e0 la M\u00e9diterran\u00e9e, des ruelles montpelli\u00e9raines au brise-lames de S\u00e8te.<br \/>\nL\u2019\u00e9criture, il y vient pour le plaisir des histoires, le plaisir de s\u2019en faire conter. Par sa grand-m\u00e8re tout d\u2019abord, puis par Romain Gary, Sidney Lumet ou Franck Capra. Quand il d\u00e9crit l\u2019ambiance du foyer rural de son enfance, on se retrouve dans <em><strong>Cin\u00e9ma Paradiso<\/strong><\/em>. C\u2019est son p\u00e8re qui change les bobines derri\u00e8re le projecteur en fond de salle.<\/p>\n<p>\u00ab\u00a0Peu importe l\u2019\u00e9poque, l\u2019ambiance, le climat ou les modes, ce qui compte c\u2019est que les histoires soient belles\u00a0\u00bb. Pour lui, ce qui est beau est ce qui f\u00e9d\u00e8re, rel\u00e8ve de l\u2019utopie, de la dignit\u00e9 des luttes o\u00f9, m\u00eame si l\u2019on perd, on gagne en humanit\u00e9. Il parle des com\u00e9dies anglaises, cite pour appuyer son propos le succ\u00e8s inattendu d\u2019un <em><strong>Billy Eliott<\/strong><\/em>.<br \/>\nAu cin\u00e9ma, cette histoire se joue \u00e0 plusieurs. Il le d\u00e9couvre au lyc\u00e9e, une option Cin\u00e9ma et Audiovisuel prise presque par hasard. Le premier choc, c\u2019est <em><strong>Citizen Kane<\/strong><\/em>, le deuxi\u00e8me, Tati. Mathieu Robin avoue qu\u2019il faut qu\u2019il soit \u00ab\u00a0attendu\u00a0\u00bb pour \u00e9crire. Dans l&rsquo;\u00e9laboration de sc\u00e9narios \u00e0 plusieurs mains, comme pour <em><strong>Les grandes personnes<\/strong><\/em> d\u2019Anna Novion avec Jean-Pierre Darroussin, Judith Henry et Ana\u00efs Demoustier, \u00ab\u00a0quand les id\u00e9es advenaient, je jubilais de voir l\u2019enthousiasme sur le visage des autres\u00a0\u00bb.<br \/>\nS\u2019il n\u2019avait pas eu un contrat avec Actes Sud, il pense qu\u2019il n\u2019aurait pas \u00e9crit <em><strong>Ses griffes et ses crocs<\/strong><\/em>, l\u2019histoire d\u2019un jeune gar\u00e7on en prise avec des troubles obsessionnels compulsifs, qui lui permet de traiter une de ses th\u00e9matiques essentielles\u00a0: l\u2019\u00e9mancipation.<\/p>\n<p>Etonnant pour un \u00e9crivain, ce fils d\u2019instituteur souffre de dysorthographie. Mais ce \u00ab\u00a0trouble de l\u2019acquisition de l\u2019expression \u00e9crite\u00a0\u00bb est un \u00ab\u00a0handicap\u00a0\u00bb tout compte fait fertile pour lui : l\u2019homme est tenace. C\u2019est son mot. T\u00e9nacit\u00e9, pers\u00e9v\u00e9rance. Mathieu Robin dit de lui qu\u2019il est un \u00ab\u00a0glaneur\u00a0\u00bb. Ses r\u00e9cits se nourrissent de la lecture de journaux, de recherches pr\u00e9cises pour d\u00e9crire au plus pr\u00e8s des r\u00e9alit\u00e9s un d\u00e9cor, une ambiance, un ressenti. Avoir plusieurs cordes \u00e0 son arc est un plus ind\u00e9niable. Il en livre trois : sc\u00e9nariste, \u00e9crivain, metteur en sc\u00e8ne. Et regrette de ne pas \u00eatre monteur : \u00ab\u00a0Un bon monteur est un tr\u00e8s bon script-doctor pour une histoire.\u00a0\u00bb Il anime des ateliers d\u2019\u00e9criture de sc\u00e9nario, enseigne des r\u00e8gles qui ne sont simples qu\u2019en apparence et donne ce conseil \u00e0 qui voudrait entrer dans le m\u00e9tier : \u00ab\u00a0C&rsquo;est difficile, les portes s\u2019ouvrent et c\u2019est magique mais elles peuvent aussi se refermer tr\u00e8s vite. Pour un ou deux sc\u00e9narios r\u00e9alis\u00e9s, combien sont rest\u00e9s dans le cercueil du tiroir\u2026 Mais il faut s\u2019obstiner.\u00a0\u00bb .<\/p>\n<address style=\"text-align: justify;\">\u00a0<\/address>\n<address style=\"text-align: justify;\">\u00a0<\/address>\n<h3><\/h3>\n<h3>5 dates qui ont marqu\u00e9 le parcours de Mathieu Robin :<\/h3>\n<p>Ann\u00e9e de naissance : <strong>1978<\/strong><br \/>\nFormation : <strong>1994<\/strong> &#8211; D\u00e9couverte du cin\u00e9ma en classe A3 au lyc\u00e9e Mme de Sta\u00ebl \u00e0 Montlu\u00e7on.<br \/>\nPremier film : <strong>2000<\/strong> &#8211; R\u00e9alisation de son premier court-m\u00e9trage, <em><strong>Temp\u00eates en ab\u00eeme<\/strong><\/em>, en 35mm.<br \/>\nDate d\u2019un \u00e9v\u00e9nement particulier : <strong>2008<\/strong> &#8211; S\u00e9lection du long-m\u00e9trage <em><strong>Les grandes personnes<\/strong><\/em> d\u2019Anna Novion \u00e0 la Semaine de la critique \u00e0 Cannes.<br \/>\nArriv\u00e9e en r\u00e9gion : <strong>2014<\/strong> &#8211; Installation \u00e0 Montpellier, \u00e9criture de son deuxi\u00e8me roman \u00ab<em><strong>\u00a0Ses griffes et ses crocs<\/strong><\/em>\u00a0\u00bb.<\/p>\n<p>&nbsp;<\/p>\n<h3>5 films qui ont marqu\u00e9 le parcours de Mathieu Robin :<\/h3>\n<p><em><strong>Temp\u00eates en ab\u00eeme<\/strong><\/em>, sc\u00e9nariste et r\u00e9alisateur, 2000, A2L Production.<br \/>\n<em><strong>Fleur bleue<\/strong><\/em>, sc\u00e9nariste et r\u00e9alisateur, 2002, Live Dreams.<br \/>\n<em><strong>Pens\u00e9e assise<\/strong><\/em>, sc\u00e9nariste et r\u00e9alisateur, 2002, Les films du cygne.<br \/>\n<em><strong>Ars longa<\/strong><\/em>, r\u00e9alisateur, 2004, Labo\u00eete Production.<br \/>\n<em><strong>Les grandes personnes<\/strong><\/em>, sc\u00e9nariste, 2008, Moteur S\u2019il Vous Plait.<\/p>\n<h3>Son actualit\u00e9 :<\/h3>\n<p><em><strong>Le th\u00e9or\u00e8me de Marguerite<\/strong><\/em> de Anna Novion, 2023<br \/>\n<em><strong>Chanteurs d&rsquo;oiseaux<\/strong> <\/em>de Jean-Boucault et Johnny Rassy, 2024<\/p>\n<p>&nbsp;<\/p>\n","protected":false},"excerpt":{"rendered":"<p>\u00a0\u00ab Romain Gary disait que l\u2019on prend trop souvent les sc\u00e9naristes pour des \u00ab\u00a0stylos\u00a0\u00bb, comme s&rsquo;ils \u00e9taient des outils interchangeables. \u00bb MATHIEU ROBIN, Sc\u00e9nariste et \u00e9crivain &nbsp; &nbsp; L\u2019\u00e9crivain file la m\u00e9taphore. Originaire des terres d\u2019Auvergne, Mathieu Robin a voulu pour ce portrait une photo en pleine mer, pour dire l\u2019id\u00e9e qu\u2019on voit de loin comme un phare, le fr\u00eale esquif de l\u2019\u00e9criture pris dans la temp\u00eate des concepts qui se bousculent mais aussi, quelquefois, naviguant sur la mer calme d\u2019un roman qui avance sur ses rails, d\u2019un sc\u00e9nario bient\u00f4t pr\u00eat \u00e0 livrer, pr\u00eat \u00e0 filmer. \u00ab\u00a0Je mastique les id\u00e9es [&hellip;]<\/p>\n","protected":false},"author":1,"featured_media":0,"parent":0,"menu_order":2,"comment_status":"closed","ping_status":"closed","template":"template-fullwidth.php","meta":{"footnotes":""},"class_list":["post-1737","page","type-page","status-publish","hentry"],"_links":{"self":[{"href":"https:\/\/www.fabricantsdefilms.occitanie-films.fr\/index.php?rest_route=\/wp\/v2\/pages\/1737","targetHints":{"allow":["GET"]}}],"collection":[{"href":"https:\/\/www.fabricantsdefilms.occitanie-films.fr\/index.php?rest_route=\/wp\/v2\/pages"}],"about":[{"href":"https:\/\/www.fabricantsdefilms.occitanie-films.fr\/index.php?rest_route=\/wp\/v2\/types\/page"}],"author":[{"embeddable":true,"href":"https:\/\/www.fabricantsdefilms.occitanie-films.fr\/index.php?rest_route=\/wp\/v2\/users\/1"}],"replies":[{"embeddable":true,"href":"https:\/\/www.fabricantsdefilms.occitanie-films.fr\/index.php?rest_route=%2Fwp%2Fv2%2Fcomments&post=1737"}],"version-history":[{"count":9,"href":"https:\/\/www.fabricantsdefilms.occitanie-films.fr\/index.php?rest_route=\/wp\/v2\/pages\/1737\/revisions"}],"predecessor-version":[{"id":13737,"href":"https:\/\/www.fabricantsdefilms.occitanie-films.fr\/index.php?rest_route=\/wp\/v2\/pages\/1737\/revisions\/13737"}],"wp:attachment":[{"href":"https:\/\/www.fabricantsdefilms.occitanie-films.fr\/index.php?rest_route=%2Fwp%2Fv2%2Fmedia&parent=1737"}],"curies":[{"name":"wp","href":"https:\/\/api.w.org\/{rel}","templated":true}]}}