{"id":1792,"date":"2016-06-22T09:57:13","date_gmt":"2016-06-22T08:57:13","guid":{"rendered":"http:\/\/www.fabricantsdefilms.occitanie-films.fr\/?page_id=1792"},"modified":"2016-08-16T10:42:22","modified_gmt":"2016-08-16T09:42:22","slug":"fauconnier","status":"publish","type":"page","link":"https:\/\/www.fabricantsdefilms.occitanie-films.fr\/?page_id=1792","title":{"rendered":"Fauconnier"},"content":{"rendered":"<h2><em><a href=\"http:\/\/www.fabricantsdefilms.occitanie-films.fr\/wp-content\/uploads\/2016\/06\/rignaudsw.jpg\"><img loading=\"lazy\" decoding=\"async\" class=\"alignleft wp-image-1780 size-medium\" src=\"http:\/\/www.fabricantsdefilms.occitanie-films.fr\/wp-content\/uploads\/2016\/06\/rignaudsw-430x430.jpg\" alt=\"\" width=\"430\" height=\"430\" srcset=\"https:\/\/www.fabricantsdefilms.occitanie-films.fr\/wp-content\/uploads\/2016\/06\/rignaudsw-430x430.jpg 430w, https:\/\/www.fabricantsdefilms.occitanie-films.fr\/wp-content\/uploads\/2016\/06\/rignaudsw-150x150.jpg 150w, https:\/\/www.fabricantsdefilms.occitanie-films.fr\/wp-content\/uploads\/2016\/06\/rignaudsw-768x768.jpg 768w, https:\/\/www.fabricantsdefilms.occitanie-films.fr\/wp-content\/uploads\/2016\/06\/rignaudsw-700x700.jpg 700w, https:\/\/www.fabricantsdefilms.occitanie-films.fr\/wp-content\/uploads\/2016\/06\/rignaudsw-800x800.jpg 800w, https:\/\/www.fabricantsdefilms.occitanie-films.fr\/wp-content\/uploads\/2016\/06\/rignaudsw-500x500.jpg 500w, https:\/\/www.fabricantsdefilms.occitanie-films.fr\/wp-content\/uploads\/2016\/06\/rignaudsw-2048x2048.jpg 2048w\" sizes=\"auto, (max-width: 430px) 100vw, 430px\" \/><\/a>\u00a0\u00ab\u00a0J\u2019aime travailler avec le cin\u00e9ma, mais pas avec n\u2019importe qui, il faut un grand respect de la nature pour aborder les rapaces. \u00bb<br \/>\n<\/em><\/h2>\n<h1>PHILIPPE RIGNAULT, Fauconnier<\/h1>\n<p>&nbsp;<\/p>\n<p>&nbsp;<\/p>\n<p>De Paris o\u00f9 il travaillait dans la d\u00e9coration \u00e0 la Sologne o\u00f9 il se ressour\u00e7ait tous les week-ends, Philippe Rignault a toujours \u00e9t\u00e9 attir\u00e9 par les oiseaux.<\/p>\n<p>En 2000, il change de vie professionnelle et rejoint \u00ab\u00a0Les Aigles de Beaucaire\u00a0\u00bb dans le Gard. Il apprend le m\u00e9tier de fauconnier aux c\u00f4t\u00e9s de Laurent Moreau dont il gardera en souvenir \u00ab\u00a0Momo\u00a0\u00bb, le nom donn\u00e9 au hibou Grand Duc qu\u2019il a adopt\u00e9. En 2007, il est responsable de cent trente rapaces lorsque le site ferme. Il cr\u00e9e alors son entreprise \u00ab\u00a0Les ailes du Larzac\u00a0\u00bb. Il m\u00e8ne des effarouchements<em>*1<\/em> \u00e0 Bagnols-sur-C\u00e8ze dans le Gard et obtient les autorisations n\u00e9cessaires au d\u00e9veloppement de son activit\u00e9. Les rapaces sont consid\u00e9r\u00e9s comme des animaux sauvages au m\u00eame titre que les tigres et l\u2019effarouchement est encadr\u00e9 comme un acte de chasse. Ce secteur r\u00e9glement\u00e9 est inspir\u00e9 d\u2019un art tr\u00e8s ancien qui fait appel aux oiseaux de proie affait\u00e9s<em>*2<\/em>.<\/p>\n<p>Pour adopter un oiseau, le choix de l\u2019\u00e9leveur est important. Momo et Apache, la buse de Harris, viennent du Puy du fou et ont \u00e9t\u00e9 adopt\u00e9s \u00e0 trois mois. Philippe Rignault se substitue \u00e0 la m\u00e8re en les nourrissant et leur apprend \u00e0 manger dans un gant. Tous les trois mois il soigne leurs serres, tous les jours il les p\u00e8se pour conna\u00eetre leur poids de vol. Chaque oiseau a sa propre voli\u00e8re et sa bo\u00eete de portage dans le camion agr\u00e9\u00e9 au transport d\u2019animaux sauvages. Les oiseaux vivent en moyenne quinze ans et l\u2019hiver, ils ne sont pas prot\u00e9g\u00e9s afin de ne pas \u00eatre fragilis\u00e9s.<\/p>\n<p>Avec les rapaces, le rapport de force est impossible et c\u2019est la raison pour laquelle le terme de \u00ab\u00a0dressage\u00a0\u00bb est banni. Pour chaque esp\u00e8ce son travail est diff\u00e9rent. Comme de nombreux naturalistes, Philippe Rignault ne s\u2019aventure pas \u00e0 raconter les techniques de son m\u00e9tier.<\/p>\n<p>En 2009, alors qu\u2019il exerce ses activit\u00e9s p\u00e9dagogiques et \u00e9cologiques dans le Larzac, il rencontre le directeur de la photographie Laurent Charbonnier qui travaille sur le tournage de <em><strong>La cl\u00e9 des champs<\/strong><\/em>. Pour la premi\u00e8re fois, Momo est port\u00e9 au grand \u00e9cran. Dans la m\u00eame ann\u00e9e, l\u2019aventure cin\u00e9matographique se poursuit avec le r\u00e9alisateur Sylv\u00e8re Petit, en pr\u00e9paration de son court m\u00e9trage <em><strong>Les Ventileuses<\/strong><\/em>. Le respect de l\u2019animal chez ce r\u00e9alisateur qui \u0153uvre aux fronti\u00e8res du cin\u00e9ma animalier et de fiction est un engagement \u00e9thique auquel il adh\u00e8re pleinement.<\/p>\n<p>Philippe Rignault n\u2019am\u00e8nera jamais ses oiseaux dans un espace dangereux. Avant d\u2019accepter un tournage, il s\u2019inqui\u00e8te des lieux envisag\u00e9s et refusera une s\u00e9quence sous des lignes \u00e0 haute tension par exemple. Sur un plateau de cin\u00e9ma, les oiseaux sont consid\u00e9r\u00e9s comme des acteurs qu\u2019il ne faut pas d\u00e9concentrer et dont on ne ma\u00eetrise pas les r\u00e9actions. L\u2019\u00e9quipe de tournage doit pouvoir s\u2019adapter. Le r\u00f4le du fauconnier est d\u2019anticiper au mieux les mouvements de l\u2019oiseau et de r\u00e9unir les meilleures conditions de leurs r\u00e9alisations en fonction de l\u2019environnement. Faire un film qui abordera la nature par la pr\u00e9sence d\u2019un animal \u00e0 l\u2019image, c\u2019est accepter de composer avec les \u00e9l\u00e9ments.<\/p>\n<p>L\u2019activit\u00e9 de Philippe Rignault est essentiellement dirig\u00e9e vers des rencontres p\u00e9dagogiques. Il se d\u00e9finit avant tout comme un observateur de la faune sauvage au m\u00eame titre qu\u2019un ornithologue. La d\u00e9monstration n\u2019est pas un spectacle mais une invitation \u00e0 d\u00e9couvrir. Sans entrer dans des consid\u00e9rations \u00e9thologiques ou \u00e9sot\u00e9riques, l\u2019homme constate que les rapaces ont des ressentis que nous ne voyons pas. L\u2019\u0153il humain, fascin\u00e9 par la sagesse de ces oiseaux majestueux, passerait des heures \u00e0 les regarder. Le spectateur les admire sur le grand \u00e9cran o\u00f9 ils portent une \u00e9l\u00e9gance rare dont seul le fauconnier a la clef .<\/p>\n<p><em>*1 Technique de fauconnerie qui consiste \u00e0 faire peur aux esp\u00e8ces ind\u00e9sirables pour limiter la prolif\u00e9ration des nuisibles.<\/em><br \/>\n<em>*2 Terme de fauconnerie qui d\u00e9signe un savoir-faire pour apprivoiser un oiseau de proie.<\/em><\/p>\n<address style=\"text-align: justify;\">\u00a0<\/address>\n<address style=\"text-align: justify;\">\u00a0<\/address>\n<h3><\/h3>\n<h3>5 dates qui ont marqu\u00e9 le parcours de Philippe Rignault :<\/h3>\n<p>Ann\u00e9e de naissance : <strong>1959<\/strong><br \/>\nFormation ou rencontre la plus significative : <strong>2000<\/strong> &#8211; rencontre avec Laurent Moreau, fauconnier.<br \/>\nPremier film sur lequel tu as travaill\u00e9 pour le cin\u00e9ma : <strong>2008<\/strong>, <em><strong>La cl\u00e9 des champs<\/strong><\/em> de Claude Nuridsany et Marie P\u00e9rennou.<br \/>\nDate de ton choix par rapport \u00e0 un \u00e9v\u00e9nement int\u00e9ressant qui te tient \u00e0 c\u0153ur : <strong>2008<\/strong>, tournage du court m\u00e9trage <em><strong>Les Ventileuses<\/strong><\/em> de Sylv\u00e8re Petit.<\/p>\n<p>&nbsp;<\/p>\n<h3>5 films qui ont marqu\u00e9 le parcours de Philippe Rignault :<\/h3>\n<p><em><strong>Les Assoiff\u00e9s<\/strong><\/em> de Sylv\u00e8re Petit,\u00a0 tourn\u00e9 en 2013 \u00e0 B\u00e9ziers.<br \/>\n<em><strong>Les Ventileuses<\/strong><\/em> de Sylv\u00e8re Petit, tourn\u00e9 en 2008 \u00e0 Saint Pierre-de-la-Fage.<br \/>\n<em><strong>Oc\u00e9ans<\/strong><\/em> de Jacques Perrin, 2009.<br \/>\n<em><strong>Les animaux amoureux<\/strong><\/em> de Laurent Charbonnier, 2008.<br \/>\n<em><strong>Le peuple migrateur<\/strong><\/em> de Jacques Perrin, 2001.<\/p>\n<p>&nbsp;<\/p>\n<p>&nbsp;<\/p>\n","protected":false},"excerpt":{"rendered":"<p>\u00a0\u00ab\u00a0J\u2019aime travailler avec le cin\u00e9ma, mais pas avec n\u2019importe qui, il faut un grand respect de la nature pour aborder les rapaces. \u00bb PHILIPPE RIGNAULT, Fauconnier &nbsp; &nbsp; De Paris o\u00f9 il travaillait dans la d\u00e9coration \u00e0 la Sologne o\u00f9 il se ressour\u00e7ait tous les week-ends, Philippe Rignault a toujours \u00e9t\u00e9 attir\u00e9 par les oiseaux. En 2000, il change de vie professionnelle et rejoint \u00ab\u00a0Les Aigles de Beaucaire\u00a0\u00bb dans le Gard. Il apprend le m\u00e9tier de fauconnier aux c\u00f4t\u00e9s de Laurent Moreau dont il gardera en souvenir \u00ab\u00a0Momo\u00a0\u00bb, le nom donn\u00e9 au hibou Grand Duc qu\u2019il a adopt\u00e9. En 2007, [&hellip;]<\/p>\n","protected":false},"author":1,"featured_media":0,"parent":0,"menu_order":2,"comment_status":"closed","ping_status":"closed","template":"template-fullwidth.php","meta":{"footnotes":""},"class_list":["post-1792","page","type-page","status-publish","hentry"],"_links":{"self":[{"href":"https:\/\/www.fabricantsdefilms.occitanie-films.fr\/index.php?rest_route=\/wp\/v2\/pages\/1792","targetHints":{"allow":["GET"]}}],"collection":[{"href":"https:\/\/www.fabricantsdefilms.occitanie-films.fr\/index.php?rest_route=\/wp\/v2\/pages"}],"about":[{"href":"https:\/\/www.fabricantsdefilms.occitanie-films.fr\/index.php?rest_route=\/wp\/v2\/types\/page"}],"author":[{"embeddable":true,"href":"https:\/\/www.fabricantsdefilms.occitanie-films.fr\/index.php?rest_route=\/wp\/v2\/users\/1"}],"replies":[{"embeddable":true,"href":"https:\/\/www.fabricantsdefilms.occitanie-films.fr\/index.php?rest_route=%2Fwp%2Fv2%2Fcomments&post=1792"}],"version-history":[{"count":2,"href":"https:\/\/www.fabricantsdefilms.occitanie-films.fr\/index.php?rest_route=\/wp\/v2\/pages\/1792\/revisions"}],"predecessor-version":[{"id":1806,"href":"https:\/\/www.fabricantsdefilms.occitanie-films.fr\/index.php?rest_route=\/wp\/v2\/pages\/1792\/revisions\/1806"}],"wp:attachment":[{"href":"https:\/\/www.fabricantsdefilms.occitanie-films.fr\/index.php?rest_route=%2Fwp%2Fv2%2Fmedia&parent=1792"}],"curies":[{"name":"wp","href":"https:\/\/api.w.org\/{rel}","templated":true}]}}