{"id":2314,"date":"2017-12-11T14:34:42","date_gmt":"2017-12-11T13:34:42","guid":{"rendered":"http:\/\/www.fabricantsdefilms.occitanie-films.fr\/?page_id=2314"},"modified":"2025-03-31T15:24:06","modified_gmt":"2025-03-31T14:24:06","slug":"responsable-de-projets-transmedia","status":"publish","type":"page","link":"https:\/\/www.fabricantsdefilms.occitanie-films.fr\/?page_id=2314","title":{"rendered":"Directrice des productions"},"content":{"rendered":"<h2><em><a href=\"http:\/\/www.fabricantsdefilms.occitanie-films.fr\/wp-content\/uploads\/2018\/05\/cartaillac2.jpg\"><img loading=\"lazy\" decoding=\"async\" class=\"alignleft wp-image-2385 size-medium\" src=\"http:\/\/www.fabricantsdefilms.occitanie-films.fr\/wp-content\/uploads\/2018\/05\/cartaillac2-430x430.jpg\" alt=\"\" width=\"430\" height=\"430\" srcset=\"https:\/\/www.fabricantsdefilms.occitanie-films.fr\/wp-content\/uploads\/2018\/05\/cartaillac2-430x430.jpg 430w, https:\/\/www.fabricantsdefilms.occitanie-films.fr\/wp-content\/uploads\/2018\/05\/cartaillac2-150x150.jpg 150w, https:\/\/www.fabricantsdefilms.occitanie-films.fr\/wp-content\/uploads\/2018\/05\/cartaillac2-768x768.jpg 768w, https:\/\/www.fabricantsdefilms.occitanie-films.fr\/wp-content\/uploads\/2018\/05\/cartaillac2-700x700.jpg 700w, https:\/\/www.fabricantsdefilms.occitanie-films.fr\/wp-content\/uploads\/2018\/05\/cartaillac2-800x800.jpg 800w, https:\/\/www.fabricantsdefilms.occitanie-films.fr\/wp-content\/uploads\/2018\/05\/cartaillac2-500x500.jpg 500w, https:\/\/www.fabricantsdefilms.occitanie-films.fr\/wp-content\/uploads\/2018\/05\/cartaillac2.jpg 2000w\" sizes=\"auto, (max-width: 430px) 100vw, 430px\" \/><\/a>\u00a0\u00ab Construire diff\u00e9remment des \u0153uvres, mais toujours au service d\u2019une histoire. \u00bb<br \/>\n<\/em><\/h2>\n<h1>CORINNE CARTAILLAC, Directrice des productions<\/h1>\n<p>&nbsp;<\/p>\n<p>&nbsp;<\/p>\n<p style=\"text-align: justify;\">Quand on entre dans les locaux de <em>Pages et Images<\/em>, si le plancher ne craque pas, c\u2019est tout comme. Cet appartement ancien du quartier de la Com\u00e9die \u00e0 Montpellier, reconverti en maison de production de films, fleure bon l\u2019effervescence et le temps pass\u00e9. C\u2019est ici que Corinne Cartaillac veille sur les innovations : elle y pilote les projets transm\u00e9dia.<br \/>\nCette notion de veille est importante : \u00ab\u00a0<em>Dans ce domaine, l\u2019\u00e9volution est permanente. Quand j\u2019ai commenc\u00e9, on appelait cela le multim\u00e9dia, on \u00e9laborait des CD-Rom. Le d\u00e9bit internet ne permettait pas alors tout ce que l\u2019on peut d\u00e9velopper aujourd\u2019hui<\/em>\u00a0\u00bb sourit Corinne Cartaillac. Enfant, en Aveyron, elle aimait d\u00e9j\u00e0 les mots, les collages et les surr\u00e9alistes. Elle se souvient d\u2019un livre, <strong><em>La petite fabrique de litt\u00e9rature<\/em><\/strong>, qui lui a ouvert bien des voies sur les formes de narration. Centre d\u2019int\u00e9r\u00eat qu\u2019elle partage avec l\u2019auteur Fran\u00e7ois Bon avec qui elle a travaill\u00e9 sur le webdoc <em><strong>Chant Acier<\/strong><\/em> et avec qui elle met en chantier un projet transm\u00e9dia autour de l\u2019\u00e9crivain Lovecraft.<\/p>\n<p style=\"text-align: justify;\">Transm\u00e9dia, qu\u2019est-ce \u00e0 dire ? \u00ab\u00a0<em>Le champ des possibles est large et c\u2019est exactement ce qui me pla\u00eet : on fait bouger les fronti\u00e8res entre le documentaire, la fiction, l\u2019installation, on diversifie les formats en fonction des \u00e9volutions technologiques, \u00e0 la crois\u00e9e des chemins entre les r\u00e9cits, les formes de narration et leurs mises en images<\/em>.\u00a0\u00bb<br \/>\nElle explique en prenant l\u2019exemple du projet en cours autour de l\u2019\u00e9crivain Lovecraft. Il sera construit en triptyque : un film sur la vie de l\u2019auteur en r\u00e9alit\u00e9 virtuelle ; une s\u00e9rie de fictions courtes, adaptations cin\u00e9matographiques de ses nouvelles ; une exp\u00e9rience interactive, toujours en r\u00e9alit\u00e9 virtuelle, con\u00e7ue comme une immersion po\u00e9tique et sensorielle dans un r\u00eave de Lovecraft. \u00ab\u00a0<em>On part toujours d\u2019un sujet, d\u2019une histoire. On exploite le potentiel de chaque media pour op\u00e9rer une compl\u00e9mentarit\u00e9 sur le traitement du sujet. Mais l\u2019humain reste au c\u0153ur de l\u2019exp\u00e9rience, et le spectateur est invit\u00e9 \u00e0 voyager librement dans ces diff\u00e9rents niveaux de perception<\/em>. \u00bb<\/p>\n<p style=\"text-align: justify;\">Cette hybridation des formes a permis \u00e0 Corinne de lier son d\u00e9sir de cin\u00e9ma \u00e0 son go\u00fbt pour les livres. \u00ab\u00a0<em>J\u2019ai toujours \u00e9t\u00e9 attir\u00e9e par des films \u00e0 l\u2019\u00e9criture originale, je pense \u00e0 <strong>Dogville<\/strong>, ou aux films de Gondry, de Lynch\u2026 Au th\u00e9\u00e2tre, j\u2019ai aim\u00e9 les formes qui adoptent le visuel dans la mise en sc\u00e8ne. On peut avoir une impression de d\u00e9construction, alors qu\u2019il s\u2019agit juste de construire diff\u00e9remment.<\/em>\u00a0\u00bb Une pratique qu\u2019elle a d\u00e9but\u00e9 dans les ann\u00e9es 90 en suivant un cursus en cin\u00e9ma et conception interactive \u00e0 l\u2019Universit\u00e9 Paul-Val\u00e9ry et en partant au Qu\u00e9bec, alors pr\u00e9curseur dans ces nouvelles formes, pour y terminer son m\u00e9moire sur \u00ab\u00a0<em>l\u2019interactivit\u00e9 au service du message\u00a0<\/em>\u00bb. Aujourd\u2019hui, c\u2019est \u00e0 son tour d\u2019enseigner \u00e0 l\u2019Universit\u00e9 de Montpellier en \u00ab\u00a0Licence professionnelle Concepteur audiovisuel et nouveaux m\u00e9dias\u00a0\u00bb.<\/p>\n<p style=\"text-align: justify;\">R\u00e9aliser ce type de projets demande \u00e0 la fois cr\u00e9ativit\u00e9 et rigueur. \u00ab\u00a0<em>Il faut savoir faire \u00ab\u00a0exploser\u00a0\u00bb des formes et, comme un architecte, dessiner le trac\u00e9 d\u2019un imaginaire en proposant plusieurs chemins d\u2019acc\u00e8s\u00a0<\/em>\u00bb. Cela requiert \u00e9galement une disposition \u00e0 l\u2019organisation\u00a0: outre l\u2019accompagnement des auteurs dans leurs desseins, il faut orchestrer une diversit\u00e9 de postes, de t\u00e2ches, articuler ces diff\u00e9rentes disciplines, et diriger plusieurs \u0153uvres \u00e0 la fois, \u00e0 diff\u00e9rents stades de d\u00e9veloppement. \u00ab\u00a0Les \u00e9quipes sont beaucoup plus volumineuses. \u00ab\u00a0<em><strong>Chant acier<\/strong><\/em>\u00a0\u00bb, par exemple, a r\u00e9uni une vingtaine de personnes.\u00a0\u00bb Si ces nouveaux m\u00e9dias offrent la possibilit\u00e9 de repenser les formes d\u2019expressions au regard des diff\u00e9rents moyens de diffusion, \u00ab\u00a0<em>cela participe aussi \u00e0 la mutation num\u00e9rique des industries culturelles et cr\u00e9atives fran\u00e7aises<\/em>.\u00a0\u00bb Une zone d\u2019exp\u00e9rimentation pour le moins \u00ab\u00a0<em>fascinante<\/em> \u00bb selon Corinne Cartaillac<em>.<\/em><\/p>\n<address style=\"text-align: justify;\">\u00a0<\/address>\n<address style=\"text-align: justify;\">\u00a0<\/address>\n<h3 style=\"text-align: justify;\"><\/h3>\n<h3 style=\"text-align: justify;\">5 dates qui ont marqu\u00e9 le parcours de Corinne Cartaillac :<\/h3>\n<p style=\"text-align: justify;\"><strong>1964<\/strong> : Naissance \u00e0 S\u00e9verac-le-Ch\u00e2teau (12)<br \/>\n<strong>1990<\/strong> : Etudes Cin\u00e9ma et conception interactive &#8211; Universit\u00e9 Paul-Val\u00e9ry. (Bac+4)<br \/>\n<strong>1995<\/strong> : Charg\u00e9e de projets multim\u00e9dia \u00e0 Montr\u00e9al (Qu\u00e9bec)<br \/>\n<strong>2000<\/strong> : Co-fondation de l\u2019association Novamedia prod et charg\u00e9e de cours \u00e0 l\u2019universit\u00e9<br \/>\n<strong>2014<\/strong> : Responsable des projets transm\u00e9dia pour Pages &amp; Images.<\/p>\n<p><strong>2019<\/strong> : Directrice des productions Les Films d&rsquo;Ici M\u00e9diterran\u00e9e<\/p>\n<h3 style=\"text-align: justify;\">5 films qui ont marqu\u00e9 le parcours de Corinne Cartaillac :<\/h3>\n<p style=\"text-align: justify;\"><em><strong>La vague interactive<\/strong><\/em>, compilation de nombreuses cr\u00e9ations qui exploraient les possibilit\u00e9s de l\u2019interactivit\u00e9, tr\u00e8s inspirantes &#8211; 1992-96 Milia d&rsquo;or<br \/>\n<em><strong>Mus\u00e9e transversal<\/strong><\/em> &#8211; 2012 &#8211; cor\u00e9alisatrice avec Didier Lannoy et productrice de 4 films courts, une approche de l\u2019art par l\u2019\u00e9motion\u00a0: Folie phonique, Enfance de l\u2019Art, \u00c9pique et Extase, diffus\u00e9s et connect\u00e9s \u00e0 une installation avec webcam (Mus\u00e9e Fabre, MRAC S\u00e9rignan, Mus\u00e9e Arch\u00e9ologique de Narbonne, Mus\u00e9e d\u2019Art Moderne de C\u00e9ret)<br \/>\n<em><strong>Troubled Waters<\/strong><\/em> &#8211; 2014\/15 &#8211; Conception interactive &#8211; R\u00e9alis\u00e9 par Isabelle Sylvestre &#8211; Produit par Honkytonk Films Paris &#8211; Prix Multim\u00e9dia de la M\u00e9diterran\u00e9e &#8211; PRIMED 2016 &#8211;\u00a0 <a href=\"http:\/\/troubled-waters.net\/index-EN.html\" target=\"_blank\" rel=\"noopener\">http:\/\/troubled-waters.net\/index-EN.html<\/a><br \/>\n<em><strong>Atome H\u00f4tel<\/strong><\/em> &#8211; 2015 &#8211; premier webdocumentaire produit au sein de Pages &amp; Images, concept propos\u00e9 par Thierry Brassac, compos\u00e9 de 30 films courts sur les atomes r\u00e9alis\u00e9s par Baptiste Rouveure, diffus\u00e9 par France T\u00e9l\u00e9visions \u00c9ducation et RTS D\u00e9couvertes &#8211; <a href=\"http:\/\/education.francetv.fr\/atome-hotel\/\" target=\"_blank\" rel=\"noopener\">http:\/\/education.francetv.fr\/atome-hotel\/<\/a><br \/>\n<em><strong>Chant Acier<\/strong><\/em> &#8211; 2016 &#8211; Une plong\u00e9e dans l\u2019usine sid\u00e9rurgique, une exp\u00e9rience documentaire et litt\u00e9raire de Fran\u00e7ois Bon, Emmanuel Roy et Annabel Roux accompagn\u00e9 d\u2019Interview de grands t\u00e9moins et d\u2019un livre num\u00e9rique, produit par Pages &amp; Images, diffus\u00e9 par France T\u00e9l\u00e9visions nouvelles \u00e9critures &#8211; <a href=\"http:\/\/chant-acier.nouvelles-ecritures.francetv.fr\/\" target=\"_blank\" rel=\"noopener\">http:\/\/chant-acier.nouvelles-ecritures.francetv.fr\/<\/a><\/p>\n<h3 style=\"text-align: justify;\">Son actualit\u00e9 :<\/h3>\n<p style=\"text-align: justify;\"><em><strong>Lovecraft and Behind<\/strong><\/em>, triptyque transm\u00e9dia, biopic VR, s\u00e9rie de courtes fictions et exp\u00e9rience VR de Fran\u00e7ois Bon et S\u00e9bastien Loghmann<br \/>\n<em><strong>Amateurs d\u2019ordre<\/strong><\/em>, web s\u00e9rie sur le vigilantisme de Felix Gonzalez, Beno\u00eet Mars, Younn Locart et Guilhem Brouillet, en coproduction avec Acronyme Films<br \/>\n<em><strong>Mementopolis<\/strong><\/em>, projet transm\u00e9dia de Sol\u00e8ne Vion, Christine Darrigade et Antoine Bourlier<\/p>\n<p>&nbsp;<\/p>\n<p>&nbsp;<\/p>\n","protected":false},"excerpt":{"rendered":"<p>\u00a0\u00ab Construire diff\u00e9remment des \u0153uvres, mais toujours au service d\u2019une histoire. \u00bb CORINNE CARTAILLAC, Directrice des productions &nbsp; &nbsp; Quand on entre dans les locaux de Pages et Images, si le plancher ne craque pas, c\u2019est tout comme. Cet appartement ancien du quartier de la Com\u00e9die \u00e0 Montpellier, reconverti en maison de production de films, fleure bon l\u2019effervescence et le temps pass\u00e9. C\u2019est ici que Corinne Cartaillac veille sur les innovations : elle y pilote les projets transm\u00e9dia. Cette notion de veille est importante : \u00ab\u00a0Dans ce domaine, l\u2019\u00e9volution est permanente. Quand j\u2019ai commenc\u00e9, on appelait cela le multim\u00e9dia, on [&hellip;]<\/p>\n","protected":false},"author":1,"featured_media":0,"parent":0,"menu_order":2,"comment_status":"closed","ping_status":"closed","template":"template-fullwidth.php","meta":{"footnotes":""},"class_list":["post-2314","page","type-page","status-publish","hentry"],"_links":{"self":[{"href":"https:\/\/www.fabricantsdefilms.occitanie-films.fr\/index.php?rest_route=\/wp\/v2\/pages\/2314","targetHints":{"allow":["GET"]}}],"collection":[{"href":"https:\/\/www.fabricantsdefilms.occitanie-films.fr\/index.php?rest_route=\/wp\/v2\/pages"}],"about":[{"href":"https:\/\/www.fabricantsdefilms.occitanie-films.fr\/index.php?rest_route=\/wp\/v2\/types\/page"}],"author":[{"embeddable":true,"href":"https:\/\/www.fabricantsdefilms.occitanie-films.fr\/index.php?rest_route=\/wp\/v2\/users\/1"}],"replies":[{"embeddable":true,"href":"https:\/\/www.fabricantsdefilms.occitanie-films.fr\/index.php?rest_route=%2Fwp%2Fv2%2Fcomments&post=2314"}],"version-history":[{"count":6,"href":"https:\/\/www.fabricantsdefilms.occitanie-films.fr\/index.php?rest_route=\/wp\/v2\/pages\/2314\/revisions"}],"predecessor-version":[{"id":13745,"href":"https:\/\/www.fabricantsdefilms.occitanie-films.fr\/index.php?rest_route=\/wp\/v2\/pages\/2314\/revisions\/13745"}],"wp:attachment":[{"href":"https:\/\/www.fabricantsdefilms.occitanie-films.fr\/index.php?rest_route=%2Fwp%2Fv2%2Fmedia&parent=2314"}],"curies":[{"name":"wp","href":"https:\/\/api.w.org\/{rel}","templated":true}]}}