{"id":2322,"date":"2017-12-12T13:55:23","date_gmt":"2017-12-12T12:55:23","guid":{"rendered":"http:\/\/www.fabricantsdefilms.occitanie-films.fr\/?page_id=2322"},"modified":"2025-03-31T14:29:59","modified_gmt":"2025-03-31T13:29:59","slug":"corinne-cartaillac-2","status":"publish","type":"page","link":"https:\/\/www.fabricantsdefilms.occitanie-films.fr\/?page_id=2322","title":{"rendered":"VIRGINIE GUILMINOT"},"content":{"rendered":"<h2><em><a href=\"http:\/\/www.fabricantsdefilms.occitanie-films.fr\/wp-content\/uploads\/2017\/12\/virignie.jpg\"><img loading=\"lazy\" decoding=\"async\" class=\"alignleft wp-image-2302 size-medium\" src=\"http:\/\/www.fabricantsdefilms.occitanie-films.fr\/wp-content\/uploads\/2017\/12\/virignie-430x452.jpg\" alt=\"\" width=\"430\" height=\"452\" srcset=\"https:\/\/www.fabricantsdefilms.occitanie-films.fr\/wp-content\/uploads\/2017\/12\/virignie-430x452.jpg 430w, https:\/\/www.fabricantsdefilms.occitanie-films.fr\/wp-content\/uploads\/2017\/12\/virignie-768x806.jpg 768w, https:\/\/www.fabricantsdefilms.occitanie-films.fr\/wp-content\/uploads\/2017\/12\/virignie-700x735.jpg 700w, https:\/\/www.fabricantsdefilms.occitanie-films.fr\/wp-content\/uploads\/2017\/12\/virignie-800x840.jpg 800w, https:\/\/www.fabricantsdefilms.occitanie-films.fr\/wp-content\/uploads\/2017\/12\/virignie-500x525.jpg 500w, https:\/\/www.fabricantsdefilms.occitanie-films.fr\/wp-content\/uploads\/2017\/12\/virignie.jpg 2000w\" sizes=\"auto, (max-width: 430px) 100vw, 430px\" \/><\/a>\u00a0\u00ab Raconter de belles histoires en fabriquant de belles images. \u00bb<br \/>\n<\/em><\/h2>\n<h1>VIRGINIE GUILMINOT, Directrice de production de films d\u2019animation<\/h1>\n<p>&nbsp;<\/p>\n<p>&nbsp;<\/p>\n<p>En 2017, dans un b\u00e2timent \u00ab couveuse \u00bb d\u2019entreprises de l\u2019\u00e9conomie sociale et solidaire de la r\u00e9gion Occitanie, Virginie Guilminot accueille en pr\u00e9sentant chaque membre de l\u2019\u00e9quipe : une vingtaine de personnes devant autant d\u2019ordinateurs. On encha\u00eene par un th\u00e9 : \u00ab\u00a0<em>Il vient de chez Scop\u2019ti, ancienne usine El\u00e9phant reprise en scop par ses salari\u00e9s en Provence<\/em>\u00a0\u00bb.<br \/>\n<strong>Les F\u00e9es Sp\u00e9ciales<\/strong>, soci\u00e9t\u00e9 de fabrication de films d\u2019animation, est \u00e9galement constitu\u00e9e sous forme coop\u00e9rative et participative. Virginie Guilminot en est la g\u00e9rante \u00e9lue pour trois ans, apr\u00e8s \u00e7a tourne. Se situer dans ce champ social et innovant, outre cette particularit\u00e9 des Scop o\u00f9 la voix de chacun.e compte \u00e0 \u00e9galit\u00e9, c\u2019est faire le choix de logiciels libres et prendre en charge l\u2019empreinte \u00e9cologique de l\u2019activit\u00e9. Activit\u00e9 de lancement de l\u2019entreprise avec la participation au dernier film de Michel Ocelot,\u00a0<em><strong>Dilili \u00e0 Paris<\/strong><\/em>\u00a0et, pour les mois qui viennent, la r\u00e9alisation des multim\u00e9dias pour le Mus\u00e9e Fleury de Lod\u00e8ve.<\/p>\n<p>Pour aboutir \u00e0 cette coh\u00e9rence, Virginie aura tout au long de son parcours proc\u00e9d\u00e9 par choix. Et donc par \u00e9limination. Apr\u00e8s un bac scientifique et des \u00e9tudes de communication, elle apprend son m\u00e9tier en tant qu\u2019infographiste 3D, essentiellement dans la publicit\u00e9, avant de fuir un univers peu engageant. Une fuite dont on peut faire \u00e9loge, un doctorat \u00e0 Paris VIII, o\u00f9 r\u00e9sonne un esprit libertaire qu\u2019elle retrouve aujourd\u2019hui dans ces logiciels libres qui \u00ab\u00a0<em>d\u00e9verrouillent la dictature et les normes des \u00e9diteurs de logiciels<\/em>\u00a0\u00bb. Son sujet de m\u00e9moire : comment \u00ab\u00a0<em>privil\u00e9gier la sensibilit\u00e9 \u00e0 la prouesse technique\u00a0<\/em>\u00bb en se d\u00e9faisant du pi\u00e8ge du r\u00e9alisme.<br \/>\nCe sera son autre fuite : \u00ab\u00a0<em>les r\u00e9unions poils<\/em>\u00a0\u00bb. \u00ab\u00a0<em>On les appelait ainsi parce qu\u2019on passait des heures, pour le film L\u2019Arche de No\u00e9 par exemple, \u00e0 savoir comment on ferait les poils des animaux\u2026. Ce qu\u2019on a perdu entre temps, c\u2019est le sens. Quand on travaille en fiction avec des producteurs de cin\u00e9ma, on r\u00e9fl\u00e9chit au film, au sc\u00e9nario. En animation, trop souvent, on est comme des ouvriers \u00e0 la cha\u00eene sur des bagnoles<\/em>.\u00a0\u00bb<\/p>\n<p>La collaboration avec Michel Ocelot va lui permettre d\u2019envisager le travail autrement : \u00ab\u00a0<em>Dix-huit mois idylliques, on apprenait en faisant<\/em>\u00a0\u00bb. Directrice de production pour\u00a0<em><strong>Azur et Asmar<\/strong><\/em>, elle retrouvera cette ambiance pour\u00a0<em><strong>Les Contes de la nuit<\/strong><\/em>\u00a0: \u00ab\u00a0<em>Douze mois, quinze personnes, un gros volume de travail, une petite \u00e9quipe et on y arrive quand m\u00eame !<\/em>\u00a0\u00bb. C\u2019est aussi une fr\u00e9quentation assidue des festivals (Annecy, E.magiciens \u00e0 Valenciennes) et l\u2019impulsion d\u2019autres (Les Temps du num\u00e9rique au Vigan) qui lui fera garder le lien avec un monde de la cr\u00e9ation jeune, innovant. En 2010, elle fait le choix d\u2019une installation \u00e0 Montpellier, tout en sachant qu\u2019elle va peut-\u00eatre y sacrifier le m\u00e9tier. Dans le domaine, \u00ab\u00a0<em>tout est \u00e0 Paris<\/em>\u00a0\u00bb.<\/p>\n<p>Pour que les choses changent, il faut construire par soi-m\u00eame. Virginie retrouve Eric Serre, directeur artistique rencontr\u00e9 pour\u00a0<em><strong>Azur et Asmar<\/strong><\/em>\u00a0et install\u00e9 \u00e0 Arles, puis Eve Machuel, productrice ex\u00e9cutive des\u00a0<em><strong>Contes de la nuit<\/strong><\/em>\u00a0et enfin Flavio Perez qui quittait le studio Illumination Mac Guff pour descendre en Espagne et que Virginie stoppera \u00e0 Montpellier. Partant du constat de ce qu\u2019est devenue l\u2019industrie du film d\u2019animation, \u00ab\u00a0<em>o\u00f9 l\u2019argent a pris le pouvoir sur tout, o\u00f9 des cha\u00eenes industrielles profitent de \u00ab\u00a0permittents\u00a0\u00bb pr\u00e9caires\u00a0<\/em>\u00bb,\u00a0<strong>Les F\u00e9es Sp\u00e9ciales<\/strong>\u00a0ont pris le contrepied : \u00ab<em>\u00a0Ne pas d\u00e9passer trente personnes, privil\u00e9gier des circuits courts, produire nos propres projets, se tourner vers les autres rives de la M\u00e9diterran\u00e9e, faire vivre la mixit\u00e9 et vivre de notre travail en r\u00e9gion\u2026 Le tout dans la joie.<\/em>\u00a0\u00bb Enfant curieuse, joueuse, bricoleuse, celle qui voulait faire les Arts D\u00e9co ou \u00eatre clown sera devenue f\u00e9e. En travaillant et se formant constamment, sans jamais perdre de vue l\u2019\u00e9thique de ce travail<em>.<\/em><\/p>\n<p>En 2019, elle quitte la SCOP mais reprend sa baguette de directrice de production en intermittence, sur de beaux projets dont <strong><em>Les Astres immobiles<\/em><\/strong> (C.M. Canal +) de Noe\u0301mi Gruner et Se\u0301le\u0301na Picque, Cherchez la Femme ! (se\u0301rie Arte.tv) de Julie Gavras, et deux longs me\u0301trages produits par Sacrebleu Productions : <em><strong>Sirocco<\/strong><\/em> de Benoi\u0302t Chieux (sorti de\u0301c 23) et <em><strong>Flow<\/strong><\/em> de Gints Zilbalodis s\u00e9lectionn\u00e9 \u00e0 Cannes, cat\u00e9gorie \u00ab\u00a0Un Certain Regard\u00a0\u00bb et a re\u00e7u de nombreuses r\u00e9compenses : Festival de Cannes, 4 prix au Festival d&rsquo;Annecy, Annie Awards, Golden Globes, C\u00e9sar et&#8230; Oscar ! (sortie le 30 oct 2024).<\/p>\n<p>Au printemps 2023, Virginie embarque dans l\u2019aventure SCALAE\u0301, Socie\u0301te\u0301 Coope\u0301rative d\u2019Inte\u0301re\u0302t Collectif, en tant qu\u2019associe\u0301e co-fondatrice. La SCIC produit la collection anime\u0301e Premie\u0300re Page, refonte du programme intitule\u0301 En Sortant de l\u2019e\u0301cole, co-produit avec France TV, imagine\u0301 et porte\u0301 par Tant Mieux prod ! durant dix saisons. L\u2019Objet de la coope\u0301rative, d\u2019inte\u0301re\u0302t ge\u0301ne\u0301ral, est d\u2019accompagner ainsi qu\u2019encourager l\u2019e\u0301mergence de nouveaux talents dans le secteur de l\u2019animation.<\/p>\n<address>\u00a0<\/address>\n<address>\u00a0<\/address>\n<h3>5 dates qui ont marqu\u00e9 le parcours de Virginie Guilminot :<\/h3>\n<p><strong>1996<\/strong>\u00a0:\u00a0<strong>Doctorat<\/strong>\u00a0en \u00ab Esth\u00e9tique, Sciences et Technologies des Arts \u00bb, Paris VIII.<br \/>\n<strong>2015<\/strong>\u00a0: Cr\u00e9ation des\u00a0<em><strong>F\u00e9es Sp\u00e9ciales<\/strong><\/em>\u00a0\u00e0 Montpellier.<br \/>\n<strong>2022\u00a0<\/strong>: Directrice de production sur la s\u00e9rie\u00a0<em><strong>Cherchez la Femme!\u00a0<\/strong><\/em>diffus\u00e9 sur Arte<br \/>\n<strong>2023<\/strong>\u00a0: Devient associ\u00e9e co-fondatrice de la\u00a0<strong><em>SCALA\u00c9<\/em><\/strong>\u00a0(Soci\u00e9t\u00e9 Coop\u00e9rative d\u2019Int\u00e9r\u00eat Collectif)<br \/>\n<strong>2024<\/strong>\u00a0: Directrice de production sur\u00a0<strong><em>Flow\u00a0<\/em><\/strong>r\u00e9alis\u00e9 par Gints Zilbalodis<\/p>\n<h3>5 films qui ont marqu\u00e9 le parcours de Virginie Guilminot :<\/h3>\n<p><em><strong>Lux<\/strong><\/em>,\u00a0<em><strong>Styx<\/strong><\/em>,\u00a0<em><strong>Sine Die<\/strong><\/em>, DEUS, 1992-93-94. Auteure-r\u00e9alisatrice.<br \/>\n<em><strong>Kaena la proph\u00e9tie<\/strong><\/em>\u00a0de C.Delaporte et P.Pinon, premier long m\u00e9trage d\u2019animation 3D fran\u00e7ais, Chaman-Xilam, 2003. Assistante de r\u00e9alisation.<br \/>\n<em><strong>Azur et Asmar<\/strong><\/em>, de Michel Ocelot, Nord-Ouest Films, Mag Guff, Studio O., 2005. Directrice de production.<br \/>\n<strong><em>Sirocco et le Royaume des courants d\u2019air,\u00a0<\/em><\/strong>de Beno\u00eet Chieux, Sacrebleu Productions, 2023, Directrice de production.<br \/>\n<strong><em>Flow,\u00a0<\/em><\/strong>de Gints Zilbalodis, 2024, Directrice de production.<\/p>\n<h3>Son actualit\u00e9 :<\/h3>\n<p>Directrice de production en intermittence<br \/>\nAssoci\u00e9e-Fondatrice de la SCIC<em>\u00a0<strong>SCALA\u00c9<\/strong><\/em>, diffusion de la saison 1 de\u00a0<strong><em>Premi\u00e8re Page<\/em><\/strong>\u00a0sur France TV, printemps 2024<\/p>\n<p>&nbsp;<\/p>\n","protected":false},"excerpt":{"rendered":"<p>\u00a0\u00ab Raconter de belles histoires en fabriquant de belles images. \u00bb VIRGINIE GUILMINOT, Directrice de production de films d\u2019animation &nbsp; &nbsp; En 2017, dans un b\u00e2timent \u00ab couveuse \u00bb d\u2019entreprises de l\u2019\u00e9conomie sociale et solidaire de la r\u00e9gion Occitanie, Virginie Guilminot accueille en pr\u00e9sentant chaque membre de l\u2019\u00e9quipe : une vingtaine de personnes devant autant d\u2019ordinateurs. On encha\u00eene par un th\u00e9 : \u00ab\u00a0Il vient de chez Scop\u2019ti, ancienne usine El\u00e9phant reprise en scop par ses salari\u00e9s en Provence\u00a0\u00bb. Les F\u00e9es Sp\u00e9ciales, soci\u00e9t\u00e9 de fabrication de films d\u2019animation, est \u00e9galement constitu\u00e9e sous forme coop\u00e9rative et participative. Virginie Guilminot en est la [&hellip;]<\/p>\n","protected":false},"author":1,"featured_media":0,"parent":0,"menu_order":2,"comment_status":"closed","ping_status":"closed","template":"template-fullwidth.php","meta":{"footnotes":""},"class_list":["post-2322","page","type-page","status-publish","hentry"],"_links":{"self":[{"href":"https:\/\/www.fabricantsdefilms.occitanie-films.fr\/index.php?rest_route=\/wp\/v2\/pages\/2322","targetHints":{"allow":["GET"]}}],"collection":[{"href":"https:\/\/www.fabricantsdefilms.occitanie-films.fr\/index.php?rest_route=\/wp\/v2\/pages"}],"about":[{"href":"https:\/\/www.fabricantsdefilms.occitanie-films.fr\/index.php?rest_route=\/wp\/v2\/types\/page"}],"author":[{"embeddable":true,"href":"https:\/\/www.fabricantsdefilms.occitanie-films.fr\/index.php?rest_route=\/wp\/v2\/users\/1"}],"replies":[{"embeddable":true,"href":"https:\/\/www.fabricantsdefilms.occitanie-films.fr\/index.php?rest_route=%2Fwp%2Fv2%2Fcomments&post=2322"}],"version-history":[{"count":17,"href":"https:\/\/www.fabricantsdefilms.occitanie-films.fr\/index.php?rest_route=\/wp\/v2\/pages\/2322\/revisions"}],"predecessor-version":[{"id":13731,"href":"https:\/\/www.fabricantsdefilms.occitanie-films.fr\/index.php?rest_route=\/wp\/v2\/pages\/2322\/revisions\/13731"}],"wp:attachment":[{"href":"https:\/\/www.fabricantsdefilms.occitanie-films.fr\/index.php?rest_route=%2Fwp%2Fv2%2Fmedia&parent=2322"}],"curies":[{"name":"wp","href":"https:\/\/api.w.org\/{rel}","templated":true}]}}