{"id":2413,"date":"2018-10-10T09:16:13","date_gmt":"2018-10-10T08:16:13","guid":{"rendered":"http:\/\/www.fabricantsdefilms.occitanie-films.fr\/?page_id=2413"},"modified":"2018-10-17T15:25:11","modified_gmt":"2018-10-17T14:25:11","slug":"corinne-cartaillac-2-3-4","status":"publish","type":"page","link":"https:\/\/www.fabricantsdefilms.occitanie-films.fr\/?page_id=2413","title":{"rendered":"ISABELLE MOREAU"},"content":{"rendered":"<h2><em><a href=\"http:\/\/www.fabricantsdefilms.occitanie-films.fr\/wp-content\/uploads\/2018\/10\/moreau2.jpg\"><img loading=\"lazy\" decoding=\"async\" class=\"alignleft wp-image-2598 size-medium\" src=\"http:\/\/www.fabricantsdefilms.occitanie-films.fr\/wp-content\/uploads\/2018\/10\/moreau2-430x430.jpg\" alt=\"\" width=\"430\" height=\"430\" srcset=\"https:\/\/www.fabricantsdefilms.occitanie-films.fr\/wp-content\/uploads\/2018\/10\/moreau2-430x430.jpg 430w, https:\/\/www.fabricantsdefilms.occitanie-films.fr\/wp-content\/uploads\/2018\/10\/moreau2-150x150.jpg 150w, https:\/\/www.fabricantsdefilms.occitanie-films.fr\/wp-content\/uploads\/2018\/10\/moreau2-768x768.jpg 768w, https:\/\/www.fabricantsdefilms.occitanie-films.fr\/wp-content\/uploads\/2018\/10\/moreau2-700x700.jpg 700w, https:\/\/www.fabricantsdefilms.occitanie-films.fr\/wp-content\/uploads\/2018\/10\/moreau2-800x800.jpg 800w, https:\/\/www.fabricantsdefilms.occitanie-films.fr\/wp-content\/uploads\/2018\/10\/moreau2-500x500.jpg 500w, https:\/\/www.fabricantsdefilms.occitanie-films.fr\/wp-content\/uploads\/2018\/10\/moreau2.jpg 2000w\" sizes=\"auto, (max-width: 430px) 100vw, 430px\" \/><\/a>\u00a0\u00ab Il faut savoir tout faire, dans un cin\u00e9ma. De la cabine \u00e0 l\u2019accueil du public, en passant par la programmation, c\u2019est un savoir faire que l\u2019on apprend par l\u2019exp\u00e9rience. \u00bb<br \/>\n<\/em><\/h2>\n<h1>ISABELLE MOREAU, Exploitante de salle de cin\u00e9ma<\/h1>\n<p>&nbsp;<\/p>\n<p>&nbsp;<\/p>\n<p style=\"text-align: justify;\">Depuis sa naissance, Isabelle Moreau baigne dans le cin\u00e9ma. Ses parents tenaient d\u2019abord un cin\u00e9ma \u00e0 Cholet. Puis sa m\u00e8re dirigeait Le Festival, une salle saisonni\u00e8re implant\u00e9e sur l\u2019\u00eele des loisirs au Cap d\u2019Agde. Fille d\u2019exploitants, elle a vu de pr\u00e8s les ann\u00e9es de crise de l\u2019exploitation et a pr\u00e9f\u00e9r\u00e9 dans un premier temps, boucler un cursus en communication.<br \/>\nAu moment du regain de vitalit\u00e9 cin\u00e9matographique, elle d\u00e9cide pourtant de revenir \u00e0 ses premi\u00e8res amours, alors que les multiplexes poussent partout en France. Le projet Travelling \u00e9merge peu \u00e0 peu, \u00e0 la fin des ann\u00e9es 90. Le duo m\u00e8re-fille prend le dossier \u00e0 bras le corps, jusqu\u2019\u00e0 ce que le cin\u00e9ma sorte de terre ex-nihilo, en 2002. L\u2019alternance des deux femmes, \u00e0 la direction, g\u00e8re d\u2019abord trois salles. Sous leur impulsion, une quatri\u00e8me voit le jour en 2007.<\/p>\n<p style=\"text-align: justify;\">Si ses parents poss\u00e9daient exp\u00e9rience et sagesse dans l\u2019art de g\u00e9rer un cin\u00e9ma, Isabelle Moreau consid\u00e8re cependant ne pas faire le m\u00eame travail. Elle consacre une grande part de son temps \u00e0 l\u2019animation autour des films et r\u00e9alise une v\u00e9ritable politique \u00e9ditoriale, en raison du grand nombre de films \u00e0 s\u00e9lectionner pour la programmation annuelle. Sous sa direction, Travelling a \u00e9galement embrass\u00e9 la dimension art et essai du 7\u00e8me art, tout en pilotant, en plus des dispositifs nationaux encadr\u00e9s par l\u2019Education Nationale et le CNC, des cursus scolaires sp\u00e9ciaux comme le Petit cin\u00e9phile, le Cin\u00e9 Teens et le parcours lyc\u00e9ens. Pour cette \u00e9ducation \u00e0 l\u2019image, la directrice visionne pas moins d\u2019une trentaine de films l\u2019\u00e9t\u00e9, afin d\u2019en s\u00e9lectionner une dizaine \u00e0 la rentr\u00e9e.<\/p>\n<p style=\"text-align: justify;\">Sur tous les fronts, Isabelle Moreau jongle entre la dimension p\u00e9dagogique et \u00e9v\u00e9nementielle de sa fonction. Au fil des ann\u00e9es, elle a tiss\u00e9 un v\u00e9ritable canevas au service d\u2019un cin\u00e9ma o\u00f9 les publics ont \u00e0 la fois acc\u00e8s \u00e0 un cin\u00e9 club proposant des films de r\u00e9pertoire, mais aussi \u00e0 des avant-premi\u00e8res pr\u00e9sent\u00e9es par les \u00e9quipes des films projet\u00e9s. Cette diversit\u00e9 arbitre la polyvalence de cette exploitante qui rev\u00eat diff\u00e9rentes casquettes selon l\u2019heure de la journ\u00e9e. Entre anticipation et ancrage dans le temps pr\u00e9sent, Isabelle Moreau appr\u00e9cie \u00e0 la fois l\u2019abn\u00e9gation que requiert le visionnage fr\u00e9n\u00e9tique de longs m\u00e9trages, mais aussi l\u2019accueil d\u2019\u00e9quipes. Elle avoue avoir longtemps d\u00fb convaincre les distributeurs de venir jusqu\u2019\u00e0 Agde et retire une grande fiert\u00e9 des venues de plus en plus nombreuses en son fief. La cl\u00e9 de la r\u00e9ussite reposant sur un travail de communication en amont et un ciblage des spectateurs. Tant et si bien que les \u00e9quipes se succ\u00e8dent d\u00e9sormais durant toute la saison. En ses murs, Romain Duris, Nicolas Duvauchelle, Radu Mihaileanu et toute une l\u00e9gion du cin\u00e9ma fran\u00e7ais a \u00e9t\u00e9 de passage.<\/p>\n<p style=\"text-align: justify;\">D\u00e9sireuse d\u2019organiser toujours davantage d\u2019\u00e9v\u00e9nements et rencontres permettant aux publics de d\u00e9couvrir un film via diff\u00e9rents points de vue, Isabelle Moreau ne cesse d\u2019intensifier sa programmation de rendez-vous prolongeant le grand \u00e9cran. Un exemple concret r\u00e9sulte de la projection du film <em><strong>Demain<\/strong><\/em> de Cyril Dion et M\u00e9lanie Laurent, pour laquelle une soir\u00e9e donn\u00e9e \u00e0 Travelling, a permis de donner naissance \u00e0 l\u2019association Colibri Agde. Une fa\u00e7on de trouver un pendant au cin\u00e9ma dans la vie quotidienne<em>.<\/em><\/p>\n<address style=\"text-align: justify;\">\u00a0<\/address>\n<address style=\"text-align: justify;\">\u00a0<\/address>\n<h3 style=\"text-align: justify;\">5 dates qui ont marqu\u00e9 le parcours d&rsquo;Isabelle Moreau :<\/h3>\n<p style=\"text-align: justify;\"><strong>1998\u00a0<\/strong>: dipl\u00f4m\u00e9e en communication<br \/>\n<strong>4 f\u00e9vrier 2002<\/strong>\u00a0: ouverture du Travelling \u00e0 Agde (H\u00e9rault)<br \/>\n<strong>D\u00e9cembre 2007<\/strong>\u00a0: ouverture de la 4\u00e8me salle<br \/>\n<strong>D\u00e9cembre 2009<\/strong>\u00a0: installation 1\u00e8res cabines avec 3D pour <em><strong>Avatar<\/strong><\/em><br \/>\n<strong>2016<\/strong>\u00a0: acc\u00e9l\u00e9ration du nombre de s\u00e9ances avec des programmations bimensuelles<\/p>\n<h3 style=\"text-align: justify;\">5 films qui ont marqu\u00e9 le parcours d&rsquo;Isabelle Moreau :<\/h3>\n<p style=\"text-align: justify;\"><em><strong>Barton Fink<\/strong><\/em> des fr\u00e8res Cohen (1991)<br \/>\n<em><strong>Ast\u00e9rix mission Cl\u00e9op\u00e2tre<\/strong><\/em> d\u2019Alain Chabat (2002) \u00e0 l\u2019ouverture du Travelling<br \/>\n<em><strong>Se souvenir des belles choses<\/strong><\/em> de Zabou Breitman (2002) \u00e0 l\u2019ouverture du Travelling<br \/>\n<em><strong>Petites z\u2019escapades<\/strong><\/em> (programme de 6 films d\u2019animation) (2014)<br \/>\n<em><strong>Demain<\/strong><\/em> de Cyril Dion et M\u00e9lanie Laurent (2015)<\/p>\n<p>&nbsp;<\/p>\n<p>&nbsp;<\/p>\n","protected":false},"excerpt":{"rendered":"<p>\u00a0\u00ab Il faut savoir tout faire, dans un cin\u00e9ma. De la cabine \u00e0 l\u2019accueil du public, en passant par la programmation, c\u2019est un savoir faire que l\u2019on apprend par l\u2019exp\u00e9rience. \u00bb ISABELLE MOREAU, Exploitante de salle de cin\u00e9ma &nbsp; &nbsp; Depuis sa naissance, Isabelle Moreau baigne dans le cin\u00e9ma. Ses parents tenaient d\u2019abord un cin\u00e9ma \u00e0 Cholet. Puis sa m\u00e8re dirigeait Le Festival, une salle saisonni\u00e8re implant\u00e9e sur l\u2019\u00eele des loisirs au Cap d\u2019Agde. Fille d\u2019exploitants, elle a vu de pr\u00e8s les ann\u00e9es de crise de l\u2019exploitation et a pr\u00e9f\u00e9r\u00e9 dans un premier temps, boucler un cursus en communication. Au [&hellip;]<\/p>\n","protected":false},"author":1,"featured_media":0,"parent":0,"menu_order":2,"comment_status":"closed","ping_status":"closed","template":"template-fullwidth.php","meta":{"footnotes":""},"class_list":["post-2413","page","type-page","status-publish","hentry"],"_links":{"self":[{"href":"https:\/\/www.fabricantsdefilms.occitanie-films.fr\/index.php?rest_route=\/wp\/v2\/pages\/2413","targetHints":{"allow":["GET"]}}],"collection":[{"href":"https:\/\/www.fabricantsdefilms.occitanie-films.fr\/index.php?rest_route=\/wp\/v2\/pages"}],"about":[{"href":"https:\/\/www.fabricantsdefilms.occitanie-films.fr\/index.php?rest_route=\/wp\/v2\/types\/page"}],"author":[{"embeddable":true,"href":"https:\/\/www.fabricantsdefilms.occitanie-films.fr\/index.php?rest_route=\/wp\/v2\/users\/1"}],"replies":[{"embeddable":true,"href":"https:\/\/www.fabricantsdefilms.occitanie-films.fr\/index.php?rest_route=%2Fwp%2Fv2%2Fcomments&post=2413"}],"version-history":[{"count":5,"href":"https:\/\/www.fabricantsdefilms.occitanie-films.fr\/index.php?rest_route=\/wp\/v2\/pages\/2413\/revisions"}],"predecessor-version":[{"id":2611,"href":"https:\/\/www.fabricantsdefilms.occitanie-films.fr\/index.php?rest_route=\/wp\/v2\/pages\/2413\/revisions\/2611"}],"wp:attachment":[{"href":"https:\/\/www.fabricantsdefilms.occitanie-films.fr\/index.php?rest_route=%2Fwp%2Fv2%2Fmedia&parent=2413"}],"curies":[{"name":"wp","href":"https:\/\/api.w.org\/{rel}","templated":true}]}}