{"id":2450,"date":"2018-10-10T13:37:47","date_gmt":"2018-10-10T12:37:47","guid":{"rendered":"http:\/\/www.fabricantsdefilms.occitanie-films.fr\/?page_id=2450"},"modified":"2018-10-17T15:18:56","modified_gmt":"2018-10-17T14:18:56","slug":"corinne-cartaillac-2-3-4-3-3-2","status":"publish","type":"page","link":"https:\/\/www.fabricantsdefilms.occitanie-films.fr\/?page_id=2450","title":{"rendered":"Coach d\u2019acteurs"},"content":{"rendered":"<h2><em><a href=\"http:\/\/www.fabricantsdefilms.occitanie-films.fr\/wp-content\/uploads\/2018\/10\/raynal2.jpg\"><img loading=\"lazy\" decoding=\"async\" class=\"alignleft wp-image-2601 size-medium\" src=\"http:\/\/www.fabricantsdefilms.occitanie-films.fr\/wp-content\/uploads\/2018\/10\/raynal2-430x430.jpg\" alt=\"\" width=\"430\" height=\"430\" srcset=\"https:\/\/www.fabricantsdefilms.occitanie-films.fr\/wp-content\/uploads\/2018\/10\/raynal2-430x430.jpg 430w, https:\/\/www.fabricantsdefilms.occitanie-films.fr\/wp-content\/uploads\/2018\/10\/raynal2-150x150.jpg 150w, https:\/\/www.fabricantsdefilms.occitanie-films.fr\/wp-content\/uploads\/2018\/10\/raynal2-768x768.jpg 768w, https:\/\/www.fabricantsdefilms.occitanie-films.fr\/wp-content\/uploads\/2018\/10\/raynal2-700x700.jpg 700w, https:\/\/www.fabricantsdefilms.occitanie-films.fr\/wp-content\/uploads\/2018\/10\/raynal2-800x800.jpg 800w, https:\/\/www.fabricantsdefilms.occitanie-films.fr\/wp-content\/uploads\/2018\/10\/raynal2-500x500.jpg 500w, https:\/\/www.fabricantsdefilms.occitanie-films.fr\/wp-content\/uploads\/2018\/10\/raynal2.jpg 2000w\" sizes=\"auto, (max-width: 430px) 100vw, 430px\" \/><\/a>\u00a0\u00ab Pour coacher des acteurs, il faut aimer observer et transmettre son \u00e9nergie. Ce n\u2019est pas de la mise en sc\u00e8ne, mais un travail pr\u00e9paratoire dont la technique et les b\u00e9n\u00e9fices sont courants aux Etats-Unis. Ce m\u00e9tier \u00e9merge en France. \u00bb<br \/>\n<\/em><\/h2>\n<h1>MARIE RAYNAL, Coach d\u2019acteurs<\/h1>\n<p>&nbsp;<\/p>\n<p>&nbsp;<\/p>\n<p style=\"text-align: justify;\">\u00ab\u00a0<em>Je suis bien dans l\u2019ombre<\/em>.\u00a0\u00bb Une maxime peu commune, que Marie Raynal fait sienne, apr\u00e8s des ann\u00e9es sur les plateaux de tournages.<br \/>\nPour cette com\u00e9dienne de formation, venir \u00e0 la direction d\u2019acteurs s\u2019inscrit comme la suite logique de son parcours.<br \/>\nApr\u00e8s divers r\u00f4les pour la t\u00e9l\u00e9vision et le cin\u00e9ma, Marie Raynal met son exp\u00e9rience d\u2019interpr\u00e8te au service d\u2019une nouvelle g\u00e9n\u00e9ration de com\u00e9diens. Elle est d\u00e9sormais coach d\u2019acteurs. \u00ab\u00a0<em>Un m\u00e9tier tr\u00e8s r\u00e9pandu au sein de l\u2019industrie cin\u00e9matographique am\u00e9ricaine, mais encore tr\u00e8s peu en France<\/em>\u00a0\u00bb, indique cette com\u00e9dienne pass\u00e9e par la mise en sc\u00e8ne au th\u00e9\u00e2tre.<\/p>\n<p style=\"text-align: justify;\">Une exp\u00e9rience qui sert sa carri\u00e8re de coach d\u2019acteurs, d\u00e8s 2013, lorsque le r\u00e9alisateur mauricien David Constantin, lui demande de venir l\u2019aider \u00e0 choisir et pr\u00e9parer les jeunes gens qui tourneront dans son long m\u00e9trage intitul\u00e9 <em><strong>Lonbraz Kann<\/strong><\/em> (2014). Pour ce faire, Marie se rend presque deux mois \u00e0 l\u2019\u00eele Maurice, o\u00f9 elle rencontre une dizaine d\u2019amateurs, qu\u2019elles est charg\u00e9e de choisir puis de former \u00e0 la technique du jeu d\u2019interpr\u00e8te. Apr\u00e8s le casting, les r\u00e9p\u00e9titions s\u2019encha\u00eenent. Une fois les intentions des personnages trouv\u00e9es, la direction ajust\u00e9e, Marie s\u2019\u00e9clipse et laisse les n\u00e9o-com\u00e9diens \u0153uvrer devant la cam\u00e9ra de David Constantin.<br \/>\nTr\u00e8s vite, elle renouvelle l\u2019exp\u00e9rience, puisque le festival Ile Courts-Porteurs d\u2019Images, l\u2019appelle afin de coacher des ateliers de premiers moyens m\u00e9trages aupr\u00e8s de r\u00e9alisateurs \u00e9mergents.<br \/>\nQuelques mois plus tard, Jos\u00e9 Alcala est \u00e0 la recherche d\u2019un adolescent \u00e0 faire tourner dans <em><strong>T\u2019exag\u00e8res<\/strong><\/em> (2018), film\u00e9 en r\u00e9gion Occitanie. Marie le rejoint d\u00e8s le casting, afin de d\u00e9nicher puis de coacher le jeune gar\u00e7on durant l\u2019int\u00e9gralit\u00e9 du tournage.<\/p>\n<p style=\"text-align: justify;\">Observatrice et attentive au moindre d\u00e9tail \u00e9manant de l\u2019acteur qu\u2019elle est charg\u00e9e de coacher, Marie avoue mettre en oeuvre tout ce qu\u2019elle peut \u00ab\u00a0<em>pour qu\u2019il soit au plus proche du personnage voulu par le r\u00e9alisateur<\/em>.\u00a0\u00bb Une t\u00e2che capitale, exerc\u00e9e hors champ. \u00ab <em>Pour \u00eatre coach, il faut savoir rester dans l\u2019ombre du r\u00e9alisateur. C\u2019est beaucoup d\u2019\u00e9nergie que l\u2019on donne et d\u00e9veloppe, sans pour autant avoir un pouvoir d\u00e9cisionnaire sur le rendu. Si en g\u00e9n\u00e9ral, le r\u00e9alisateur est plut\u00f4t d\u2019accord avec mes choix, il peut arriver qu\u2019il d\u00e9cide diff\u00e9remment, et je m\u2019efface. C\u2019est son film, son \u00e9pisode, pas le mien. Il faut savoir garder cela en t\u00eate, sinon il ne faut pas faire ce m\u00e9tier. Ce n\u2019est pas de la r\u00e9alisation<\/em>.\u00a0\u00bb<\/p>\n<p style=\"text-align: justify;\">Intervenant d\u00e9sormais pour la s\u00e9rie <em><strong>Demain nous appartient<\/strong><\/em>, Marie vit au rythme s\u00e9tois des \u00e9pisodes tourn\u00e9s quotidiennement. Chercher ce que le com\u00e9dien n\u2019arrive pas \u00e0 trouver seul gr\u00e2ce au coaching, en amont, permet au r\u00e9alisateur de gagner du temps lors des prises. Il arrive parfois que Marie souffle aussi \u00e0 l\u2019oreille des com\u00e9diens, dont elle conna\u00eet les moindres points faibles. Int\u00e9gr\u00e9e \u00e0 l\u2019\u00e9quipe technique depuis le d\u00e9but du tournage, elle ne se lasse pas de transmettre son \u00e9nergie aux acteurs qui int\u00e8grent le plateau, \u00ab\u00a0<em>grandissent, se transforment et s\u2019am\u00e9liorent<\/em>\u00a0\u00bb sous ses yeux<em>.<\/em><\/p>\n<address style=\"text-align: justify;\">\u00a0<\/address>\n<address style=\"text-align: justify;\">\u00a0<\/address>\n<h3 style=\"text-align: justify;\">5 dates qui ont marqu\u00e9 le parcours de Marie Raynal :<\/h3>\n<p style=\"text-align: justify;\"><strong>2002<\/strong> : Premi\u00e8re mise en sc\u00e8ne\u00a0<em><strong>Les 7 jours<\/strong><\/em> de Simon Labrosse<br \/>\n<strong>2005<\/strong> : Tournage d\u2019<em><strong>Alex<\/strong><\/em>\u00a0de Jos\u00e9 Alcala<br \/>\n<strong>2012<\/strong> : Tournage du premier film de fiction d\u2019Eric Pittard<br \/>\n<strong>2014<\/strong> : Rencontre avec le r\u00e9alisateur Mauricien David Constantin, coach des acteurs pour son film\u00a0<em><strong>Lonbraz Kann<\/strong><\/em>, \u00e0 l\u2019\u00eele Maurice<br \/>\n<strong>2018<\/strong> : Coach acteurs pour la s\u00e9rie\u00a0<em><strong>Demain nous appartient<\/strong><\/em>\u00a0et coach ado pour le long m\u00e9trage\u00a0<em><strong>T\u2019exag\u00e8res<\/strong><\/em>\u00a0de Jos\u00e9 Alcala<\/p>\n<h3 style=\"text-align: justify;\">5 films qui ont marqu\u00e9 le parcours de Marie Raynal :<\/h3>\n<p style=\"text-align: justify;\"><em><strong>Billy Elliot<\/strong><\/em>, 1999, Stephen Daldry<br \/>\n<em><strong>My name is Joe<\/strong><\/em>, 1998,\u00a0Ken Loach<br \/>\n<em><strong>Casino<\/strong><\/em>, 1995, Martin Scorsese<br \/>\n<em><strong>Festen<\/strong><\/em>, 1998, Thomas Vinterberg<br \/>\n<em><strong>Kill Bill<\/strong><\/em>, 2003, Tarantino<\/p>\n<p>&nbsp;<\/p>\n<p>&nbsp;<\/p>\n","protected":false},"excerpt":{"rendered":"<p>\u00a0\u00ab Pour coacher des acteurs, il faut aimer observer et transmettre son \u00e9nergie. Ce n\u2019est pas de la mise en sc\u00e8ne, mais un travail pr\u00e9paratoire dont la technique et les b\u00e9n\u00e9fices sont courants aux Etats-Unis. Ce m\u00e9tier \u00e9merge en France. \u00bb MARIE RAYNAL, Coach d\u2019acteurs &nbsp; &nbsp; \u00ab\u00a0Je suis bien dans l\u2019ombre.\u00a0\u00bb Une maxime peu commune, que Marie Raynal fait sienne, apr\u00e8s des ann\u00e9es sur les plateaux de tournages. Pour cette com\u00e9dienne de formation, venir \u00e0 la direction d\u2019acteurs s\u2019inscrit comme la suite logique de son parcours. Apr\u00e8s divers r\u00f4les pour la t\u00e9l\u00e9vision et le cin\u00e9ma, Marie Raynal met son [&hellip;]<\/p>\n","protected":false},"author":1,"featured_media":0,"parent":0,"menu_order":2,"comment_status":"closed","ping_status":"closed","template":"template-fullwidth.php","meta":{"footnotes":""},"class_list":["post-2450","page","type-page","status-publish","hentry"],"_links":{"self":[{"href":"https:\/\/www.fabricantsdefilms.occitanie-films.fr\/index.php?rest_route=\/wp\/v2\/pages\/2450","targetHints":{"allow":["GET"]}}],"collection":[{"href":"https:\/\/www.fabricantsdefilms.occitanie-films.fr\/index.php?rest_route=\/wp\/v2\/pages"}],"about":[{"href":"https:\/\/www.fabricantsdefilms.occitanie-films.fr\/index.php?rest_route=\/wp\/v2\/types\/page"}],"author":[{"embeddable":true,"href":"https:\/\/www.fabricantsdefilms.occitanie-films.fr\/index.php?rest_route=\/wp\/v2\/users\/1"}],"replies":[{"embeddable":true,"href":"https:\/\/www.fabricantsdefilms.occitanie-films.fr\/index.php?rest_route=%2Fwp%2Fv2%2Fcomments&post=2450"}],"version-history":[{"count":3,"href":"https:\/\/www.fabricantsdefilms.occitanie-films.fr\/index.php?rest_route=\/wp\/v2\/pages\/2450\/revisions"}],"predecessor-version":[{"id":2604,"href":"https:\/\/www.fabricantsdefilms.occitanie-films.fr\/index.php?rest_route=\/wp\/v2\/pages\/2450\/revisions\/2604"}],"wp:attachment":[{"href":"https:\/\/www.fabricantsdefilms.occitanie-films.fr\/index.php?rest_route=%2Fwp%2Fv2%2Fmedia&parent=2450"}],"curies":[{"name":"wp","href":"https:\/\/api.w.org\/{rel}","templated":true}]}}