{"id":2630,"date":"2018-11-19T16:30:19","date_gmt":"2018-11-19T15:30:19","guid":{"rendered":"http:\/\/www.fabricantsdefilms.occitanie-films.fr\/?page_id=2630"},"modified":"2018-11-21T09:59:38","modified_gmt":"2018-11-21T08:59:38","slug":"corinne-cartaillac-2-3-4-3-6","status":"publish","type":"page","link":"https:\/\/www.fabricantsdefilms.occitanie-films.fr\/?page_id=2630","title":{"rendered":"CLAIRE CHATELET"},"content":{"rendered":"<h2><em><a href=\"http:\/\/www.fabricantsdefilms.occitanie-films.fr\/wp-content\/uploads\/2018\/11\/claire2finalweb.jpg\"><img loading=\"lazy\" decoding=\"async\" class=\"alignleft wp-image-2629 size-medium\" src=\"http:\/\/www.fabricantsdefilms.occitanie-films.fr\/wp-content\/uploads\/2018\/11\/claire2finalweb-430x430.jpg\" alt=\"\" width=\"430\" height=\"430\" srcset=\"https:\/\/www.fabricantsdefilms.occitanie-films.fr\/wp-content\/uploads\/2018\/11\/claire2finalweb-430x430.jpg 430w, https:\/\/www.fabricantsdefilms.occitanie-films.fr\/wp-content\/uploads\/2018\/11\/claire2finalweb-150x150.jpg 150w, https:\/\/www.fabricantsdefilms.occitanie-films.fr\/wp-content\/uploads\/2018\/11\/claire2finalweb-768x768.jpg 768w, https:\/\/www.fabricantsdefilms.occitanie-films.fr\/wp-content\/uploads\/2018\/11\/claire2finalweb-700x700.jpg 700w, https:\/\/www.fabricantsdefilms.occitanie-films.fr\/wp-content\/uploads\/2018\/11\/claire2finalweb-800x800.jpg 800w, https:\/\/www.fabricantsdefilms.occitanie-films.fr\/wp-content\/uploads\/2018\/11\/claire2finalweb-500x500.jpg 500w, https:\/\/www.fabricantsdefilms.occitanie-films.fr\/wp-content\/uploads\/2018\/11\/claire2finalweb-2048x2048.jpg 2048w\" sizes=\"auto, (max-width: 430px) 100vw, 430px\" \/><\/a>\u00a0\u00ab Pluriel, le\u00a0parcours de Claire Chatelet s\u2019\u00e9maille d\u2019abord d\u2019exp\u00e9riences professionnelles multiples, comme une maturation d\u2019un regard et d\u2019une volont\u00e9 de transmission. \u00bb<br \/>\n<\/em><\/h2>\n<h1>CLAIRE CHATELET, Ma\u00eetre de conf\u00e9rences en audiovisuel et nouveaux m\u00e9dias<\/h1>\n<p>&nbsp;<\/p>\n<p>&nbsp;<\/p>\n<p style=\"text-align: justify;\">Enseigner les \u00e9critures num\u00e9riques rel\u00e8ve de la gageure, quand la discipline vient tout juste d\u2019\u00e9merger dans les \u00e9tudes cin\u00e9matographiques \u00e0 l&rsquo;universit\u00e9. Ma\u00eetre de conf\u00e9rences en audiovisuel et nouveaux m\u00e9dias, Claire Chatelet explore les particularit\u00e9s des narrations fa\u00e7onn\u00e9es pour les formes audiovisuelles investissant les \u00e9crans contemporains. Du web-documentaire aux dispositifs de r\u00e9alit\u00e9 augment\u00e9e, les formes \u00e9mergentes et mouvantes de l\u2019image qu\u2019elle met en perspective, ne cessent d\u2019\u00e9voluer. Elles n\u00e9cessitent un regard averti.<br \/>\nPass\u00e9e par une pr\u00e9pa HEC, puis des \u00e9tudes en \u00e9conomie, elle suit un DESS en communication, dans lequel un cours de cin\u00e9ma est dispens\u00e9 par le directeur de l&rsquo;ESAV (Ecole sup\u00e9rieure d&rsquo;audiovisuel) de Toulouse. Apprenant qu&rsquo;un DEA en cin\u00e9ma existe, elle se r\u00e9oriente, boucle un m\u00e9moire d\u00e9montrant comment les contraintes budg\u00e9taires influent sur l\u2019esth\u00e9tique des films. C&rsquo;est dans ce cadre, qu&rsquo;elle participe \u00e0 un atelier de r\u00e9alisation filmique o\u00f9 elle se retrouve derri\u00e8re la cam\u00e9ra, et filmer devient imm\u00e9diatement une \u00e9vidence.<\/p>\n<p>Inscrite en th\u00e8se \u00e0 la fin du DEA, Claire souhaite aussi se confronter \u00e0 la pratique, elle passe donc le concours de l&rsquo;ESAV, pour y suivre un cursus en \u00e9tudes audiovisuelles, mention images.<br \/>\nElle travaille rapidement sur quelques plateaux de cin\u00e9ma, r\u00e9alise des films de commande, s\u2019int\u00e9resse d\u2019abord au cadrage puis au montage. Dans la foul\u00e9e, elle devient l\u2019une des premi\u00e8res femmes certifi\u00e9es Apple Trainer, pour le logiciel Final Cut. C\u2019est donc naturellement qu\u2019elle revient quelques ann\u00e9es plus tard \u00e0 l\u2019ESAV pour enseigner le montage, apr\u00e8s la soutenance d\u2019une th\u00e8se consacr\u00e9e au Dogme 95 \u00e0 l\u2019universit\u00e9 du Mirail (Toulouse) en 2004.<\/p>\n<p>A mi-chemin entre la technique et la th\u00e9orie, elle obtient un poste de ma\u00eetre de conf\u00e9rences au d\u00e9partement cin\u00e9ma de l&rsquo;universit\u00e9 Paul-Val\u00e9ry de Montpellier en 2010. Avec pour objectif d\u2019aller sans cesse au bout des disciplines qu\u2019elle \u00e9tudie, elle monte, au c\u00f4t\u00e9 de Delphine Robic-Diaz, en 2012 la licence professionnelle concepteur audiovisuel et nouveaux m\u00e9dias, orient\u00e9es vers les nouvelles narrations. \u00ab\u00a0<em>J\u2019avais fait un \u00e9tat des lieux des formations. Il y avait tr\u00e8s peu de formations consacr\u00e9es \u00e0 la convergence entre internet et l\u2019audiovisuel, alors que cela posait beaucoup de questions du point de vue de l\u2019\u00e9criture des projets. \u00a0J\u2019ai donc voulu cr\u00e9er une formation innovante. \u00a0Cela a \u00e9t\u00e9 compliqu\u00e9, car \u00e0 l\u2019\u00e9poque, la majorit\u00e9 des intervenants venaient de Paris<\/em>.\u00a0\u00bb Cette offre p\u00e9dagogique renouvelle l\u2019apprentissage, forme une nouvelle g\u00e9n\u00e9ration de cr\u00e9ateurs de projets, capables d\u2019\u00e9crire pour les nouveaux m\u00e9dias, qui investissent d\u00e9sormais de nouveaux canaux de diffusion, mais int\u00e9ressent \u00e9galement ceux qui demeurent traditionnels.<\/p>\n<p>Alliant recherche th\u00e9orique et projet personnel, Claire Chatelet constate une effervescence autour des avanc\u00e9es technologiques, notamment sur la r\u00e9alit\u00e9 virtuelle, tout en gardant \u00e0 l\u2019esprit que la \u00ab\u00a0<em>technologie ne doit pas \u00eatre accessoire mais servir l&rsquo;histoire du film qu&rsquo;elle porte <\/em>\u00bb.<br \/>\nInvestie dans la r\u00e9alisation d&rsquo;un film VR (en r\u00e9alit\u00e9 virtuelle) sur la m\u00e9moire du peintre Fr\u00e9d\u00e9ric Bazille avec le studio montpelli\u00e9rain Kaleo production, elle n\u2019a de cesse de construire de nouvelles forme narratives, \u00ab\u00a0<em>o\u00f9 la technique n\u2019est jamais neutre<\/em>. \u00bb<\/p>\n<address style=\"text-align: justify;\">\u00a0<\/address>\n<address style=\"text-align: justify;\">\u00a0<\/address>\n<h3 style=\"text-align: justify;\">5 dates qui ont marqu\u00e9 le parcours de Claire Chatelet :<\/h3>\n<p style=\"text-align: justify;\"><strong>1994 <\/strong>: DESS de Communication et d\u00e9couverte d\u2019un cursus cin\u00e9ma<br \/>\n<strong>1995<\/strong> : Premi\u00e8re participation \u00e0 un atelier r\u00e9alisation en DEA<br \/>\n<strong>2004<\/strong> : Soutenance de th\u00e8se<br \/>\n<strong>2010<\/strong>\u00a0: Obtention d\u2019un poste de ma\u00eetre de conf\u00e9rences \u00e0 l\u2019Universit\u00e9 Paul Val\u00e9ry<br \/>\n<strong>2018<\/strong> : Co laur\u00e9ate d\u2019une bourse \u00e9critures \u00e9mergentes de la SCAM<\/p>\n<h3 style=\"text-align: justify;\">5 films qui ont marqu\u00e9 le parcours de Claire Chatelet :<\/h3>\n<p style=\"text-align: justify;\"><strong>The Servant<\/strong> de Joseph Losey (1963)<br \/>\n<strong>Muhammad Ali the Greatest<\/strong> de William Klein (1974)<br \/>\n<strong>Les Idiots<\/strong> de Lars von Trier (1998)<br \/>\n<strong>Julian Donkey Boy<\/strong> d&rsquo;Harmony Korine (1999)<br \/>\n<strong>Limbo<\/strong>, un film VR de The Gardian (2017)<\/p>\n<p>&nbsp;<\/p>\n<p>&nbsp;<\/p>\n","protected":false},"excerpt":{"rendered":"<p>\u00a0\u00ab Pluriel, le\u00a0parcours de Claire Chatelet s\u2019\u00e9maille d\u2019abord d\u2019exp\u00e9riences professionnelles multiples, comme une maturation d\u2019un regard et d\u2019une volont\u00e9 de transmission. \u00bb CLAIRE CHATELET, Ma\u00eetre de conf\u00e9rences en audiovisuel et nouveaux m\u00e9dias &nbsp; &nbsp; Enseigner les \u00e9critures num\u00e9riques rel\u00e8ve de la gageure, quand la discipline vient tout juste d\u2019\u00e9merger dans les \u00e9tudes cin\u00e9matographiques \u00e0 l&rsquo;universit\u00e9. Ma\u00eetre de conf\u00e9rences en audiovisuel et nouveaux m\u00e9dias, Claire Chatelet explore les particularit\u00e9s des narrations fa\u00e7onn\u00e9es pour les formes audiovisuelles investissant les \u00e9crans contemporains. Du web-documentaire aux dispositifs de r\u00e9alit\u00e9 augment\u00e9e, les formes \u00e9mergentes et mouvantes de l\u2019image qu\u2019elle met en perspective, ne cessent d\u2019\u00e9voluer. [&hellip;]<\/p>\n","protected":false},"author":1,"featured_media":0,"parent":0,"menu_order":2,"comment_status":"closed","ping_status":"closed","template":"template-fullwidth.php","meta":{"footnotes":""},"class_list":["post-2630","page","type-page","status-publish","hentry"],"_links":{"self":[{"href":"https:\/\/www.fabricantsdefilms.occitanie-films.fr\/index.php?rest_route=\/wp\/v2\/pages\/2630","targetHints":{"allow":["GET"]}}],"collection":[{"href":"https:\/\/www.fabricantsdefilms.occitanie-films.fr\/index.php?rest_route=\/wp\/v2\/pages"}],"about":[{"href":"https:\/\/www.fabricantsdefilms.occitanie-films.fr\/index.php?rest_route=\/wp\/v2\/types\/page"}],"author":[{"embeddable":true,"href":"https:\/\/www.fabricantsdefilms.occitanie-films.fr\/index.php?rest_route=\/wp\/v2\/users\/1"}],"replies":[{"embeddable":true,"href":"https:\/\/www.fabricantsdefilms.occitanie-films.fr\/index.php?rest_route=%2Fwp%2Fv2%2Fcomments&post=2630"}],"version-history":[{"count":6,"href":"https:\/\/www.fabricantsdefilms.occitanie-films.fr\/index.php?rest_route=\/wp\/v2\/pages\/2630\/revisions"}],"predecessor-version":[{"id":2650,"href":"https:\/\/www.fabricantsdefilms.occitanie-films.fr\/index.php?rest_route=\/wp\/v2\/pages\/2630\/revisions\/2650"}],"wp:attachment":[{"href":"https:\/\/www.fabricantsdefilms.occitanie-films.fr\/index.php?rest_route=%2Fwp%2Fv2%2Fmedia&parent=2630"}],"curies":[{"name":"wp","href":"https:\/\/api.w.org\/{rel}","templated":true}]}}