{"id":2684,"date":"2019-03-25T11:24:54","date_gmt":"2019-03-25T10:24:54","guid":{"rendered":"http:\/\/www.fabricantsdefilms.occitanie-films.fr\/?page_id=2684"},"modified":"2024-03-05T17:18:21","modified_gmt":"2024-03-05T16:18:21","slug":"corinne-cartaillac-2-3-4-3-6-3-2","status":"publish","type":"page","link":"https:\/\/www.fabricantsdefilms.occitanie-films.fr\/?page_id=2684","title":{"rendered":"Auteure, sc\u00e9nariste et r\u00e9alisatrice"},"content":{"rendered":"<h2><em><a href=\"http:\/\/www.fabricantsdefilms.occitanie-films.fr\/wp-content\/uploads\/2019\/03\/camille_duvelleroy.jpg\"><img loading=\"lazy\" decoding=\"async\" class=\"alignleft wp-image-2681 size-medium\" src=\"http:\/\/www.fabricantsdefilms.occitanie-films.fr\/wp-content\/uploads\/2019\/03\/camille_duvelleroy-430x430.jpg\" alt=\"\" width=\"430\" height=\"430\" srcset=\"https:\/\/www.fabricantsdefilms.occitanie-films.fr\/wp-content\/uploads\/2019\/03\/camille_duvelleroy-430x430.jpg 430w, https:\/\/www.fabricantsdefilms.occitanie-films.fr\/wp-content\/uploads\/2019\/03\/camille_duvelleroy-150x150.jpg 150w, https:\/\/www.fabricantsdefilms.occitanie-films.fr\/wp-content\/uploads\/2019\/03\/camille_duvelleroy-768x768.jpg 768w, https:\/\/www.fabricantsdefilms.occitanie-films.fr\/wp-content\/uploads\/2019\/03\/camille_duvelleroy-700x700.jpg 700w, https:\/\/www.fabricantsdefilms.occitanie-films.fr\/wp-content\/uploads\/2019\/03\/camille_duvelleroy-800x800.jpg 800w, https:\/\/www.fabricantsdefilms.occitanie-films.fr\/wp-content\/uploads\/2019\/03\/camille_duvelleroy-500x500.jpg 500w, https:\/\/www.fabricantsdefilms.occitanie-films.fr\/wp-content\/uploads\/2019\/03\/camille_duvelleroy-2048x2048.jpg 2048w\" sizes=\"auto, (max-width: 430px) 100vw, 430px\" \/><\/a>\u00a0\u00ab Pour b\u00e2tir un r\u00e9cit interactif, il faut bien conna\u00eetre les ressorts techniques et savoir ce que l\u2019on veut montrer. Le but est de prolonger au maximum la fiction, en la faisant sortir des cadres traditionnels. \u00bb<br \/>\n<\/em><\/h2>\n<h1>CAMILLE DUVELLEROY, Auteure, sc\u00e9nariste et r\u00e9alisatrice<\/h1>\n<p style=\"text-align: justify;\">Connect\u00e9e au web d\u00e8s 1997, Camille Duvelleroy a v\u00e9cu son adolescence en plein essor d\u2019internet. Fascin\u00e9e par les contenus multim\u00e9dias, des ann\u00e9es avant que le terme \u00ab\u00a0<em>ne devienne naze<\/em>\u00a0\u00bb, la jeune femme plonge imm\u00e9diatement dans les strates des nouvelles formes de narration qui se d\u00e9ploient sur la toile.<\/p>\n<p style=\"text-align: justify;\">Au cours de ses \u00e9tudes universitaires, elle se sp\u00e9cialise rapidement en management de projet num\u00e9rique et, en 2009, collabore avec Mascaret production et Arte \u00e0 l\u2019\u00e9laboration d\u2019<em><strong>Addicts<\/strong><\/em>, une webfiction dans les quartiers nord de Bordeaux. Camille imagine alors un vaste jeu de piste o\u00f9 les personnages publient des contenus quotidiens, sorte d\u2019indices, sur les r\u00e9seaux sociaux, compl\u00e9tant les \u00e9pisodes diffus\u00e9s en ligne.<\/p>\n<p style=\"text-align: justify;\">Parmi ce m\u00e9lange de litt\u00e9rature et de cr\u00e9ation de contenus, Camille fait figure de pionni\u00e8re \u00e0 l\u2019\u00e9poque de l\u2019av\u00e8nement des nouvelles \u00e9critures et des proc\u00e9d\u00e9s transm\u00e9dia. Port\u00e9e par un vent favorable \u00e0 l\u2019envol des formes in\u00e9dites, elle cr\u00e9e en 2010, en bin\u00f4me, Once Upon, une soci\u00e9t\u00e9 de production sp\u00e9cialis\u00e9e dans le r\u00e9cit interactif. Trois ans plus tard, elle revend finalement ses parts \u00e0 son associ\u00e9e et intervient d\u00e9sormais comme sc\u00e9nariste, avant de passer \u00e0 la r\u00e9alisation.<br \/>\nEn 2016, elle imagine, avec Laurent Duret de la soci\u00e9t\u00e9 de production <a href=\"http:\/\/www.bachibouzouk.net\/\">Bachibouzouk<\/a>, une BD interactive avec les \u00e9ditions Sarbacane. Le projet porte sur <a href=\"https:\/\/panamaalbrown.com\/\"><em><strong>Panama Al Brown<\/strong><\/em><\/a>, boxeur noir homosexuel, amant de Cocteau et chanteur de cabaret. Deux ann\u00e9es de travail sont n\u00e9cessaires \u00e0 l\u2019adaptation et \u00e0 la diffusion sur TV, smartphone et papier. De la grammaire visuelle au choix de la bande sonore, les choix de Camille d\u00e9terminent la fluidit\u00e9 de l\u2019exp\u00e9rience et l\u2019adh\u00e9sion du lecteur \/ spectateur \u00e0 la fiction.<br \/>\nConsciente des contraintes techniques, elle concr\u00e9tise des projets au gr\u00e9 des \u00e9volutions num\u00e9riques capables d\u2019innerver une histoire, de lui donner corps. Dans cette \u00e9loquence, les formes sans cesse renouvel\u00e9es rendent, paradoxalement, l\u2019exp\u00e9rience narrative \u00e0 la fois \u00e9ph\u00e9m\u00e8re et marquante. Mobile, souvent entre deux trains, Camille Duvelleroy embrasse son m\u00e9tier de sc\u00e9nariste comme une vocation qui l\u2019am\u00e8ne r\u00e9guli\u00e8rement \u00e0 travers la France, vers des projets aux contenus et trames vari\u00e9es.<br \/>\nParmi la quinzaine de programmes interactifs (documentaires, sc\u00e9nographie mus\u00e9ale et fiction) auxquels elle a particip\u00e9, citons le conte <a href=\"http:\/\/www.lagrandehistoiredunpetittrait.fr\/\"><strong><em>La grande histoire du petit trait<\/em><\/strong><\/a> et le documentaire en r\u00e9alit\u00e9 virtuelle st\u00e9r\u00e9oscopique, <a href=\"http:\/\/www.bachibouzouk.net\/portfolio\/on-off-documentaire-vr\/\"><em><strong>On \/ Off<\/strong><\/em><\/a> nous plongeant pendant 25 minutes, au service r\u00e9animation d\u2019un h\u00f4pital.<br \/>\nEn 2018, elle a sign\u00e9 Et\u00e9 (Saison 1 et 2), un feuilleton BD pour Arte dont les \u00e9pisodes se d\u00e9clinent dans la grille de lecture et les stories Instagram. Une forme nouvelle, capable de donner aux r\u00e9seaux sociaux \u00e9motion, sens et profondeur.<\/p>\n<p>Elle a ensuite r\u00e9alis\u00e9 une exp\u00e9rience VR, Lady Sapiens VR sur la place des femmes dans la Pr\u00e9histoire (coproduction FTV &#8211; Ubisoft). Elle a ensuite \u00e9crit et r\u00e9alis\u00e9 les deux saisons de la s\u00e9rie Patience mon Amour (format stories instagram pour la saison 1), une fiction o\u00f9 deux lesbiennes cherchent \u00e0 fonder une famille. Elle explore \u00e9galement les formes immersives au th\u00e9\u00e2tre avec Quand \u00e7a commence programm\u00e9 \u00e0 Avignon 2022 ou L&rsquo;Arbre de Mia (2023). Elle r\u00e9alise actuellement une s\u00e9rie documentaire anim\u00e9e destin\u00e9e \u00e0 Snapchat et travaille \u00e0 la r\u00e9alisation d&rsquo;une fiction interactive en live sur Twitch avec ARTE.<\/p>\n<p style=\"text-align: justify;\">Plus d\u2019informations sur le site de Camille Duvelleroy\u00a0: <a href=\"http:\/\/supersimone.com\">supersimone.com<\/a><\/p>\n<address style=\"text-align: justify;\">\u00a0<\/address>\n<address style=\"text-align: justify;\">\u00a0<\/address>\n<h3 style=\"text-align: justify;\">5 dates qui ont marqu\u00e9 le parcours de Camille Duvelleroy :<\/h3>\n<p style=\"text-align: justify;\"><strong>No\u00ebl 1989 <\/strong>: arriv\u00e9e de l&rsquo;Amstrad CPC 6128 \u00e0 la maison<br \/>\n<strong>5 juillet 1997<\/strong>\u00a0: ma premi\u00e8re recherche sur Internet, dans un cybercaf\u00e9<br \/>\n18 mars 1998\u00a0: mon premier t\u00e9l\u00e9phone portable, un Ola jaune<br \/>\n<strong>5 mai 2008<\/strong> : je poste mon premier contenu sur un r\u00e9seau social<br \/>\n<strong>24 septembre 2018<\/strong> : mise en ligne de <em><strong>Panama Al Brown<\/strong><\/em>, ma derni\u00e8re r\u00e9alisation<\/p>\n<h3 style=\"text-align: justify;\">5 films qui ont marqu\u00e9 le parcours de Camille Duvelleroy :<\/h3>\n<p style=\"text-align: justify;\"><em><strong>HerStory<\/strong><\/em> (Application) parce que c&rsquo;est un jeu narratif pour mobile brillant<br \/>\n<em><strong>G\u00e9n\u00e9ration 90<\/strong><\/em> (film) parce que Winona Ryder s&rsquo;interroge sur le sens de sa vie avec sa cam\u00e9ra<br \/>\n<em><strong>La Maison des Feuilles<\/strong><\/em> (roman) parce que ce livre est un texte interactif infini<br \/>\n<em><strong>Sharp Objets<\/strong><\/em> (s\u00e9rie) parce que c&rsquo;est ma derni\u00e8re s\u00e9rie pr\u00e9f\u00e9r\u00e9e en date<br \/>\n<em><strong>The Four Seasons, Woldgate Wood<\/strong><\/em> de David Hockney (Installation vid\u00e9o immersive) parce qu&rsquo;il saisit le mouvement immobile<\/p>\n","protected":false},"excerpt":{"rendered":"<p>\u00a0\u00ab Pour b\u00e2tir un r\u00e9cit interactif, il faut bien conna\u00eetre les ressorts techniques et savoir ce que l\u2019on veut montrer. Le but est de prolonger au maximum la fiction, en la faisant sortir des cadres traditionnels. \u00bb CAMILLE DUVELLEROY, Auteure, sc\u00e9nariste et r\u00e9alisatrice Connect\u00e9e au web d\u00e8s 1997, Camille Duvelleroy a v\u00e9cu son adolescence en plein essor d\u2019internet. Fascin\u00e9e par les contenus multim\u00e9dias, des ann\u00e9es avant que le terme \u00ab\u00a0ne devienne naze\u00a0\u00bb, la jeune femme plonge imm\u00e9diatement dans les strates des nouvelles formes de narration qui se d\u00e9ploient sur la toile. Au cours de ses \u00e9tudes universitaires, elle se sp\u00e9cialise [&hellip;]<\/p>\n","protected":false},"author":1,"featured_media":0,"parent":0,"menu_order":2,"comment_status":"closed","ping_status":"closed","template":"template-fullwidth.php","meta":{"footnotes":""},"class_list":["post-2684","page","type-page","status-publish","hentry"],"_links":{"self":[{"href":"https:\/\/www.fabricantsdefilms.occitanie-films.fr\/index.php?rest_route=\/wp\/v2\/pages\/2684","targetHints":{"allow":["GET"]}}],"collection":[{"href":"https:\/\/www.fabricantsdefilms.occitanie-films.fr\/index.php?rest_route=\/wp\/v2\/pages"}],"about":[{"href":"https:\/\/www.fabricantsdefilms.occitanie-films.fr\/index.php?rest_route=\/wp\/v2\/types\/page"}],"author":[{"embeddable":true,"href":"https:\/\/www.fabricantsdefilms.occitanie-films.fr\/index.php?rest_route=\/wp\/v2\/users\/1"}],"replies":[{"embeddable":true,"href":"https:\/\/www.fabricantsdefilms.occitanie-films.fr\/index.php?rest_route=%2Fwp%2Fv2%2Fcomments&post=2684"}],"version-history":[{"count":2,"href":"https:\/\/www.fabricantsdefilms.occitanie-films.fr\/index.php?rest_route=\/wp\/v2\/pages\/2684\/revisions"}],"predecessor-version":[{"id":3148,"href":"https:\/\/www.fabricantsdefilms.occitanie-films.fr\/index.php?rest_route=\/wp\/v2\/pages\/2684\/revisions\/3148"}],"wp:attachment":[{"href":"https:\/\/www.fabricantsdefilms.occitanie-films.fr\/index.php?rest_route=%2Fwp%2Fv2%2Fmedia&parent=2684"}],"curies":[{"name":"wp","href":"https:\/\/api.w.org\/{rel}","templated":true}]}}