{"id":2773,"date":"2020-02-24T15:02:36","date_gmt":"2020-02-24T14:02:36","guid":{"rendered":"http:\/\/www.fabricantsdefilms.occitanie-films.fr\/?page_id=2773"},"modified":"2020-02-25T12:29:04","modified_gmt":"2020-02-25T11:29:04","slug":"corinne-cartaillac-3-3-2","status":"publish","type":"page","link":"https:\/\/www.fabricantsdefilms.occitanie-films.fr\/?page_id=2773","title":{"rendered":"Responsable de rep\u00e9rages"},"content":{"rendered":"<figure id=\"attachment_2762\" aria-describedby=\"caption-attachment-2762\" style=\"width: 430px\" class=\"wp-caption alignleft\"><a href=\"http:\/\/www.fabricantsdefilms.occitanie-films.fr\/wp-content\/uploads\/2020\/02\/philippe-pangrazzi.jpg\"><img loading=\"lazy\" decoding=\"async\" class=\"wp-image-2762 size-medium\" src=\"http:\/\/www.fabricantsdefilms.occitanie-films.fr\/wp-content\/uploads\/2020\/02\/philippe-pangrazzi-430x537.jpg\" alt=\"\" width=\"430\" height=\"537\" srcset=\"https:\/\/www.fabricantsdefilms.occitanie-films.fr\/wp-content\/uploads\/2020\/02\/philippe-pangrazzi-430x537.jpg 430w, https:\/\/www.fabricantsdefilms.occitanie-films.fr\/wp-content\/uploads\/2020\/02\/philippe-pangrazzi-768x959.jpg 768w, https:\/\/www.fabricantsdefilms.occitanie-films.fr\/wp-content\/uploads\/2020\/02\/philippe-pangrazzi-700x874.jpg 700w, https:\/\/www.fabricantsdefilms.occitanie-films.fr\/wp-content\/uploads\/2020\/02\/philippe-pangrazzi-800x999.jpg 800w, https:\/\/www.fabricantsdefilms.occitanie-films.fr\/wp-content\/uploads\/2020\/02\/philippe-pangrazzi-500x624.jpg 500w, https:\/\/www.fabricantsdefilms.occitanie-films.fr\/wp-content\/uploads\/2020\/02\/philippe-pangrazzi.jpg 1602w\" sizes=\"auto, (max-width: 430px) 100vw, 430px\" \/><\/a><figcaption id=\"caption-attachment-2762\" class=\"wp-caption-text\">\u00a9 Ulrich Lebeuf<\/figcaption><\/figure>\n<h2><em>\u00ab <strong>Tu sais comment on dit rep\u00e9reur en anglais ? Location scout.<br \/>\nScout\u2026 Je suis un \u00e9claireur<\/strong>. \u00bb<\/em><\/h2>\n<h1>PHILIPPE PANGRAZZI, <strong>Responsable de r<\/strong>ep\u00e9rages<\/h1>\n<p style=\"text-align: justify;\">On l\u2019imagine ainsi, lampe au front, en avant-garde de la grande arm\u00e9e d\u2019un film, s\u2019avancer le premier dans des territoires \u00e0 d\u00e9fricher. Quartiers de villes, cabanes en for\u00eat, routes sinueuses en Bigorre ou rectilignes sur le Larzac, le rep\u00e9reur souvent est seul. Il a commenc\u00e9 son travail \u00e0 la table, par une \u00e9tude du sc\u00e9nario, une compr\u00e9hension des intentions des r\u00e9alisateur.rice.s, et continue par une exploration sur internet. <em>Google earth <\/em>l\u2019y aide bien.<\/p>\n<p>Ensuite il se met en route, s\u2019attable aux comptoirs, cr\u00e9e du lien, sonne aux portes. <em>\u00ab\u00a0Pour <\/em><strong>Za\u00ef Za\u00ef Za\u00ef Za\u00ef<\/strong><em> \u00e0 Montpellier, j\u2019ai fait le tour des quartiers qui m\u2019int\u00e9ressaient. Je cherchais une maison d\u2019architecte des ann\u00e9es 60. Je l\u2019ai trouv\u00e9e derri\u00e8re la gare. J\u2019ai sonn\u00e9. J\u2019ai expliqu\u00e9.\u00a0\u00bb <\/em>Il faut du culot dans ce m\u00e9tier. <em>\u00ab\u00a0Et du sourire,<\/em> <em>de la patience et de la bienveillance,<\/em> rajoute Philippe. <em>Car ce sont les gens que je rencontre qui m\u2019aident \u00e0 trouver les d\u00e9cors.\u00a0\u00bb<\/em><\/p>\n<p>Quand il d\u00e9crit des lieux pr\u00e9cis, en ce moment par exemple pour le film <strong><em>Selon la police<\/em><\/strong> de Fr\u00e9d\u00e9ric Videau, les mots sont pr\u00e9cis, les briques sont <em>\u00ab\u00a0rouges\u00a0\u00bb,<\/em> les montagnes sont <em>\u00ab\u00a0douces\u00a0\u00bb,<\/em> et ses mains soulignent chaque d\u00e9tail. <em>\u00ab\u00a0J\u2019aime ces moments-l\u00e0, quand on cherche, quand on trouve :<\/em> <em>c\u2019est plus fort que de lire ce qui a \u00e9t\u00e9 \u00e9crit, imagin\u00e9 dans le sc\u00e9nario. Lui, le d\u00e9cor, il existe\u00a0\u00bb.<\/em><\/p>\n<p>Un ami me dit qu\u2019\u00e0 la cinquantaine, les rep\u00e9reurs sont des gens de grande culture. Par la connaissance des territoires explor\u00e9s, ils sont all\u00e9s bien au-del\u00e0. <em>\u00ab\u00a0Le d\u00e9cor est un v\u00e9ritable personnage\u00a0\u00bb<\/em> explique Philippe, qui doit en ressentir puis en d\u00e9finir l\u2019\u00e2me. Des lieux qui, quelquefois, portent des charges. Ainsi cette maison des Vosges, pour le docu-fiction <strong><em>La R\u00e9sistance<\/em><\/strong> de Christophe Nick et Felix Olivier produit par France 2. Trouv\u00e9e par hasard, et devant servir de d\u00e9cor \u00e0 une r\u00e9union de r\u00e9sistant.e.s, elle avait d\u00e9j\u00e0 tenu cet usage durant la guerre. <em>\u00ab\u00a0Pour ce tournage, les \u00e9toiles \u00e9taient toutes align\u00e9es.\u00a0\u00bb<\/em> Cela arrive.<\/p>\n<p>Ce n\u2019est pas toujours le cas. A ses d\u00e9buts, Philippe se souvient d\u2019avoir, en tant que r\u00e9gisseur adjoint sur un tournage, d\u00fb <em>\u00ab\u00a0gravir un Everest\u00a0\u00bb<\/em>. Ce fut instructif : <em>\u00ab\u00a0On apprend tr\u00e8s vite la diplomatie, et \u00e0 mettre \u00e0 distance les \u00e9motions, \u00e0 accepter les humeurs, les hi\u00e9rarchies. Il faut un \u00ab\u00a0savoir-\u00eatre\u00a0\u00bb \u00e0 toute \u00e9preuve\u00a0\u00bb<\/em>. On se trouve pay\u00e9 en retour par des rencontres d\u00e9cisives. Philippe en cite quatre : le r\u00e9alisateur Alain Guiraudie qui l\u2019a boulevers\u00e9 par la pr\u00e9cision de son \u00e9criture et de ses intentions ; Delphine Comin, \u00e9tudiante \u00e0 l\u2019ENSAV ; Xavier Legris, directeur de production et Arnaud Esterez, assistant r\u00e9alisateur, qui l\u2019ont conduit dans des productions vertigineuses : <strong><em>D\u2019Artagnan<\/em><\/strong> de Peter Hyams ou <strong><em>Paris je t\u2019aime<\/em><\/strong> aux r\u00e9alisateurs multiples.<\/p>\n<p>Comme r\u00e9gisseur, directeur de production, puis assistant r\u00e9alisateur, il est pass\u00e9 de Hawa\u00ef \u00e0 Buenos Aires, de Bangkok \u00e0 la Sib\u00e9rie\u2026, tout en restant fid\u00e8le aux amis du cru, assistant r\u00e9alisateur pour <strong><em>Entre les bras<\/em><\/strong> de Paul Lacoste ou pour <strong><em>Ni Dieu ni ma\u00eetre<\/em><\/strong> d\u2019Eric Cherri\u00e8re.<\/p>\n<p>Gr\u00e2ce \u00e0 la multiplication r\u00e9cente des tournages en r\u00e9gion, il a recentr\u00e9 son activit\u00e9 sur les rep\u00e9rages. En 2019, il a travaill\u00e9 sur trois long-m\u00e9trages et deux t\u00e9l\u00e9films. Les cinq en Occitanie.<\/p>\n<p>Philippe Pangrazzi entre en cin\u00e9ma par la porte de la cin\u00e9philie. Lyc\u00e9en \u00e0 Pierre-de-Fermat \u00e0 Toulouse, les caissier.e.s du Rex et de l\u2019ABC le voient trois fois par semaine. Apr\u00e8s des \u00e9tudes d\u2019histoire, il fait l\u2019Ecole Sup\u00e9rieure d\u2019AudioVisuel de Toulouse. D\u00e9sormais Philippe y enseigne. <em>\u00ab\u00a0Chacun a son trousseau de cl\u00e9s, j\u2019aime bien l\u2019id\u00e9e de transmettre les miennes\u00a0aux faiseurs de films de demain. \u00bb <\/em><\/p>\n<p>Comment regarde-t-il les films aujourd\u2019hui ? <em>\u00ab Toujours avec la m\u00eame fra\u00eecheur je pense, mais avec une plus grande exigence. Je vois tr\u00e8s vite quand il y a un manque de travail.\u00a0\u00bb <\/em><\/p>\n<p style=\"text-align: justify;\">Avec plus de cinquante films \u00e0 son actif, quand Philippe parle de travail, il sait de quoi il parle<em>.<\/em><\/p>\n<address style=\"text-align: justify;\">\u00a0<\/address>\n<address style=\"text-align: justify;\">\u00a0<\/address>\n<h3 style=\"text-align: justify;\"><\/h3>\n<h3 style=\"text-align: justify;\">5 dates qui ont marqu\u00e9 le parcours de <strong>Philippe Pangrazzi<\/strong> :<\/h3>\n<p style=\"text-align: justify;\"><strong>1967<\/strong> : Naissance \u00e0 Auch<br \/>\n<strong>1993<\/strong> : Entr\u00e9e \u00e0 l\u2019Ecole Sup\u00e9rieure d\u2019AudioVisuel de Toulouse<br \/>\n<strong>1994<\/strong> : R\u00e9gisseur pour le court-m\u00e9trage d\u2019Alain Guiraudie <em><strong>Tout droit jusqu\u2019au matin<\/strong>, <\/em>prod. Grec<br \/>\n<strong>2004<\/strong>\u00a0: Tournage de <strong><em>Paris Je t\u2019aime<\/em><\/strong>, film compos\u00e9 de 18 s\u00e9quences r\u00e9alis\u00e9es par des cin\u00e9astes diff\u00e9rents, dont Olivier Assayas, Gus Van Sant, Nobuhiro Suwa, Walter Salles, Joel et Ethan Coen, Alexander Payne, Sylvain Chomet\u2026<br \/>\n<strong>2019<\/strong> : Entr\u00e9e comme professeur \u00e0 l\u2019Ecole Nationale Sup\u00e9rieure d\u2019AudioVisuel \u00e0 Toulouse<\/p>\n<h3 style=\"text-align: justify;\">5 films qui ont marqu\u00e9 le parcours de <strong>Philippe Pangrazzi<\/strong> :<\/h3>\n<p style=\"text-align: justify;\">R\u00e9gisseur adjoint pour <em><strong>D\u2019Artagnan<\/strong><\/em>, long m\u00e9trage de Peter Hyams, 2000, Caroussel Pictures<br \/>\nSecond assistant r\u00e9alisateur, <em><strong>Paris, Je t\u2019aime<\/strong><\/em>, Long m\u00e9trage, 2004, Victoires International Claudie Ossard<br \/>\nResponsable de rep\u00e9rages pour <strong><em>La R<\/em><em>\u00e9<\/em><em>sistance<\/em><\/strong>, docu-fiction de Felix Olivier, 2007, prod. France 2<br \/>\nPremier assistant r\u00e9alisateur pour <em><strong>Entre les bras<\/strong>,<\/em> documentaire de Paul Lacoste, 2012, prod. LeLoKal Production\/Everybody on Deck<br \/>\nPremier assistant r\u00e9alisateur pour <em><strong>Jeune<\/strong>,<\/em> documentaire de Christian Zerbib sur des jeunes descolaris\u00e9s, 2013, prod. VeO2max<\/p>\n<h3 style=\"text-align: justify;\">Son actualit\u00e9 :<\/h3>\n<p style=\"text-align: justify;\"><em><strong>Le Canal des secrets<\/strong>, <\/em>t\u00e9l\u00e9film de Julien Zidi, prod. Septembre production \/ France 3, tournage dans l\u2019Aude<br \/>\n<em><strong>Za\u00ef Za\u00ef Za\u00ef Za\u00ef<\/strong>,<\/em> film de Fran\u00e7ois Desegnat, prod. 24 25 films, tournage en Aveyron et dans l\u2019H\u00e9rault<br \/>\n<em><strong>Selon La police<\/strong>, <\/em>film de Fr\u00e9d\u00e9ric Videau, prod. Bus films, tournage \u00e0 Toulouse et ses environs<br \/>\n<strong><em>Presque<\/em><\/strong> de Bernard Campan et Alexandre Jollien, Pan Europ\u00e9enne, Montpellier et ses environs<br \/>\nProfessorat \u00e0 l\u2019ENSAV<\/p>\n","protected":false},"excerpt":{"rendered":"<p>\u00ab Tu sais comment on dit rep\u00e9reur en anglais ? Location scout. Scout\u2026 Je suis un \u00e9claireur. \u00bb PHILIPPE PANGRAZZI, Responsable de rep\u00e9rages On l\u2019imagine ainsi, lampe au front, en avant-garde de la grande arm\u00e9e d\u2019un film, s\u2019avancer le premier dans des territoires \u00e0 d\u00e9fricher. Quartiers de villes, cabanes en for\u00eat, routes sinueuses en Bigorre ou rectilignes sur le Larzac, le rep\u00e9reur souvent est seul. Il a commenc\u00e9 son travail \u00e0 la table, par une \u00e9tude du sc\u00e9nario, une compr\u00e9hension des intentions des r\u00e9alisateur.rice.s, et continue par une exploration sur internet. Google earth l\u2019y aide bien. Ensuite il se met [&hellip;]<\/p>\n","protected":false},"author":1,"featured_media":0,"parent":0,"menu_order":2,"comment_status":"closed","ping_status":"closed","template":"template-fullwidth.php","meta":{"footnotes":""},"class_list":["post-2773","page","type-page","status-publish","hentry"],"_links":{"self":[{"href":"https:\/\/www.fabricantsdefilms.occitanie-films.fr\/index.php?rest_route=\/wp\/v2\/pages\/2773","targetHints":{"allow":["GET"]}}],"collection":[{"href":"https:\/\/www.fabricantsdefilms.occitanie-films.fr\/index.php?rest_route=\/wp\/v2\/pages"}],"about":[{"href":"https:\/\/www.fabricantsdefilms.occitanie-films.fr\/index.php?rest_route=\/wp\/v2\/types\/page"}],"author":[{"embeddable":true,"href":"https:\/\/www.fabricantsdefilms.occitanie-films.fr\/index.php?rest_route=\/wp\/v2\/users\/1"}],"replies":[{"embeddable":true,"href":"https:\/\/www.fabricantsdefilms.occitanie-films.fr\/index.php?rest_route=%2Fwp%2Fv2%2Fcomments&post=2773"}],"version-history":[{"count":2,"href":"https:\/\/www.fabricantsdefilms.occitanie-films.fr\/index.php?rest_route=\/wp\/v2\/pages\/2773\/revisions"}],"predecessor-version":[{"id":2782,"href":"https:\/\/www.fabricantsdefilms.occitanie-films.fr\/index.php?rest_route=\/wp\/v2\/pages\/2773\/revisions\/2782"}],"wp:attachment":[{"href":"https:\/\/www.fabricantsdefilms.occitanie-films.fr\/index.php?rest_route=%2Fwp%2Fv2%2Fmedia&parent=2773"}],"curies":[{"name":"wp","href":"https:\/\/api.w.org\/{rel}","templated":true}]}}