{"id":2848,"date":"2021-04-26T09:17:41","date_gmt":"2021-04-26T08:17:41","guid":{"rendered":"http:\/\/www.fabricantsdefilms.occitanie-films.fr\/?page_id=2848"},"modified":"2021-04-26T09:17:41","modified_gmt":"2021-04-26T08:17:41","slug":"alain-temmerman-agrandissement-3","status":"publish","type":"page","link":"https:\/\/www.fabricantsdefilms.occitanie-films.fr\/?page_id=2848","title":{"rendered":"LEO PONGE"},"content":{"rendered":"<h1 style=\"text-align: left;\">Chef \u00e9lectricien et r\u00e9alisateur<\/h1>\n<figure id=\"attachment_2836\" aria-describedby=\"caption-attachment-2836\" style=\"width: 2000px\" class=\"wp-caption alignleft\"><a href=\"http:\/\/www.fabricantsdefilms.occitanie-films.fr\/wp-content\/uploads\/2021\/04\/leo-ponge-occitanie-film-ul-myop.jpg\"><img loading=\"lazy\" decoding=\"async\" class=\"wp-image-2836 size-full\" src=\"http:\/\/www.fabricantsdefilms.occitanie-films.fr\/wp-content\/uploads\/2021\/04\/leo-ponge-occitanie-film-ul-myop.jpg\" alt=\"\" width=\"2000\" height=\"2498\" srcset=\"https:\/\/www.fabricantsdefilms.occitanie-films.fr\/wp-content\/uploads\/2021\/04\/leo-ponge-occitanie-film-ul-myop.jpg 2000w, https:\/\/www.fabricantsdefilms.occitanie-films.fr\/wp-content\/uploads\/2021\/04\/leo-ponge-occitanie-film-ul-myop-430x537.jpg 430w, https:\/\/www.fabricantsdefilms.occitanie-films.fr\/wp-content\/uploads\/2021\/04\/leo-ponge-occitanie-film-ul-myop-768x959.jpg 768w, https:\/\/www.fabricantsdefilms.occitanie-films.fr\/wp-content\/uploads\/2021\/04\/leo-ponge-occitanie-film-ul-myop-700x874.jpg 700w, https:\/\/www.fabricantsdefilms.occitanie-films.fr\/wp-content\/uploads\/2021\/04\/leo-ponge-occitanie-film-ul-myop-800x999.jpg 800w, https:\/\/www.fabricantsdefilms.occitanie-films.fr\/wp-content\/uploads\/2021\/04\/leo-ponge-occitanie-film-ul-myop-500x625.jpg 500w\" sizes=\"auto, (max-width: 2000px) 100vw, 2000px\" \/><\/a><figcaption id=\"caption-attachment-2836\" class=\"wp-caption-text\">L\u00e9o Ponge, Chef \u00e9lectro, r\u00e9alisateur. Photo: Ulrich Lebeuf \/ Myop<\/figcaption><\/figure>\n<p style=\"text-align: center;\">\n","protected":false},"excerpt":{"rendered":"<p>Chef \u00e9lectricien et r\u00e9alisateur<\/p>\n","protected":false},"author":1,"featured_media":0,"parent":0,"menu_order":68,"comment_status":"closed","ping_status":"closed","template":"template-fullwidth.php","meta":{"footnotes":""},"class_list":["post-2848","page","type-page","status-publish","hentry"],"_links":{"self":[{"href":"https:\/\/www.fabricantsdefilms.occitanie-films.fr\/index.php?rest_route=\/wp\/v2\/pages\/2848","targetHints":{"allow":["GET"]}}],"collection":[{"href":"https:\/\/www.fabricantsdefilms.occitanie-films.fr\/index.php?rest_route=\/wp\/v2\/pages"}],"about":[{"href":"https:\/\/www.fabricantsdefilms.occitanie-films.fr\/index.php?rest_route=\/wp\/v2\/types\/page"}],"author":[{"embeddable":true,"href":"https:\/\/www.fabricantsdefilms.occitanie-films.fr\/index.php?rest_route=\/wp\/v2\/users\/1"}],"replies":[{"embeddable":true,"href":"https:\/\/www.fabricantsdefilms.occitanie-films.fr\/index.php?rest_route=%2Fwp%2Fv2%2Fcomments&post=2848"}],"version-history":[{"count":1,"href":"https:\/\/www.fabricantsdefilms.occitanie-films.fr\/index.php?rest_route=\/wp\/v2\/pages\/2848\/revisions"}],"predecessor-version":[{"id":2849,"href":"https:\/\/www.fabricantsdefilms.occitanie-films.fr\/index.php?rest_route=\/wp\/v2\/pages\/2848\/revisions\/2849"}],"wp:attachment":[{"href":"https:\/\/www.fabricantsdefilms.occitanie-films.fr\/index.php?rest_route=%2Fwp%2Fv2%2Fmedia&parent=2848"}],"curies":[{"name":"wp","href":"https:\/\/api.w.org\/{rel}","templated":true}]}}