{"id":2926,"date":"2021-05-11T14:03:51","date_gmt":"2021-05-11T13:03:51","guid":{"rendered":"http:\/\/www.fabricantsdefilms.occitanie-films.fr\/?page_id=2926"},"modified":"2021-05-19T14:46:42","modified_gmt":"2021-05-19T13:46:42","slug":"alain-temmerman-2-4-4-2","status":"publish","type":"page","link":"https:\/\/www.fabricantsdefilms.occitanie-films.fr\/?page_id=2926","title":{"rendered":"Administratrice de production"},"content":{"rendered":"<p><a href=\"http:\/\/www.fabricantsdefilms.occitanie-films.fr\/wp-content\/uploads\/2021\/05\/tastet2000x2000.jpg\"><img loading=\"lazy\" decoding=\"async\" class=\"alignleft wp-image-2941 size-medium\" src=\"http:\/\/www.fabricantsdefilms.occitanie-films.fr\/wp-content\/uploads\/2021\/05\/tastet2000x2000-430x430.jpg\" alt=\"\" width=\"430\" height=\"430\" srcset=\"https:\/\/www.fabricantsdefilms.occitanie-films.fr\/wp-content\/uploads\/2021\/05\/tastet2000x2000-430x430.jpg 430w, https:\/\/www.fabricantsdefilms.occitanie-films.fr\/wp-content\/uploads\/2021\/05\/tastet2000x2000-150x150.jpg 150w, https:\/\/www.fabricantsdefilms.occitanie-films.fr\/wp-content\/uploads\/2021\/05\/tastet2000x2000-768x768.jpg 768w, https:\/\/www.fabricantsdefilms.occitanie-films.fr\/wp-content\/uploads\/2021\/05\/tastet2000x2000-700x700.jpg 700w, https:\/\/www.fabricantsdefilms.occitanie-films.fr\/wp-content\/uploads\/2021\/05\/tastet2000x2000-800x800.jpg 800w, https:\/\/www.fabricantsdefilms.occitanie-films.fr\/wp-content\/uploads\/2021\/05\/tastet2000x2000-500x500.jpg 500w, https:\/\/www.fabricantsdefilms.occitanie-films.fr\/wp-content\/uploads\/2021\/05\/tastet2000x2000.jpg 2000w\" sizes=\"auto, (max-width: 430px) 100vw, 430px\" \/><\/a><\/p>\n<h2 style=\"text-align: justify;\"><em>\u00ab <strong>J\u2019aime d\u00e9cortiquer les n\u0153uds et faire en sorte que tout le monde ait du plaisir \u00e0 travailler.<\/strong> \u00bb<br \/>\n<\/em><\/h2>\n<h1 style=\"text-align: justify;\">MURIEL TASTET, Administratrice de production<\/h1>\n<p class=\"CorpsA\" style=\"text-align: justify;\">On l\u2019attrape au vol sur le tournage de la quotidienne de France 2, <em><strong>Un si grand soleil<\/strong><\/em> \u00e0 Vendargues (34). Les journ\u00e9es sont courtes. Elle y effectue un remplacement et le challenge est complexe : \u00ab <em>Il s\u2019agit d\u2019assimiler trois ans de construction d\u2019un lieu de production et de r\u00e9ussir \u00e0 produire au plus pr\u00e8s de ce que le coll\u00e8gue que je remplace a mis en place sur l\u2019administration, aux c\u00f4t\u00e9s du producteur ex\u00e9cutif<\/em>.\u00a0\u00bb C\u2019est un d\u00e9fi qu\u2019elle rel\u00e8ve avec l\u2019\u00e9nergie que lui procure la libert\u00e9 qu\u2019elle s\u2019est cr\u00e9\u00e9e : choisir les contrats dans lesquels elle s\u2019engage.<\/p>\n<p style=\"text-align: justify;\">C\u2019est la rencontre avec Christian Rouaud \u00e0 Bagn\u00e8res-de-Bigorre (65) en 1997 qui va l\u2019aiguiller vers la production et la gestion d\u2019une soci\u00e9t\u00e9 de production, Entre2prises, o\u00f9 elle s\u2019occupe encore aujourd\u2019hui de la gestion des salaires, \u00ab <em>parce que ce sont des copains<\/em>.\u00a0\u00bb A Vic-en-Bigorre, o\u00f9 elle r\u00e9sidait alors, avait lieu chaque ann\u00e9e un festival \u00ab\u00a0Champ et Contrechamps\u00a0\u00bb, pilot\u00e9 par la Cumav 65. Ce collectif, initialement destin\u00e9 \u00e0 la mise en commun de mat\u00e9riel audiovisuel et initi\u00e9 par un enseignant en lyc\u00e9e agricole, Jacky Tujague, anime le territoire bigourdan depuis les ann\u00e9es 1980. Muriel, apr\u00e8s diverses exp\u00e9riences professionnelles, mais aussi de vie associative, s\u2019engage dans l\u2019\u00e9quipe du festival. \u00ab\u00a0<em>Je rencontre Jacky dans la rue, il me propose un remplacement, je lui dis que je n\u2019y connais rien, j\u2019y suis rest\u00e9e 15 ans<\/em>.\u00a0\u00bb<\/p>\n<p style=\"text-align: justify;\">Avec Christian Rouaud, elle va faire partie de la petite \u00e9quipe de <em><strong>Tous au Larzac<\/strong><\/em>, plus d\u2019un an \u00e0 tourner sur le plateau aveyronnais \u00e0 la rencontre de celles et ceux qui ont port\u00e9 la lutte contre l\u2019extension du camp militaire dans les ann\u00e9es 1970. \u00ab\u00a0<em>C\u2019\u00e9tait extraordinaire comme aventure humaine<\/em>.\u00a0\u00bb Quand Marizette Tarlier, l\u2019une des figures du mouvement du Larzac et du film de Christian Rouaud, est d\u00e9c\u00e9d\u00e9e en septembre dernier, \u00ab\u00a0<em>j\u2019ai perdu comme quelqu\u2019un de ma famille<\/em>\u00a0\u00bb s\u2019\u00e9meut Muriel.<\/p>\n<p style=\"text-align: justify;\">S\u2019embarquer, c\u2019est son mot. Au loin de son Tarn-et-Garonne d\u2019adoption, en Afrique, \u00e0 Kinshasa, au S\u00e9n\u00e9gal ou \u00e0 Lille pour <em><strong>les Petits meurtres d\u2019Agatha Christie<\/strong><\/em>. \u00ab\u00a0<em>Pour cette s\u00e9rie, c\u2019est deux fois 18 semaines par an \u00e0 partir de chez soi. Avec le temps, j\u2019y ai cr\u00e9\u00e9 de tr\u00e8s belles amiti\u00e9s<\/em>.\u00a0\u00bb A la question, na\u00efve : \u00ab\u00a0<em>Mais ce travail n\u00e9cessite-t-il une pr\u00e9sence sur le tournage ?<\/em>\u00a0\u00bb, elle r\u00e9pond par une affirmative plus que convaincue. \u00ab\u00a0<em>C\u2019est l\u2019int\u00e9r\u00eat de ce m\u00e9tier. J\u2019adore cela, voir se construire une petite famille en pr\u00e9paration puis pendant le tournage et une mini-ville qui va s\u2019activer pendant neuf semaines !<\/em>\u00a0\u00bb.<\/p>\n<p style=\"text-align: justify;\">Son autre approche pour choisir ses embarcations, c\u2019est la lecture des sc\u00e9narios. Elle aime \u00ab\u00a0<em>prendre connaissance des r\u00e9cits<\/em>\u00a0\u00bb avant de se plonger dans les chiffres. Administrer la production d\u2019un film, d\u2019un t\u00e9l\u00e9film ou d\u2019une s\u00e9rie, c\u2019est ma\u00eetriser \u00e0 la fois la comptabilit\u00e9, la gestion globale du budget et des salaires. C\u2019est conna\u00eetre la diversit\u00e9 des conventions collectives et les obligations l\u00e9gales et fiscales. Sa mission commence en amont du tournage et consiste \u00e0 suivre la totalit\u00e9 de l\u2019aventure jusqu\u2019\u00e0 la post-production et le \u00ab\u00a0<em>pr\u00eat-\u00e0-diffuser\u00a0<\/em>\u00bb.<\/p>\n<p style=\"text-align: justify;\">Si l\u2019\u00e2ge de la retraite approche, elle ne s\u2019y voit pas forc\u00e9ment. Elle avoue avoir toujours autant de plaisir \u00e0 travailler. Cet attrait s\u2019enracine dans l\u2019enfance, quand elle musardait dans les coulisses de la Com\u00e9die Fran\u00e7aise et du th\u00e9\u00e2tre de l\u2019Odeon. Son grand-p\u00e8re \u00e9tait d\u00e9corateur de la compagnie Renaud-Barrault et lui ramenait toujours de ses tourn\u00e9es lointaines monts et merveilles. \u00ab\u00a0<em>Je jouais sur les genoux des actrices et des acteurs<\/em>.\u00a0\u00bb Elle y a pris d\u00e9finitivement le go\u00fbt des belles histoires<span class=\"Aucun\"><span style=\"font-size: 12.0pt;\">.<\/span><\/span><\/p>\n<h3 style=\"text-align: justify;\"><\/h3>\n<p>&nbsp;<\/p>\n<h3 style=\"text-align: justify;\"><strong>5 dates qui ont marqu\u00e9 le parcours de Muriel Tastet :<\/strong><\/h3>\n<p class=\"CorpsA\" style=\"text-align: justify;\"><strong>1974<\/strong> : D\u00e9part de Paris, arriv\u00e9e \u00e0 Vic-en-Bigorre.<br \/>\n<strong>1993 \u00e0 2008<\/strong> : Festival Champ et Contrechamps en Bigorre.<br \/>\n<strong>2008 \/ 2009<\/strong> : Ann\u00e9e charni\u00e8re. Premi\u00e8res exp\u00e9riences d\u2019administration dans l\u2019audiovisuel (Millimages \/ BAC Films, Groupe Lagard\u00e8re \/ Leovision\u2026).<br \/>\n<strong>2018<\/strong> : Administratrice et gestion sur <em><strong>Deux<\/strong><\/em>, de Filippo Meneghetti. \u00ab\u00a0<em>Un tr\u00e8s beau film\u00a0<\/em>\u00bb.<br \/>\n<strong>2020<\/strong> : Administratrice et gestion sur\u00a0<em><strong>Madeleine Collins<\/strong><\/em>. \u00ab\u00a0<em>Un autre tr\u00e8s beau film\u00a0!<\/em> \u00bb.<\/p>\n<h3 style=\"text-align: justify;\"><strong><br \/>\nFilms qui ont marqu\u00e9 le parcours de <\/strong><strong>Muriel Tastet<\/strong> <strong>:<\/strong><\/h3>\n<p style=\"text-align: justify;\"><em><strong>Viva Riva !<\/strong><\/em> de Djo Tunda Wa Munga. Formosa Productions. 2010.<br \/>\n<em><strong>Tous au Larzac<\/strong><\/em> de Christian Rouaud. Prod. Elz\u00e9vir Films. 2011.<br \/>\n<em><strong>La pirogue<\/strong> <\/em>de Moussa Tour\u00e9. Prod. Les Chauves-souris. 2012<br \/>\n<em><strong>Deux<\/strong><\/em> de Filippo Meneghetti. Prod. Paprika Films. 2019.<br \/>\n<em><strong>Madeleine Collins<\/strong><\/em> d\u2019Antoine Barraud. Prod. Les Films du B\u00e9lier. 2020.<\/p>\n<p>&nbsp;<\/p>\n<p>&nbsp;<\/p>\n","protected":false},"excerpt":{"rendered":"<p>\u00ab J\u2019aime d\u00e9cortiquer les n\u0153uds et faire en sorte que tout le monde ait du plaisir \u00e0 travailler. \u00bb MURIEL TASTET, Administratrice de production On l\u2019attrape au vol sur le tournage de la quotidienne de France 2, Un si grand soleil \u00e0 Vendargues (34). Les journ\u00e9es sont courtes. Elle y effectue un remplacement et le challenge est complexe : \u00ab Il s\u2019agit d\u2019assimiler trois ans de construction d\u2019un lieu de production et de r\u00e9ussir \u00e0 produire au plus pr\u00e8s de ce que le coll\u00e8gue que je remplace a mis en place sur l\u2019administration, aux c\u00f4t\u00e9s du producteur ex\u00e9cutif.\u00a0\u00bb C\u2019est un [&hellip;]<\/p>\n","protected":false},"author":1,"featured_media":0,"parent":0,"menu_order":2,"comment_status":"closed","ping_status":"closed","template":"template-fullwidth.php","meta":{"footnotes":""},"class_list":["post-2926","page","type-page","status-publish","hentry"],"_links":{"self":[{"href":"https:\/\/www.fabricantsdefilms.occitanie-films.fr\/index.php?rest_route=\/wp\/v2\/pages\/2926","targetHints":{"allow":["GET"]}}],"collection":[{"href":"https:\/\/www.fabricantsdefilms.occitanie-films.fr\/index.php?rest_route=\/wp\/v2\/pages"}],"about":[{"href":"https:\/\/www.fabricantsdefilms.occitanie-films.fr\/index.php?rest_route=\/wp\/v2\/types\/page"}],"author":[{"embeddable":true,"href":"https:\/\/www.fabricantsdefilms.occitanie-films.fr\/index.php?rest_route=\/wp\/v2\/users\/1"}],"replies":[{"embeddable":true,"href":"https:\/\/www.fabricantsdefilms.occitanie-films.fr\/index.php?rest_route=%2Fwp%2Fv2%2Fcomments&post=2926"}],"version-history":[{"count":3,"href":"https:\/\/www.fabricantsdefilms.occitanie-films.fr\/index.php?rest_route=\/wp\/v2\/pages\/2926\/revisions"}],"predecessor-version":[{"id":2946,"href":"https:\/\/www.fabricantsdefilms.occitanie-films.fr\/index.php?rest_route=\/wp\/v2\/pages\/2926\/revisions\/2946"}],"wp:attachment":[{"href":"https:\/\/www.fabricantsdefilms.occitanie-films.fr\/index.php?rest_route=%2Fwp%2Fv2%2Fmedia&parent=2926"}],"curies":[{"name":"wp","href":"https:\/\/api.w.org\/{rel}","templated":true}]}}