{"id":2972,"date":"2021-05-26T16:05:16","date_gmt":"2021-05-26T15:05:16","guid":{"rendered":"http:\/\/www.fabricantsdefilms.occitanie-films.fr\/?page_id=2972"},"modified":"2024-03-05T11:11:11","modified_gmt":"2024-03-05T10:11:11","slug":"alain-temmerman-2-4-6-2","status":"publish","type":"page","link":"https:\/\/www.fabricantsdefilms.occitanie-films.fr\/?page_id=2972","title":{"rendered":"R\u00e9gisseur"},"content":{"rendered":"<p><a href=\"http:\/\/www.fabricantsdefilms.occitanie-films.fr\/wp-content\/uploads\/2021\/05\/etienne-miollan-ul-myop-8987.jpg\"><img loading=\"lazy\" decoding=\"async\" class=\"alignleft wp-image-2968 size-medium\" src=\"http:\/\/www.fabricantsdefilms.occitanie-films.fr\/wp-content\/uploads\/2021\/05\/etienne-miollan-ul-myop-8987-430x537.jpg\" alt=\"\" width=\"430\" height=\"537\" srcset=\"https:\/\/www.fabricantsdefilms.occitanie-films.fr\/wp-content\/uploads\/2021\/05\/etienne-miollan-ul-myop-8987-430x537.jpg 430w, https:\/\/www.fabricantsdefilms.occitanie-films.fr\/wp-content\/uploads\/2021\/05\/etienne-miollan-ul-myop-8987-768x959.jpg 768w, https:\/\/www.fabricantsdefilms.occitanie-films.fr\/wp-content\/uploads\/2021\/05\/etienne-miollan-ul-myop-8987-700x874.jpg 700w, https:\/\/www.fabricantsdefilms.occitanie-films.fr\/wp-content\/uploads\/2021\/05\/etienne-miollan-ul-myop-8987-800x999.jpg 800w, https:\/\/www.fabricantsdefilms.occitanie-films.fr\/wp-content\/uploads\/2021\/05\/etienne-miollan-ul-myop-8987-500x624.jpg 500w, https:\/\/www.fabricantsdefilms.occitanie-films.fr\/wp-content\/uploads\/2021\/05\/etienne-miollan-ul-myop-8987.jpg 2000w\" sizes=\"auto, (max-width: 430px) 100vw, 430px\" \/><\/a><\/p>\n<h2 style=\"text-align: justify;\"><em>\u00ab <strong>\u00catre investis ensemble au service d\u2019un film. <\/strong>\u00bb<br \/>\n<\/em><\/h2>\n<h1 style=\"text-align: justify;\">ETIENNE MIOLLAN, R\u00e9gisseur<\/h1>\n<p class=\"CorpsA\" style=\"text-align: justify;\">Il rentre d\u2019un tournage un peu plus long que pr\u00e9vu, pour la s\u00e9rie <strong><em>Crimes \u00e0\u2026<\/em><\/strong> pour France 3, \u00e0 Biot dans les Alpes-Maritimes. Un cas positif d\u00e9clar\u00e9, des plans de travail \u00e0 d\u00e9tricoter, re-tricoter&#8230; C\u2019est l\u2019une des qualit\u00e9s d\u2019un r\u00e9gisseur, la r\u00e9activit\u00e9. Si on lui demande quelles autres comp\u00e9tences il lui semble n\u00e9cessaire d\u2019acqu\u00e9rir, il r\u00e9pond dans un grand sourire : <em>\u00ab de la bonne humeur\u00a0\u00bb<\/em>. Et il reprend : \u00ab<em> Il faut avoir de l\u2019empathie et de l\u2019\u00e9coute.\u00a0Avec les gens qui nous ouvrent les portes de leurs maisons, de leurs territoires, on doit cr\u00e9er de vraies relations et pouvoir tout se dire pour mieux pr\u00e9parer \u00e0 l\u2019arriv\u00e9e d\u2019un tournage.\u00a0Avec l\u2019\u00e9quipe, c\u2019est la m\u00eame chose, on est au service du film, autant insuffler autour de soi cet \u00e9tat d\u2019esprit.\u00a0\u00bb<\/em><\/p>\n<p>Une mani\u00e8re d\u2019\u00eatre qui cr\u00e9e autour de lui bien des fid\u00e9lit\u00e9s. Arriv\u00e9 dans <strong><em>Crimes \u00e0&#8230;<\/em><\/strong> en 2013 en tant qu\u2019assistant r\u00e9gisseur adjoint, il est devenu membre \u00e0 part enti\u00e8re de l\u2019\u00e9quipe. Pour cette premi\u00e8re, c\u2019\u00e9tait \u00e0 Laguiole, au Nord de son Sud-Aveyron d\u2019origine, lui natif de Millau. Fid\u00e9lit\u00e9 au r\u00e9gisseur g\u00e9n\u00e9ral, \u00e9galement, Sylvain Provost, avec qui il travaille depuis 2007. <em>\u00ab\u00a0J\u2019ai beaucoup appris de lui, on s\u2019est rencontr\u00e9s pour une s\u00e9rie ambitieuse, de douze \u00e9pisodes, \u00e0 Toulouse, <strong>Disparitions<\/strong>, ma premi\u00e8re exp\u00e9rience en tant que rep\u00e9reur puis r\u00e9gisseur.\u00a0\u00bb<\/em><\/p>\n<p>A cette \u00e9poque-l\u00e0, \u00c9tienne Miollan est assistant de production pour KProduction. Soci\u00e9t\u00e9 toulousaine fond\u00e9e en 1995, elle a produit la plupart des films de Jacques Mitsch, les premiers films d\u2019Alain Guiraudie, Eric Cherri\u00e8re&#8230; \u00c9tienne, alors \u00e9tudiant en production audiovisuelle \u00e0 l\u2019IUP ISIC de Bordeaux, y effectue un premier stage et y reste six ans. Produire c\u2019est participer \u00e0 la conception, pr\u00e9parer les tournages, s\u2019y rendre de temps en temps&#8230; Et lui voudrait en \u00eatre pleinement. C\u2019est pour cela qu\u2019il est venu au cin\u00e9ma. Apr\u00e8s une licence d\u2019histoire, il tourne un premier court-m\u00e9trage avec des amis et, plus qu\u2019\u00e0 r\u00e9aliser, il prend un r\u00e9el plaisir \u00e0 organiser le tournage.<\/p>\n<p>La r\u00e9gie lui permet cette immersion totale. Pendant le tournage, il organise les journ\u00e9es des \u00e9quipes, la logistique (h\u00e9bergements, locations de v\u00e9hicules\u2026) et la mise en place inh\u00e9rente \u00e0 chaque d\u00e9cor. \u00ab\u00a0<em>A Biot, on a d\u00fb reconstituer une place de village vivante en temps de pand\u00e9mie : faire rouvrir des terrasses de bar, meubler des locaux vides, d\u00e9placer des jardini\u00e8res qui g\u00eanaient les angles de vue, s\u2019assurer de la disponibilit\u00e9 des coffrets \u00e9lectriques forains\u2026 Et v\u00e9rifier que le tournage n\u2019ait pas lieu un jour de march\u00e9.\u00a0\u00bb. <\/em>Mais aussi en amont dans la pr\u00e9paration. <em>\u00ab\u00a0C\u2019est essentiel. C\u2019est l\u00e0 qu\u2019on cr\u00e9e des liens avec les gens et qu\u2019on rep\u00e8re celles et ceux qui vont nous aider \u00e0 d\u00e9bloquer une situation. Pour ce dernier <strong>Crimes \u00e0\u2026<\/strong> le r\u00e9alisateur voulait faire un clin d\u2019\u0153il au <strong>Triporteur<\/strong> de Darry Cowl qui a \u00e9t\u00e9 tourn\u00e9 l\u00e0-bas. Je me suis adress\u00e9 \u00e0 une personne qui connaissait tout de la r\u00e9gion et qui m\u2019a aiguill\u00e9 de suite pour trouver un tel v\u00e9hicule.\u00a0\u00bb<\/em><\/p>\n<p class=\"CorpsA\" style=\"text-align: justify;\"><span class=\"Aucun\"><span style=\"font-size: 12.0pt;\">En vingt ans, les tournages se sont encha\u00een\u00e9s jusqu\u2019\u00e0 <strong><em>Serre-moi fort<\/em><\/strong> de Mathieu Amalric tourn\u00e9 en 2019 et 2020 et qui va le marquer durablement. <em>\u00ab\u00a0Je suis tr\u00e8s fier d\u2019avoir travaill\u00e9 pour ce film. Mathieu Amalric est quelqu\u2019un d\u2019exceptionnel, qui a su nous f\u00e9d\u00e9rer autour de son \u0153uvre, comme \u00e0 se pencher tous autour du berceau de son nouveau-n\u00e9.\u00a0\u00bb<\/em> Pour la projection priv\u00e9e d\u2019octobre dernier \u00e0 Saint-Gaudens en Haute-Garonne, l\u2019un des lieux du tournage du film, Mathieu Amalric a appel\u00e9 tous les membres de l\u2019\u00e9quipe. \u00c9tienne \u00e9tait pris par la quotidienne de TF1\u00a0<strong><em>Ici tout commence <\/em><\/strong>dans le Gard. <em>\u00ab Mathieu \u00e9tait tellement contrari\u00e9 que je ne puisse pas \u00eatre l\u00e0 que j\u2019ai tout fait pour venir. <\/em><i>\u00bb<\/i><\/span><\/span><\/p>\n<h3 style=\"text-align: justify;\"><\/h3>\n<p>&nbsp;<\/p>\n<h3 style=\"text-align: justify;\"><strong>5 dates qui ont marqu\u00e9 le parcours de Etienne Miollan :<\/strong><\/h3>\n<p class=\"CorpsA\" style=\"text-align: justify;\"><span class=\"Aucun\"><b><span style=\"font-size: 12.0pt;\">1976 : <\/span><\/b><\/span><span class=\"Aucun\"><span style=\"font-size: 12.0pt;\">Naissance \u00e0 Millau (Aveyron).<br \/>\n<\/span><\/span><span class=\"Aucun\"><b><span style=\"font-size: 12.0pt;\">1998\u00a0:<\/span><\/b><\/span><span class=\"Aucun\"><span style=\"font-size: 12.0pt;\"> <i><strong>Les Barbares contre les Ninjas<\/strong>,<\/i> court-m\u00e9trage d\u2019Etienne, un <i>\u00ab\u00a0p\u00e9plum punk vraiment trop long tourn\u00e9 avec des amis\u00a0\u00bb<\/i> sur l\u2019Aubrac.<br \/>\n<\/span><\/span><span class=\"Aucun\"><b><span style=\"font-size: 12.0pt;\">2001 : <\/span><\/b><\/span><span class=\"Aucun\"><span style=\"font-size: 12.0pt;\">Ma\u00eetrise des Sciences de l\u2019information et de la communication, option production audiovisuelle. ISIC\/IUP de l\u2019Universit\u00e9 de Bordeaux III-Montaigne.<br \/>\n<\/span><\/span><span class=\"Aucun\"><b><span style=\"font-size: 12.0pt;\">2001-2007 :<\/span><\/b><\/span><span class=\"Aucun\"><span style=\"font-size: 12.0pt;\"> Assistant de production pour KProduction \u00e0 Toulouse. Documentaires <i>(<strong>Fumel, de feu, de fer et de rock<\/strong> <\/i>de Jacques Mitsch, <i><strong>Le crime<\/strong> de Zacarias Barrientos <\/i>de Ludovic Bonleux\u2026) et fictions <i>(<strong>L\u2019usine s\u2019engage<\/strong><\/i> de Jacques Mitsch,<strong><i> La Main noire <\/i><\/strong>d\u2019Eric Cherri\u00e8re\u2026).<br \/>\n<\/span><\/span><span class=\"Aucun\"><b><span style=\"font-size: 12.0pt;\">2007<\/span><\/b><\/span><span class=\"Aucun\"><span style=\"font-size: 12.0pt;\"> : Tournage de la s\u00e9rie <strong><i>Disparitions<\/i><\/strong> \u00e0 Toulouse, diffus\u00e9e sur France 3. Premier poste en tant que rep\u00e9reur puis assistant r\u00e9gisseur adjoint<\/span><\/span><span class=\"Aucun\"><span style=\"font-size: 12.0pt;\">.<\/span><\/span><\/p>\n<h3 style=\"text-align: justify;\"><strong><br \/>\nFilms qui ont marqu\u00e9 le parcours de\u00a0<\/strong><strong>Etienne Miollan <\/strong><strong>:<\/strong><\/h3>\n<p style=\"text-align: justify;\"><span class=\"Aucun\"><b><i><span style=\"font-size: 12.0pt;\">Fono et ses fr\u00e8res,<\/span><\/i><\/b><\/span><b> <\/b><span class=\"Aucun\"><span style=\"font-size: 12.0pt;\">de Christophe Vindis, Antea, 2011, tourn\u00e9 \u00e0 Agen et dans les Iles Tonga. Charg\u00e9 de production et r\u00e9gisseur.<br \/>\n<\/span><\/span><span class=\"Aucun\"><b><i><span style=\"font-size: 12.0pt;\">Un beau dimanche,<\/span><\/i><\/b><\/span><span class=\"Aucun\"><span style=\"font-size: 12.0pt;\"> de Nicole Garcia, Les films Pelleas, 2012, tourn\u00e9 \u00e0 Toulouse. R\u00e9gisseur adjoint.<br \/>\n<\/span><\/span><span class=\"Aucun\"><b><i><span style=\"font-size: 12.0pt;\">Cruel,<\/span><\/i><\/b><\/span><span class=\"Aucun\"><span style=\"font-size: 12.0pt;\"> d\u2019Eric Cherri\u00e8re, De Pure Fiction, 2014. Tourn\u00e9 dans le Lot et \u00e0 Toulouse. R\u00e9gisseur g\u00e9n\u00e9ral.<br \/>\n<\/span><\/span><span class=\"Aucun\"><b><i><span style=\"font-size: 12.0pt;\">Bruno Reidal, <\/span><\/i><\/b><\/span><span class=\"Aucun\"><span style=\"font-size: 12.0pt;\">de Vincent Leport, Capricci Production, 2018. Charg\u00e9 des rep\u00e9rages de partie aveyronnaise.<br \/>\n<\/span><\/span><span class=\"Aucun\"><b><i><span style=\"font-size: 12.0pt;\">Serre-moi fort,<\/span><\/i><\/b><\/span><span class=\"Aucun\"><span style=\"font-size: 12.0pt;\"> de Mathieu Amalric, Les films du Poisson, 2021, tourn\u00e9 dans le Saint-Gaudinois, \u00e0 Baqueira (Espagne) et en Charente-Maritime. R\u00e9gisseur adjoint.<br \/>\n<\/span><\/span><span class=\"Aucun\"><span style=\"font-size: 12.0pt;\"><em><strong>Toutouyoutou <\/strong><\/em><strong>(Saison 1-2)<\/strong><em><strong>, <\/strong><\/em>de Maxime Donzel, G\u00e9raldine de Margerie et David Coujard, Agat films- Ex Nihilo, 2022-2024, tourn\u00e9 entre Toulouse et Blagnac. Rep\u00e9reur et r\u00e9gisseur g\u00e9n\u00e9ral.<br \/>\n<em><strong>Ma part de Gaulois,\u00a0<\/strong><\/em>de Malik Chibane, Dellys Films, 2023, tourn\u00e9 \u00e0 Toulouse et dans le studio \u00e0 Colomiers. Rep\u00e9reur et r\u00e9gisseur g\u00e9n\u00e9ral.<\/span><\/span><\/p>\n<p>&nbsp;<\/p>\n<p>&nbsp;<\/p>\n","protected":false},"excerpt":{"rendered":"<p>\u00ab \u00catre investis ensemble au service d\u2019un film. \u00bb ETIENNE MIOLLAN, R\u00e9gisseur Il rentre d\u2019un tournage un peu plus long que pr\u00e9vu, pour la s\u00e9rie Crimes \u00e0\u2026 pour France 3, \u00e0 Biot dans les Alpes-Maritimes. Un cas positif d\u00e9clar\u00e9, des plans de travail \u00e0 d\u00e9tricoter, re-tricoter&#8230; C\u2019est l\u2019une des qualit\u00e9s d\u2019un r\u00e9gisseur, la r\u00e9activit\u00e9. Si on lui demande quelles autres comp\u00e9tences il lui semble n\u00e9cessaire d\u2019acqu\u00e9rir, il r\u00e9pond dans un grand sourire : \u00ab de la bonne humeur\u00a0\u00bb. Et il reprend : \u00ab Il faut avoir de l\u2019empathie et de l\u2019\u00e9coute.\u00a0Avec les gens qui nous ouvrent les portes de leurs [&hellip;]<\/p>\n","protected":false},"author":1,"featured_media":0,"parent":0,"menu_order":2,"comment_status":"closed","ping_status":"closed","template":"template-fullwidth.php","meta":{"footnotes":""},"class_list":["post-2972","page","type-page","status-publish","hentry"],"_links":{"self":[{"href":"https:\/\/www.fabricantsdefilms.occitanie-films.fr\/index.php?rest_route=\/wp\/v2\/pages\/2972","targetHints":{"allow":["GET"]}}],"collection":[{"href":"https:\/\/www.fabricantsdefilms.occitanie-films.fr\/index.php?rest_route=\/wp\/v2\/pages"}],"about":[{"href":"https:\/\/www.fabricantsdefilms.occitanie-films.fr\/index.php?rest_route=\/wp\/v2\/types\/page"}],"author":[{"embeddable":true,"href":"https:\/\/www.fabricantsdefilms.occitanie-films.fr\/index.php?rest_route=\/wp\/v2\/users\/1"}],"replies":[{"embeddable":true,"href":"https:\/\/www.fabricantsdefilms.occitanie-films.fr\/index.php?rest_route=%2Fwp%2Fv2%2Fcomments&post=2972"}],"version-history":[{"count":4,"href":"https:\/\/www.fabricantsdefilms.occitanie-films.fr\/index.php?rest_route=\/wp\/v2\/pages\/2972\/revisions"}],"predecessor-version":[{"id":3142,"href":"https:\/\/www.fabricantsdefilms.occitanie-films.fr\/index.php?rest_route=\/wp\/v2\/pages\/2972\/revisions\/3142"}],"wp:attachment":[{"href":"https:\/\/www.fabricantsdefilms.occitanie-films.fr\/index.php?rest_route=%2Fwp%2Fv2%2Fmedia&parent=2972"}],"curies":[{"name":"wp","href":"https:\/\/api.w.org\/{rel}","templated":true}]}}