{"id":3044,"date":"2022-05-09T08:38:06","date_gmt":"2022-05-09T07:38:06","guid":{"rendered":"https:\/\/www.fabricantsdefilms.occitanie-films.fr\/?page_id=3044"},"modified":"2025-03-31T15:15:44","modified_gmt":"2025-03-31T14:15:44","slug":"alain-temmerman-2-4-7-3-2","status":"publish","type":"page","link":"https:\/\/www.fabricantsdefilms.occitanie-films.fr\/?page_id=3044","title":{"rendered":"Premi\u00e8re assistante d\u00e9coratrice"},"content":{"rendered":"<p>&nbsp;<\/p>\n<figure id=\"attachment_3028\" aria-describedby=\"caption-attachment-3028\" style=\"width: 430px\" class=\"wp-caption alignleft\"><a href=\"https:\/\/www.fabricantsdefilms.occitanie-films.fr\/wp-content\/uploads\/2022\/03\/aurelie-jolibert-myop-0010.jpg\"><img loading=\"lazy\" decoding=\"async\" class=\"wp-image-3028 size-medium\" src=\"https:\/\/www.fabricantsdefilms.occitanie-films.fr\/wp-content\/uploads\/2022\/03\/aurelie-jolibert-myop-0010-430x537.jpg\" alt=\"\" width=\"430\" height=\"537\" srcset=\"https:\/\/www.fabricantsdefilms.occitanie-films.fr\/wp-content\/uploads\/2022\/03\/aurelie-jolibert-myop-0010-430x537.jpg 430w, https:\/\/www.fabricantsdefilms.occitanie-films.fr\/wp-content\/uploads\/2022\/03\/aurelie-jolibert-myop-0010-768x959.jpg 768w, https:\/\/www.fabricantsdefilms.occitanie-films.fr\/wp-content\/uploads\/2022\/03\/aurelie-jolibert-myop-0010-700x874.jpg 700w, https:\/\/www.fabricantsdefilms.occitanie-films.fr\/wp-content\/uploads\/2022\/03\/aurelie-jolibert-myop-0010-800x999.jpg 800w, https:\/\/www.fabricantsdefilms.occitanie-films.fr\/wp-content\/uploads\/2022\/03\/aurelie-jolibert-myop-0010-500x625.jpg 500w, https:\/\/www.fabricantsdefilms.occitanie-films.fr\/wp-content\/uploads\/2022\/03\/aurelie-jolibert-myop-0010.jpg 2000w\" sizes=\"auto, (max-width: 430px) 100vw, 430px\" \/><\/a><figcaption id=\"caption-attachment-3028\" class=\"wp-caption-text\">AUR\u00c9LIE JOLIBERT, D\u00c9CORATRICE SUR LE D\u00c9COR DU TOURNAGE DU FILM DE ANDR\u00c9 T\u00c9CHIN\u00c9 EN ARI\u00c8GE.<br \/>Photo: Ulrich Lebeuf \/ Myop pour Occitanie films<\/figcaption><\/figure>\n<h2 style=\"text-align: justify;\"><em>\u00ab <strong>La motivation premi\u00e8re, c\u2019est la promesse d\u2019une aventure.<\/strong> \u00bb<br \/>\n<\/em><\/h2>\n<h1 style=\"text-align: left;\">Aur\u00e9lie JOLIBERT, Premi\u00e8re assistante d\u00e9coratrice<\/h1>\n<p style=\"text-align: justify;\"><span class=\"Aucun\"><span style=\"font-size: 12.0pt;\">O<\/span><\/span>n l\u2019attrape, il n\u2019y a pas d\u2019autres mots, entre deux parties du tournage du film <strong><em>Les \u00c2mes s\u0153urs <\/em><\/strong>d\u2019Andr\u00e9 T\u00e9chin\u00e9 en Ari\u00e8ge, \u00e0 c\u00f4t\u00e9 d\u2019Ax-les-Thermes, dans le manoir Coustaux-d\u2019Orgeix, une grande b\u00e2tisse en fond de vall\u00e9e d\u2019Orlu. Depuis ce printemps de 2021, c&rsquo;est le d\u00e9cor dans lequel s\u2019investit Aur\u00e9lie Jolibert, premi\u00e8re assistante du chef d\u00e9corateur argentin Carlos Conti, qui avait travaill\u00e9 \u00e9galement pour <strong><em>Ma saison pr\u00e9f\u00e9r\u00e9e<\/em><\/strong>. <em>\u00ab\u00a0Comme Andr\u00e9 T\u00e9chin\u00e9 tourne souvent en Occitanie, on conna\u00eet ici sa mani\u00e8re de faire, avec de tr\u00e8s petites \u00e9quipes. On m\u2019avait pr\u00e9venue qu\u2019avec lui il y aurait des surprises, qu\u2019il faudrait s\u2019adapter \u00e0 cette fa\u00e7on tr\u00e8s l\u00e9g\u00e8re de tourner. Cela me pla\u00eet beaucoup, cette r\u00e9activit\u00e9 fait partie int\u00e9grante de nos m\u00e9tiers.\u00a0\u00bb<\/em><\/p>\n<p>Ce choix de travailler en \u00ab\u00a0d\u00e9co\u00a0\u00bb, elle le fait \u00e0 Port-la-Nouvelle, sur le tournage du film de L\u00e9a Fehner, <em><strong>Les Ogres<\/strong>, <\/em>en 2014<em>.<\/em> <em>\u00ab\u00a0C\u2019est vraiment un tournant. J\u2019\u00e9tais <\/em><em>troisi\u00e8me assistante d\u00e9co et j\u2019ai tellement aim\u00e9 travailler sur ce film que j\u2019ai d\u00e9cid\u00e9 de m\u2019engager dans la profession.\u00a0\u00bb<\/em> Elle y \u00e9tait jusque l\u00e0 arriv\u00e9e presque par hasard, en 2013, au d\u00e9tour d\u2019un assistanat de mise en sc\u00e8ne qui l\u2019avait ennuy\u00e9e. Mais sur ce m\u00eame tournage, elle remarque que l\u2019\u00e9quipe \u00ab\u00a0d\u00e9co\u00a0\u00bb, elle, s\u2019amuse bien. Elle s\u2019embarque avec eux sur le tournage suivant comme stagiaire.<\/p>\n<p>Aur\u00e9lie Jolibert s\u2019installe dans la r\u00e9gion parce que le travail y est possible. <em>\u00ab J\u2019ai la chance de ne tourner qu\u2019en Occitanie.\u00a0Le comble \u00e9tant cet \u00e9t\u00e9, quand j\u2019ai travaill\u00e9 pour <\/em><strong>Meurtres \u00e0 Figeac<\/strong><em> : habitant dans le Lot, c\u2019est la premi\u00e8re fois que, le soir, je rentre \u00e0 la maison !\u00a0\u00bb<\/em> Cela lui aura peut-\u00eatre \u00e9vit\u00e9 une angine.<em> \u00ab\u00a0Quand je reviens chez moi apr\u00e8s un tournage, la pression tombe d\u2019un coup et je tombe syst\u00e9matiquement malade.\u00a0\u00bb<\/em>\u00a0Elle aime cet investissement total<em>. \u00ab\u00a0L\u2019\u00e9quipe d\u00e9co arrive plusieurs semaines avant le d\u00e9but. Au moment du tournage, la cadence s\u2019acc\u00e9l\u00e8re, on livre les premiers d\u00e9cors ; pendant que les premi\u00e8res s\u00e9quences sont tourn\u00e9es, on travaille sur les suivants et on d\u00e9monte les pr\u00e9c\u00e9dents\u2026Organiser tout cela, c\u2019est le boulot de premier assistant, il faut une pr\u00e9paration millim\u00e9tr\u00e9e, des capacit\u00e9s d\u2019anticipation mais aussi un fort relationnel, avec l\u2019\u00e9quipe, avec les gens chez qui on tourne et qui peuvent \u00eatre plut\u00f4t surpris de la mani\u00e8re dont on travaille dans leurs int\u00e9rieurs.\u00a0\u00bb<\/em><\/p>\n<p>Elle aurait pu s\u2019engager compl\u00e8tement dans la r\u00e9alisation, elle le fera peut-\u00eatre. Sortie de l\u2019Ecole nationale sup\u00e9rieure d\u2019audiovisuel de Toulouse en 2010, elle r\u00e9alise deux fictions et un documentaire qui marquent les esprits et les jurys. Mais ce plaisir qu\u2019elle a \u00e0 travailler en d\u00e9co, pour le moment, l\u2019occupe toute enti\u00e8re.<\/p>\n<p>Son pire ennemi semble \u00eatre l\u2019ennui. C\u2019est parce qu\u2019elle s\u2019ennuyait en Facult\u00e9 d\u2019art du spectacle qu\u2019elle a pass\u00e9 le concours de l\u2019Ensav. C\u2019est parce qu\u2019adolescente il n\u2019y avait rien d\u2019autre \u00e0 faire dans sa banlieue parisienne qu\u2019elle se rendait au minimum trois fois par semaine au cin\u00e9ma. <em>\u00ab\u00a0Je voyais tout, sans parti-pris, des fr\u00e8res Dardenne \u00e0 Terrence Malick, en passant par Ken Loach. On avait la chance d\u2019avoir un excellent cin\u00e9ma art&amp;essai \u00e0 Ach\u00e8res. Je n\u2019ai jamais vu autant de films.\u00a0\u00bb<\/em> Elle continue. Un peu moins au cin\u00e9ma faute de temps, mais <em>\u00ab\u00a0la plateforme T\u00ebnk peut me faire veiller tard en soir\u00e9e !\u00a0\u00bb<\/em><\/p>\n<p style=\"text-align: justify;\"><em>Ce qu\u2019elle aime : \u00ab\u00a0Les histoires et leur pouvoir \u00e9motionnel. Pleurer devant un film, quand l\u2019\u00e9motion y est trop forte Je me souviens encore de la lecture du sc\u00e9nario des Ogres qui m\u2019avait tellement donn\u00e9 l\u2019envie de faire ce film !<br \/>\n<\/em><\/p>\n<h3><\/h3>\n<p>&nbsp;<\/p>\n<h3 style=\"text-align: justify;\"><strong>5 dates qui ont marqu\u00e9 le parcours de Aur\u00e9lie Jolibert :<\/strong><\/h3>\n<p class=\"CorpsA\" style=\"text-align: justify;\"><strong>1984<\/strong> : Naissance en Auvergne.<br \/>\n<strong>2006<\/strong> : Concours d\u2019entr\u00e9e \u00e0 l\u2019Ensav &#8211; Master 2 Image.<br \/>\n<strong>2010<\/strong> : Premi\u00e8re r\u00e9alisation, <em><strong>Etoiles errantes<\/strong>,<\/em> court-m\u00e9trage qui obtient le prix d\u2019\u00e9criture Claude-Nougaro pour le sc\u00e9nario et le prix Jeune talent du festival S\u00e9quence de Toulouse.<br \/>\n<strong>2013<\/strong>\u00a0: Premier documentaire, <strong><em>Le Chant du Cygne<\/em><\/strong>, tourn\u00e9 dans les Pyr\u00e9n\u00e9es. Film qu\u2019elle accompagne ensuite pendant plus de deux ans en festivals, en France et \u00e0 l\u2019\u00e9tranger.<br \/>\n<strong>2019<\/strong> : Obtention de l\u2019aide \u00e0 l\u2019\u00e9criture pour un prochain docu-fiction, en Argentine dans la Cordill\u00e8re des Andes, l\u2019histoire d\u2019un fils \u00e0 la recherche de son p\u00e8re disparu, travailleur dans les mines de cuivre. <em>\u00ab\u00a0C\u2019\u00e9tait avant le covid, le projet a d\u00fb \u00eatre report\u00e9, j\u2019esp\u00e8re bien pouvoir le reprendre prochainement.\u00a0\u00bb<\/em><span class=\"Aucun\">.<\/span><\/p>\n<h3 style=\"text-align: justify;\"><strong><br \/>\nFilms qui ont marqu\u00e9 le parcours de <\/strong><strong>Aur\u00e9lie Jolibert <\/strong><strong>:<\/strong><\/h3>\n<p style=\"text-align: justify;\"><em><strong>Quand tu reviendras.<\/strong><\/em> Fiction d\u2019Aur\u00e9lie Jolibert, 2010. Premier prix du sc\u00e9nario du festival international d\u2019Aubagne en 2009, produit par le Groupe de Recherches et d\u2019Essais Cin\u00e9matographiques (GREC).<em> \u00ab\u00a0L&rsquo;histoire d&rsquo;un voyage et d&rsquo;une s\u00e9paration entre une femme et un enfant qui n&rsquo;est pas le sien, qu&rsquo;elle ram\u00e8ne \u00e0 sa vraie m\u00e8re qu&rsquo;il n&rsquo;a pas vue depuis si longtemps.\u00a0\u00bb<br \/>\n<\/em><em><strong><br \/>\nLes Ogres.<\/strong><\/em> Fiction de L\u00e9a Fehner, 2015, prod. Bus Films. Un travail dont Aur\u00e9lie Jolibert et la chef d\u00e9coratrice, Pascale Consigny, disent qu\u2019il a \u00e9t\u00e9 <em>\u00ab\u00a0passionnant\u00a0\u00bb<\/em> par les recherches faites en amont \u00e0 la fois sur l\u2019univers des troupes de th\u00e9\u00e2tre itin\u00e9rantes, les souvenirs d\u2019enfance de la r\u00e9alisatrice, mais aussi <em>\u00ab\u00a0en puisant dans l\u2019art contemporain, les pi\u00e8ces de Peter Brook, le cin\u00e9ma de Fellini\u2026\u00a0\u00bb.<\/em><\/p>\n<p><em><strong>Rose et le Soldat. <\/strong><\/em>Fiction de Jean-Claude Barny, 2014, prod. Lizland. <em>\u00ab\u00a0Un film d\u2019\u00e9poque tourn\u00e9 en Martinique, pendant le r\u00e9gime de Vichy, dirig\u00e9 par l\u2019amiral Robert. Mon premier travail, tr\u00e8s enrichissant, a \u00e9t\u00e9 de me rendre aux Archives de Fort de France, pour chercher des images d\u2019archives de cette triste p\u00e9riode.\u00a0\u00bb<\/em><\/p>\n<p><em><strong>Ni dieux ni ma\u00eetres.<\/strong><\/em> Fiction d\u2019Eric Cherri\u00e8re, 2019, prod. Logical Pictures \/ Ran entertainment. <em>\u00ab\u00a0Une tr\u00e8s belle exp\u00e9rience que ce tournage dans le Lot ! J\u2019\u00e9tais chef d\u00e9coratrice pour ce western\u00a0 \u00ab\u00a0fauch\u00e9\u00a0\u00bb o\u00f9 l\u2019on a pourtant d\u00fb reconstituer tout un univers moyen\u00e2geux.\u00a0\u00bb<\/em><\/p>\n<p><em><strong>Les \u00c2mes s\u0153urs.<\/strong> <\/em>Fiction d\u2019Andr\u00e9 T\u00e9chin\u00e9, 2021, Curiosa films. <em>\u00ab\u00a0Pour un retour dans les Pyr\u00e9n\u00e9es et ma rencontre avec Carlos Conti\u00a0! \u00bb<\/em><span class=\"Aucun\"><span style=\"font-size: 12.0pt;\"><em>. <\/em><br \/>\n<\/span><\/span><\/p>\n<p><em><strong>Les pieds sur terre<\/strong> <\/em>d&rsquo;Andr\u00e9 T\u00e9chin\u00e9, 2021<\/p>\n<p><strong><em>All the Light we can&rsquo;t see <\/em><\/strong>de Shawn Levy, 2022<\/p>\n<p><em><strong>Olympe, une femme dans la r\u00e9volution<\/strong> <\/em>de Julie Gayet et Mathieu Busson, 2023<\/p>\n<p>&nbsp;<\/p>\n<p>&nbsp;<\/p>\n<p>&nbsp;<\/p>\n","protected":false},"excerpt":{"rendered":"<p>&nbsp; \u00ab La motivation premi\u00e8re, c\u2019est la promesse d\u2019une aventure. \u00bb Aur\u00e9lie JOLIBERT, Premi\u00e8re assistante d\u00e9coratrice On l\u2019attrape, il n\u2019y a pas d\u2019autres mots, entre deux parties du tournage du film Les \u00c2mes s\u0153urs d\u2019Andr\u00e9 T\u00e9chin\u00e9 en Ari\u00e8ge, \u00e0 c\u00f4t\u00e9 d\u2019Ax-les-Thermes, dans le manoir Coustaux-d\u2019Orgeix, une grande b\u00e2tisse en fond de vall\u00e9e d\u2019Orlu. Depuis ce printemps de 2021, c&rsquo;est le d\u00e9cor dans lequel s\u2019investit Aur\u00e9lie Jolibert, premi\u00e8re assistante du chef d\u00e9corateur argentin Carlos Conti, qui avait travaill\u00e9 \u00e9galement pour Ma saison pr\u00e9f\u00e9r\u00e9e. \u00ab\u00a0Comme Andr\u00e9 T\u00e9chin\u00e9 tourne souvent en Occitanie, on conna\u00eet ici sa mani\u00e8re de faire, avec de tr\u00e8s petites [&hellip;]<\/p>\n","protected":false},"author":1,"featured_media":0,"parent":0,"menu_order":2,"comment_status":"closed","ping_status":"closed","template":"template-fullwidth.php","meta":{"footnotes":""},"class_list":["post-3044","page","type-page","status-publish","hentry"],"_links":{"self":[{"href":"https:\/\/www.fabricantsdefilms.occitanie-films.fr\/index.php?rest_route=\/wp\/v2\/pages\/3044","targetHints":{"allow":["GET"]}}],"collection":[{"href":"https:\/\/www.fabricantsdefilms.occitanie-films.fr\/index.php?rest_route=\/wp\/v2\/pages"}],"about":[{"href":"https:\/\/www.fabricantsdefilms.occitanie-films.fr\/index.php?rest_route=\/wp\/v2\/types\/page"}],"author":[{"embeddable":true,"href":"https:\/\/www.fabricantsdefilms.occitanie-films.fr\/index.php?rest_route=\/wp\/v2\/users\/1"}],"replies":[{"embeddable":true,"href":"https:\/\/www.fabricantsdefilms.occitanie-films.fr\/index.php?rest_route=%2Fwp%2Fv2%2Fcomments&post=3044"}],"version-history":[{"count":3,"href":"https:\/\/www.fabricantsdefilms.occitanie-films.fr\/index.php?rest_route=\/wp\/v2\/pages\/3044\/revisions"}],"predecessor-version":[{"id":13741,"href":"https:\/\/www.fabricantsdefilms.occitanie-films.fr\/index.php?rest_route=\/wp\/v2\/pages\/3044\/revisions\/13741"}],"wp:attachment":[{"href":"https:\/\/www.fabricantsdefilms.occitanie-films.fr\/index.php?rest_route=%2Fwp%2Fv2%2Fmedia&parent=3044"}],"curies":[{"name":"wp","href":"https:\/\/api.w.org\/{rel}","templated":true}]}}