{"id":3059,"date":"2022-09-05T10:10:35","date_gmt":"2022-09-05T09:10:35","guid":{"rendered":"https:\/\/www.fabricantsdefilms.occitanie-films.fr\/?page_id=3059"},"modified":"2022-09-05T15:30:54","modified_gmt":"2022-09-05T14:30:54","slug":"alain-temmerman-2-4-7-3-3","status":"publish","type":"page","link":"https:\/\/www.fabricantsdefilms.occitanie-films.fr\/?page_id=3059","title":{"rendered":"Marie-Pierre HAUWELLE"},"content":{"rendered":"<p>&nbsp;<\/p>\n<figure id=\"attachment_3057\" aria-describedby=\"caption-attachment-3057\" style=\"width: 430px\" class=\"wp-caption alignleft\"><a href=\"https:\/\/www.fabricantsdefilms.occitanie-films.fr\/wp-content\/uploads\/2022\/09\/marie-pierre-hauwelle-ul-myop.jpg\"><img loading=\"lazy\" decoding=\"async\" class=\"wp-image-3057 size-medium\" src=\"https:\/\/www.fabricantsdefilms.occitanie-films.fr\/wp-content\/uploads\/2022\/09\/marie-pierre-hauwelle-ul-myop-430x537.jpg\" alt=\"\" width=\"430\" height=\"537\" srcset=\"https:\/\/www.fabricantsdefilms.occitanie-films.fr\/wp-content\/uploads\/2022\/09\/marie-pierre-hauwelle-ul-myop-430x537.jpg 430w, https:\/\/www.fabricantsdefilms.occitanie-films.fr\/wp-content\/uploads\/2022\/09\/marie-pierre-hauwelle-ul-myop-768x959.jpg 768w, https:\/\/www.fabricantsdefilms.occitanie-films.fr\/wp-content\/uploads\/2022\/09\/marie-pierre-hauwelle-ul-myop-700x874.jpg 700w, https:\/\/www.fabricantsdefilms.occitanie-films.fr\/wp-content\/uploads\/2022\/09\/marie-pierre-hauwelle-ul-myop-800x999.jpg 800w, https:\/\/www.fabricantsdefilms.occitanie-films.fr\/wp-content\/uploads\/2022\/09\/marie-pierre-hauwelle-ul-myop-500x624.jpg 500w, https:\/\/www.fabricantsdefilms.occitanie-films.fr\/wp-content\/uploads\/2022\/09\/marie-pierre-hauwelle-ul-myop.jpg 1602w\" sizes=\"auto, (max-width: 430px) 100vw, 430px\" \/><\/a><figcaption id=\"caption-attachment-3057\" class=\"wp-caption-text\">\u00a9 Ulrich Leboeuf-MYOP<\/figcaption><\/figure>\n<h2 style=\"text-align: justify;\"><em>\u00ab <strong>J\u2019ai du plaisir \u00e0 raconter des histoires fabriqu\u00e9es main.<\/strong> \u00bb<br \/>\n<\/em><\/h2>\n<h1 style=\"text-align: left;\">Marie-Pierre HAUWELLE, R\u00e9alisatrice et technicienne du cin\u00e9ma d\u2019animation<\/h1>\n<p>Pendant l\u2019entretien, une urgence \u00e0 r\u00e9gler. Marie-Pierre s\u2019excuse : <em>\u00ab\u00a0Je suis b\u00e9n\u00e9vole dans une association qui s\u2019occupe de faune sauvage\u00a0\u00bb.<\/em> On remonte imm\u00e9diatement vers l\u2019enfance : <em>\u00ab\u00a0J\u2019habitais en Alsace, pr\u00e8s d\u2019une for\u00eat, j\u2019ai une marraine ornithologue, amatrice certes mais d\u2019un sacr\u00e9 niveau !\u00a0\u00bb.<\/em> Et puis pas de t\u00e9l\u00e9vision \u00e0 la maison mais beaucoup de livres, un abonnement \u00e0 <em>La Hulotte <\/em>et une s\u0153ur, Nathalie. Une s\u0153ur avec qui jouer et avec qui elle joue encore \u00e0 se raconter des histoires.<\/p>\n<p>Sa m\u00e8re, institutrice, l\u2019embarque au cin\u00e9ma voir <strong><em>Wallace et Gromit<\/em><\/strong>. Elle a huit ou dix ans. <em>\u00ab C\u2019est fondateur. Je suis sortie en disant \u00ab je veux faire cela \u00bb. Quand on n\u2019a pas de t\u00e9l\u00e9 on s\u2019occupe, on dessine, on fabrique des objets avec les mains. Mon p\u00e8re, qui travaillait chez Peugeot, pratiquait la c\u00e9ramique le week-end pour s\u2019y consacrer enti\u00e8rement \u00e0 l\u2019approche de la retraite. J\u2019adore toujours bricoler et j\u2019aime l\u2019univers de Tomi Ungerer. J\u2019ai emprunt\u00e9 si souvent son livre <strong>Clic clac<\/strong> \u00e0 la m\u00e9diath\u00e8que ! \u00bb<\/em><\/p>\n<p>Li\u00e9 \u00e0 ce d\u00e9sir de conter des histoires, le cin\u00e9ma d\u2019animation est une \u00e9vidence dont elle ne se convainc pas tout de suite. Etudiante aux Beaux-Arts de Toulouse, elle cr\u00e9\u00e9e plut\u00f4t des livres car, dans cet univers-l\u00e0, l\u2019animation c\u2019est enfantin et <em>\u00ab\u00a0pas bien s\u00e9rieux\u00a0\u00bb<\/em>. Il lui faut faire le d\u00e9tour d\u2019un Erasmus \u00e0 Cracovie, dans le studio de Jerzy Kucia, un des ma\u00eetres de l\u2019animation polonaise, pour d\u00e9couvrir que cette pratique lui convient parfaitement.<em> \u00ab\u00a0J\u2019ai c\u00f4toy\u00e9 de grands affichistes et r\u00e9alisateurs qui travaillent de mani\u00e8re tr\u00e8s artisanale, on fait beaucoup de choses \u00e0 la main, on dessine, on bricole, on d\u00e9coupe\u2026 avec un v\u00e9ritable respect de cette tradition.\u00a0\u00bb<\/em><\/p>\n<p>A son retour, elle int\u00e8gre l\u2019\u00e9cole d\u2019animation La Poudri\u00e8re \u00e0 Valence, rejoint le studio Folimage en tant que coloriste puis revient \u00e0 Toulouse pour int\u00e9grer l\u2019\u00e9quipe de La M\u00e9nagerie, structure d\u2019\u00e9ducation \u00e0 l\u2019image \u00e0 partir des techniques du cin\u00e9ma d\u2019animation. Dans son prolongement, Xbo films, soci\u00e9t\u00e9 de production toulousaine, prend en charge le premier film de Marie-Pierre Hauwelle, <strong><em>La Bo\u00eete<\/em><\/strong>, histoire dr\u00f4le et grin\u00e7ante de nos peurs urbaines, r\u00e9alis\u00e9e en papier d\u00e9coup\u00e9. <em>\u00ab\u00a0J\u2019aime ce c\u00f4t\u00e9 volontairement na\u00eff du papier d\u00e9coup\u00e9 pour aborder des histoires qui partent de l\u2019intime et qui peuvent toucher tout le monde, tous les publics.\u00a0\u00bb<\/em> En prenant soin de faire rire. <em>\u00ab\u00a0Oui, c\u2019est important, cela permet de faire un pas de c\u00f4t\u00e9, de prendre du recul par rapport au r\u00e9cit. J\u2019aime assister aux projections pour cela, entendre rire le public cela vaut tous les prix.\u00a0\u00bb <\/em>M\u00eame si des prix et des s\u00e9lections, ce film en a remport\u00e9 son lot.<\/p>\n<p>A Toulouse, haut lieu d\u00e9sormais du cin\u00e9ma d\u2019animation en France, le travail ne manque pas et Marie-Pierre, en parall\u00e8le, y est premi\u00e8re assistante r\u00e9alisatrice. Elle a travaill\u00e9 notamment pour la s\u00e9rie <strong><em>Les Kiwis<\/em><\/strong> r\u00e9alis\u00e9e en stop-motion pour France 5 et co-produite par Xbo. <em>\u00ab\u00a0La r\u00e9alisatrice Isabelle Duval \u00e9tant \u00e0 Paris, je m\u2019occupe de toute la logistique, de g\u00e9rer le plateau, de trouver des solutions techniques. Et de g\u00e9rer le temps aussi !\u00a0\u00bb <\/em>Ce qui lui permet de mieux anticiper ses r\u00e9alisations \u00e0 venir.<\/p>\n<p>Son prochain projet, <em><strong>Pion.ne.s<\/strong>,<\/em> trouve son inspiration dans ses deux ans de pionnicat dans un coll\u00e8ge gersois. Elle avait alors consign\u00e9 les multiples anecdotes qui nourrissent ces relations entre adultes et ados dans des carnets dessin\u00e9s. Con\u00e7ue par pastilles de deux minutes chacune, la s\u00e9rie prendra la forme d\u2019un dessin anim\u00e9. Mais Marie-Pierre ne compte pas l\u00e2cher ses papiers d\u00e9coup\u00e9s pour autant. Elle rentre d\u2019une r\u00e9sidence d\u2019\u00e9criture \u00e0 La Poudri\u00e8re pour d\u00e9velopper un autre projet, ludo-\u00e9ducatif, sur ce monde sauvage des animaux dans nos cit\u00e9s. <em>\u00ab\u00a0J\u2019avais envie que ma ni\u00e8ce, qui vit en ville, connaisse cette faune sauvage urbaine.\u00a0\u00bb<\/em> Et avec elle, tous les autres de nos contemporains.<\/p>\n<h3><\/h3>\n<p>&nbsp;<\/p>\n<h3 style=\"text-align: justify;\"><strong>5 dates qui ont marqu\u00e9 le parcours de Marie-Pierre Hauwelle :<\/strong><\/h3>\n<p class=\"CorpsA\" style=\"text-align: justify;\"><strong>1983<\/strong> : Naissance en Alsace.<br \/>\n<strong>2004\/2005 <\/strong> : Erasmus aux Beaux-Arts de Cracovie, dans le studio de Jerzy Kucia, dans le cadre de ses \u00e9tudes aux Beaux-Arts de Toulouse.<br \/>\n<strong>2007\/2009<\/strong> : Ecole du film d\u2019animation La Poudri\u00e8re \u00e0 Valence.<br \/>\n<strong>2015<\/strong> : Arriv\u00e9e \u00e0 Toulouse. Cr\u00e9ation du spectacle <strong><em>L\u2019invisible demeure<\/em><\/strong> avec sa s\u0153ur com\u00e9dienne et metteuse en sc\u00e8ne Nathalie Hauwelle, fondatrice de la compagnie Groenland Paradise.<br \/>\n<strong>2019<\/strong> : <em><strong>La Bo\u00eete<\/strong>, <\/em>premier film de Marie-Pierre Hauwelle produit par Xbo films.<\/p>\n<h3 style=\"text-align: justify;\"><strong><br \/>\nFilms qui ont marqu\u00e9 le parcours de\u00a0<\/strong><strong>Marie-Pierre Hauwelle <\/strong><strong>:<\/strong><\/h3>\n<p style=\"text-align: justify;\">\u00a0<span class=\"Aucun\"><b><i><span style=\"font-size: 12.0pt;\">M\u00e9moires de chiffons, <\/span><\/i><\/b><\/span><span style=\"font-size: 12.0pt;\">2009, film de fin d\u2019\u00e9tude de Marie-Pierre Hauwelle \u00e0 La Poudri\u00e8re. <span class=\"Aucun\"><i>\u00ab\u00a0Une grande s\u0153ur s\u2019en va et la petite reste\u2026 c\u2019est un petit trauma quand on fait tout ensemble.\u00a0\u00bb<br \/>\n<\/i><\/span><\/span><span class=\"Aucun\"><b><i><span style=\"font-size: 12.0pt;\">Une vie de chat, <\/span><\/i><\/b><\/span><span style=\"font-size: 12.0pt;\">2010, de Alain Gagnol et Jean-Loup Felicioli, prod. Folimage. Premier travail en tant que technicienne coloriste.<br \/>\n<\/span><span class=\"Aucun\"><b><i><span style=\"font-size: 12.0pt;\">Les Kiwis, <\/span><\/i><\/b><\/span><span style=\"font-size: 12.0pt;\">depuis 2013, s\u00e9rie de Isabelle Duval, prod. Double m\u00e8tre animation et Xbo films. Premi\u00e8re exp\u00e9rience en tant que premi\u00e8re assistante \u00e0 la r\u00e9alisation.<br \/>\n<\/span><span class=\"Aucun\"><b><i><span style=\"font-size: 12.0pt;\">Femmes and fame,<\/span><\/i><\/b><\/span><i> <\/i><span style=\"font-size: 12.0pt;\">s\u00e9rie d\u2019animation co-r\u00e9alis\u00e9e par Amandine Fredon et Rebecca Manzoni illustr\u00e9e par Leslie Pl\u00e9e, prod. La G\u00e9n\u00e9rale de production avec le soutien d\u2019Arte et Sony Music.<span class=\"Aucun\"><i> \u00ab\u00a0Une histoire de la girl power et de la pop, en tube\u00a0\u00bb <\/i><\/span>telle que la d\u00e9crit Rebecca Manzoni. Une s\u00e9rie que cite volontiers Marie-Pierre<span class=\"Aucun\"><i> \u00ab\u00a0tout simplement parce que \u00e7a parle de l\u2019histoire des femmes, que ce sont des portraits de femmes fortes.\u00a0\u00bb<br \/>\n<\/i><\/span><\/span><span class=\"Aucun\"><b><i><span style=\"font-size: 12.0pt;\">Wallace et Gromit,<\/span><\/i><\/b><\/span><span style=\"font-size: 12.0pt;\"> cr\u00e9\u00e9 par Nick Park dans les ann\u00e9es 80 pour le studio Aardman Animations. <span class=\"Aucun\"><i>\u00ab\u00a0Des personnages en p\u00e2te \u00e0 modeler, c\u2019\u00e9tait extraordinaire \u00e0 voir ! Un film qui m\u2019a donn\u00e9 \u00ab\u00a0l\u2019envie de faire\u00a0\u00bb \u00e0 mon tour.\u00a0\u00bb<\/i><\/span><\/span><span class=\"Aucun\"><span style=\"font-size: 12.0pt;\"><br \/>\n<\/span><\/span><\/p>\n<p>&nbsp;<\/p>\n<p>&nbsp;<\/p>\n","protected":false},"excerpt":{"rendered":"<p>&nbsp; \u00ab J\u2019ai du plaisir \u00e0 raconter des histoires fabriqu\u00e9es main. \u00bb Marie-Pierre HAUWELLE, R\u00e9alisatrice et technicienne du cin\u00e9ma d\u2019animation Pendant l\u2019entretien, une urgence \u00e0 r\u00e9gler. Marie-Pierre s\u2019excuse : \u00ab\u00a0Je suis b\u00e9n\u00e9vole dans une association qui s\u2019occupe de faune sauvage\u00a0\u00bb. On remonte imm\u00e9diatement vers l\u2019enfance : \u00ab\u00a0J\u2019habitais en Alsace, pr\u00e8s d\u2019une for\u00eat, j\u2019ai une marraine ornithologue, amatrice certes mais d\u2019un sacr\u00e9 niveau !\u00a0\u00bb. Et puis pas de t\u00e9l\u00e9vision \u00e0 la maison mais beaucoup de livres, un abonnement \u00e0 La Hulotte et une s\u0153ur, Nathalie. Une s\u0153ur avec qui jouer et avec qui elle joue encore \u00e0 se raconter des histoires. [&hellip;]<\/p>\n","protected":false},"author":1,"featured_media":0,"parent":0,"menu_order":2,"comment_status":"closed","ping_status":"closed","template":"template-fullwidth.php","meta":{"footnotes":""},"class_list":["post-3059","page","type-page","status-publish","hentry"],"_links":{"self":[{"href":"https:\/\/www.fabricantsdefilms.occitanie-films.fr\/index.php?rest_route=\/wp\/v2\/pages\/3059","targetHints":{"allow":["GET"]}}],"collection":[{"href":"https:\/\/www.fabricantsdefilms.occitanie-films.fr\/index.php?rest_route=\/wp\/v2\/pages"}],"about":[{"href":"https:\/\/www.fabricantsdefilms.occitanie-films.fr\/index.php?rest_route=\/wp\/v2\/types\/page"}],"author":[{"embeddable":true,"href":"https:\/\/www.fabricantsdefilms.occitanie-films.fr\/index.php?rest_route=\/wp\/v2\/users\/1"}],"replies":[{"embeddable":true,"href":"https:\/\/www.fabricantsdefilms.occitanie-films.fr\/index.php?rest_route=%2Fwp%2Fv2%2Fcomments&post=3059"}],"version-history":[{"count":5,"href":"https:\/\/www.fabricantsdefilms.occitanie-films.fr\/index.php?rest_route=\/wp\/v2\/pages\/3059\/revisions"}],"predecessor-version":[{"id":3064,"href":"https:\/\/www.fabricantsdefilms.occitanie-films.fr\/index.php?rest_route=\/wp\/v2\/pages\/3059\/revisions\/3064"}],"wp:attachment":[{"href":"https:\/\/www.fabricantsdefilms.occitanie-films.fr\/index.php?rest_route=%2Fwp%2Fv2%2Fmedia&parent=3059"}],"curies":[{"name":"wp","href":"https:\/\/api.w.org\/{rel}","templated":true}]}}