{"id":572,"date":"2014-07-09T11:07:28","date_gmt":"2014-07-09T10:07:28","guid":{"rendered":"http:\/\/www.fabricantsdefilms.occitanie-films.fr\/?page_id=572"},"modified":"2016-11-30T15:52:39","modified_gmt":"2016-11-30T14:52:39","slug":"jean-claude-dumas","status":"publish","type":"page","link":"https:\/\/www.fabricantsdefilms.occitanie-films.fr\/?page_id=572","title":{"rendered":"JEAN-CLAUDE DUMAS"},"content":{"rendered":"<h2><em><a href=\"http:\/\/www.fabricantsdefilms.occitanie-films.fr\/wp-content\/uploads\/2014\/10\/dumas.jpg\"><img loading=\"lazy\" decoding=\"async\" class=\"alignleft size-medium wp-image-892\" src=\"http:\/\/www.fabricantsdefilms.occitanie-films.fr\/wp-content\/uploads\/2014\/10\/dumas-430x430.jpg\" alt=\"Dumas\" width=\"430\" height=\"430\" srcset=\"https:\/\/www.fabricantsdefilms.occitanie-films.fr\/wp-content\/uploads\/2014\/10\/dumas-430x430.jpg 430w, https:\/\/www.fabricantsdefilms.occitanie-films.fr\/wp-content\/uploads\/2014\/10\/dumas-150x150.jpg 150w, https:\/\/www.fabricantsdefilms.occitanie-films.fr\/wp-content\/uploads\/2014\/10\/dumas-700x700.jpg 700w, https:\/\/www.fabricantsdefilms.occitanie-films.fr\/wp-content\/uploads\/2014\/10\/dumas-800x800.jpg 800w, https:\/\/www.fabricantsdefilms.occitanie-films.fr\/wp-content\/uploads\/2014\/10\/dumas-500x500.jpg 500w, https:\/\/www.fabricantsdefilms.occitanie-films.fr\/wp-content\/uploads\/2014\/10\/dumas.jpg 2000w\" sizes=\"auto, (max-width: 430px) 100vw, 430px\" \/><\/a>\u00ab Je n\u2019arriverais pas \u00e0 jouer autrement qu\u2019avec mon v\u00e9cu. Peu importe les genres, tout m\u2019int\u00e9resse, on joue avec son mat\u00e9riel \u00bb<br \/>\n<\/em><\/h2>\n<h1>JEAN-CLAUDE DUMAS, <a href=\"https:\/\/www.coreps-languedoc-roussillon.pro\/tournage\/interpretes\/acteur\/152-metiers-du-cinema-et-de-l-audiovisuel\/463-acteur.html\" target=\"_blank\">Com\u00e9dien<\/a><\/h1>\n<p>&nbsp;<\/p>\n<p>&nbsp;<\/p>\n<p style=\"text-align: justify;\">Il se souvient qu\u2019en 1960, pr\u00e8s de chez ses parents \u00e0 Vauvert dans le Gard, l\u2019\u00e9quipe de <em><strong>Chien de pique<\/strong><\/em> d\u2019Yves All\u00e9gret \u00e9tait venue tourner. Il se souvient de sa rencontre avec le Directeur de production et l\u2019acteur Eddie Constantine. Il se souvient qu\u2019\u00e0 ce moment l\u00e0, tout a d\u00e9marr\u00e9. A vingt ans, apr\u00e8s avoir suivi les cours du Conservatoire de N\u00eemes, il fait l\u2019\u00c9cole de la rue Blanche*1 \u00e0 Paris. L\u2019envie de changer de r\u00e9gion, de se professionnaliser en se mesurant aux autres, le poussent \u00e0 travailler avec la Compagnie Annie Degay et \u00e0 chercher des r\u00f4les au th\u00e9\u00e2tre. Les difficult\u00e9s de la vie parisienne ont raison de lui et il revient \u00e0 Vauvert o\u00f9 il change de chemin en int\u00e9grant une MJC en tant qu\u2019animateur. Puis, il int\u00e8gre le Th\u00e9\u00e2tre populaire du Midi pendant cinq ans. Intermittent, il cherche des cachets en travaillant pour des films institutionnels et trouve peu \u00e0 peu des r\u00f4les. Il passe des castings, fait des voix et continue le th\u00e9\u00e2tre.<br \/>\nLe nomadisme du com\u00e9dien n\u2019est pas seulement g\u00e9ographique, il doit toujours \u00eatre en posture de jouer et disposer pour cela d\u2019une souplesse psychologique. Jean-Claude Dumas a \u00e9t\u00e9 guid\u00e9 par le besoin permanent de savoir o\u00f9 il en \u00e9tait, l\u2019envie de tenter des choses. Pour lui, le Directeur de casting est un interm\u00e9diaire tr\u00e8s important puisqu\u2019il permet les rencontres, il permet de progresser. Son m\u00e9tier est de rentrer dans quelques chose d\u2019imaginaire, \u00ab\u00a0il faut y \u00eatre\u00a0\u00bb, c\u2019est un \u00e9tat, ce n\u2019est pas un geste, il faut \u00e9tablir une relation avec un autre acteur pour que la situation existe. Pour y parvenir, il doit g\u00e9rer ses \u00e9motions. Il \u00e9coute beaucoup, il se nourrit de ce que racontent les autres.<br \/>\nIl se pla\u00eet en r\u00e9gion Languedoc-Roussillon, son r\u00e9seau fonctionne bien et il n\u2019a pas besoin de d\u00e9marcher au-del\u00e0 des castings auxquels il participe. Il travaille ponctuellement mais s\u2019amuse \u00e0 faire semblant dans la vie de tous les jours pour v\u00e9rifier si \u00ab\u00a0le plaisir et l\u2019aptitude \u00e0 embarquer sont toujours l\u00e0\u00a0\u00bb. En tournage, il se sent dans une bulle, dans un univers d\u2019o\u00f9 il est douloureux de sortir.<br \/>\nApr\u00e8s les essais avec le Directeur de casting, le com\u00e9dien est contact\u00e9 par la production qui sollicitera ensuite son agent*2. Le call-back*3 rassure le r\u00e9alisateur mais pour lui, cette \u00e9tape avant le tournage, est un jeu qui ne permet pas d\u2019aller tr\u00e8s loin vers un personnage.<br \/>\nIl travaille ses textes aux Jardins de la Fontaine de N\u00eemes et en fonction du temps de la promenade, il sait \u00e0 quel rythme il apprend. A l\u2019aide d\u2019un dictaphone, il retient son texte. Pour les r\u00f4les qu\u2019on lui donne, habituellement, il re\u00e7oit le sc\u00e9nario une semaine avant le tournage, il le lit deux fois, s\u2019interroge, cherche des informations, il redit son texte pour sentir s\u2019il fonctionne ou s\u2019il r\u00e9siste. Avant le tournage, il r\u00e9p\u00e8te avec le r\u00e9alisateur et les autres com\u00e9diens, il passe du virtuel \u00e0 l\u2019\u00e9change.<br \/>\nIl d\u00e9sirait jouer des personnages de com\u00e9die mais ce que les Directeurs de casting vont pressentir en lui \u00e9tait ailleurs. On lui confie souvent des types de personnages peu honn\u00eates auxquels on trouve des excuses. Or, Jean-Claude Dumas consid\u00e8re qu\u2019au fil des ann\u00e9es, le com\u00e9dien se rapproche du noyau, de ce qu\u2019il est. Avant, il avait l\u2019impression d\u2019entrer dans un personnage, maintenant il a le sentiment d\u2019explorer des choses en lui et de ne plus jouer. Il cherche \u00e0 \u00eatre lui dans une situation imagin\u00e9e. En tant que spectateur, il remarque que certains com\u00e9diens l\u2019embarquent, d\u2019autres non. Ceux qui l\u2019embarquent jouent ce qu\u2019ils sont.<\/p>\n<address style=\"text-align: justify;\">\u00a0<\/address>\n<address>*1 Aujourd\u2019hui \u00c9cole Nationale Sup\u00e9rieure des Arts et Techniques du Th\u00e9\u00e2tre install\u00e9e \u00e0 Lyon depuis 1997.<br \/>\n*2 L&rsquo;agent artistique est le mandataire l\u00e9gal des artistes qu&rsquo;il repr\u00e9sente.<br \/>\n*3 \u00a0Rencontre entre le r\u00e9alisateur et les com\u00e9diens retenus.<\/address>\n<h3><\/h3>\n<h3>5 dates qui ont marqu\u00e9 le parcours de Jean-Claude Dumas :<\/h3>\n<p>Ann\u00e9e de naissance : <strong>1950<\/strong><br \/>\nFormation ou rencontre la plus significative : <strong>1971<\/strong> &#8211; entr\u00e9e \u00e0 la Rue Blanche. A Paris, \u00e0 l\u2019\u00e9poque.<br \/>\nArriv\u00e9e en r\u00e9gion: <strong>1985<\/strong> &#8211; retour en r\u00e9gion et entr\u00e9e au Th\u00e9\u00e2tre Populaire du Midi \u00e0 N\u00eemes. Les vrais d\u00e9buts dans la profession.<br \/>\nPremier film sur lequel tu as travaill\u00e9 pour le cin\u00e9ma : <strong>1961<\/strong> &#8211; Apparition dans <em><strong>Chien de pique<\/strong> <\/em>d\u2019Yves All\u00e9gret. Ma premi\u00e8re toute petite apparition dans un film.<br \/>\nDate de ton choix par rapport \u00e0 un \u00e9v\u00e9nement int\u00e9ressant qui te tient \u00e0 c\u0153ur : <strong>1988<\/strong>, mon premier r\u00f4le au cin\u00e9ma dans <em><strong>1789<\/strong><\/em> avec une pointure de la r\u00e9alisation,\u00a0 Robert Enrico. Date importante : <em><strong>la grande aventure commence !<\/strong><\/em> (Mais le film n\u2019\u00e9tait pas une r\u00e9ussite\u2026)<\/p>\n<h3><\/h3>\n<h3>Films qui ont marqu\u00e9 le parcours de Jean-Claude Dumas :<\/h3>\n<p><em><strong>Roulez jeunesse<\/strong><\/em> de Jacques Fansten, 1992, tourn\u00e9 en Languedoc-Roussillon, notamment \u00e0 Bagnols sur C\u00e8ze<br \/>\n<em><strong>Bonjour Antoine<\/strong><\/em> de Radu Mihal\u00e9anu, 1996<br \/>\n<em><strong>2025, le futur en face<\/strong><\/em> de Christophe Janin, 2005, tourn\u00e9 en partie en Languedoc-Roussillon<br \/>\n<em><strong>Coup d\u2019\u00e9clat<\/strong><\/em> de Jos\u00e9 Alcala, 2010, tourn\u00e9 en Languedoc-Roussillon, notamment \u00e0 S\u00e8te<br \/>\n<em><strong>Antigone 34<\/strong><\/em> de Roger Simonsz, 2011, tourn\u00e9e en Languedoc-Roussillon<\/p>\n<p>&nbsp;<\/p>\n<p>&nbsp;<\/p>\n<h3 style=\"text-align: left;\" align=\"CENTER\">Son actualit\u00e9\u00a0:<\/h3>\n<p><em><strong>Les Disparues du lac<\/strong><\/em> s\u00e9rie TV de J\u00e9r\u00f4me Cornuau, 2015<br \/>\n<em><strong>La Promesse du feu<\/strong><\/em> de Christian Faure, tourn\u00e9 \u00e0 Montpellier et ses environs, 2015<br \/>\n<em><strong>Plus belle la vie<\/strong><\/em> plusieurs \u00e9pisodes de la saison 11, 2015<\/p>\n<p>&nbsp;<\/p>\n<p>&nbsp;<\/p>\n","protected":false},"excerpt":{"rendered":"<p>\u00ab Je n\u2019arriverais pas \u00e0 jouer autrement qu\u2019avec mon v\u00e9cu. Peu importe les genres, tout m\u2019int\u00e9resse, on joue avec son mat\u00e9riel \u00bb JEAN-CLAUDE DUMAS, Com\u00e9dien &nbsp; &nbsp; Il se souvient qu\u2019en 1960, pr\u00e8s de chez ses parents \u00e0 Vauvert dans le Gard, l\u2019\u00e9quipe de Chien de pique d\u2019Yves All\u00e9gret \u00e9tait venue tourner. Il se souvient de sa rencontre avec le Directeur de production et l\u2019acteur Eddie Constantine. Il se souvient qu\u2019\u00e0 ce moment l\u00e0, tout a d\u00e9marr\u00e9. A vingt ans, apr\u00e8s avoir suivi les cours du Conservatoire de N\u00eemes, il fait l\u2019\u00c9cole de la rue Blanche*1 \u00e0 Paris. L\u2019envie de [&hellip;]<\/p>\n","protected":false},"author":1,"featured_media":0,"parent":0,"menu_order":33,"comment_status":"closed","ping_status":"closed","template":"template-fullwidth.php","meta":{"footnotes":""},"class_list":["post-572","page","type-page","status-publish","hentry"],"_links":{"self":[{"href":"https:\/\/www.fabricantsdefilms.occitanie-films.fr\/index.php?rest_route=\/wp\/v2\/pages\/572","targetHints":{"allow":["GET"]}}],"collection":[{"href":"https:\/\/www.fabricantsdefilms.occitanie-films.fr\/index.php?rest_route=\/wp\/v2\/pages"}],"about":[{"href":"https:\/\/www.fabricantsdefilms.occitanie-films.fr\/index.php?rest_route=\/wp\/v2\/types\/page"}],"author":[{"embeddable":true,"href":"https:\/\/www.fabricantsdefilms.occitanie-films.fr\/index.php?rest_route=\/wp\/v2\/users\/1"}],"replies":[{"embeddable":true,"href":"https:\/\/www.fabricantsdefilms.occitanie-films.fr\/index.php?rest_route=%2Fwp%2Fv2%2Fcomments&post=572"}],"version-history":[{"count":12,"href":"https:\/\/www.fabricantsdefilms.occitanie-films.fr\/index.php?rest_route=\/wp\/v2\/pages\/572\/revisions"}],"predecessor-version":[{"id":1894,"href":"https:\/\/www.fabricantsdefilms.occitanie-films.fr\/index.php?rest_route=\/wp\/v2\/pages\/572\/revisions\/1894"}],"wp:attachment":[{"href":"https:\/\/www.fabricantsdefilms.occitanie-films.fr\/index.php?rest_route=%2Fwp%2Fv2%2Fmedia&parent=572"}],"curies":[{"name":"wp","href":"https:\/\/api.w.org\/{rel}","templated":true}]}}