{"id":577,"date":"2014-07-09T11:34:43","date_gmt":"2014-07-09T10:34:43","guid":{"rendered":"http:\/\/www.fabricantsdefilms.occitanie-films.fr\/?page_id=577"},"modified":"2016-11-30T16:02:14","modified_gmt":"2016-11-30T15:02:14","slug":"karine-hamelle","status":"publish","type":"page","link":"https:\/\/www.fabricantsdefilms.occitanie-films.fr\/?page_id=577","title":{"rendered":"KARINE HAMELLE"},"content":{"rendered":"<h2><em><a href=\"http:\/\/www.fabricantsdefilms.occitanie-films.fr\/wp-content\/uploads\/2014\/11\/n_hamel.jpg\"><img loading=\"lazy\" decoding=\"async\" class=\"alignleft wp-image-1464 size-medium\" src=\"http:\/\/www.fabricantsdefilms.occitanie-films.fr\/wp-content\/uploads\/2014\/11\/n_hamel-430x430.jpg\" alt=\"\" width=\"430\" height=\"430\" srcset=\"https:\/\/www.fabricantsdefilms.occitanie-films.fr\/wp-content\/uploads\/2014\/11\/n_hamel-430x430.jpg 430w, https:\/\/www.fabricantsdefilms.occitanie-films.fr\/wp-content\/uploads\/2014\/11\/n_hamel-150x150.jpg 150w, https:\/\/www.fabricantsdefilms.occitanie-films.fr\/wp-content\/uploads\/2014\/11\/n_hamel-700x700.jpg 700w, https:\/\/www.fabricantsdefilms.occitanie-films.fr\/wp-content\/uploads\/2014\/11\/n_hamel-800x800.jpg 800w, https:\/\/www.fabricantsdefilms.occitanie-films.fr\/wp-content\/uploads\/2014\/11\/n_hamel-500x500.jpg 500w, https:\/\/www.fabricantsdefilms.occitanie-films.fr\/wp-content\/uploads\/2014\/11\/n_hamel.jpg 2000w\" sizes=\"auto, (max-width: 430px) 100vw, 430px\" \/><\/a>\u00ab Je rencontre les com\u00e9diens au moment o\u00f9 ils basculent de Monsieur tout le monde \u00e0 leur personnage. \u00bb<br \/>\n<\/em><\/h2>\n<h1>KARINE HAMELLE, <a href=\"https:\/\/www.coreps-languedoc-roussillon.pro\/tournage\/habillage-maquillage-coiffure\/maquilleur-effets-speciaux.html\" target=\"_blank\">Chef maquilleuse<\/a><\/h1>\n<p>&nbsp;<\/p>\n<p>&nbsp;<\/p>\n<p style=\"text-align: justify;\">Karine Hamelle a remodel\u00e9 ses premiers visages dans le secteur de la mode et en r\u00e9gion parisienne. Elle y a certes appris la technique et la pr\u00e9cision du geste, mais ses relations sociales trop superficielles et l\u2019urgence de la plupart des projets l\u2019ont confirm\u00e9e dans son d\u00e9sir de travailler pour le cin\u00e9ma et l\u2019audiovisuel.<br \/>\nApr\u00e8s des \u00e9tudes universitaires de cin\u00e9ma \u00e0 Montpellier, elle entre \u00e0 l\u2019\u00e9cole Christian Chauveau \u00e0 Paris en 1996. Dans les \u00e9coles de maquillage, beaucoup esp\u00e8rent travailler sur les effets sp\u00e9ciaux. Karine Hamelle s\u2019est \u00e9cart\u00e9e de ce premier d\u00e9sir et a pr\u00e9f\u00e9r\u00e9 s\u2019orienter vers les couleurs, les ombres, les lumi\u00e8res sur un visage. Jos\u00e9 Rom\u00e9ro*1 lui offrira son premier poste en tant que chef maquilleuse pour des s\u00e9ries t\u00e9l\u00e9vis\u00e9es et peu \u00e0 peu, au fil des rencontres &#8211; car le r\u00e9seau reste le principal facteur d\u2019embauche &#8211; elle a fait son chemin et s\u2019estime autant \u00e9panouie que favoris\u00e9e d\u2019exercer l\u2019activit\u00e9 dont elle r\u00eavait.<br \/>\nUne vie professionnelle haletante, au prix parfois de sa vie priv\u00e9e, lui permet de d\u00e9couvrir de nombreux lieux auxquels elle n\u2019aurait pas acc\u00e8s sans son m\u00e9tier et cela participe \u00e0 son enthousiasme. Elle trouve en Languedoc-Roussillon beaucoup de solidarit\u00e9, de bonnes ambiances avec les \u00e9quipes techniques. C\u2019est un m\u00e9tier qu\u2019il vaut mieux faire pour les bonnes raisons dit-elle\u00a0: aimer \u00eatre dans l\u2019ombre, travailler pour les com\u00e9diens\u2026 La technique est importante mais la psychologie l\u2019est presque autant. A l\u2019aube de la quarantaine on est plus l\u00e9gitime et plus \u00e0 l\u2019aise qu\u2019\u00e0 vingt ans car seul le trajet permet d\u2019acqu\u00e9rir les bagages n\u00e9cessaires.<br \/>\nRecrut\u00e9e avec son mat\u00e9riel, l\u2019hygi\u00e8ne est l\u2019une de ses priorit\u00e9s\u00a0: une trousse par com\u00e9dien, un nettoyage syst\u00e9matique des pinceaux \u00e0 la fin de chaque journ\u00e9e. Maquiller c\u2019est entrer dans un cercle d\u2019intimit\u00e9, \u00eatre proche de la personne, la toucher et il faut respecter cela. Karine Hamelle aime prendre soin des com\u00e9diens. Elle les accueille avant le PAT*2, leur r\u00e9serve un temps de s\u00e9r\u00e9nit\u00e9, les aide \u00e0 se d\u00e9tendre avec des mots, des gestes. Outre le fait de maquiller les com\u00e9diens, la chef maquilleuse est charg\u00e9e du d\u00e9pouillement du sc\u00e9nario pour tout ce qui touche au maquillage. Chaque acteur a une fiche sur laquelle figure les produits utilis\u00e9s, les raccords et les photos. Tr\u00e8s organis\u00e9e, car les sc\u00e8nes d\u2019un film sont tourn\u00e9es dans le d\u00e9sordre, elle peut \u00eatre force de proposition s\u2019il est possible et coh\u00e9rent de modifier l\u2019ordre de tournage des s\u00e9quences.<br \/>\nLorsqu\u2019elle re\u00e7oit le sc\u00e9nario, elle prend des notes, souligne les d\u00e9placements des personnages, rel\u00e8ve les indications vestimentaires. La rencontre avec le r\u00e9alisateur est importante pour comprendre ses attentes et discuter des personnages. Quand cela est possible, elle fait des essais sur les personnages principaux. Pour les effets sp\u00e9ciaux, il lui arrive d\u2019aller rencontrer un chirurgien pour comprendre comment faire des points de suture, chercher des techniques pour approfondir. Proche de l\u2019accessoiriste et du premier assistant r\u00e9alisateur, il s\u2019agit l\u00e0 aussi d\u2019un v\u00e9ritable travail d\u2019\u00e9quipe mais chacun a sa place. Par exemple, pour les effets sp\u00e9ciaux sur une sc\u00e8ne de crime, elle est en charge de tout ce qui touchera la peau, le costumier s\u2019occupera des costumes et l\u2019accessoiriste des d\u00e9cors.<br \/>\nAu HMC*3, le timing est tr\u00e8s important, il faut pr\u00e9voir une heure pour les femmes en moyenne et une demi-heure pour les hommes. Pr\u00e9sente pendant le tournage, elle s\u2019occupe aussi du d\u00e9maquillage, nettoie tout son mat\u00e9riel avant de le ranger.<br \/>\nCapable de travailler dans des situations \u00e9clectiques, sa seule exigence est d\u2019avoir de la lumi\u00e8re pour travailler au mieux, son imp\u00e9ratif est la gestion du temps et son quotidien est accroch\u00e9 \u00e0 une douce \u00e9nergie.<\/p>\n<address style=\"text-align: justify;\">\u00a0<\/address>\n<address>*1 Chef maquilleur coiffeur.<br \/>\n*2 Pr\u00eat \u00e0 tourner.<\/address>\n<address>*3\u00a0 Habillage, maquillage, coiffure.<\/address>\n<h3><\/h3>\n<h3>5 dates qui ont marqu\u00e9 le parcours de Karine Hamelle :<\/h3>\n<p>Ann\u00e9e de naissance : <strong>1975<\/strong><br \/>\nFormation ou rencontre la plus significative : <strong>1996<\/strong> &#8211; Ecole de maquillage Christian Chauveau<br \/>\nArriv\u00e9e en r\u00e9gion : je suis n\u00e9e ici en <strong>1975<\/strong>, puis je all\u00e9e \u00e0 Paris, puis r\u00e9install\u00e9e en Languedoc-Roussillon en <strong>2000<\/strong>.<br \/>\nPremier film sur lequel tu as travaill\u00e9 pour le cin\u00e9ma : <strong>2003<\/strong> &#8211; <em><strong>RRRrrr<\/strong><\/em> d\u2019Alain Chabat.<br \/>\nDate de ton choix par rapport \u00e0 un \u00e9v\u00e9nement int\u00e9ressant qui te tient \u00e0 c\u0153ur : <strong>1997<\/strong> -rencontre avec une grande maquilleuse de mode Carole Lasnier qui me prend dans son \u00e9quipe pour travailler sur les d\u00e9fil\u00e9s Thierry Mugler, mes premiers pas dans une tr\u00e8s grande maison de couture.<\/p>\n<p>&nbsp;<\/p>\n<h3>Films qui ont marqu\u00e9 le parcours de Karine Hamelle :<\/h3>\n<p><em><strong>Demolition Party<\/strong><\/em> au Royal Monceau d\u2019Olivier Dahan, 2008<br \/>\n<em><strong>NED<\/strong><\/em> de David Taylor, 2009, tourn\u00e9 \u00e0 Montpellier en Languedoc-Roussillon<br \/>\n<em><strong>The Battle of the year<\/strong><\/em> de Benson Lee, 2011, tourn\u00e9 \u00e0 Montpellier en Languedoc-Roussillon<br \/>\n<em><strong>Bulle de Vian<\/strong><\/em> de Marc Hollogne, 2009<br \/>\n<em><strong>Candice Renoir <\/strong><\/em>de Christophe Douchand, Nicolas Picard-Dreyfuss, Olivier Laneurie, St\u00e9phane Malhuret et Olivier Barma, depuis 2013, tourn\u00e9 \u00e0 S\u00e8te en Languedoc-Roussillon<\/p>\n<p>&nbsp;<\/p>\n<h3 style=\"text-align: left;\" align=\"CENTER\">Son actualit\u00e9\u00a0:<\/h3>\n<p><em><strong>Tandem<\/strong><\/em> de Christophe Douchan, tourn\u00e9 \u00e0 Montpellier et alentours, 2015<br \/>\n<em><strong>Meurtres \u00e0 Collioure<\/strong><\/em> de Bruno Garcia, 2015<br \/>\n<em><strong>Candice Renoir<\/strong><\/em> de Sylvie Ayme, Nicolas Picard Dreyfus, St\u00e9phane Malhuret (saison 4 et 5), 2015 et 2016<\/p>\n<p>&nbsp;<\/p>\n<p>&nbsp;<\/p>\n","protected":false},"excerpt":{"rendered":"<p>\u00ab Je rencontre les com\u00e9diens au moment o\u00f9 ils basculent de Monsieur tout le monde \u00e0 leur personnage. \u00bb KARINE HAMELLE, Chef maquilleuse &nbsp; &nbsp; Karine Hamelle a remodel\u00e9 ses premiers visages dans le secteur de la mode et en r\u00e9gion parisienne. Elle y a certes appris la technique et la pr\u00e9cision du geste, mais ses relations sociales trop superficielles et l\u2019urgence de la plupart des projets l\u2019ont confirm\u00e9e dans son d\u00e9sir de travailler pour le cin\u00e9ma et l\u2019audiovisuel. Apr\u00e8s des \u00e9tudes universitaires de cin\u00e9ma \u00e0 Montpellier, elle entre \u00e0 l\u2019\u00e9cole Christian Chauveau \u00e0 Paris en 1996. Dans les \u00e9coles [&hellip;]<\/p>\n","protected":false},"author":1,"featured_media":0,"parent":0,"menu_order":36,"comment_status":"closed","ping_status":"closed","template":"template-fullwidth.php","meta":{"footnotes":""},"class_list":["post-577","page","type-page","status-publish","hentry"],"_links":{"self":[{"href":"https:\/\/www.fabricantsdefilms.occitanie-films.fr\/index.php?rest_route=\/wp\/v2\/pages\/577","targetHints":{"allow":["GET"]}}],"collection":[{"href":"https:\/\/www.fabricantsdefilms.occitanie-films.fr\/index.php?rest_route=\/wp\/v2\/pages"}],"about":[{"href":"https:\/\/www.fabricantsdefilms.occitanie-films.fr\/index.php?rest_route=\/wp\/v2\/types\/page"}],"author":[{"embeddable":true,"href":"https:\/\/www.fabricantsdefilms.occitanie-films.fr\/index.php?rest_route=\/wp\/v2\/users\/1"}],"replies":[{"embeddable":true,"href":"https:\/\/www.fabricantsdefilms.occitanie-films.fr\/index.php?rest_route=%2Fwp%2Fv2%2Fcomments&post=577"}],"version-history":[{"count":14,"href":"https:\/\/www.fabricantsdefilms.occitanie-films.fr\/index.php?rest_route=\/wp\/v2\/pages\/577\/revisions"}],"predecessor-version":[{"id":1902,"href":"https:\/\/www.fabricantsdefilms.occitanie-films.fr\/index.php?rest_route=\/wp\/v2\/pages\/577\/revisions\/1902"}],"wp:attachment":[{"href":"https:\/\/www.fabricantsdefilms.occitanie-films.fr\/index.php?rest_route=%2Fwp%2Fv2%2Fmedia&parent=577"}],"curies":[{"name":"wp","href":"https:\/\/api.w.org\/{rel}","templated":true}]}}