{"id":579,"date":"2014-07-09T13:04:56","date_gmt":"2014-07-09T12:04:56","guid":{"rendered":"http:\/\/www.fabricantsdefilms.occitanie-films.fr\/?page_id=579"},"modified":"2024-03-11T14:06:43","modified_gmt":"2024-03-11T13:06:43","slug":"rozenn-le-pape","status":"publish","type":"page","link":"https:\/\/www.fabricantsdefilms.occitanie-films.fr\/?page_id=579","title":{"rendered":"ROZENN LE PAPE"},"content":{"rendered":"<h2><em><a href=\"http:\/\/www.fabricantsdefilms.occitanie-films.fr\/wp-content\/uploads\/2014\/10\/lepape.jpg\"><img loading=\"lazy\" decoding=\"async\" class=\"alignleft size-medium wp-image-886\" src=\"http:\/\/www.fabricantsdefilms.occitanie-films.fr\/wp-content\/uploads\/2014\/10\/lepape-430x430.jpg\" alt=\"LePape\" width=\"430\" height=\"430\" srcset=\"https:\/\/www.fabricantsdefilms.occitanie-films.fr\/wp-content\/uploads\/2014\/10\/lepape-430x430.jpg 430w, https:\/\/www.fabricantsdefilms.occitanie-films.fr\/wp-content\/uploads\/2014\/10\/lepape-150x150.jpg 150w, https:\/\/www.fabricantsdefilms.occitanie-films.fr\/wp-content\/uploads\/2014\/10\/lepape-700x700.jpg 700w, https:\/\/www.fabricantsdefilms.occitanie-films.fr\/wp-content\/uploads\/2014\/10\/lepape-800x800.jpg 800w, https:\/\/www.fabricantsdefilms.occitanie-films.fr\/wp-content\/uploads\/2014\/10\/lepape-500x500.jpg 500w, https:\/\/www.fabricantsdefilms.occitanie-films.fr\/wp-content\/uploads\/2014\/10\/lepape.jpg 2000w\" sizes=\"auto, (max-width: 430px) 100vw, 430px\" \/><\/a>\u00ab\u00a0J\u2019aime qu\u2019on soit trois au d\u00e9but et trois cents \u00e0 la fin. J\u2019aime, en allant vers les gens, v\u00e9rifier si les besoins sont rassembl\u00e9s pour l\u2019\u0153uvre collective.\u00a0\u00bb<\/em><\/h2>\n<h1>ROZENN LE PAPE, <a href=\"http:\/\/www.coreps-languedoc-roussillon.pro\/metiers-du-spectacle-vivant-et-de-l-audiovisuel\/731-directeur-de-production.html?view=item\" target=\"_blank\" rel=\"noopener noreferrer\">Directrice de post-production<\/a><\/h1>\n<p>&nbsp;<\/p>\n<p>&nbsp;<\/p>\n<p style=\"text-align: justify;\">Son attrait pour le cin\u00e9ma est n\u00e9 d\u2019une passion pour la photographie. Sans t\u00e9l\u00e9vision au foyer familial, entre Tours et la Bretagne o\u00f9 elle est n\u00e9e, ce lien pr\u00e9coce \u00e0 l\u2019image l\u2019incite \u00e0 fr\u00e9quenter les cin\u00e9mas. Les langues \u00e9trang\u00e8res sont importantes dans son parcours\u00a0: vite arriv\u00e9es dans son quotidien gr\u00e2ce aux voyages et un s\u00e9jour aux Etats-Unis en 1990. A l\u2019\u00e9poque o\u00f9 le CD Rom appara\u00eet, elle revient \u00e0 Tours pour deux ans faire un DUT en communication, int\u00e8gre l\u2019IMAC*1 \u00e0 Paris en 1993, puis fabrique des films institutionnels \u00e0 partir de 1995.<br \/>\nElle obtient son premier poste \u00e0 Luxembourg pour la cr\u00e9ation de bornes interactives.\u00a0Sur ce petit territoire, elle rencontre des professionnels du cin\u00e9ma et devient coordinatrice de production en 1996 sur le film <em><strong>An American werewolf in Paris<\/strong><\/em> d\u2019Anthony Waller. Elle occupe ensuite des postes de secr\u00e9taire de production afin de parfaire sa formation, s\u2019installe durablement au Luxembourg et devient directrice de production.<br \/>\nLe producteur ne contacte pas un directeur de production par hasard car le montage financier doit rester confidentiel. De confiance en r\u00e9putation, on lui confie des projets de fiction.<br \/>\nLorsqu\u2019un producteur pr\u00e9-vend un film avec une date de livraison, le compte \u00e0 rebours commence. Cela implique des dates de tournage incompressibles et conditionne le travail en postproduction. Certaines embauches sont faites sans que le film ait re\u00e7u les financements n\u00e9cessaires. Progressivement, elle va d\u00e9rouler la mise en \u0153uvre du projet. Les r\u00e9ajustements de budgets sont permanents.<br \/>\nLe directeur de production recrute le personnel ad\u00e9quat, n\u00e9gocie avec les soci\u00e9t\u00e9s de location en accord avec le r\u00e9alisateur et les chefs de poste. Au lieu d\u2019annoncer : \u00ab\u00a0on n\u2019aura pas l\u2019h\u00e9licopt\u00e8re pour telle sc\u00e8ne\u00a0\u00bb, son r\u00f4le est d\u2019apporter des solutions. Rozenn le Pape aime son m\u00e9tier pour cela\u00a0; avec des r\u00e9ponses techniques elle contribue \u00e0 un besoin artistique. Elle travaille main dans la main avec le premier assistant \u00e0 la mise en sc\u00e8ne et doit sans cesse r\u00e9\u00e9valuer des choix. Si le film est tourn\u00e9 en 3D par exemple, le besoin d\u2019espace pour les retours vid\u00e9o est tripl\u00e9, le temps d\u2019installation et de branchement doit \u00eatre anticip\u00e9. Il en est de m\u00eame pour la location de v\u00e9hicule et l\u2019emplacement des parkings. Tout est li\u00e9.<br \/>\nSa disponibilit\u00e9 est continue lors du tournage. Toutefois, elle n\u2019est pas n\u00e9cessairement sur le plateau o\u00f9 r\u00e8gne le silence. Derri\u00e8re son bureau, elle assure tous les liens et suit la comptabilit\u00e9. Apr\u00e8s le tournage, elle organise les retours des professionnels et des \u00e9quipements avec les soutiens de la coordinatrice, la secr\u00e9taire et les stagiaires de production.<br \/>\nQuand elle d\u00e9couvre le Languedoc-Roussillon en 2002, elle d\u00e9sire r\u00e9it\u00e9rer ce qu\u2019elle a pu mettre en \u0153uvre au Luxembourg. Son objectif est de favoriser des actions pour attirer des producteurs qui pourront s\u2019appuyer sur des \u00e9quipes compl\u00e8tes et comp\u00e9tentes &#8211; le syst\u00e8me fran\u00e7ais inqui\u00e8te souvent les \u00e9quipes \u00e9trang\u00e8res, surtout d\u2019un point de vue fiscal -. Dans cette perspective, elle cr\u00e9e une soci\u00e9t\u00e9 mais ne peut supporter seule son d\u00e9veloppement et doit cesser l\u2019activit\u00e9. Elle devient alors intermittente. Sans une soci\u00e9t\u00e9 de production tr\u00e8s solide en r\u00e9gion, il est difficile de trouver une place au poste qu\u2019elle occupe. Polyglotte, elle travaille essentiellement pour des productions internationales. Autour de <em><strong>Battle of the Year<\/strong><\/em> de Benson Lee en 2011 et avec Firstep productions*2 elle a pu r\u00e9unir d\u2019excellentes conditions \u00e0 la r\u00e9alisation d\u2019un film qui n\u00e9cessitait des \u00e9quipements techniques modernes importants. Rozenn le Pape est convaincue qu\u2019une aussi belle r\u00e9gion que Languedoc-Roussillon, o\u00f9 vivent des techniciens talentueux, a tout pour se d\u00e9velopper davantage.<\/p>\n<p>En 2017, elle est approch\u00e9e par NEWEN pour int\u00e9grer l&rsquo;\u00e9quipe de <strong><em>Demain Nous Appartient<\/em><\/strong> \u00e0 S\u00e8te en tant que Directrice de Post-Production et ce, d\u00e8s le lancement de la s\u00e9rie, en Avril 2017. Trois ans apr\u00e8s, en 2020, la capacit\u00e9 des \u00e9quipements et du personnel a \u00e9t\u00e9 doubl\u00e9e pour accueillir une seconde s\u00e9rie quotidienne, principalement tourn\u00e9e \u00e0 Saint Laurent d&rsquo;Aigouze\u00a0 : <em><strong>Ici Tout Commence.\u00a0<\/strong><\/em><\/p>\n<p>Chaque semaine, pour les deux s\u00e9ries, elle emploie 35 personnes tout postes confondus sur une \u00e9quipe de 130 intermittents du spectacle et quelques postes en CDI. 29 salles sont \u00e9quip\u00e9es en montage image, musique et son, mixage, VFX, \u00e9talonnage, techniques, etc.<\/p>\n<address style=\"text-align: justify;\">\u00a0<\/address>\n<address>*1 Institut Image et Communication.<br \/>\n*2 Soci\u00e9t\u00e9 de production parisienne.<\/address>\n<h3><\/h3>\n<h3>5 dates qui ont marqu\u00e9 le parcours de Rozenn Le Pape :<\/h3>\n<p>Ann\u00e9e de naissance : <strong>1970<\/strong><br \/>\nFormation ou rencontre la plus significative : <strong>18 juin 1996<\/strong> &#8211; le 1er jour de travail sur un long m\u00e9trage de fiction\u00a0 : <em><strong>An American Werewolf<\/strong><\/em> in Paris\u00a0 tourn\u00e9 au Luxembourg. Je suis embauch\u00e9e en tant que coordinatrice sur ce film am\u00e9ricain avec effets sp\u00e9ciaux. C\u2019est mon 1er film et la coordinatrice en place d\u00e9missionne. Je dois donc prendre sa place, sans pr\u00e9paration, c\u2019est ce qui s\u2019appelle apprendre sur le tas !<br \/>\nArriv\u00e9e en r\u00e9gion: <strong>8 mai 2002<\/strong> &#8211; enceinte de 6 mois de jumeaux qui naitront en ao\u00fbt, l\u2019heure n\u2019est pas encore aux tournages\u2026<br \/>\nPremier film sur lequel tu as travaill\u00e9 pour le cin\u00e9ma : <strong>1996<\/strong> &#8211; <em><strong>An American Werewolf in Paris<\/strong><\/em> avec Tom Everett Scott, Julie Delpy\u2026<br \/>\nDate de ton choix par rapport \u00e0 un \u00e9v\u00e9nement int\u00e9ressant qui te tient \u00e0 c\u0153ur : <strong>2011<\/strong> &#8211; quelques mois avant le tournage de <em><strong>Battle of the Year<\/strong><\/em> \u00e0 Montpellier : rencontre avec le producteur John Glenn. Je suis avec Marin Rosensthiel et nous esp\u00e9rons que le tournage se fasse \u00e0 Montpellier\u2026 Je pr\u00e9pare au mieux ce rendez-vous avec lecture du sc\u00e9nario, liste des questions \u00e0 poser, bref, un rendez-vous \u00e0 ne pas rater car enfin, je vais \u00e9ventuellement travailler sur un long m\u00e9trage chez moi !!!<\/p>\n<p>&nbsp;<\/p>\n<p>&nbsp;<\/p>\n<h3>Films qui ont marqu\u00e9 le parcours de Rozenn Le Pape :<\/h3>\n<p><em><strong>The New Adventures of Pinocchio<\/strong><\/em> de Michael Anderson, 1999<br \/>\n<em><strong>Petite Mis\u00e8re<\/strong> <\/em>de Philippe Boon, Laurent Brandenburger, 2000<br \/>\n<em><strong>NED<\/strong><\/em> de David Taylor, 2009-2010, Montpellier en Languedoc-Roussillon<br \/>\n<em><strong>The Battle of the year<\/strong><\/em> de Benson Lee, 2011, Montpellier en Languedoc-Roussillon<\/p>\n<p>&nbsp;<\/p>\n<p>&nbsp;<\/p>\n<h3 style=\"text-align: left;\" align=\"CENTER\">Son actualit\u00e9\u00a0:<\/h3>\n<p><em><strong>A Long way from home<\/strong><\/em> de Virginia Gilbert, 2012, N\u00eemes en Languedoc-Roussillon<br \/>\n<em><strong>Untitled cycling project<\/strong><\/em> de Stephen Frears, 2013<br \/>\n<em><strong>Waiting For You<\/strong><\/em> de Charles Garrad, tourn\u00e9 dans le Gard et l\u2019H\u00e9rault, 2015<\/p>\n<p>&nbsp;<\/p>\n<p>&nbsp;<\/p>\n","protected":false},"excerpt":{"rendered":"<p>\u00ab\u00a0J\u2019aime qu\u2019on soit trois au d\u00e9but et trois cents \u00e0 la fin. J\u2019aime, en allant vers les gens, v\u00e9rifier si les besoins sont rassembl\u00e9s pour l\u2019\u0153uvre collective.\u00a0\u00bb ROZENN LE PAPE, Directrice de post-production &nbsp; &nbsp; Son attrait pour le cin\u00e9ma est n\u00e9 d\u2019une passion pour la photographie. Sans t\u00e9l\u00e9vision au foyer familial, entre Tours et la Bretagne o\u00f9 elle est n\u00e9e, ce lien pr\u00e9coce \u00e0 l\u2019image l\u2019incite \u00e0 fr\u00e9quenter les cin\u00e9mas. Les langues \u00e9trang\u00e8res sont importantes dans son parcours\u00a0: vite arriv\u00e9es dans son quotidien gr\u00e2ce aux voyages et un s\u00e9jour aux Etats-Unis en 1990. A l\u2019\u00e9poque o\u00f9 le CD Rom [&hellip;]<\/p>\n","protected":false},"author":1,"featured_media":0,"parent":0,"menu_order":59,"comment_status":"closed","ping_status":"closed","template":"template-fullwidth.php","meta":{"footnotes":""},"class_list":["post-579","page","type-page","status-publish","hentry"],"_links":{"self":[{"href":"https:\/\/www.fabricantsdefilms.occitanie-films.fr\/index.php?rest_route=\/wp\/v2\/pages\/579","targetHints":{"allow":["GET"]}}],"collection":[{"href":"https:\/\/www.fabricantsdefilms.occitanie-films.fr\/index.php?rest_route=\/wp\/v2\/pages"}],"about":[{"href":"https:\/\/www.fabricantsdefilms.occitanie-films.fr\/index.php?rest_route=\/wp\/v2\/types\/page"}],"author":[{"embeddable":true,"href":"https:\/\/www.fabricantsdefilms.occitanie-films.fr\/index.php?rest_route=\/wp\/v2\/users\/1"}],"replies":[{"embeddable":true,"href":"https:\/\/www.fabricantsdefilms.occitanie-films.fr\/index.php?rest_route=%2Fwp%2Fv2%2Fcomments&post=579"}],"version-history":[{"count":15,"href":"https:\/\/www.fabricantsdefilms.occitanie-films.fr\/index.php?rest_route=\/wp\/v2\/pages\/579\/revisions"}],"predecessor-version":[{"id":3158,"href":"https:\/\/www.fabricantsdefilms.occitanie-films.fr\/index.php?rest_route=\/wp\/v2\/pages\/579\/revisions\/3158"}],"wp:attachment":[{"href":"https:\/\/www.fabricantsdefilms.occitanie-films.fr\/index.php?rest_route=%2Fwp%2Fv2%2Fmedia&parent=579"}],"curies":[{"name":"wp","href":"https:\/\/api.w.org\/{rel}","templated":true}]}}