{"id":699,"date":"2014-09-09T13:44:25","date_gmt":"2014-09-09T12:44:25","guid":{"rendered":"http:\/\/www.fabricantsdefilms.occitanie-films.fr\/?page_id=699"},"modified":"2016-11-30T15:19:46","modified_gmt":"2016-11-30T14:19:46","slug":"emmanuel-colleau","status":"publish","type":"page","link":"https:\/\/www.fabricantsdefilms.occitanie-films.fr\/?page_id=699","title":{"rendered":"EMMANUEL COLLEAU"},"content":{"rendered":"<h2><em><a href=\"http:\/\/www.fabricantsdefilms.occitanie-films.fr\/wp-content\/uploads\/2014\/10\/colleau.jpg\"><img loading=\"lazy\" decoding=\"async\" class=\"alignleft size-medium wp-image-896\" src=\"http:\/\/www.fabricantsdefilms.occitanie-films.fr\/wp-content\/uploads\/2014\/10\/colleau-430x430.jpg\" alt=\"Colleau\" width=\"430\" height=\"430\" srcset=\"https:\/\/www.fabricantsdefilms.occitanie-films.fr\/wp-content\/uploads\/2014\/10\/colleau-430x430.jpg 430w, https:\/\/www.fabricantsdefilms.occitanie-films.fr\/wp-content\/uploads\/2014\/10\/colleau-150x150.jpg 150w, https:\/\/www.fabricantsdefilms.occitanie-films.fr\/wp-content\/uploads\/2014\/10\/colleau-700x700.jpg 700w, https:\/\/www.fabricantsdefilms.occitanie-films.fr\/wp-content\/uploads\/2014\/10\/colleau-800x800.jpg 800w, https:\/\/www.fabricantsdefilms.occitanie-films.fr\/wp-content\/uploads\/2014\/10\/colleau-500x500.jpg 500w, https:\/\/www.fabricantsdefilms.occitanie-films.fr\/wp-content\/uploads\/2014\/10\/colleau.jpg 2000w\" sizes=\"auto, (max-width: 430px) 100vw, 430px\" \/><\/a>\u00ab\u00a0J\u2019aime quand l\u2019image se resserre pour appr\u00e9cier mon travail sur le personnage. \u00bb<br \/>\n<\/em><\/h2>\n<h1>EMMANUEL COLLEAU, <a href=\"http:\/\/www.coreps-languedoc-roussillon.pro\/metiers-du-spectacle-vivant-et-de-l-audiovisuel\/345-coiffeur-specialise-dans-les-arts-du-spectacle.html?view=item\" target=\"_blank\">Chef coiffeur<\/a><\/h1>\n<p>&nbsp;<\/p>\n<p>&nbsp;<\/p>\n<p style=\"text-align: justify;\">Il commence par travailler dans un salon de coiffure parisien mais dans ce contexte, il perd peu \u00e0 peu d\u2019int\u00e9r\u00eat pour son m\u00e9tier. Apr\u00e8s un bilan de comp\u00e9tences, il fait des stages au th\u00e9\u00e2tre avec Marion Aubert &#8211; com\u00e9dienne et une auteure de th\u00e9\u00e2tre -, Marion Guerrero \u2013 metteur en sc\u00e8ne et com\u00e9dienne &#8211; et Fanny Reversat \u2013 metteur en sc\u00e8ne -, \u00e0 Montpellier o\u00f9 il appr\u00e9cie le climat. Il suit une formation de coiffeur-perruquier-maquilleur de sc\u00e8ne au Th\u00e9\u00e2tre du Capitole \u00e0 Toulouse. Rapidement, il obtient son premier poste pour <em><strong>Les Egar\u00e9s<\/strong><\/em> d\u2019Andr\u00e9 Techin\u00e9 en 2002. Il devient intermittent et au fil des rencontres, il \u0153uvre pour l\u2019Op\u00e9ra de Montpellier et travaille depuis quelques ann\u00e9es essentiellement \u00e0 Marseille pour des s\u00e9ries.<br \/>\nIl est fr\u00e9quent que les r\u00f4les de chef coiffeur et assistant coiffeur s\u2019inversent car il existe une tr\u00e8s grande solidarit\u00e9 au sein de la profession. Son embauche est souvent soumise \u00e0 son r\u00e9seau. Cependant, en tant que chef coiffeur et avec l\u2019accord du directeur de production, il essaye de recruter autant que possible les techniciens r\u00e9gionaux. S\u2019il aime voyager gr\u00e2ce aux films, Emmanuel Colleau fait partie des techniciens qui aimeraient davantage travailler dans la r\u00e9gion o\u00f9 il habite. Lorsqu\u2019un tournage s\u2019y d\u00e9roule, il remarque que les productions ne respectent pas toujours le jeu de l\u2019emploi en r\u00e9gion. Malgr\u00e9 son attachement au territoire, il est pr\u00eat \u00e0 se d\u00e9placer si cette donn\u00e9e n\u2019\u00e9volue pas.<br \/>\nIl entre dans un film par la lecture du sc\u00e9nario puis son d\u00e9pouillement qui consiste \u00e0 analyser le texte selon diff\u00e9rents crit\u00e8res et \u00e0 relever ce qui concerne la coiffure. Gr\u00e2ce au premier assistant r\u00e9alisateur, il prend connaissance des souhaits artistiques de la mise en sc\u00e8ne et obtient les ambitions du plan de travail. Ses \u00e9changes avec la maquilleuse et la costumi\u00e8re, notamment pour l\u2019\u00e9tape de documentation, sont importants. Il s\u2019inspire volontiers du livre de Richard Corson\u00a0: \u00ab\u00a0<em>Fashions in Hair<\/em>\u00ab\u00a0*1, pour imaginer ses cr\u00e9ations. Les visuels rassurent le r\u00e9alisateur. En fonction des besoins, il appr\u00e9cie de faire des formations, notamment avec l\u2019AFDAS*2. Le chef coiffeur est responsable de son \u00e9quipe et g\u00e8re le budget qui lui est allou\u00e9.<br \/>\nQuelques jours avant le tournage, les chefs du HMC*3 font des essais en pr\u00e9sence du r\u00e9alisateur qui valide ou non les propositions. Le chef coiffeur pr\u00e9sente des coiffures\u00a0 cr\u00e9dibles qui participent \u00e0 l\u2019approche d\u2019un r\u00f4le. Il doit g\u00e9rer au mieux le temps de pr\u00e9paration du com\u00e9dien afin de n\u2019occasionner aucun retard sur le plateau. Lors du tournage, il note ses raccords dans sa continuit\u00e9 et prend des photos. Il organise s\u00e9quence par s\u00e9quence et dans l\u2019ordre chronologique des fiches li\u00e9es aux com\u00e9diens. Il sollicite \u00e9galement la scripte qui reste la responsable des raccords, plus il y en a et plus il participe \u00e0 la cr\u00e9ation d\u2019un personnage pour le faire \u00e9voluer.<br \/>\nLes techniciens du HMC se d\u00e9finissent comme \u00ab\u00a0des \u00e9ponges\u00a0\u00bb car ils doivent prendre soin du com\u00e9dien, le rassurer pour le d\u00e9tendre. Sur le plateau, le coiffeur est physiquement derri\u00e8re le r\u00e9alisateur pr\u00e8s du combo*4 et v\u00e9rifie les raccords\u00a0; il visionne r\u00e9guli\u00e8rement les rushes*5. Il a appris \u00e0 se positionner sur le plateau au fil des ann\u00e9es. Il n\u2019aurait pas pu exercer ce m\u00e9tier \u00e0 vingt ans car il faut acqu\u00e9rir une certaine maturit\u00e9. Le coiffeur doit faire preuve de douceur et d\u2019assurance dans ses gestes, entre son flight case*6 et son sac de face*7, il fait un travail de boh\u00e8me, il est coiffeur ambulant.<\/p>\n<address style=\"text-align: justify;\">*1 Peter Owen Publishers, 3\u00b0 \u00e9dition 2005.<br \/>\n*2 Assurance Formation des Activit\u00e9s du Spectacle.<br \/>\n*3 Habillage, Maquillage, Coiffure.<br \/>\n*4 Enregistreur diffusant l&rsquo;image et le son issus de la prise tourn\u00e9e via la reprise vid\u00e9o de la cam\u00e9ra principale.<br \/>\n*5 Ensemble des prises de vues faites avant le montage.<br \/>\n*6 Caisse sur roulettes pour prot\u00e9ger le mat\u00e9riel des chocs et des al\u00e9as du transport.<br \/>\n*7 Sac de mat\u00e9riel pour travailler au plateau.<\/address>\n<h3><\/h3>\n<h3>5 dates qui ont marqu\u00e9 le parcours d&rsquo;Emmanuel Colleau :<\/h3>\n<p>Ann\u00e9e de naissance : <strong>1972<\/strong><br \/>\nFormation ou rencontre la plus significative : Formation Perruquier Th\u00e9\u00e2tre du Capitole Toulouse.<br \/>\nArriv\u00e9e en r\u00e9gion : <strong>1995<\/strong><br \/>\nPremier film sur lequel tu as travaill\u00e9 pour le cin\u00e9ma : <strong>2007<\/strong>\u00a0 &#8211; <em><strong>La graine et le Mulet<\/strong><\/em> de Abdellatif Kechiche.<br \/>\nDate de ton choix par rapport \u00e0 un \u00e9v\u00e9nement int\u00e9ressant qui te tient \u00e0 c\u0153ur : <strong>2005<\/strong> -d\u00e9buts sur la s\u00e9rie <em><strong>Plus Belle La Vie<\/strong> <\/em>: de nombreuses rencontres enrichissantes pour la suite !<\/p>\n<h3><\/h3>\n<h3>Films qui ont marqu\u00e9 le parcours d&rsquo;Emmanuel Colleau :<\/h3>\n<p><em><strong>La graine et le mulet <\/strong><\/em>d\u2019 Abdellatif Kechiche, 2005, tourn\u00e9 \u00e0 S\u00e8te<br \/>\n<em><strong>Plus Belle la vie<\/strong> <\/em>(s\u00e9rie TV)\u00a0 depuis 2005<br \/>\n<em><strong>Bellamy<\/strong><\/em> de Claude Chabrol, 2008, tourn\u00e9 \u00e0 N\u00eemes<br \/>\n<em><strong>Coup d\u2019\u00e9clat<\/strong><\/em> de Jos\u00e9 Alcala, 2010, tourn\u00e9 \u00e0 S\u00e8te et en PACA<br \/>\n<em><strong>Madame le Maire<\/strong><\/em> de Coline Serreau, 2014, tourn\u00e9 \u00e0 Vaison-la-Romaine (PACA)<\/p>\n<p>&nbsp;<\/p>\n<h3>Son actualit\u00e9 :<\/h3>\n<p><em><strong>Alex Hugo<\/strong><\/em> d\u2019Olivier Langlois, 2015<br \/>\n<em><strong>Tandem<\/strong><\/em> de Christophe Douchan, tourn\u00e9 \u00e0 Montpellier et alentours, 2015\/2016<\/p>\n<p>&nbsp;<\/p>\n<p>&nbsp;<\/p>\n","protected":false},"excerpt":{"rendered":"<p>\u00ab\u00a0J\u2019aime quand l\u2019image se resserre pour appr\u00e9cier mon travail sur le personnage. \u00bb EMMANUEL COLLEAU, Chef coiffeur &nbsp; &nbsp; Il commence par travailler dans un salon de coiffure parisien mais dans ce contexte, il perd peu \u00e0 peu d\u2019int\u00e9r\u00eat pour son m\u00e9tier. Apr\u00e8s un bilan de comp\u00e9tences, il fait des stages au th\u00e9\u00e2tre avec Marion Aubert &#8211; com\u00e9dienne et une auteure de th\u00e9\u00e2tre -, Marion Guerrero \u2013 metteur en sc\u00e8ne et com\u00e9dienne &#8211; et Fanny Reversat \u2013 metteur en sc\u00e8ne -, \u00e0 Montpellier o\u00f9 il appr\u00e9cie le climat. Il suit une formation de coiffeur-perruquier-maquilleur de sc\u00e8ne au Th\u00e9\u00e2tre du Capitole [&hellip;]<\/p>\n","protected":false},"author":1,"featured_media":0,"parent":0,"menu_order":26,"comment_status":"closed","ping_status":"closed","template":"template-fullwidth.php","meta":{"footnotes":""},"class_list":["post-699","page","type-page","status-publish","hentry"],"_links":{"self":[{"href":"https:\/\/www.fabricantsdefilms.occitanie-films.fr\/index.php?rest_route=\/wp\/v2\/pages\/699","targetHints":{"allow":["GET"]}}],"collection":[{"href":"https:\/\/www.fabricantsdefilms.occitanie-films.fr\/index.php?rest_route=\/wp\/v2\/pages"}],"about":[{"href":"https:\/\/www.fabricantsdefilms.occitanie-films.fr\/index.php?rest_route=\/wp\/v2\/types\/page"}],"author":[{"embeddable":true,"href":"https:\/\/www.fabricantsdefilms.occitanie-films.fr\/index.php?rest_route=\/wp\/v2\/users\/1"}],"replies":[{"embeddable":true,"href":"https:\/\/www.fabricantsdefilms.occitanie-films.fr\/index.php?rest_route=%2Fwp%2Fv2%2Fcomments&post=699"}],"version-history":[{"count":13,"href":"https:\/\/www.fabricantsdefilms.occitanie-films.fr\/index.php?rest_route=\/wp\/v2\/pages\/699\/revisions"}],"predecessor-version":[{"id":1879,"href":"https:\/\/www.fabricantsdefilms.occitanie-films.fr\/index.php?rest_route=\/wp\/v2\/pages\/699\/revisions\/1879"}],"wp:attachment":[{"href":"https:\/\/www.fabricantsdefilms.occitanie-films.fr\/index.php?rest_route=%2Fwp%2Fv2%2Fmedia&parent=699"}],"curies":[{"name":"wp","href":"https:\/\/api.w.org\/{rel}","templated":true}]}}