{"id":745,"date":"2014-09-16T15:33:54","date_gmt":"2014-09-16T14:33:54","guid":{"rendered":"http:\/\/www.fabricantsdefilms.occitanie-films.fr\/?page_id=745"},"modified":"2016-11-30T15:14:38","modified_gmt":"2016-11-30T14:14:38","slug":"alain-temmerman","status":"publish","type":"page","link":"https:\/\/www.fabricantsdefilms.occitanie-films.fr\/?page_id=745","title":{"rendered":"ALAIN TEMMERMAN"},"content":{"rendered":"<h2><em><a href=\"http:\/\/www.fabricantsdefilms.occitanie-films.fr\/wp-content\/uploads\/2015\/03\/temmerman.jpg\"><img loading=\"lazy\" decoding=\"async\" class=\"alignleft wp-image-1566 size-medium\" src=\"http:\/\/www.fabricantsdefilms.occitanie-films.fr\/wp-content\/uploads\/2015\/03\/temmerman-430x430.jpg\" alt=\"\" width=\"430\" height=\"430\" srcset=\"https:\/\/www.fabricantsdefilms.occitanie-films.fr\/wp-content\/uploads\/2015\/03\/temmerman-430x430.jpg 430w, https:\/\/www.fabricantsdefilms.occitanie-films.fr\/wp-content\/uploads\/2015\/03\/temmerman-150x150.jpg 150w, https:\/\/www.fabricantsdefilms.occitanie-films.fr\/wp-content\/uploads\/2015\/03\/temmerman-700x700.jpg 700w, https:\/\/www.fabricantsdefilms.occitanie-films.fr\/wp-content\/uploads\/2015\/03\/temmerman-800x800.jpg 800w, https:\/\/www.fabricantsdefilms.occitanie-films.fr\/wp-content\/uploads\/2015\/03\/temmerman-500x500.jpg 500w, https:\/\/www.fabricantsdefilms.occitanie-films.fr\/wp-content\/uploads\/2015\/03\/temmerman.jpg 2000w\" sizes=\"auto, (max-width: 430px) 100vw, 430px\" \/><\/a>\u00a0\u00ab\u00a0Un plateau de tournage c\u2019est un peu comme le pont d\u2019un bateau, chacun \u00e0 son poste et quand on tient un bon rythme, quand la man\u0153uvre est r\u00e9ussie, on se sent tous filer dans la m\u00eame direction.\u00a0\u00bb<br \/>\n<\/em><\/h2>\n<h1>ALAIN TEMMERMAN, <a href=\"http:\/\/www.coreps-languedoc-roussillon.pro\/tournage\/realisation\/premier-assistant-realisateur.html\" target=\"_blank\">Assistant \u00e0 la mise en sc\u00e8ne<\/a><\/h1>\n<p>&nbsp;<\/p>\n<p>&nbsp;<\/p>\n<p style=\"text-align: justify;\">Il se destinait \u00e0 une carri\u00e8re d\u2019\u00e9lectronicien mais alors qu\u2019il \u00e9tait objecteur de conscience charg\u00e9 du pr\u00eat de mat\u00e9riel pour \u00ab\u00a0Jeunesse et Sport\u00a0\u00bb en 1985, il a rencontr\u00e9 un r\u00e9alisateur qui tournait son premier court m\u00e9trage. Il n\u2019\u00e9tait pas cin\u00e9phile mais est tomb\u00e9 sous le charme de ce petit tournage de nuit dans le m\u00e9tro de Villeneuve d\u2019Ascq. Il comprend alors qu\u2019il existe \u00e0 cet endroit une passerelle entre la technique et la cr\u00e9ation. Apr\u00e8s avoir r\u00e9alis\u00e9 des films d\u2019entreprise pendant deux ans, il se pr\u00e9sente \u00e0 France 3 Lille en 1990 et on lui propose un stage d\u2019assistant sur <em><strong>40\u00b0 \u00e0 l\u2019ombre<\/strong><\/em>, une \u00e9mission de vari\u00e9t\u00e9s en direct et en ext\u00e9rieur \u00e0 Collioure dans les Pyr\u00e9n\u00e9es-Orientales. Il d\u00e9couvre ce qu\u2019est une \u00e9quipe de tournage, l\u2019excitation du direct et son int\u00e9r\u00eat pour l\u2019audiovisuel se confirme. Au fil des tournages, entre le Nord et l\u2019Ile de France, il apprend le m\u00e9tier d\u2019assistant \u00e0 la mise en sc\u00e8ne. En 2005, il s\u2019installe \u00e0 Paris et en 2009, avec sa famille, il d\u00e9cide d\u2019aller vivre sous le soleil du Gard. Premier ou second assistant, d\u00e9sormais il fait aussi des rep\u00e9rages pour les s\u00e9ries\u00a0<em><strong>Candice Renoir<\/strong><\/em> ou <em><strong>Crimes et botanique<\/strong><\/em> tourn\u00e9es en Languedoc-Roussillon par exemple. Contact\u00e9 par le metteur en sc\u00e8ne ou le directeur de production, l\u2019assistant \u00e0 la mise en sc\u00e8ne a souvent cinq ou six semaines de pr\u00e9paration pour un t\u00e9l\u00e9film. Toutefois, pour un film d\u2019\u00e9poque comme Richelieu, <em><strong>la Pourpre et le Sang<\/strong><\/em> d\u2019Henri Helman, son travail pr\u00e9paratoire a d\u00e9but\u00e9 six mois en amont. A la premi\u00e8re lecture du sc\u00e9nario, il cherche \u00ab\u00a0les loups\u00a0\u00bb\u00a0et dresse une liste des difficult\u00e9s \u00e0 r\u00e9gler en priorit\u00e9 : un r\u00f4le difficile \u00e0 caster, une sc\u00e8ne compliqu\u00e9e \u00e0 tourner&#8230; Ses fr\u00e9quentes discussions avec le metteur en sc\u00e8ne lui permettent de saisir ses intentions. Assez solitaire au d\u00e9but de la pr\u00e9paration, il multiplie ensuite les \u00e9changes avec les chefs de poste, l\u2019\u00e9laboration est collective. Le premier assistant coordonne le travail des \u00e9quipes, il avise la production de l\u2019\u00e9tat du projet et participe \u00e0 trouver des solutions qui conviendront aux demandes du r\u00e9alisateur tout en respectant le budget allou\u00e9. Alain Temmerman ne se sent pas \u00ab\u00a0l\u2019armure d\u2019un metteur en sc\u00e8ne\u00a0\u00bb mais plut\u00f4t \u00ab\u00a0le cam\u00e9l\u00e9on\u00a0\u00bb qui conduira au meilleur compromis pour le film. Sur un tournage, le r\u00e9alisateur reste le diapason, \u00ab\u00a0son m\u00e9tier est difficile pendant et entre les films\u00a0\u00bb, il faut lui \u00e9viter les pressions pour qu\u2019il puisse se concentrer sur la mise en sc\u00e8ne. Le premier assistant et son \u00e9quipe &#8211; son second, son troisi\u00e8me, car sans eux rien n\u2019est possible &#8211; anticipent constamment pour chercher le bon rythme, \u00e9viter les temps morts et tourner tout ce qui est inscrit sur la feuille de service*1 avec la meilleure qualit\u00e9 possible. Dans l\u2019\u00e9nergie et la concentration, il met en synergie tous les corps de m\u00e9tiers et trouve des alternatives efficaces en cas de probl\u00e8me (m\u00e9t\u00e9o, d\u00e9cor annul\u00e9\u2026). Le plan de travail*2, dont il a la responsabilit\u00e9, doit respecter les intentions du r\u00e9alisateur mais aussi le travail, parfois \u00e9prouvant, des techniciens. Ce document garantit la s\u00e9curit\u00e9 d\u2019une \u00e9quipe autant que la d\u00e9marche artistique. Rien n\u2019est d\u00e9finitif et le tournage est une mise \u00e0 l\u2019\u00e9preuve de ce plan de travail, c\u2019est le chemin d\u2019un sc\u00e9nario\u00a0: aller du papier vers le concret. Le m\u00e9tier d\u2019assistant \u00e0 la mise en sc\u00e8ne peut \u00eatre source d\u2019angoisse mais en vingt ans de tournages, Alain Temmerman a appris \u00e0 se faire confiance et \u00e0 avoir confiance en une \u00e9quipe.<\/p>\n<address style=\"text-align: justify;\">\u00a0<\/address>\n<address style=\"text-align: justify;\">*1 Outil d\u2019organisation logistique communiqu\u00e9 la veille de chaque jour de tournage \u00e0 l\u2019\u00e9quipe<br \/>\n*2 Outil permettant d\u2019appr\u00e9hender la totalit\u00e9 d\u2019un tournage dans ses d\u00e9tails, d\u00e9cors, casting, dates de tournage, effets sp\u00e9ciaux\u2026<\/address>\n<h3><\/h3>\n<h3>5 dates qui ont marqu\u00e9 le parcours d&rsquo;Alain Temmerman :<\/h3>\n<p>Ann\u00e9e de naissance : <strong>1961<\/strong><br \/>\nFormation ou rencontre la plus significative : <strong>1993<\/strong> \u2013 rencontre avec Michel Debats, premier assistant de Thierry Chabert sur<em><strong>\u00a0Le dernier tour<\/strong><\/em>, \u00ab\u00a0mon papa de m\u00e9tier\u00a0\u00bb comme on dit\u2026<br \/>\nArriv\u00e9e en r\u00e9gion : <strong>2009<\/strong><br \/>\nPremier film sur lequel tu as travaill\u00e9 pour le cin\u00e9ma : <em><strong>2004<\/strong><\/em> &#8211; <em><strong>Vip\u00e8re au poing<\/strong><\/em> de Philippe de Broca<br \/>\nDate de ton choix par rapport \u00e0 un \u00e9v\u00e9nement int\u00e9ressant qui te tient \u00e0 c\u0153ur : <strong>1989<\/strong> &#8211; la chute du mur de Berlin<\/p>\n<h3>Films qui ont marqu\u00e9 le parcours d&rsquo;Alain Temmerman :<\/h3>\n<p><em><strong>P\u00e9cheur d\u2019Islande<\/strong><\/em> de Daniel Vigne, 1995<br \/>\n<em><strong>Un amour \u00e0 taire<\/strong><\/em> de Christian Faure, 2004<br \/>\n<em><strong>Les Diablesses<\/strong><\/em> de Harry Cleven, 2006<br \/>\n<em><strong>La saison des Immortelles<\/strong><\/em> de Henri Helman, 2008<br \/>\n<em><strong>Richelieu, la Pourpre et le Sang<\/strong><\/em> de Henri Helman, 2013<\/p>\n<p>&nbsp;<\/p>\n<p>&nbsp;<\/p>\n","protected":false},"excerpt":{"rendered":"<p>\u00a0\u00ab\u00a0Un plateau de tournage c\u2019est un peu comme le pont d\u2019un bateau, chacun \u00e0 son poste et quand on tient un bon rythme, quand la man\u0153uvre est r\u00e9ussie, on se sent tous filer dans la m\u00eame direction.\u00a0\u00bb ALAIN TEMMERMAN, Assistant \u00e0 la mise en sc\u00e8ne &nbsp; &nbsp; Il se destinait \u00e0 une carri\u00e8re d\u2019\u00e9lectronicien mais alors qu\u2019il \u00e9tait objecteur de conscience charg\u00e9 du pr\u00eat de mat\u00e9riel pour \u00ab\u00a0Jeunesse et Sport\u00a0\u00bb en 1985, il a rencontr\u00e9 un r\u00e9alisateur qui tournait son premier court m\u00e9trage. Il n\u2019\u00e9tait pas cin\u00e9phile mais est tomb\u00e9 sous le charme de ce petit tournage de nuit dans [&hellip;]<\/p>\n","protected":false},"author":1,"featured_media":0,"parent":0,"menu_order":2,"comment_status":"closed","ping_status":"closed","template":"template-fullwidth.php","meta":{"footnotes":""},"class_list":["post-745","page","type-page","status-publish","hentry"],"_links":{"self":[{"href":"https:\/\/www.fabricantsdefilms.occitanie-films.fr\/index.php?rest_route=\/wp\/v2\/pages\/745","targetHints":{"allow":["GET"]}}],"collection":[{"href":"https:\/\/www.fabricantsdefilms.occitanie-films.fr\/index.php?rest_route=\/wp\/v2\/pages"}],"about":[{"href":"https:\/\/www.fabricantsdefilms.occitanie-films.fr\/index.php?rest_route=\/wp\/v2\/types\/page"}],"author":[{"embeddable":true,"href":"https:\/\/www.fabricantsdefilms.occitanie-films.fr\/index.php?rest_route=\/wp\/v2\/users\/1"}],"replies":[{"embeddable":true,"href":"https:\/\/www.fabricantsdefilms.occitanie-films.fr\/index.php?rest_route=%2Fwp%2Fv2%2Fcomments&post=745"}],"version-history":[{"count":21,"href":"https:\/\/www.fabricantsdefilms.occitanie-films.fr\/index.php?rest_route=\/wp\/v2\/pages\/745\/revisions"}],"predecessor-version":[{"id":1873,"href":"https:\/\/www.fabricantsdefilms.occitanie-films.fr\/index.php?rest_route=\/wp\/v2\/pages\/745\/revisions\/1873"}],"wp:attachment":[{"href":"https:\/\/www.fabricantsdefilms.occitanie-films.fr\/index.php?rest_route=%2Fwp%2Fv2%2Fmedia&parent=745"}],"curies":[{"name":"wp","href":"https:\/\/api.w.org\/{rel}","templated":true}]}}