{"id":762,"date":"2014-09-16T16:17:21","date_gmt":"2014-09-16T15:17:21","guid":{"rendered":"http:\/\/www.fabricantsdefilms.occitanie-films.fr\/?page_id=762"},"modified":"2016-11-30T15:24:52","modified_gmt":"2016-11-30T14:24:52","slug":"cedric-diemer","status":"publish","type":"page","link":"https:\/\/www.fabricantsdefilms.occitanie-films.fr\/?page_id=762","title":{"rendered":"C\u00c9DRIC DIEMER"},"content":{"rendered":"<h2><em><a href=\"http:\/\/www.fabricantsdefilms.occitanie-films.fr\/wp-content\/uploads\/2014\/11\/n_diemer.jpg\"><img loading=\"lazy\" decoding=\"async\" class=\"alignleft wp-image-1466 size-medium\" src=\"http:\/\/www.fabricantsdefilms.occitanie-films.fr\/wp-content\/uploads\/2014\/11\/n_diemer-430x430.jpg\" alt=\"\" width=\"430\" height=\"430\" srcset=\"https:\/\/www.fabricantsdefilms.occitanie-films.fr\/wp-content\/uploads\/2014\/11\/n_diemer-430x430.jpg 430w, https:\/\/www.fabricantsdefilms.occitanie-films.fr\/wp-content\/uploads\/2014\/11\/n_diemer-150x150.jpg 150w, https:\/\/www.fabricantsdefilms.occitanie-films.fr\/wp-content\/uploads\/2014\/11\/n_diemer-700x700.jpg 700w, https:\/\/www.fabricantsdefilms.occitanie-films.fr\/wp-content\/uploads\/2014\/11\/n_diemer-800x800.jpg 800w, https:\/\/www.fabricantsdefilms.occitanie-films.fr\/wp-content\/uploads\/2014\/11\/n_diemer-500x500.jpg 500w, https:\/\/www.fabricantsdefilms.occitanie-films.fr\/wp-content\/uploads\/2014\/11\/n_diemer.jpg 2000w\" sizes=\"auto, (max-width: 430px) 100vw, 430px\" \/><\/a>\u00ab\u00a0Souvent seul sur les routes, il m\u2019arrive de faire seul 400 kms par jour.\u00bb<br \/>\n<\/em><\/h2>\n<h1>C\u00c9DRIC DIEMER, <a href=\"https:\/\/www.coreps-languedoc-roussillon.pro\/developpement-pre-production\/repereur-de-decors.html\" target=\"_blank\">Rep\u00e9reur<\/a><\/h1>\n<p>&nbsp;<\/p>\n<p>&nbsp;<\/p>\n<p style=\"text-align: justify;\">Form\u00e9 en Histoire de l\u2019art et en arch\u00e9ologie, C\u00e9dric Diemer est entr\u00e9 par hasard dans le cin\u00e9ma lorsqu\u2019un ami lui propose d\u2019\u00eatre stagiaire pour une s\u00e9rie tourn\u00e9e \u00e0 Angoul\u00eame, <em><strong>P\u00e8re et Maire<\/strong><\/em> en 2005. Alors que Languedoc-Roussillon Cin\u00e9ma se structure, que le TGV permet de rapprocher les limites entre Paris et Montpellier et que certaines productions s\u2019int\u00e9ressent davantage au Languedoc-Roussillon, il cr\u00e9e un site internet pour proposer ses services en tant que responsable de rep\u00e9rage. Son travail en 2008 pour <em><strong>36 vues du pic Saint-Loup<\/strong><\/em> de Jacques Rivette sera d\u00e9cisif puisqu\u2019il lui permet d\u2019avoir la responsabilit\u00e9 du rep\u00e9rage et de devenir deuxi\u00e8me assistant \u00e0 la mise en sc\u00e8ne.<br \/>\nFaire du rep\u00e9rage signifie aimer se documenter, conna\u00eetre le patrimoine d\u2019une r\u00e9gion. Parce qu\u2019il exerce son m\u00e9tier seul sur la route, il doit avoir une bonne connaissance du plateau afin de proposer des lieux ad\u00e9quats. Le rep\u00e9reur peut avoir acc\u00e8s \u00e0 des endroits insolites, il cherche l\u2019\u00e9quilibre entre des d\u00e9sirs d\u2019images et des param\u00e8tres techniques. Avant de proposer un lieu, il s\u2019assure des \u00e9ventuelles autorisations administratives dont le r\u00e9gisseur g\u00e9n\u00e9ral s\u2019occupera.<br \/>\nIl d\u00e9bute ses recherches alors que les \u00e9quipes ne sont pas toutes entr\u00e9es en pr\u00e9paration. Dans le sc\u00e9nario, il rel\u00e8ve les d\u00e9cors et d\u00e9couvre progressivement le plan de travail. En fonction du lieu de tournage, il est possible que la production ait besoin de v\u00e9hicules sp\u00e9ciaux pour acc\u00e9der \u00e0 certains sites. Le rep\u00e9reur sensibilise les habitants ou les propri\u00e9taires \u00e0 ce que signifie \u00ab\u00a0accueillir un tournage\u00a0\u00bb. C\u2019est tr\u00e8s envahissant, bruyant\u2026 mais entre la population et les \u00e9quipes de films, les \u00e9changes peuvent \u00eatre \u00e9tonnants. C\u00e9dric Diemer a pu le v\u00e9rifier sur les tournages de la s\u00e9rie <em><strong>Antigone 34<\/strong><\/em>, tourn\u00e9e \u00e0 Montpellier en 2012 mais \u00e9galement sur le film de Jacques Rivette pr\u00e9c\u00e9demment cit\u00e9.<br \/>\nSouvent, une journ\u00e9e de travail correspond \u00e0 un d\u00e9cor. Pour des raisons \u00e9conomiques, le rep\u00e9reur doit trouver des lieux qui polarisent plusieurs s\u00e9quences. Il ne faut pas abuser de d\u00e9placements inutiles qui fatigueront une \u00e9quipe et auront un co\u00fbt important. Il fait des envois journaliers de photos aux r\u00e9alisateur, directeur de production et chefs de poste. C\u2019est une fa\u00e7on de p\u00e9n\u00e9trer dans le film sans tricher sur la r\u00e9alit\u00e9 des d\u00e9cors, puisqu\u2019il utilise des focales connues qui sont aussi des propositions de cadre.<br \/>\nLorsque l\u2019\u00e9quipe d\u2019un film vient en r\u00e9gion, il la conduit vers des lieux hypoth\u00e9tiques qui d\u00e9voilent quelques contraintes. Il essaye de cerner tous les avantages et inconv\u00e9nients d\u2019un lieu, mais il lui arrive, lors de ces visites, d\u2019avoir des surprises comme \u00ab\u00a0le bruit d\u2019une nationale port\u00e9e par un mistral transform\u00e9 en vent marin\u00a0\u00bb. Le d\u00e9cor doit fonctionner pour tous et pour cela, certains doivent faire des concessions, sinon il faut se diriger vers un studio. Autour de <em><strong>M\u00e9tamorphoses<\/strong><\/em> de Christophe Honor\u00e9*1, il a d\u00fb s\u2019attacher \u00e0 la d\u00e9couverte d\u2019espaces tr\u00e8s contemporains et bouleverser son approche. Avec modestie mais avec la n\u00e9cessit\u00e9 de se projeter dans le film, le rep\u00e9reur doit saisir l\u2019univers du r\u00e9alisateur.<br \/>\nCertains cahiers des charges permettent de relever des d\u00e9fis comme pour le film<em><strong> La Grande boucle<\/strong><\/em>*2, qui retrace le Tour de France. Pour ce film, il a d\u00fb imaginer une \u00e9tape en Nord-Pas-de-Calais tourn\u00e9e en Languedoc-Roussillon.<br \/>\nQuand il doit faire des rep\u00e9rages dans d\u2019autres r\u00e9gions, il aborde sa mission diff\u00e9remment, l\u2019h\u00e9sitation engage d\u2019autres attitudes comme celle d\u2019aller \u00e0 la rencontre des gens ou de prendre beaucoup de temps pour la phase de documentation. Dans tous les cas, le regard du rep\u00e9reur s\u2019exerce dans une certaine solitude mais annonce d\u00e9j\u00e0 la mise en \u0153uvre d\u2019une cr\u00e9ation collective.<\/p>\n<address style=\"text-align: justify;\">*1 Produit en 2013, sortie en salles 2 sept. 2014.<br \/>\n*2 Laurent Tuel, 2013<\/address>\n<h3><\/h3>\n<h3>5 dates qui ont marqu\u00e9 le parcours de C\u00e9dric Diemer :<\/h3>\n<p>Ann\u00e9e de naissance : <strong>1975<\/strong><br \/>\nFormation ou rencontre la plus significative : <strong>2001<\/strong> &#8211; DEA Histoire de l\u2019art et arch\u00e9ologie sous la direction d\u2019Annie France Laurens \u00e0 l\u2019UPV Montpellier III<br \/>\nArriv\u00e9e en r\u00e9gion : <strong>1994<\/strong><br \/>\nPremier film sur lequel tu as travaill\u00e9 pour le cin\u00e9ma : <strong>2005<\/strong> &#8211; <em><strong>P\u00e8re et Maire<\/strong><\/em> port\u00e9e par Aubes productions<br \/>\nDate de ton choix par rapport \u00e0 un \u00e9v\u00e9nement int\u00e9ressant qui te tient \u00e0 c\u0153ur : <strong>\u00ab\u00a0\u2026\u00a0\u00bb<\/strong><\/p>\n<p>&nbsp;<\/p>\n<h3>Films qui ont marqu\u00e9 le parcours de C\u00e9dric Diemer :<\/h3>\n<p><em><strong>36 vues du Pic Saint Loup<\/strong><\/em> de Jacques Rivette, tourn\u00e9 au nord de Montpellier, 2008<br \/>\n<em><strong>Coup d\u2019\u00e9clat<\/strong><\/em> de Jos\u00e9 Alcala, tourn\u00e9 \u00e0 S\u00e8te, 2010<br \/>\n<em><strong>Antigone 34<\/strong><\/em> de Louis-Pascal Couvelaire, tourn\u00e9 \u00e0 Montpellier, 2011<br \/>\n<em><strong>Ton Absence<\/strong><\/em> de\u00a0 Daniele Luchetti, tourn\u00e9 en Camargue, 2012<br \/>\n<em><strong>M\u00e9tamorphoses<\/strong><\/em> de Christophe Honor\u00e9, tourn\u00e9 \u00e0 Montpellier, N\u00eemes, Laureaux, Ceilhes\u2026, 201<\/p>\n<h3><\/h3>\n<p>&nbsp;<\/p>\n<h3>Son actualit\u00e9 :<\/h3>\n<p><em><strong>Le Secret d\u2019Elise <\/strong><\/em>d\u2019Alexandre Laurent, tourn\u00e9 \u00e0 Marseillan et Aigues-Mortes, 2014\/2015<em><strong><br \/>\nApr\u00e8s moi le bonheur<\/strong><\/em> de Nicolas Cuche, tourn\u00e9 dans les C\u00e9vennes, Quissac, Al\u00e8s, Anduze, Le Vigan, 2015<br \/>\n<em><strong>Sisters<\/strong><\/em> de Malgorzata Szumowska\/Neil Labute, 2015<br \/>\n<em><strong>Tuer un homme<\/strong><\/em> de Isabelle Czajka, tourn\u00e9 \u00e0 Clermont l\u2019H\u00e9rault et Montpellier, 2016<\/p>\n<p>&nbsp;<\/p>\n<p>&nbsp;<\/p>\n","protected":false},"excerpt":{"rendered":"<p>\u00ab\u00a0Souvent seul sur les routes, il m\u2019arrive de faire seul 400 kms par jour.\u00bb C\u00c9DRIC DIEMER, Rep\u00e9reur &nbsp; &nbsp; Form\u00e9 en Histoire de l\u2019art et en arch\u00e9ologie, C\u00e9dric Diemer est entr\u00e9 par hasard dans le cin\u00e9ma lorsqu\u2019un ami lui propose d\u2019\u00eatre stagiaire pour une s\u00e9rie tourn\u00e9e \u00e0 Angoul\u00eame, P\u00e8re et Maire en 2005. Alors que Languedoc-Roussillon Cin\u00e9ma se structure, que le TGV permet de rapprocher les limites entre Paris et Montpellier et que certaines productions s\u2019int\u00e9ressent davantage au Languedoc-Roussillon, il cr\u00e9e un site internet pour proposer ses services en tant que responsable de rep\u00e9rage. Son travail en 2008 pour 36 [&hellip;]<\/p>\n","protected":false},"author":1,"featured_media":0,"parent":0,"menu_order":11,"comment_status":"closed","ping_status":"closed","template":"template-fullwidth.php","meta":{"footnotes":""},"class_list":["post-762","page","type-page","status-publish","hentry"],"_links":{"self":[{"href":"https:\/\/www.fabricantsdefilms.occitanie-films.fr\/index.php?rest_route=\/wp\/v2\/pages\/762","targetHints":{"allow":["GET"]}}],"collection":[{"href":"https:\/\/www.fabricantsdefilms.occitanie-films.fr\/index.php?rest_route=\/wp\/v2\/pages"}],"about":[{"href":"https:\/\/www.fabricantsdefilms.occitanie-films.fr\/index.php?rest_route=\/wp\/v2\/types\/page"}],"author":[{"embeddable":true,"href":"https:\/\/www.fabricantsdefilms.occitanie-films.fr\/index.php?rest_route=\/wp\/v2\/users\/1"}],"replies":[{"embeddable":true,"href":"https:\/\/www.fabricantsdefilms.occitanie-films.fr\/index.php?rest_route=%2Fwp%2Fv2%2Fcomments&post=762"}],"version-history":[{"count":18,"href":"https:\/\/www.fabricantsdefilms.occitanie-films.fr\/index.php?rest_route=\/wp\/v2\/pages\/762\/revisions"}],"predecessor-version":[{"id":1882,"href":"https:\/\/www.fabricantsdefilms.occitanie-films.fr\/index.php?rest_route=\/wp\/v2\/pages\/762\/revisions\/1882"}],"wp:attachment":[{"href":"https:\/\/www.fabricantsdefilms.occitanie-films.fr\/index.php?rest_route=%2Fwp%2Fv2%2Fmedia&parent=762"}],"curies":[{"name":"wp","href":"https:\/\/api.w.org\/{rel}","templated":true}]}}