{"id":805,"date":"2014-09-18T08:59:23","date_gmt":"2014-09-18T07:59:23","guid":{"rendered":"http:\/\/www.fabricantsdefilms.occitanie-films.fr\/?page_id=805"},"modified":"2019-11-20T16:52:43","modified_gmt":"2019-11-20T15:52:43","slug":"yan-arlaud","status":"publish","type":"page","link":"https:\/\/www.fabricantsdefilms.occitanie-films.fr\/?page_id=805","title":{"rendered":"YAN ARLAUD"},"content":{"rendered":"<h2><em><a href=\"http:\/\/www.fabricantsdefilms.occitanie-films.fr\/wp-content\/uploads\/2014\/10\/arlaud.jpg\"><img loading=\"lazy\" decoding=\"async\" class=\"alignleft size-medium wp-image-885\" src=\"http:\/\/www.fabricantsdefilms.occitanie-films.fr\/wp-content\/uploads\/2014\/10\/arlaud-430x430.jpg\" alt=\"Arlaud\" width=\"430\" height=\"430\" srcset=\"https:\/\/www.fabricantsdefilms.occitanie-films.fr\/wp-content\/uploads\/2014\/10\/arlaud-430x430.jpg 430w, https:\/\/www.fabricantsdefilms.occitanie-films.fr\/wp-content\/uploads\/2014\/10\/arlaud-150x150.jpg 150w, https:\/\/www.fabricantsdefilms.occitanie-films.fr\/wp-content\/uploads\/2014\/10\/arlaud-700x700.jpg 700w, https:\/\/www.fabricantsdefilms.occitanie-films.fr\/wp-content\/uploads\/2014\/10\/arlaud-800x800.jpg 800w, https:\/\/www.fabricantsdefilms.occitanie-films.fr\/wp-content\/uploads\/2014\/10\/arlaud-500x500.jpg 500w, https:\/\/www.fabricantsdefilms.occitanie-films.fr\/wp-content\/uploads\/2014\/10\/arlaud.jpg 2000w\" sizes=\"auto, (max-width: 430px) 100vw, 430px\" \/><\/a>\u00ab\u00a0On fabrique du vent, et s\u2019il n\u2019y avait pas de vent, on n\u2019aurait jamais travers\u00e9 les mers\u2026\u00a0\u00bb<br \/>\n<\/em><\/h2>\n<h1>YAN ARLAUD, <a href=\"http:\/\/www.coreps-languedoc-roussillon.pro\/developpement-pre-production\/chef-decorateur.html\" target=\"_blank\" rel=\"noopener noreferrer\">Chef d\u00e9corateur<\/a><\/h1>\n<p style=\"text-align: justify;\">Berc\u00e9 par des d\u00eeners avec \u00ab Audiard, Granier Deferre, Delannoy, Ciampi\u2026 \u00bb, aupr\u00e8s de son p\u00e8re sc\u00e9nariste Rodolphe-Maurice Arlaud, Yan Arlaud se consid\u00e8re comme un outsider dans la profession : \u00e0 cause de sa formation de biologiste et de son parcours dans le m\u00e9tier. Il d\u00e9teste le corporatisme, utilise un langage de tous les jours et fuit les mondanit\u00e9s.<br \/>\nScientifique de formation, il rencontre Alain Pitrel*1 qui lui apprend le m\u00e9tier d\u2019accessoiriste\u00a0; il cumulera ce poste avec celui de premier assistant d\u00e9co jusqu\u2019au film <em><strong>Le Brasier<\/strong><\/em> d\u2019Eric Barbier en 1991 o\u00f9 il est promu chef d\u00e9corateur par Jacques Bufnoir dont il \u00e9tait l\u2019assistant. Sur les films de Pierre Salvadori, Bernard Giraudeau, Rithy Panh, Rachid Bouchareb, Arnaud des Palli\u00e8res*2\u2026, humble et passionn\u00e9, Yan Arlaud d\u00e9fend l\u2019id\u00e9e que la cr\u00e9ation se fait avec libert\u00e9. Quelques soient les origines sociales ou le bagage, selon lui, les chances sont les m\u00eames, une seule arme est n\u00e9cessaire\u00a0: la passion. La r\u00e9ussite n\u2019est pas forc\u00e9ment \u00e0 la sortie des \u00e9coles de cin\u00e9ma. Savoir se documenter, go\u00fbter \u00e0 la diversit\u00e9 des territoires et des projets artistiques et surtout \u00eatre \u00e0 l\u2019\u00e9coute du r\u00e9alisateur, voici le moteur.<br \/>\nSurnomm\u00e9 \u00ab\u00a0ethno-d\u00e9corateur\u00a0\u00bb, il aime se sentir immigr\u00e9 quelque part. Arriv\u00e9 en Languedoc-Roussillon en 1988 pour <em><strong>De sable et de sang<\/strong><\/em>, un film de Jeanne Labrune sur la tauromachie, Yan Arlaud est capable de faire stipuler sur son contrat qu\u2019il n\u2019assistera \u00e0 aucune corrida par conviction mais qui finalement, suite \u00e0 la rencontre avec Nime\u00f1o II*3, deviendra valet d\u2019\u00e9p\u00e9e pendant un an. Son parcours est une suite de passions qu\u2019il assume enti\u00e8rement\u00a0: la biologie qui lui permet de faire accoucher une femme dans un dispensaire en Afrique, pris au pi\u00e8ge du faux qu\u2019il fabrique\u00a0; la tauromachie ou comment se jouer de la mort et faire le choix d\u2019une autre vie\u00a0; le cin\u00e9ma ou apprendre \u00e0 traduire en images les d\u00e9sirs d\u2019un r\u00e9alisateur.<br \/>\nDans les m\u00e9tiers du cin\u00e9ma, ce sont g\u00e9n\u00e9ralement les producteurs ou r\u00e9alisateurs qui contactent les techniciens. Pourtant, apr\u00e8s son premier film en Afrique, <em><strong>Blanc d\u2019\u00e9b\u00e8ne<\/strong><\/em> de Cheik Doukour\u00e9 en 1991, il d\u00e9cide de quitter Paris au risque que le t\u00e9l\u00e9phone sonne moins. Un peu plus au sud, il peut d\u00e9sormais se ressourcer entre deux projets. Le t\u00e9l\u00e9phone continue \u00e0 sonner.<br \/>\nDes \u00e9changes avec le r\u00e9alisateur aux n\u00e9gociations financi\u00e8res avec le directeur de production et au fil de ses rencontres avec les autres chefs de poste, il va pr\u00e9parer ses d\u00e9cors en commen\u00e7ant par \u00e9laborer, avec son premier assistant et l&rsquo;ensemblier, un \u00ab\u00a0livre d\u00e9cors\u00a0\u00bb. Dans ce livre, on trouvera les images de tous les d\u00e9cors dans l&rsquo;ordre des s\u00e9quences, une sorte de continuit\u00e9 en images. Les discussions artistiques se feront autour de cet objet.<br \/>\nLa r\u00e9alisation des d\u00e9cors vient ensuite. La gestion humaine et financi\u00e8re est primordiale. Le plan de travail est rigoureux, chacun a sa place : constructeurs, peintres, serruriers, staffeurs, ensembliers, rippeurs*4, couturiers&#8230; tous avancent en \u00e9troite collaboration avec les autres \u00e9quipes jusqu&rsquo;\u00e0 la livraison du d\u00e9cor, mais tout peut \u00eatre remis en question jusqu\u2019au matin du tournage.<br \/>\nCertaines situations de tournage ou demandes du r\u00e9alisateur n\u00e9cessitent des prouesses techniques et sont source d\u2019angoisse, mais le plus difficile \u00e0 g\u00e9rer, tout en \u00e9tant capitaine d&rsquo;une \u00e9quipe, reste la gestion de ses propres \u00e9motions. Une fois livr\u00e9, le d\u00e9cor est confi\u00e9 \u00e0 l\u2019accessoiriste qui devra le faire vivre au mieux, en luttant parfois \u00ab\u00a0contre ceux qui poseront une tasse de caf\u00e9 bouillant sur un meuble vernis de plusieurs si\u00e8cles\u00a0\u00bb.<br \/>\nSon travail est d\u2019aider un r\u00e9alisateur \u00e0 fabriquer des images, cela passe par des constructions \u00e9ph\u00e9m\u00e8res.<\/p>\n<address style=\"text-align: justify;\">*1 Chef d\u00e9corateur, ensemblier<br \/>\n*2 \u00ab\u00a0Michael Kohlhaas\u00a0\u00bb, 2013. Film qui lui a valu d\u2019\u00eatre nomm\u00e9 aux C\u00e9sar<br \/>\n*3 C\u00e9l\u00e8bre matador fran\u00e7ais<br \/>\n*4 Personne qui participe au montage et au d\u00e9montage des installations sur le plateau<\/address>\n<h3><\/h3>\n<h3>5 dates\u00a0qui ont marqu\u00e9 le parcours de Yan Arlaud :<\/h3>\n<p>Ann\u00e9e de naissance : <strong>1956<\/strong><br \/>\nFormation ou rencontre la plus significative : <strong>1985<\/strong> &#8211; rencontre avec Alain Pitrel sur le film <em><strong>Police<\/strong><\/em> de Maurice Pialat<br \/>\nArriv\u00e9e en r\u00e9gion : <strong>1991<\/strong> &#8211; installation \u00e0 Collias<br \/>\nPremier film sur lequel tu as travaill\u00e9 pour le cin\u00e9ma : <strong>1983<\/strong> &#8211; stagiaire sur <em><strong>Un dimanche \u00e0 la campagne<\/strong><\/em> de Bertrand Tavernier.<br \/>\nDate de ton choix par rapport \u00e0 un \u00e9v\u00e9nement int\u00e9ressant qui te tient \u00e0 c\u0153ur : <strong>11 \/ 11 \/ 1991<\/strong> &#8211; rencontre avec H\u00e9l\u00e8ne Imbert chef peintre dans un atelier de th\u00e9\u00e2tre \u00e0 Lyon sur un tr\u00e8s mauvais film : <em><strong>La l\u00e9gende de J\u00e9r\u00f4me Diamand Berger<\/strong><\/em> (mais quel tr\u00e8s beau souvenir). Depuis ce jour je vis avec cette \u00ab\u00a0dame\u00a0\u00bb !!!<\/p>\n<h3><\/h3>\n<h3>Films qui ont marqu\u00e9 le parcours de Yan Arlaud :<\/h3>\n<p><em><strong>Le brasier<\/strong><\/em> de Eric Barbier, 1989<br \/>\n<em><strong>Les caprices d&rsquo;un fleuve<\/strong><\/em> de Bernard Giraudeau, 1995<br \/>\n<em><strong>Barrage contre le pacifique<\/strong> <\/em>de Rithy Panh,\u00a0 2007<br \/>\n<em><strong>Hors la loi<\/strong><\/em> de Rachid Bouchareb, 2009<br \/>\n<em><strong>Enemy way<\/strong><\/em> de Rachid Bouchareb, 2013<\/p>\n<h3 style=\"text-align: left;\" align=\"CENTER\">Son actualit\u00e9\u00a0:<\/h3>\n<p><em><strong>B\u00e9b\u00e9s vol\u00e9s<\/strong><\/em> d&rsquo;Alain Berliner, tourn\u00e9 \u00e0 N\u00eemes et alentours, 2015<br \/>\n<em><strong>Un juif pour l\u2019exemple<\/strong><\/em> de Jacob Berger, 2014\/2015<br \/>\n<em><strong>Kaboul Kitchen<\/strong><\/em> (saison 3) de Virginie Sauveur\u00a0 et Guillaume Nicloux, 2016<\/p>\n","protected":false},"excerpt":{"rendered":"<p>\u00ab\u00a0On fabrique du vent, et s\u2019il n\u2019y avait pas de vent, on n\u2019aurait jamais travers\u00e9 les mers\u2026\u00a0\u00bb YAN ARLAUD, Chef d\u00e9corateur Berc\u00e9 par des d\u00eeners avec \u00ab Audiard, Granier Deferre, Delannoy, Ciampi\u2026 \u00bb, aupr\u00e8s de son p\u00e8re sc\u00e9nariste Rodolphe-Maurice Arlaud, Yan Arlaud se consid\u00e8re comme un outsider dans la profession : \u00e0 cause de sa formation de biologiste et de son parcours dans le m\u00e9tier. Il d\u00e9teste le corporatisme, utilise un langage de tous les jours et fuit les mondanit\u00e9s. Scientifique de formation, il rencontre Alain Pitrel*1 qui lui apprend le m\u00e9tier d\u2019accessoiriste\u00a0; il cumulera ce poste avec celui de [&hellip;]<\/p>\n","protected":false},"author":1,"featured_media":0,"parent":0,"menu_order":65,"comment_status":"closed","ping_status":"closed","template":"template-fullwidth.php","meta":{"footnotes":""},"class_list":["post-805","page","type-page","status-publish","hentry"],"_links":{"self":[{"href":"https:\/\/www.fabricantsdefilms.occitanie-films.fr\/index.php?rest_route=\/wp\/v2\/pages\/805","targetHints":{"allow":["GET"]}}],"collection":[{"href":"https:\/\/www.fabricantsdefilms.occitanie-films.fr\/index.php?rest_route=\/wp\/v2\/pages"}],"about":[{"href":"https:\/\/www.fabricantsdefilms.occitanie-films.fr\/index.php?rest_route=\/wp\/v2\/types\/page"}],"author":[{"embeddable":true,"href":"https:\/\/www.fabricantsdefilms.occitanie-films.fr\/index.php?rest_route=\/wp\/v2\/users\/1"}],"replies":[{"embeddable":true,"href":"https:\/\/www.fabricantsdefilms.occitanie-films.fr\/index.php?rest_route=%2Fwp%2Fv2%2Fcomments&post=805"}],"version-history":[{"count":10,"href":"https:\/\/www.fabricantsdefilms.occitanie-films.fr\/index.php?rest_route=\/wp\/v2\/pages\/805\/revisions"}],"predecessor-version":[{"id":2721,"href":"https:\/\/www.fabricantsdefilms.occitanie-films.fr\/index.php?rest_route=\/wp\/v2\/pages\/805\/revisions\/2721"}],"wp:attachment":[{"href":"https:\/\/www.fabricantsdefilms.occitanie-films.fr\/index.php?rest_route=%2Fwp%2Fv2%2Fmedia&parent=805"}],"curies":[{"name":"wp","href":"https:\/\/api.w.org\/{rel}","templated":true}]}}